{"id":139,"date":"2012-01-20T14:52:41","date_gmt":"2012-01-20T14:52:41","guid":{"rendered":"http:\/\/www2.unifap.br\/cambientais\/?page_id=139"},"modified":"2024-09-17T11:45:33","modified_gmt":"2024-09-17T11:45:33","slug":"matriz-curricular","status":"publish","type":"page","link":"https:\/\/www2.unifap.br\/cambientais\/sobre-o-curso\/matriz-curricular\/","title":{"rendered":"Matriz Curricular"},"content":{"rendered":"\t\t<div data-elementor-type=\"wp-page\" data-elementor-id=\"139\" class=\"elementor elementor-139\">\n\t\t\t\t\t\t<section class=\"elementor-section elementor-top-section elementor-element elementor-element-22c1e30 elementor-section-boxed elementor-section-height-default elementor-section-height-default\" data-id=\"22c1e30\" data-element_type=\"section\" data-e-type=\"section\">\n\t\t\t\t\t\t<div class=\"elementor-container elementor-column-gap-default\">\n\t\t\t\t\t<div class=\"elementor-column elementor-col-100 elementor-top-column elementor-element elementor-element-096860a\" data-id=\"096860a\" data-element_type=\"column\" data-e-type=\"column\">\n\t\t\t<div class=\"elementor-widget-wrap elementor-element-populated\">\n\t\t\t\t\t\t<div class=\"elementor-element elementor-element-3e38cce elementor-widget elementor-widget-text-editor\" data-id=\"3e38cce\" data-element_type=\"widget\" data-e-type=\"widget\" data-widget_type=\"text-editor.default\">\n\t\t\t\t<div class=\"elementor-widget-container\">\n\t\t\t\t\t\t\t\t\t<p><span style=\"color: #000000\">A principal contribui\u00e7\u00e3o metodol\u00f3gica da inovadora proposta do curso de <em>Ci\u00eancias Ambientais<\/em> \u00e9 ampliar a colabora\u00e7\u00e3o da base t\u00e9cnico-cient\u00edfica organizada entre as diferentes \u00e1reas do conhecimento (pautadas no antigo paradigma excessivamente disciplinar) e possibilitar a constru\u00e7\u00e3o de propostas baseadas na contempor\u00e2nea diretriz da<em> interdisciplinaridade.<\/em><\/span><\/p><ul><li><span style=\"color: #0000ff\"><strong><a style=\"color: #0000ff\" href=\"http:\/\/www2.unifap.br\/cambientais\/files\/2023\/03\/Matriz-Curricular.pdf\">Matriz Curricular do Curso (PPC 2010)<\/a><\/strong><\/span><\/li><li><a href=\"http:\/\/www2.unifap.br\/cambientais\/files\/2024\/09\/Matriz-Curricular-CAMB-2024-v-set2024.pdf\"><span style=\"color: #0000ff\"><strong>Matriz Curricular do Curso (PPC 2024)<\/strong><\/span><\/a><\/li><\/ul>\t\t\t\t\t\t\t\t<\/div>\n\t\t\t\t<\/div>\n\t\t\t\t\t<\/div>\n\t\t<\/div>\n\t\t\t\t\t<\/div>\n\t\t<\/section>\n\t\t\t\t<section class=\"elementor-section elementor-top-section elementor-element elementor-element-0e3de53 elementor-section-boxed elementor-section-height-default elementor-section-height-default\" data-id=\"0e3de53\" data-element_type=\"section\" data-e-type=\"section\">\n\t\t\t\t\t\t<div class=\"elementor-container elementor-column-gap-default\">\n\t\t\t\t\t<div class=\"elementor-column elementor-col-100 elementor-top-column elementor-element elementor-element-05501e9\" data-id=\"05501e9\" data-element_type=\"column\" data-e-type=\"column\">\n\t\t\t<div class=\"elementor-widget-wrap elementor-element-populated\">\n\t\t\t\t\t\t<div class=\"elementor-element elementor-element-7acf52f elementor-widget-divider--view-line elementor-widget elementor-widget-divider\" data-id=\"7acf52f\" data-element_type=\"widget\" data-e-type=\"widget\" data-widget_type=\"divider.default\">\n\t\t\t\t<div class=\"elementor-widget-container\">\n\t\t\t\t\t\t\t<div class=\"elementor-divider\">\n\t\t\t<span class=\"elementor-divider-separator\">\n\t\t\t\t\t\t<\/span>\n\t\t<\/div>\n\t\t\t\t\t\t<\/div>\n\t\t\t\t<\/div>\n\t\t\t\t<div class=\"elementor-element elementor-element-514ef07 elementor-button-info elementor-align-left elementor-widget elementor-widget-button\" data-id=\"514ef07\" data-element_type=\"widget\" data-e-type=\"widget\" data-widget_type=\"button.default\">\n\t\t\t\t<div class=\"elementor-widget-container\">\n\t\t\t\t\t\t\t\t\t<div class=\"elementor-button-wrapper\">\n\t\t\t\t\t<a class=\"elementor-button elementor-button-link elementor-size-md\" href=\"https:\/\/www2.unifap.br\/cambientais\">\n\t\t\t\t\t\t<span class=\"elementor-button-content-wrapper\">\n\t\t\t\t\t\t<span class=\"elementor-button-icon\">\n\t\t\t\t<i aria-hidden=\"true\" class=\"fas fa-home\"><\/i>\t\t\t<\/span>\n\t\t\t\t\t\t\t\t\t<span class=\"elementor-button-text\">In\u00edcio<\/span>\n\t\t\t\t\t<\/span>\n\t\t\t\t\t<\/a>\n\t\t\t\t<\/div>\n\t\t\t\t\t\t\t\t<\/div>\n\t\t\t\t<\/div>\n\t\t\t\t\t<\/div>\n\t\t<\/div>\n\t\t\t\t\t<\/div>\n\t\t<\/section>\n\t\t\t\t<section class=\"elementor-section elementor-top-section elementor-element elementor-element-41d9580 elementor-section-boxed elementor-section-height-default elementor-section-height-default\" data-id=\"41d9580\" data-element_type=\"section\" data-e-type=\"section\">\n\t\t\t\t\t\t<div class=\"elementor-container elementor-column-gap-default\">\n\t\t\t\t\t<div class=\"elementor-column elementor-col-100 elementor-top-column elementor-element elementor-element-8fd1f21\" data-id=\"8fd1f21\" data-element_type=\"column\" data-e-type=\"column\">\n\t\t\t<div class=\"elementor-widget-wrap\">\n\t\t\t\t\t\t\t<\/div>\n\t\t<\/div>\n\t\t\t\t\t<\/div>\n\t\t<\/section>\n\t\t\t\t<\/div>\n\t\t","protected":false},"excerpt":{"rendered":"<p>A principal contribui\u00e7\u00e3o metodol\u00f3gica da inovadora proposta do curso de Ci\u00eancias Ambientais \u00e9 ampliar a colabora\u00e7\u00e3o da base t\u00e9cnico-cient\u00edfica organizada entre as diferentes \u00e1reas do conhecimento (pautadas no antigo paradigma excessivamente disciplinar) e possibilitar a constru\u00e7\u00e3o de propostas baseadas na contempor\u00e2nea diretriz da interdisciplinaridade. Matriz Curricular do Curso (PPC 2010) \u2026 <a class=\"continue-reading-link\" href=\"https:\/\/www2.unifap.br\/cambientais\/sobre-o-curso\/matriz-curricular\/\"> Continue Lendo <span class=\"meta-nav\">&rarr; <\/span><\/a><\/p>\n","protected":false},"author":3976,"featured_media":0,"parent":18,"menu_order":0,"comment_status":"open","ping_status":"open","template":"","meta":{"inline_featured_image":false,"ngg_post_thumbnail":0,"footnotes":""},"class_list":["post-139","page","type-page","status-publish","hentry"],"_links":{"self":[{"href":"https:\/\/www2.unifap.br\/cambientais\/wp-json\/wp\/v2\/pages\/139","targetHints":{"allow":["GET"]}}],"collection":[{"href":"https:\/\/www2.unifap.br\/cambientais\/wp-json\/wp\/v2\/pages"}],"about":[{"href":"https:\/\/www2.unifap.br\/cambientais\/wp-json\/wp\/v2\/types\/page"}],"author":[{"embeddable":true,"href":"https:\/\/www2.unifap.br\/cambientais\/wp-json\/wp\/v2\/users\/3976"}],"replies":[{"embeddable":true,"href":"https:\/\/www2.unifap.br\/cambientais\/wp-json\/wp\/v2\/comments?post=139"}],"version-history":[{"count":59,"href":"https:\/\/www2.unifap.br\/cambientais\/wp-json\/wp\/v2\/pages\/139\/revisions"}],"predecessor-version":[{"id":4334,"href":"https:\/\/www2.unifap.br\/cambientais\/wp-json\/wp\/v2\/pages\/139\/revisions\/4334"}],"up":[{"embeddable":true,"href":"https:\/\/www2.unifap.br\/cambientais\/wp-json\/wp\/v2\/pages\/18"}],"wp:attachment":[{"href":"https:\/\/www2.unifap.br\/cambientais\/wp-json\/wp\/v2\/media?parent=139"}],"curies":[{"name":"wp","href":"https:\/\/api.w.org\/{rel}","templated":true}]}}