{"id":1472,"date":"2019-09-26T12:34:58","date_gmt":"2019-09-26T12:34:58","guid":{"rendered":"http:\/\/www2.unifap.br\/cambientais\/?page_id=1472"},"modified":"2023-03-29T18:39:54","modified_gmt":"2023-03-29T18:39:54","slug":"tcc-turma-2015","status":"publish","type":"page","link":"https:\/\/www2.unifap.br\/cambientais\/biblioteca-de-dissertacoes-e-teses\/tcc\/tcc-turma-2015\/","title":{"rendered":"TCC &#8211; Turma 2015"},"content":{"rendered":"\t\t<div data-elementor-type=\"wp-page\" data-elementor-id=\"1472\" class=\"elementor elementor-1472\">\n\t\t\t\t\t\t<section class=\"elementor-section elementor-top-section elementor-element elementor-element-4a532d21 elementor-section-boxed elementor-section-height-default elementor-section-height-default\" data-id=\"4a532d21\" data-element_type=\"section\" data-e-type=\"section\">\n\t\t\t\t\t\t<div class=\"elementor-container elementor-column-gap-default\">\n\t\t\t\t\t<div class=\"elementor-column elementor-col-100 elementor-top-column elementor-element elementor-element-2a1dc117\" data-id=\"2a1dc117\" data-element_type=\"column\" data-e-type=\"column\">\n\t\t\t<div class=\"elementor-widget-wrap elementor-element-populated\">\n\t\t\t\t\t\t<div class=\"elementor-element elementor-element-27d34a44 elementor-widget elementor-widget-text-editor\" data-id=\"27d34a44\" data-element_type=\"widget\" data-e-type=\"widget\" data-widget_type=\"text-editor.default\">\n\t\t\t\t<div class=\"elementor-widget-container\">\n\t\t\t\t\t\t\t\t\t<p>(Para fazer o download do TCC, clique no nome do autor)<\/p><p><a href=\"http:\/\/www2.unifap.br\/cambientais\/files\/2019\/09\/TCC-AILTON_GOMES_DA_COSTA.pdf\"><span style=\"color: #000000\">AILTON GOMES DA COSTA<\/span><\/a><span style=\"color: #000000\">: A EDUCA\u00c7\u00c3O AMBIENTAL NO CURRICULO ESCOLAR: ESTUDO DE CASO NA ESCOLA ESTADUAL PROFESSORA ANT\u00d4NIA SILVA SANTOS NO DISTRITO DE MAZAG\u00c3O VELHO-AMAP\u00c1, BRASIL<\/span><\/p><p><span style=\"color: #000000\"><a style=\"color: #000000\" href=\"http:\/\/www2.unifap.br\/cambientais\/files\/2023\/03\/TCC-Elizama-Braga-Carvalho-Versao-Final.pdf\">ELIZAMA BRAGA CARVALHO: A EXPANS\u00c3O DA ZONA URBANA DE MACAP\u00c1\/AP E OS IMPACTOS NO SANEAMENTO B\u00c1SICO<\/a><\/span><\/p><p><span style=\"color: #000000\"><a style=\"color: #000000\" href=\"http:\/\/www2.unifap.br\/cambientais\/files\/2019\/09\/TCC-MAYSA_VILHENA_DOS_ANJOS.pdf\">MAYSA VILHENA DOS ANJOS<\/a>: OS EFEITOS DAS ATUAIS CONDI\u00c7\u00d5ES DE SANEAMENTO B\u00c1SICO NA SA\u00daDE DA POPULA\u00c7\u00c3O DO DISTRITO DE MAZAG\u00c3O VELHO &#8211; AMAP\u00c1<\/span><\/p><p><span style=\"color: #000000\"><a style=\"color: #000000\" href=\"http:\/\/www2.unifap.br\/cambientais\/files\/2023\/03\/TCC-Renato.pdf\">RENATO PATRICK DOS SANTOS GASPAR: MACR\u00d3FITAS AQU\u00c1TICAS COMO BIOINDICADORAS DE METAIS PESADOS NA ZONA ESTUARINA DO BAIXO AMAZONAS, AMAP\u00c1, BRASIL<\/a><\/span><\/p><p>\u00a0<\/p>\t\t\t\t\t\t\t\t<\/div>\n\t\t\t\t<\/div>\n\t\t\t\t\t<\/div>\n\t\t<\/div>\n\t\t\t\t\t<\/div>\n\t\t<\/section>\n\t\t\t\t<\/div>\n\t\t","protected":false},"excerpt":{"rendered":"<p>(Para fazer o download do TCC, clique no nome do autor) AILTON GOMES DA COSTA: A EDUCA\u00c7\u00c3O AMBIENTAL NO CURRICULO ESCOLAR: ESTUDO DE CASO NA ESCOLA ESTADUAL PROFESSORA ANT\u00d4NIA SILVA SANTOS NO DISTRITO DE MAZAG\u00c3O VELHO-AMAP\u00c1, BRASIL ELIZAMA BRAGA CARVALHO: A EXPANS\u00c3O DA ZONA URBANA DE MACAP\u00c1\/AP E OS IMPACTOS \u2026 <a class=\"continue-reading-link\" href=\"https:\/\/www2.unifap.br\/cambientais\/biblioteca-de-dissertacoes-e-teses\/tcc\/tcc-turma-2015\/\"> Continue Lendo <span class=\"meta-nav\">&rarr; <\/span><\/a><\/p>\n","protected":false},"author":918,"featured_media":0,"parent":503,"menu_order":0,"comment_status":"closed","ping_status":"closed","template":"","meta":{"inline_featured_image":false,"ngg_post_thumbnail":0,"footnotes":""},"class_list":["post-1472","page","type-page","status-publish","hentry"],"_links":{"self":[{"href":"https:\/\/www2.unifap.br\/cambientais\/wp-json\/wp\/v2\/pages\/1472","targetHints":{"allow":["GET"]}}],"collection":[{"href":"https:\/\/www2.unifap.br\/cambientais\/wp-json\/wp\/v2\/pages"}],"about":[{"href":"https:\/\/www2.unifap.br\/cambientais\/wp-json\/wp\/v2\/types\/page"}],"author":[{"embeddable":true,"href":"https:\/\/www2.unifap.br\/cambientais\/wp-json\/wp\/v2\/users\/918"}],"replies":[{"embeddable":true,"href":"https:\/\/www2.unifap.br\/cambientais\/wp-json\/wp\/v2\/comments?post=1472"}],"version-history":[{"count":8,"href":"https:\/\/www2.unifap.br\/cambientais\/wp-json\/wp\/v2\/pages\/1472\/revisions"}],"predecessor-version":[{"id":3162,"href":"https:\/\/www2.unifap.br\/cambientais\/wp-json\/wp\/v2\/pages\/1472\/revisions\/3162"}],"up":[{"embeddable":true,"href":"https:\/\/www2.unifap.br\/cambientais\/wp-json\/wp\/v2\/pages\/503"}],"wp:attachment":[{"href":"https:\/\/www2.unifap.br\/cambientais\/wp-json\/wp\/v2\/media?parent=1472"}],"curies":[{"name":"wp","href":"https:\/\/api.w.org\/{rel}","templated":true}]}}