{"id":1884,"date":"2022-09-18T20:26:30","date_gmt":"2022-09-18T20:26:30","guid":{"rendered":"https:\/\/www2.unifap.br\/cambientais\/?page_id=1884"},"modified":"2023-03-23T21:51:32","modified_gmt":"2023-03-23T21:51:32","slug":"elementor-1884","status":"publish","type":"page","link":"https:\/\/www2.unifap.br\/cambientais\/elementor-1884\/","title":{"rendered":"N\u00facleo Docente Estruturante"},"content":{"rendered":"\t\t<div data-elementor-type=\"wp-page\" data-elementor-id=\"1884\" class=\"elementor elementor-1884\">\n\t\t\t\t\t\t<section class=\"elementor-section elementor-top-section elementor-element elementor-element-d3cfce6 elementor-section-boxed elementor-section-height-default elementor-section-height-default\" data-id=\"d3cfce6\" data-element_type=\"section\" data-e-type=\"section\">\n\t\t\t\t\t\t<div class=\"elementor-container elementor-column-gap-default\">\n\t\t\t\t\t<div class=\"elementor-column elementor-col-100 elementor-top-column elementor-element elementor-element-51f6272\" data-id=\"51f6272\" data-element_type=\"column\" data-e-type=\"column\">\n\t\t\t<div class=\"elementor-widget-wrap elementor-element-populated\">\n\t\t\t\t\t\t<div class=\"elementor-element elementor-element-f03a750 elementor-widget elementor-widget-text-editor\" data-id=\"f03a750\" data-element_type=\"widget\" data-e-type=\"widget\" data-widget_type=\"text-editor.default\">\n\t\t\t\t<div class=\"elementor-widget-container\">\n\t\t\t\t\t\t\t\t\t<p style=\"direction: ltr;color: #000000;font-family: 'Times New Roman', serif;font-size: 9pt;margin-right: 0cm;text-indent: 1.25cm;margin-top: 0.21cm;margin-bottom: 0.21cm;line-height: 18px\" align=\"justify\"><span style=\"font-size: 10pt\"><span style=\"font-family: Arial, sans-serif\"><span style=\"font-size: 12pt\">O N\u00facleo Docente Estruturante \u00e9 um dos principais n\u00facleos de assessoramento ao colegiado no sentido de buscar de forma permanente a melhoria do curso de Ci\u00eancias Ambientais. De acordo com a resolu\u00e7\u00e3o CONSU N\u00ba 20\/2018- UNIFAP, o NDE \u00e9 uma c\u00e9lula da gest\u00e3o acad\u00eamica de cursos de gradua\u00e7\u00e3o, com atribui\u00e7\u00f5es consultivas, propositivas e de assessoria sobre pautas acad\u00eamico pedag\u00f3gicas e correspons\u00e1vel pela elabora\u00e7\u00e3o, implementa\u00e7\u00e3o e acompanhamento dos Projetos Pedag\u00f3gicos de Cursos (PPC). Al\u00e9m disso, tem suas atribui\u00e7\u00f5es definidas pela resolu\u00e7\u00e3o CONAES N\u00ba01\/2010, dentre as quais se destacam:\u00a0<\/span><\/span><\/span><\/p><ol style=\"color: #000000\"><li><p style=\"direction: ltr;font-family: 'Times New Roman', serif;font-size: 9pt;margin-right: 0cm;margin-top: 0.21cm;margin-bottom: 0.21cm;line-height: 18px\" align=\"justify\"><span style=\"font-size: 10pt\"><span style=\"font-family: Arial, sans-serif\"><span style=\"font-size: 12pt\">contribuir para a consolida\u00e7\u00e3o do perfil profissional do egresso do curso;\u00a0<\/span><\/span><\/span><\/p><\/li><li><p style=\"direction: ltr;font-family: 'Times New Roman', serif;font-size: 9pt;margin-right: 0cm;margin-top: 0.21cm;margin-bottom: 0.21cm;line-height: 18px\" align=\"justify\"><span style=\"font-size: 10pt\"><span style=\"font-family: Arial, sans-serif\"><span style=\"font-size: 12pt\">zelar pela integra\u00e7\u00e3o curricular interdisciplinar entre as diferentes atividades de ensino constantes no curr\u00edculo;\u00a0<\/span><\/span><\/span><\/p><\/li><li><p style=\"direction: ltr;font-family: 'Times New Roman', serif;font-size: 9pt;margin-right: 0cm;margin-top: 0.21cm;margin-bottom: 0.21cm;line-height: 18px\" align=\"justify\"><span style=\"font-size: 10pt\"><span style=\"font-family: Arial, sans-serif\"><span style=\"font-size: 12pt\">indicar formas de incentivo ao desenvolvimento de linhas de pesquisa e extens\u00e3o, oriundas de necessidades da gradua\u00e7\u00e3o, de exig\u00eancias do mercado de trabalho e afinadas com as pol\u00edticas p\u00fablicas relativas \u00e0 \u00e1rea de conhecimento do curso.<\/span><\/span><\/span><\/p><\/li><\/ol><p style=\"direction: ltr;color: #000000;font-family: 'Times New Roman', serif;font-size: 9pt;margin-right: 0cm;text-indent: 1.25cm;margin-top: 0.21cm;margin-bottom: 0.21cm;line-height: 18px\" align=\"justify\"><span style=\"font-size: 10pt\"><span style=\"font-family: Arial, sans-serif\"><span style=\"font-size: 12pt\">Internamente o NDE \u00e9 regido pela Resolu\u00e7\u00e3o n\u00ba 20\/2018 CONSU-UNIFAP que disp\u00f5e sobre sua regulamenta\u00e7\u00e3o na UNIFAP, estabelecendo sua compet\u00eancia, composi\u00e7\u00e3o, requisitos, coordena\u00e7\u00e3o, elei\u00e7\u00e3o e recomposi\u00e7\u00e3o, funcionamento e registro de seus atos.<\/span><\/span><\/span><\/p><p style=\"direction: ltr;color: #000000;font-family: 'Times New Roman', serif;font-size: 9pt;margin-right: 0cm;text-indent: 1.25cm;margin-top: 0.21cm;margin-bottom: 0.21cm;line-height: 18px\" align=\"justify\"><span style=\"font-size: 10pt\"><span style=\"font-family: Arial, sans-serif\"><span style=\"font-size: 12pt\">De acordo com a Portaria 0182\/2021, o NDE do curso de Ci\u00eancias Ambientais \u00e9 composto pelos seguintes docentes :<\/span><\/span><\/span><\/p><p style=\"direction: ltr;color: #000000;font-family: 'Times New Roman', serif;font-size: 9pt;margin-right: 0cm;text-indent: 1.25cm;margin-top: 0.21cm;margin-bottom: 0.21cm;line-height: 18px\" align=\"justify\"><span style=\"font-size: 10pt\"><span style=\"font-family: Arial, sans-serif\"><span style=\"font-size: 12pt\">\u00a0<\/span><\/span><\/span><\/p><p style=\"direction: ltr;color: #000000;font-family: 'Times New Roman', serif;font-size: 9pt;margin-right: 0cm;margin-top: 0.21cm;margin-bottom: 0.21cm;line-height: 18px\" align=\"justify\"><span style=\"font-family: Arial, sans-serif\"><span style=\"font-size: 12pt\">Quadro: N\u00facleo Docente Estruturante (NDE) do Curso de Bacharelado em Ci\u00eancias Ambientais<\/span><\/span><\/p><p style=\"direction: ltr;color: #000000;font-family: 'Times New Roman', serif;font-size: 9pt;margin-right: 0cm;margin-top: 0.21cm;margin-bottom: 0.21cm;line-height: 18px\" align=\"justify\"><span style=\"font-family: Arial, sans-serif\"><span style=\"font-size: 12pt\">\u00a0<\/span><\/span><\/p><table width=\"779\" cellspacing=\"0\" cellpadding=\"10\"><colgroup> <col width=\"92\" \/> <col width=\"494\" \/> <col width=\"131\" \/><\/colgroup><tbody><tr valign=\"top\"><td style=\"background-color: #92d050\" bgcolor=\"#92d050\" width=\"92\"><p style=\"direction: ltr;font-family: 'Times New Roman', serif;font-size: 9pt;margin-right: 0cm;margin-top: 0.21cm\" align=\"center\"><span style=\"font-size: 10pt\"><span style=\"font-family: Arial, sans-serif\"><span style=\"font-size: 12pt\"><b>Titula\u00e7\u00e3o<\/b><\/span><\/span><\/span><\/p><\/td><td style=\"background-color: #92d050\" bgcolor=\"#92d050\" width=\"494\"><p style=\"direction: ltr;font-family: 'Times New Roman', serif;font-size: 9pt;margin-right: 0cm;margin-top: 0.21cm\" align=\"center\"><span style=\"font-family: Arial, sans-serif\"><span style=\"font-size: 12pt\"><b>Nome<\/b><\/span><\/span><\/p><\/td><td style=\"background-color: #92d050\" bgcolor=\"#92d050\" width=\"131\"><p style=\"direction: ltr;font-family: 'Times New Roman', serif;font-size: 9pt;margin-right: 0cm;margin-top: 0.21cm\" align=\"center\"><span style=\"font-size: 10pt\"><span style=\"font-family: Arial, sans-serif\"><span style=\"font-size: 12pt\"><b>Regime Trabalho<\/b><\/span><\/span><\/span><\/p><\/td><\/tr><tr valign=\"top\"><td style=\"border-right-style: none;border-bottom-style: solid;border-left-style: solid;border-top-color: #000000;border-bottom-width: 1px;border-bottom-color: #000000;border-left-width: 1px;border-left-color: #000000;padding: 0cm 0cm 0cm 0.19cm\" width=\"92\"><p style=\"direction: ltr;font-family: 'Times New Roman', serif;font-size: 9pt;margin-right: 0cm;margin-top: 0.21cm\" align=\"justify\"><span style=\"font-size: 10pt\"><span style=\"font-family: Arial, sans-serif\"><span style=\"font-size: 12pt\">Doutor<\/span><\/span><\/span><\/p><\/td><td style=\"border-right-style: none;border-bottom-style: solid;border-left-style: solid;border-top-color: #000000;border-bottom-width: 1px;border-bottom-color: #000000;border-left-width: 1px;border-left-color: #000000;padding: 0cm 0cm 0cm 0.19cm\" width=\"494\"><p style=\"direction: ltr;font-family: 'Times New Roman', serif;font-size: 9pt;margin-right: 0cm;margin-top: 0.21cm\" align=\"justify\"><span style=\"font-size: 10pt\"><span style=\"font-family: Arial, sans-serif\"><span style=\"font-size: 12pt\">Arialdo Martins da Silveira Junior\u00a0<\/span><\/span><\/span><\/p><\/td><td style=\"border-right-width: 1px;border-bottom-width: 1px;border-left-width: 1px;border-right-style: solid;border-bottom-style: solid;border-left-style: solid;border-color: #000000;padding: 0cm 0.19cm\" width=\"131\"><p style=\"direction: ltr;font-family: 'Times New Roman', serif;font-size: 9pt;margin-right: 0cm;margin-top: 0.21cm\" align=\"justify\"><span style=\"font-family: Arial, sans-serif\"><span style=\"font-size: 12pt\">DE<\/span><\/span><\/p><\/td><\/tr><tr valign=\"top\"><td style=\"border-right-style: none;border-bottom-style: solid;border-left-style: solid;border-top-color: #000000;border-bottom-width: 1px;border-bottom-color: #000000;border-left-width: 1px;border-left-color: #000000;padding: 0cm 0cm 0cm 0.19cm\" width=\"92\"><p style=\"direction: ltr;font-family: 'Times New Roman', serif;font-size: 9pt;margin-right: 0cm;margin-top: 0.21cm\" align=\"justify\"><span style=\"font-family: Arial, sans-serif\"><span style=\"font-size: 12pt\">Mestre<\/span><\/span><\/p><\/td><td style=\"border-right-style: none;border-bottom-style: solid;border-left-style: solid;border-top-color: #000000;border-bottom-width: 1px;border-bottom-color: #000000;border-left-width: 1px;border-left-color: #000000;padding: 0cm 0cm 0cm 0.19cm\" width=\"494\"><p style=\"direction: ltr;font-family: 'Times New Roman', serif;font-size: 9pt;margin-right: 0cm;margin-top: 0.21cm\" align=\"justify\"><span style=\"font-size: 10pt\"><span style=\"font-family: Arial, sans-serif\"><span style=\"font-size: 12pt\">Charles Achcar Chelala<\/span><\/span><\/span><\/p><\/td><td style=\"border-right-width: 1px;border-bottom-width: 1px;border-left-width: 1px;border-right-style: solid;border-bottom-style: solid;border-left-style: solid;border-color: #000000;padding: 0cm 0.19cm\" width=\"131\"><p style=\"direction: ltr;font-family: 'Times New Roman', serif;font-size: 9pt;margin-right: 0cm;margin-top: 0.21cm\" align=\"justify\"><span style=\"font-family: Arial, sans-serif\"><span style=\"font-size: 12pt\">20 horas<\/span><\/span><\/p><\/td><\/tr><tr valign=\"top\"><td style=\"border-right-style: none;border-bottom-style: solid;border-left-style: solid;border-top-color: #000000;border-bottom-width: 1px;border-bottom-color: #000000;border-left-width: 1px;border-left-color: #000000;padding: 0cm 0cm 0cm 0.19cm\" width=\"92\"><p style=\"direction: ltr;font-family: 'Times New Roman', serif;font-size: 9pt;margin-right: 0cm;margin-top: 0.21cm\" align=\"justify\"><span style=\"font-family: Arial, sans-serif\"><span style=\"font-size: 12pt\">Doutor<\/span><\/span><\/p><\/td><td style=\"border-right-style: none;border-bottom-style: solid;border-left-style: solid;border-top-color: #000000;border-bottom-width: 1px;border-bottom-color: #000000;border-left-width: 1px;border-left-color: #000000;padding: 0cm 0cm 0cm 0.19cm\" width=\"494\"><p style=\"direction: ltr;font-family: 'Times New Roman', serif;font-size: 9pt;margin-right: 0cm;margin-top: 0.21cm\" align=\"justify\"><span style=\"font-size: 10pt\"><span style=\"font-family: Arial, sans-serif\"><span style=\"font-size: 12pt\">Jos\u00e9 J\u00falio de Toledo<\/span><\/span><\/span><\/p><\/td><td style=\"border-right-width: 1px;border-bottom-width: 1px;border-left-width: 1px;border-right-style: solid;border-bottom-style: solid;border-left-style: solid;border-color: #000000;padding: 0cm 0.19cm\" width=\"131\"><p style=\"direction: ltr;font-family: 'Times New Roman', serif;font-size: 9pt;margin-right: 0cm;margin-top: 0.21cm\" align=\"justify\"><span style=\"font-family: Arial, sans-serif\"><span style=\"font-size: 12pt\">DE<\/span><\/span><\/p><\/td><\/tr><tr valign=\"top\"><td style=\"border-right-style: none;border-bottom-style: solid;border-left-style: solid;border-top-color: #000000;border-bottom-width: 1px;border-bottom-color: #000000;border-left-width: 1px;border-left-color: #000000;padding: 0cm 0cm 0cm 0.19cm\" width=\"92\"><p style=\"direction: ltr;font-family: 'Times New Roman', serif;font-size: 9pt;margin-right: 0cm;margin-top: 0.21cm\" align=\"justify\"><span style=\"font-size: 10pt\"><span style=\"font-family: Arial, sans-serif\"><span style=\"font-size: 12pt\">Doutora<\/span><\/span><\/span><\/p><\/td><td style=\"border-right-style: none;border-bottom-style: solid;border-left-style: solid;border-top-color: #000000;border-bottom-width: 1px;border-bottom-color: #000000;border-left-width: 1px;border-left-color: #000000;padding: 0cm 0cm 0cm 0.19cm\" width=\"494\"><p style=\"direction: ltr;font-family: 'Times New Roman', serif;font-size: 9pt;margin-right: 0cm;margin-top: 0.21cm\" align=\"justify\"><span style=\"font-size: 10pt\"><span style=\"font-family: Arial, sans-serif\"><span style=\"font-size: 12pt\">Claudia Maria do Socorro Cruz Fernandes Chelala<\/span><\/span><\/span><\/p><\/td><td style=\"border-right-width: 1px;border-bottom-width: 1px;border-left-width: 1px;border-right-style: solid;border-bottom-style: solid;border-left-style: solid;border-color: #000000;padding: 0cm 0.19cm\" width=\"131\"><p style=\"direction: ltr;font-family: 'Times New Roman', serif;font-size: 9pt;margin-right: 0cm;margin-top: 0.21cm\" align=\"justify\"><span style=\"font-family: Arial, sans-serif\"><span style=\"font-size: 12pt\">DE<\/span><\/span><\/p><\/td><\/tr><tr valign=\"top\"><td style=\"border-right-style: none;border-bottom-style: solid;border-left-style: solid;border-top-color: #000000;border-bottom-width: 1px;border-bottom-color: #000000;border-left-width: 1px;border-left-color: #000000;padding: 0cm 0cm 0cm 0.19cm\" width=\"92\"><p style=\"direction: ltr;font-family: 'Times New Roman', serif;font-size: 9pt;margin-right: 0cm;margin-top: 0.21cm\" align=\"justify\"><span style=\"font-family: Arial, sans-serif\"><span style=\"font-size: 12pt\">Doutora<\/span><\/span><\/p><\/td><td style=\"border-right-style: none;border-bottom-style: solid;border-left-style: solid;border-top-color: #000000;border-bottom-width: 1px;border-bottom-color: #000000;border-left-width: 1px;border-left-color: #000000;padding: 0cm 0cm 0cm 0.19cm\" width=\"494\"><p style=\"direction: ltr;font-family: 'Times New Roman', serif;font-size: 9pt;margin-right: 0cm;margin-top: 0.21cm\"><span style=\"font-size: 10pt\"><span style=\"font-family: Arial, sans-serif\"><span style=\"font-size: 12pt\">Julieta Bramorski<\/span><\/span><\/span><\/p><\/td><td style=\"border-right-width: 1px;border-bottom-width: 1px;border-left-width: 1px;border-right-style: solid;border-bottom-style: solid;border-left-style: solid;border-color: #000000;padding: 0cm 0.19cm\" width=\"131\"><p style=\"direction: ltr;font-family: 'Times New Roman', serif;font-size: 9pt;margin-right: 0cm;margin-top: 0.21cm\" align=\"justify\"><span style=\"font-family: Arial, sans-serif\"><span style=\"font-size: 12pt\">DE<\/span><\/span><\/p><\/td><\/tr><tr valign=\"top\"><td style=\"border-right-style: none;border-bottom-style: solid;border-left-style: solid;border-top-color: #000000;border-bottom-width: 1px;border-bottom-color: #000000;border-left-width: 1px;border-left-color: #000000;padding: 0cm 0cm 0cm 0.19cm\" width=\"92\"><p style=\"direction: ltr;font-family: 'Times New Roman', serif;font-size: 9pt;margin-right: 0cm;margin-top: 0.21cm\" align=\"justify\"><span style=\"font-size: 10pt\"><span style=\"font-family: Arial, sans-serif\"><span style=\"font-size: 12pt\">Doutora<\/span><\/span><\/span><\/p><\/td><td style=\"border-right-style: none;border-bottom-style: solid;border-left-style: solid;border-top-color: #000000;border-bottom-width: 1px;border-bottom-color: #000000;border-left-width: 1px;border-left-color: #000000;padding: 0cm 0cm 0cm 0.19cm\" width=\"494\"><p style=\"direction: ltr;font-family: 'Times New Roman', serif;font-size: 9pt;margin-right: 0cm;margin-top: 0.21cm\"><span style=\"font-size: 10pt\"><span style=\"font-family: Arial, sans-serif\"><span style=\"font-size: 12pt\">Helenilza Ferreira Albuquerque Cunha<\/span><\/span><\/span><\/p><\/td><td style=\"border-right-width: 1px;border-bottom-width: 1px;border-left-width: 1px;border-right-style: solid;border-bottom-style: solid;border-left-style: solid;border-color: #000000;padding: 0cm 0.19cm\" width=\"131\"><p style=\"direction: ltr;font-family: 'Times New Roman', serif;font-size: 9pt;margin-right: 0cm;margin-top: 0.21cm\" align=\"justify\"><span style=\"font-size: 10pt\"><span style=\"font-family: Arial, sans-serif\"><span style=\"font-size: 12pt\">DE<\/span><\/span><\/span><\/p><\/td><\/tr><tr valign=\"top\"><td style=\"border-right-style: none;border-bottom-style: solid;border-left-style: solid;border-top-color: #000000;border-bottom-width: 1px;border-bottom-color: #000000;border-left-width: 1px;border-left-color: #000000;padding: 0cm 0cm 0cm 0.19cm\" width=\"92\"><p style=\"direction: ltr;font-family: 'Times New Roman', serif;font-size: 9pt;margin-right: 0cm;margin-top: 0.21cm\" align=\"justify\"><span style=\"font-size: 10pt\"><span style=\"font-family: Arial, sans-serif\"><span style=\"font-size: 12pt\">Doutor<\/span><\/span><\/span><\/p><\/td><td style=\"border-right-style: none;border-bottom-style: solid;border-left-style: solid;border-top-color: #000000;border-bottom-width: 1px;border-bottom-color: #000000;border-left-width: 1px;border-left-color: #000000;padding: 0cm 0cm 0cm 0.19cm\" width=\"494\"><p style=\"direction: ltr;font-family: 'Times New Roman', serif;font-size: 9pt;margin-right: 0cm;margin-top: 0.21cm\" align=\"justify\"><span style=\"font-size: 10pt\"><span style=\"font-family: Arial, sans-serif\"><span style=\"font-size: 12pt\">Marcelo Jose de Oliveira<\/span><\/span><\/span><\/p><\/td><td style=\"border-right-width: 1px;border-bottom-width: 1px;border-left-width: 1px;border-right-style: solid;border-bottom-style: solid;border-left-style: solid;border-color: #000000;padding: 0cm 0.19cm\" width=\"131\"><p style=\"direction: ltr;font-family: 'Times New Roman', serif;font-size: 9pt;margin-right: 0cm;margin-top: 0.21cm\" align=\"justify\"><span style=\"font-family: Arial, sans-serif\"><span style=\"font-size: 12pt\">DE<\/span><\/span><\/p><\/td><\/tr><tr valign=\"top\"><td style=\"border-right-style: none;border-bottom-style: solid;border-left-style: solid;border-top-color: #000000;border-bottom-width: 1px;border-bottom-color: #000000;border-left-width: 1px;border-left-color: #000000;padding: 0cm 0cm 0cm 0.19cm\" width=\"92\"><p style=\"direction: ltr;font-family: 'Times New Roman', serif;font-size: 9pt;margin-right: 0cm;margin-top: 0.21cm\" align=\"justify\"><span style=\"font-family: Arial, sans-serif\"><span style=\"font-size: 12pt\">Doutor<\/span><\/span><\/p><\/td><td style=\"border-right-style: none;border-bottom-style: solid;border-left-style: solid;border-top-color: #000000;border-bottom-width: 1px;border-bottom-color: #000000;border-left-width: 1px;border-left-color: #000000;padding: 0cm 0cm 0cm 0.19cm\" width=\"494\"><p style=\"direction: ltr;font-family: 'Times New Roman', serif;font-size: 9pt;margin-right: 0cm;margin-top: 0.21cm\" align=\"justify\"><span style=\"font-size: 10pt\"><span style=\"font-family: Arial, sans-serif\"><span style=\"font-size: 12pt\">Marco Ant\u00f4nio Augusto Chagas<\/span><\/span><\/span><\/p><\/td><td style=\"border-right-width: 1px;border-bottom-width: 1px;border-left-width: 1px;border-right-style: solid;border-bottom-style: solid;border-left-style: solid;border-color: #000000;padding: 0cm 0.19cm\" width=\"131\"><p style=\"direction: ltr;font-family: 'Times New Roman', serif;font-size: 9pt;margin-right: 0cm;margin-top: 0.21cm\" align=\"justify\"><span style=\"font-family: Arial, sans-serif\"><span style=\"font-size: 12pt\">DE<\/span><\/span><\/p><\/td><\/tr><\/tbody><\/table><p style=\"direction: ltr;color: #000000;font-family: 'Times New Roman', serif;font-size: 9pt;margin-right: 0cm;margin-top: 0.21cm;margin-bottom: 0.21cm;line-height: 18px\">\u00a0<\/p>\t\t\t\t\t\t\t\t<\/div>\n\t\t\t\t<\/div>\n\t\t\t\t\t<\/div>\n\t\t<\/div>\n\t\t\t\t\t<\/div>\n\t\t<\/section>\n\t\t\t\t<section class=\"elementor-section elementor-top-section elementor-element elementor-element-38399167 elementor-section-boxed elementor-section-height-default elementor-section-height-default\" data-id=\"38399167\" data-element_type=\"section\" data-e-type=\"section\">\n\t\t\t\t\t\t<div class=\"elementor-container elementor-column-gap-default\">\n\t\t\t\t\t<div class=\"elementor-column elementor-col-100 elementor-top-column elementor-element elementor-element-5a28b22f\" data-id=\"5a28b22f\" data-element_type=\"column\" data-e-type=\"column\">\n\t\t\t<div class=\"elementor-widget-wrap elementor-element-populated\">\n\t\t\t\t\t\t<div class=\"elementor-element elementor-element-4016ac0 elementor-widget-divider--view-line elementor-widget elementor-widget-divider\" data-id=\"4016ac0\" data-element_type=\"widget\" data-e-type=\"widget\" data-widget_type=\"divider.default\">\n\t\t\t\t<div class=\"elementor-widget-container\">\n\t\t\t\t\t\t\t<div class=\"elementor-divider\">\n\t\t\t<span class=\"elementor-divider-separator\">\n\t\t\t\t\t\t<\/span>\n\t\t<\/div>\n\t\t\t\t\t\t<\/div>\n\t\t\t\t<\/div>\n\t\t\t\t<div class=\"elementor-element elementor-element-14e439d2 elementor-button-info elementor-align-left elementor-widget elementor-widget-button\" data-id=\"14e439d2\" data-element_type=\"widget\" data-e-type=\"widget\" data-widget_type=\"button.default\">\n\t\t\t\t<div class=\"elementor-widget-container\">\n\t\t\t\t\t\t\t\t\t<div class=\"elementor-button-wrapper\">\n\t\t\t\t\t<a class=\"elementor-button elementor-button-link elementor-size-md\" href=\"https:\/\/www2.unifap.br\/cambientais\">\n\t\t\t\t\t\t<span class=\"elementor-button-content-wrapper\">\n\t\t\t\t\t\t<span class=\"elementor-button-icon\">\n\t\t\t\t<i aria-hidden=\"true\" class=\"fas fa-home\"><\/i>\t\t\t<\/span>\n\t\t\t\t\t\t\t\t\t<span class=\"elementor-button-text\">In\u00edcio<\/span>\n\t\t\t\t\t<\/span>\n\t\t\t\t\t<\/a>\n\t\t\t\t<\/div>\n\t\t\t\t\t\t\t\t<\/div>\n\t\t\t\t<\/div>\n\t\t\t\t\t<\/div>\n\t\t<\/div>\n\t\t\t\t\t<\/div>\n\t\t<\/section>\n\t\t\t\t<\/div>\n\t\t","protected":false},"excerpt":{"rendered":"<p>O N\u00facleo Docente Estruturante \u00e9 um dos principais n\u00facleos de assessoramento ao colegiado no sentido de buscar de forma permanente a melhoria do curso de Ci\u00eancias Ambientais. De acordo com a resolu\u00e7\u00e3o CONSU N\u00ba 20\/2018- UNIFAP, o NDE \u00e9 uma c\u00e9lula da gest\u00e3o acad\u00eamica de cursos de gradua\u00e7\u00e3o, com atribui\u00e7\u00f5es \u2026 <a class=\"continue-reading-link\" href=\"https:\/\/www2.unifap.br\/cambientais\/elementor-1884\/\"> Continue Lendo <span class=\"meta-nav\">&rarr; <\/span><\/a><\/p>\n","protected":false},"author":297,"featured_media":0,"parent":0,"menu_order":0,"comment_status":"closed","ping_status":"closed","template":"","meta":{"inline_featured_image":false,"ngg_post_thumbnail":0,"footnotes":""},"class_list":["post-1884","page","type-page","status-publish","hentry"],"_links":{"self":[{"href":"https:\/\/www2.unifap.br\/cambientais\/wp-json\/wp\/v2\/pages\/1884","targetHints":{"allow":["GET"]}}],"collection":[{"href":"https:\/\/www2.unifap.br\/cambientais\/wp-json\/wp\/v2\/pages"}],"about":[{"href":"https:\/\/www2.unifap.br\/cambientais\/wp-json\/wp\/v2\/types\/page"}],"author":[{"embeddable":true,"href":"https:\/\/www2.unifap.br\/cambientais\/wp-json\/wp\/v2\/users\/297"}],"replies":[{"embeddable":true,"href":"https:\/\/www2.unifap.br\/cambientais\/wp-json\/wp\/v2\/comments?post=1884"}],"version-history":[{"count":37,"href":"https:\/\/www2.unifap.br\/cambientais\/wp-json\/wp\/v2\/pages\/1884\/revisions"}],"predecessor-version":[{"id":2453,"href":"https:\/\/www2.unifap.br\/cambientais\/wp-json\/wp\/v2\/pages\/1884\/revisions\/2453"}],"wp:attachment":[{"href":"https:\/\/www2.unifap.br\/cambientais\/wp-json\/wp\/v2\/media?parent=1884"}],"curies":[{"name":"wp","href":"https:\/\/api.w.org\/{rel}","templated":true}]}}