{"id":1922,"date":"2022-09-18T20:55:17","date_gmt":"2022-09-18T20:55:17","guid":{"rendered":"https:\/\/www2.unifap.br\/cambientais\/?page_id=1922"},"modified":"2024-10-24T18:15:31","modified_gmt":"2024-10-24T18:15:31","slug":"normas-de-uso-dos-laboratorios","status":"publish","type":"page","link":"https:\/\/www2.unifap.br\/cambientais\/normas-de-uso-dos-laboratorios\/","title":{"rendered":"Normas de Uso dos Laborat\u00f3rios"},"content":{"rendered":"\t\t<div data-elementor-type=\"wp-page\" data-elementor-id=\"1922\" class=\"elementor elementor-1922\">\n\t\t\t\t\t\t<section class=\"elementor-section elementor-top-section elementor-element elementor-element-21cb8a4 elementor-section-boxed elementor-section-height-default elementor-section-height-default\" data-id=\"21cb8a4\" data-element_type=\"section\" data-e-type=\"section\">\n\t\t\t\t\t\t<div class=\"elementor-container elementor-column-gap-default\">\n\t\t\t\t\t<div class=\"elementor-column elementor-col-100 elementor-top-column elementor-element elementor-element-59f595ec\" data-id=\"59f595ec\" data-element_type=\"column\" data-e-type=\"column\">\n\t\t\t<div class=\"elementor-widget-wrap elementor-element-populated\">\n\t\t\t\t\t\t<div class=\"elementor-element elementor-element-c08ab59 elementor-widget-divider--view-line elementor-widget elementor-widget-divider\" data-id=\"c08ab59\" data-element_type=\"widget\" data-e-type=\"widget\" data-widget_type=\"divider.default\">\n\t\t\t\t<div class=\"elementor-widget-container\">\n\t\t\t\t\t\t\t<div class=\"elementor-divider\">\n\t\t\t<span class=\"elementor-divider-separator\">\n\t\t\t\t\t\t<\/span>\n\t\t<\/div>\n\t\t\t\t\t\t<\/div>\n\t\t\t\t<\/div>\n\t\t\t\t<div class=\"elementor-element elementor-element-7975525 elementor-widget elementor-widget-text-editor\" data-id=\"7975525\" data-element_type=\"widget\" data-e-type=\"widget\" data-widget_type=\"text-editor.default\">\n\t\t\t\t<div class=\"elementor-widget-container\">\n\t\t\t\t\t\t\t\t\t<p><a href=\"http:\/\/www2.unifap.br\/cambientais\/files\/2024\/10\/Normas_LABGEOA_2024_assinado.pdf\"><strong>CLIQUE AQUI<\/strong>: Normas para funcionamento e utiliza\u00e7\u00e3o do Laborat\u00f3rio de Geoprocessamento Ambiental (LABGEOA) do Curso de Bacharelado em Ci\u00eancias Ambientais<\/a><\/p><p><a href=\"http:\/\/www2.unifap.br\/cambientais\/files\/2024\/10\/Regulamento-de-Uso-do-LABQSAMB.pdf\"><strong>CLIQUE AQUI<\/strong>: Normas para funcionamento e utiliza\u00e7\u00e3o do Laborat\u00f3rio de Qu\u00edmica, Saneamento e Modelagem Ambiental\u00a0(LABQSAMB)<\/a><\/p><p><a href=\"http:\/\/www2.unifap.br\/cambientais\/files\/2022\/08\/Normas-para-funcionamento-e-utilizacao-do-Laboratorio-de-Ecologia-do-Curso-de-Bacharelado-em-Ciencias-Ambientais.pdf\"><strong>CLIQUE AQUI<\/strong>: <\/a><a href=\"http:\/\/www2.unifap.br\/cambientais\/files\/2022\/08\/Normas-para-funcionamento-e-utilizacao-do-Laboratorio-de-Ecologia-do-Curso-de-Bacharelado-em-Ciencias-Ambientais.pdf\">Normas para funcionamento e utiliza\u00e7\u00e3o do Laborat\u00f3rio de Ecologia (LABECO) do Curso de Bacharelado em Ci\u00eancias Ambientais<\/a><\/p>\t\t\t\t\t\t\t\t<\/div>\n\t\t\t\t<\/div>\n\t\t\t\t\t<\/div>\n\t\t<\/div>\n\t\t\t\t\t<\/div>\n\t\t<\/section>\n\t\t\t\t<section class=\"elementor-section elementor-top-section elementor-element elementor-element-27d6dea1 elementor-section-boxed elementor-section-height-default elementor-section-height-default\" data-id=\"27d6dea1\" data-element_type=\"section\" data-e-type=\"section\">\n\t\t\t\t\t\t<div class=\"elementor-container elementor-column-gap-default\">\n\t\t\t\t\t<div class=\"elementor-column elementor-col-100 elementor-top-column elementor-element elementor-element-302ec4ea\" data-id=\"302ec4ea\" data-element_type=\"column\" data-e-type=\"column\">\n\t\t\t<div class=\"elementor-widget-wrap elementor-element-populated\">\n\t\t\t\t\t\t<div class=\"elementor-element elementor-element-a7e6ee7 elementor-widget-divider--view-line elementor-widget elementor-widget-divider\" data-id=\"a7e6ee7\" data-element_type=\"widget\" data-e-type=\"widget\" data-widget_type=\"divider.default\">\n\t\t\t\t<div class=\"elementor-widget-container\">\n\t\t\t\t\t\t\t<div class=\"elementor-divider\">\n\t\t\t<span class=\"elementor-divider-separator\">\n\t\t\t\t\t\t<\/span>\n\t\t<\/div>\n\t\t\t\t\t\t<\/div>\n\t\t\t\t<\/div>\n\t\t\t\t<div class=\"elementor-element elementor-element-3a4a149e elementor-button-info elementor-align-left elementor-widget elementor-widget-button\" data-id=\"3a4a149e\" data-element_type=\"widget\" data-e-type=\"widget\" data-widget_type=\"button.default\">\n\t\t\t\t<div class=\"elementor-widget-container\">\n\t\t\t\t\t\t\t\t\t<div class=\"elementor-button-wrapper\">\n\t\t\t\t\t<a class=\"elementor-button elementor-button-link elementor-size-md\" href=\"https:\/\/www2.unifap.br\/cambientais\">\n\t\t\t\t\t\t<span class=\"elementor-button-content-wrapper\">\n\t\t\t\t\t\t<span class=\"elementor-button-icon\">\n\t\t\t\t<i aria-hidden=\"true\" class=\"fas fa-home\"><\/i>\t\t\t<\/span>\n\t\t\t\t\t\t\t\t\t<span class=\"elementor-button-text\">In\u00edcio<\/span>\n\t\t\t\t\t<\/span>\n\t\t\t\t\t<\/a>\n\t\t\t\t<\/div>\n\t\t\t\t\t\t\t\t<\/div>\n\t\t\t\t<\/div>\n\t\t\t\t\t<\/div>\n\t\t<\/div>\n\t\t\t\t\t<\/div>\n\t\t<\/section>\n\t\t\t\t<\/div>\n\t\t","protected":false},"excerpt":{"rendered":"<p>CLIQUE AQUI: Normas para funcionamento e utiliza\u00e7\u00e3o do Laborat\u00f3rio de Geoprocessamento Ambiental (LABGEOA) do Curso de Bacharelado em Ci\u00eancias Ambientais CLIQUE AQUI: Normas para funcionamento e utiliza\u00e7\u00e3o do Laborat\u00f3rio de Qu\u00edmica, Saneamento e Modelagem Ambiental\u00a0(LABQSAMB) CLIQUE AQUI: Normas para funcionamento e utiliza\u00e7\u00e3o do Laborat\u00f3rio de Ecologia (LABECO) do Curso de \u2026 <a class=\"continue-reading-link\" href=\"https:\/\/www2.unifap.br\/cambientais\/normas-de-uso-dos-laboratorios\/\"> Continue Lendo <span class=\"meta-nav\">&rarr; <\/span><\/a><\/p>\n","protected":false},"author":297,"featured_media":0,"parent":0,"menu_order":0,"comment_status":"closed","ping_status":"closed","template":"","meta":{"inline_featured_image":false,"ngg_post_thumbnail":0,"footnotes":""},"class_list":["post-1922","page","type-page","status-publish","hentry"],"_links":{"self":[{"href":"https:\/\/www2.unifap.br\/cambientais\/wp-json\/wp\/v2\/pages\/1922","targetHints":{"allow":["GET"]}}],"collection":[{"href":"https:\/\/www2.unifap.br\/cambientais\/wp-json\/wp\/v2\/pages"}],"about":[{"href":"https:\/\/www2.unifap.br\/cambientais\/wp-json\/wp\/v2\/types\/page"}],"author":[{"embeddable":true,"href":"https:\/\/www2.unifap.br\/cambientais\/wp-json\/wp\/v2\/users\/297"}],"replies":[{"embeddable":true,"href":"https:\/\/www2.unifap.br\/cambientais\/wp-json\/wp\/v2\/comments?post=1922"}],"version-history":[{"count":37,"href":"https:\/\/www2.unifap.br\/cambientais\/wp-json\/wp\/v2\/pages\/1922\/revisions"}],"predecessor-version":[{"id":4472,"href":"https:\/\/www2.unifap.br\/cambientais\/wp-json\/wp\/v2\/pages\/1922\/revisions\/4472"}],"wp:attachment":[{"href":"https:\/\/www2.unifap.br\/cambientais\/wp-json\/wp\/v2\/media?parent=1922"}],"curies":[{"name":"wp","href":"https:\/\/api.w.org\/{rel}","templated":true}]}}