{"id":2023,"date":"2022-09-19T15:12:42","date_gmt":"2022-09-19T15:12:42","guid":{"rendered":"https:\/\/www2.unifap.br\/cambientais\/?page_id=2023"},"modified":"2026-04-13T11:10:51","modified_gmt":"2026-04-13T11:10:51","slug":"quadro-de-horarios","status":"publish","type":"page","link":"https:\/\/www2.unifap.br\/cambientais\/quadro-de-horarios\/","title":{"rendered":"Quadro de Hor\u00e1rios"},"content":{"rendered":"\t\t<div data-elementor-type=\"wp-page\" data-elementor-id=\"2023\" class=\"elementor elementor-2023\">\n\t\t\t\t\t\t<section class=\"elementor-section elementor-top-section elementor-element elementor-element-cd9f559 elementor-section-boxed elementor-section-height-default elementor-section-height-default\" data-id=\"cd9f559\" data-element_type=\"section\" data-e-type=\"section\">\n\t\t\t\t\t\t<div class=\"elementor-container elementor-column-gap-default\">\n\t\t\t\t\t<div class=\"elementor-column elementor-col-100 elementor-top-column elementor-element elementor-element-dc00876\" data-id=\"dc00876\" data-element_type=\"column\" data-e-type=\"column\">\n\t\t\t<div class=\"elementor-widget-wrap elementor-element-populated\">\n\t\t\t\t\t\t<div class=\"elementor-element elementor-element-77fdf64 elementor-widget elementor-widget-text-editor\" data-id=\"77fdf64\" data-element_type=\"widget\" data-e-type=\"widget\" data-widget_type=\"text-editor.default\">\n\t\t\t\t<div class=\"elementor-widget-container\">\n\t\t\t\t\t\t\t\t\t<p style=\"text-align: center\"><strong style=\"font-size: inherit\"><span style=\"color: #000000\">Semestre letivo 2026.1 &#8211; <u>Matr\u00edculas no per\u00edodo de 09\/03\/2026 a 15\/03\/2026 (via SIGAA * Atentar para o c\u00f3digo das disciplinas, todas vinculadas ao curso iniciam com CA+numera\u00e7\u00e3o)<\/u><\/span><\/strong><\/p><p><span style=\"color: #000000\">In\u00edcio do semestre: <i>23 de mar\u00e7o de 2026<\/i><\/span><\/p><p><span style=\"color: #000000\">T\u00e9rmino do semestre: <i>25 de julho de 2026<\/i><\/span><\/p><p><span style=\"color: #000000\">N\u00ba de dias letivos: <i>102 dias<\/i><\/span><\/p>\t\t\t\t\t\t\t\t<\/div>\n\t\t\t\t<\/div>\n\t\t\t\t<div class=\"elementor-element elementor-element-7527df0 elementor-widget elementor-widget-image\" data-id=\"7527df0\" data-element_type=\"widget\" data-e-type=\"widget\" data-widget_type=\"image.default\">\n\t\t\t\t<div class=\"elementor-widget-container\">\n\t\t\t\t\t\t\t\t\t\t\t\t\t\t\t<img fetchpriority=\"high\" decoding=\"async\" width=\"800\" height=\"808\" src=\"https:\/\/www2.unifap.br\/cambientais\/files\/2026\/04\/HORARIO-2026.1-1014x1024.jpg\" class=\"attachment-large size-large wp-image-5257\" alt=\"\" srcset=\"https:\/\/www2.unifap.br\/cambientais\/files\/2026\/04\/HORARIO-2026.1-1014x1024.jpg 1014w, https:\/\/www2.unifap.br\/cambientais\/files\/2026\/04\/HORARIO-2026.1-297x300.jpg 297w, https:\/\/www2.unifap.br\/cambientais\/files\/2026\/04\/HORARIO-2026.1-768x775.jpg 768w, https:\/\/www2.unifap.br\/cambientais\/files\/2026\/04\/HORARIO-2026.1-149x150.jpg 149w, https:\/\/www2.unifap.br\/cambientais\/files\/2026\/04\/HORARIO-2026.1.jpg 1233w\" sizes=\"(max-width: 800px) 100vw, 800px\" \/>\t\t\t\t\t\t\t\t\t\t\t\t\t\t\t<\/div>\n\t\t\t\t<\/div>\n\t\t\t\t\t<\/div>\n\t\t<\/div>\n\t\t\t\t\t<\/div>\n\t\t<\/section>\n\t\t\t\t<\/div>\n\t\t","protected":false},"excerpt":{"rendered":"<p>Semestre letivo 2026.1 &#8211; Matr\u00edculas no per\u00edodo de 09\/03\/2026 a 15\/03\/2026 (via SIGAA * Atentar para o c\u00f3digo das disciplinas, todas vinculadas ao curso iniciam com CA+numera\u00e7\u00e3o) In\u00edcio do semestre: 23 de mar\u00e7o de 2026 T\u00e9rmino do semestre: 25 de julho de 2026 N\u00ba de dias letivos: 102 dias<\/p>\n","protected":false},"author":297,"featured_media":0,"parent":0,"menu_order":0,"comment_status":"closed","ping_status":"closed","template":"","meta":{"inline_featured_image":false,"ngg_post_thumbnail":0,"footnotes":""},"class_list":["post-2023","page","type-page","status-publish","hentry"],"_links":{"self":[{"href":"https:\/\/www2.unifap.br\/cambientais\/wp-json\/wp\/v2\/pages\/2023","targetHints":{"allow":["GET"]}}],"collection":[{"href":"https:\/\/www2.unifap.br\/cambientais\/wp-json\/wp\/v2\/pages"}],"about":[{"href":"https:\/\/www2.unifap.br\/cambientais\/wp-json\/wp\/v2\/types\/page"}],"author":[{"embeddable":true,"href":"https:\/\/www2.unifap.br\/cambientais\/wp-json\/wp\/v2\/users\/297"}],"replies":[{"embeddable":true,"href":"https:\/\/www2.unifap.br\/cambientais\/wp-json\/wp\/v2\/comments?post=2023"}],"version-history":[{"count":97,"href":"https:\/\/www2.unifap.br\/cambientais\/wp-json\/wp\/v2\/pages\/2023\/revisions"}],"predecessor-version":[{"id":5260,"href":"https:\/\/www2.unifap.br\/cambientais\/wp-json\/wp\/v2\/pages\/2023\/revisions\/5260"}],"wp:attachment":[{"href":"https:\/\/www2.unifap.br\/cambientais\/wp-json\/wp\/v2\/media?parent=2023"}],"curies":[{"name":"wp","href":"https:\/\/api.w.org\/{rel}","templated":true}]}}