{"id":2340,"date":"2023-03-23T20:20:38","date_gmt":"2023-03-23T20:20:38","guid":{"rendered":"https:\/\/www2.unifap.br\/cambientais\/?page_id=2340"},"modified":"2024-09-16T23:50:23","modified_gmt":"2024-09-16T23:50:23","slug":"conhecendo-do-curso-de-ciencias-ambientais","status":"publish","type":"page","link":"https:\/\/www2.unifap.br\/cambientais\/conhecendo-do-curso-de-ciencias-ambientais\/","title":{"rendered":"Conhecendo o Curso de Ci\u00eancias Ambientais"},"content":{"rendered":"\t\t<div data-elementor-type=\"wp-page\" data-elementor-id=\"2340\" class=\"elementor elementor-2340\">\n\t\t\t\t\t\t<section class=\"elementor-section elementor-top-section elementor-element elementor-element-654ffcb1 elementor-section-boxed elementor-section-height-default elementor-section-height-default\" data-id=\"654ffcb1\" data-element_type=\"section\" data-e-type=\"section\">\n\t\t\t\t\t\t<div class=\"elementor-container elementor-column-gap-default\">\n\t\t\t\t\t<div class=\"elementor-column elementor-col-100 elementor-top-column elementor-element elementor-element-6abd5dad\" data-id=\"6abd5dad\" data-element_type=\"column\" data-e-type=\"column\">\n\t\t\t<div class=\"elementor-widget-wrap elementor-element-populated\">\n\t\t\t\t\t\t<div class=\"elementor-element elementor-element-705fc354 elementor-widget elementor-widget-text-editor\" data-id=\"705fc354\" data-element_type=\"widget\" data-e-type=\"widget\" data-widget_type=\"text-editor.default\">\n\t\t\t\t<div class=\"elementor-widget-container\">\n\t\t\t\t\t\t\t\t\t<p><span style=\"color: #000000\"><strong>In\u00edcio do Curso:\u00a0<\/strong>2009<\/span><\/p><p><span style=\"color: #000000\"><strong style=\"font-family: var( --e-global-typography-text-font-family ), Sans-serif;font-size: inherit\">N\u00fameros de vagas anuais: <\/strong>50<\/span><\/p><p><span style=\"color: #000000\"><strong>Local de Funcionamento: <\/strong>Campus Marco Zero do Equador<strong><br \/><\/strong><\/span><\/p><p><span style=\"color: #000000\"><strong>Per\u00edodo de Funcionamento: <\/strong>Matutino e Vespertino, com altern\u00e2ncia entre eles a cada ano de oferta (<a href=\"http:\/\/www2.unifap.br\/cambientais\/files\/2024\/09\/RES.20._2024_-_CONSU_-_Converso_da_Res._9.2023_-_CONSU_-_Homologa_a_aprovao_d.pdf\"><strong><span style=\"color: #0000ff\">Resolu\u00e7\u00e3o N\u00ba 20\/2024 \u2013 CONSU\/UNIFAP<\/span><\/strong><\/a>).<\/span><\/p><p><span style=\"color: #000000\"><strong>Dura\u00e7\u00e3o M\u00ednima: <\/strong>8 semestres<strong><br \/><\/strong><\/span><\/p><p><span style=\"color: #000000\"><strong>Carga hor\u00e1ria total do curso<\/strong>: o curso de Ci\u00eancias Ambientais compreende uma carga hor\u00e1ria de 3.390 horas, distribu\u00eddas em Disciplinas Obrigat\u00f3rias (2.100 horas), Disciplinas Optativas (240 horas), Trabalho de Conclus\u00e3o de Curso \u2013 TCC (120 horas), Est\u00e1gio Supervisionado Obrigat\u00f3rio \u2013 ESO (360 horas), Atividades Curriculares Complementares \u2013 ACC (210 horas) e Atividade Curricular de Extens\u00e3o \u2013 ACE (360 horas).<\/span><\/p><p><span style=\"color: #000000\"><strong>Forma de ingresso<\/strong>: O Curso de Bacharelado em Ci\u00eancias Ambientais apresenta a forma de ingresso feito por processo seletivo anual com in\u00edcio das atividades no primeiro semestre de cada ano. Este processo \u00e9 constitu\u00eddo pelo aproveitamento de notas do ENEM ou conforme direcionamentos do Departamento de Processos Seletivos e Concurso (DEPSEC\/PROGRAD\/UNIFAP) da Universidade Federal do Amap\u00e1.<\/span><\/p><p><span style=\"color: #000000\"><strong>Atos regulat\u00f3rios do curso: <span style=\"color: #0000ff\"><a style=\"color: #0000ff\" href=\"http:\/\/www2.unifap.br\/cambientais\/files\/2023\/04\/191204_10152-5.pdf\">Portaria N\u00ba 44 de 22 de janeiro de 2015 <\/a><\/span><\/strong><strong>e<\/strong><a href=\"http:\/\/www2.unifap.br\/cambientais\/files\/2024\/08\/923717_10152.pdf\"><strong><span style=\"color: #0000ff\"> Portaria N\u00ba 233 de 18 de junho de 2024<\/span><\/strong><\/a><\/span><\/p>\t\t\t\t\t\t\t\t<\/div>\n\t\t\t\t<\/div>\n\t\t\t\t\t<\/div>\n\t\t<\/div>\n\t\t\t\t\t<\/div>\n\t\t<\/section>\n\t\t\t\t<section class=\"elementor-section elementor-top-section elementor-element elementor-element-0cf6896 elementor-section-boxed elementor-section-height-default elementor-section-height-default\" data-id=\"0cf6896\" data-element_type=\"section\" data-e-type=\"section\">\n\t\t\t\t\t\t<div class=\"elementor-container elementor-column-gap-default\">\n\t\t\t\t\t<div class=\"elementor-column elementor-col-100 elementor-top-column elementor-element elementor-element-1fd4b87\" data-id=\"1fd4b87\" data-element_type=\"column\" data-e-type=\"column\">\n\t\t\t<div class=\"elementor-widget-wrap elementor-element-populated\">\n\t\t\t\t\t\t<div class=\"elementor-element elementor-element-b9f0123 elementor-widget-divider--view-line elementor-widget elementor-widget-divider\" data-id=\"b9f0123\" data-element_type=\"widget\" data-e-type=\"widget\" data-widget_type=\"divider.default\">\n\t\t\t\t<div class=\"elementor-widget-container\">\n\t\t\t\t\t\t\t<div class=\"elementor-divider\">\n\t\t\t<span class=\"elementor-divider-separator\">\n\t\t\t\t\t\t<\/span>\n\t\t<\/div>\n\t\t\t\t\t\t<\/div>\n\t\t\t\t<\/div>\n\t\t\t\t\t<\/div>\n\t\t<\/div>\n\t\t\t\t\t<\/div>\n\t\t<\/section>\n\t\t\t\t<section class=\"elementor-section elementor-top-section elementor-element elementor-element-192fa1b elementor-section-boxed elementor-section-height-default elementor-section-height-default\" data-id=\"192fa1b\" data-element_type=\"section\" data-e-type=\"section\">\n\t\t\t\t\t\t<div class=\"elementor-container elementor-column-gap-default\">\n\t\t\t\t\t<div class=\"elementor-column elementor-col-100 elementor-top-column elementor-element elementor-element-6861659\" data-id=\"6861659\" data-element_type=\"column\" data-e-type=\"column\">\n\t\t\t<div class=\"elementor-widget-wrap elementor-element-populated\">\n\t\t\t\t\t\t<div class=\"elementor-element elementor-element-ca3805a elementor-button-info elementor-widget elementor-widget-button\" data-id=\"ca3805a\" data-element_type=\"widget\" data-e-type=\"widget\" data-widget_type=\"button.default\">\n\t\t\t\t<div class=\"elementor-widget-container\">\n\t\t\t\t\t\t\t\t\t<div class=\"elementor-button-wrapper\">\n\t\t\t\t\t<a class=\"elementor-button elementor-button-link elementor-size-sm\" href=\"https:\/\/www2.unifap.br\/cambientais\/\">\n\t\t\t\t\t\t<span class=\"elementor-button-content-wrapper\">\n\t\t\t\t\t\t<span class=\"elementor-button-icon\">\n\t\t\t\t<i aria-hidden=\"true\" class=\"fas fa-home\"><\/i>\t\t\t<\/span>\n\t\t\t\t\t\t\t\t\t<span class=\"elementor-button-text\">In\u00edcio<\/span>\n\t\t\t\t\t<\/span>\n\t\t\t\t\t<\/a>\n\t\t\t\t<\/div>\n\t\t\t\t\t\t\t\t<\/div>\n\t\t\t\t<\/div>\n\t\t\t\t\t<\/div>\n\t\t<\/div>\n\t\t\t\t\t<\/div>\n\t\t<\/section>\n\t\t\t\t<\/div>\n\t\t","protected":false},"excerpt":{"rendered":"<p>In\u00edcio do Curso:\u00a02009 N\u00fameros de vagas anuais: 50 Local de Funcionamento: Campus Marco Zero do Equador Per\u00edodo de Funcionamento: Matutino e Vespertino, com altern\u00e2ncia entre eles a cada ano de oferta (Resolu\u00e7\u00e3o N\u00ba 20\/2024 \u2013 CONSU\/UNIFAP). Dura\u00e7\u00e3o M\u00ednima: 8 semestres Carga hor\u00e1ria total do curso: o curso de Ci\u00eancias Ambientais \u2026 <a class=\"continue-reading-link\" href=\"https:\/\/www2.unifap.br\/cambientais\/conhecendo-do-curso-de-ciencias-ambientais\/\"> Continue Lendo <span class=\"meta-nav\">&rarr; <\/span><\/a><\/p>\n","protected":false},"author":3976,"featured_media":0,"parent":0,"menu_order":0,"comment_status":"closed","ping_status":"closed","template":"","meta":{"inline_featured_image":false,"ngg_post_thumbnail":0,"footnotes":""},"class_list":["post-2340","page","type-page","status-publish","hentry"],"_links":{"self":[{"href":"https:\/\/www2.unifap.br\/cambientais\/wp-json\/wp\/v2\/pages\/2340","targetHints":{"allow":["GET"]}}],"collection":[{"href":"https:\/\/www2.unifap.br\/cambientais\/wp-json\/wp\/v2\/pages"}],"about":[{"href":"https:\/\/www2.unifap.br\/cambientais\/wp-json\/wp\/v2\/types\/page"}],"author":[{"embeddable":true,"href":"https:\/\/www2.unifap.br\/cambientais\/wp-json\/wp\/v2\/users\/3976"}],"replies":[{"embeddable":true,"href":"https:\/\/www2.unifap.br\/cambientais\/wp-json\/wp\/v2\/comments?post=2340"}],"version-history":[{"count":41,"href":"https:\/\/www2.unifap.br\/cambientais\/wp-json\/wp\/v2\/pages\/2340\/revisions"}],"predecessor-version":[{"id":4325,"href":"https:\/\/www2.unifap.br\/cambientais\/wp-json\/wp\/v2\/pages\/2340\/revisions\/4325"}],"wp:attachment":[{"href":"https:\/\/www2.unifap.br\/cambientais\/wp-json\/wp\/v2\/media?parent=2340"}],"curies":[{"name":"wp","href":"https:\/\/api.w.org\/{rel}","templated":true}]}}