{"id":2646,"date":"2023-03-24T19:10:15","date_gmt":"2023-03-24T19:10:15","guid":{"rendered":"https:\/\/www2.unifap.br\/cambientais\/?page_id=2646"},"modified":"2023-03-24T20:03:17","modified_gmt":"2023-03-24T20:03:17","slug":"coordenacao-de-curso","status":"publish","type":"page","link":"https:\/\/www2.unifap.br\/cambientais\/coordenacao-de-curso\/","title":{"rendered":"Coordena\u00e7\u00e3o de Curso"},"content":{"rendered":"\t\t<div data-elementor-type=\"wp-page\" data-elementor-id=\"2646\" class=\"elementor elementor-2646\">\n\t\t\t\t\t\t<section class=\"elementor-section elementor-top-section elementor-element elementor-element-fd89a76 elementor-section-boxed elementor-section-height-default elementor-section-height-default\" data-id=\"fd89a76\" data-element_type=\"section\" data-e-type=\"section\">\n\t\t\t\t\t\t<div class=\"elementor-container elementor-column-gap-default\">\n\t\t\t\t\t<div class=\"elementor-column elementor-col-100 elementor-top-column elementor-element elementor-element-8e178dc\" data-id=\"8e178dc\" data-element_type=\"column\" data-e-type=\"column\">\n\t\t\t<div class=\"elementor-widget-wrap elementor-element-populated\">\n\t\t\t\t\t\t<div class=\"elementor-element elementor-element-80016fe elementor-widget elementor-widget-text-editor\" data-id=\"80016fe\" data-element_type=\"widget\" data-e-type=\"widget\" data-widget_type=\"text-editor.default\">\n\t\t\t\t<div class=\"elementor-widget-container\">\n\t\t\t\t\t\t\t\t\t<p><span style=\"color: #000000\">Corresponde \u00e0 c\u00e9lula administrativa do colegiado que organiza o funcionamento do curso. \u00c9 respons\u00e1vel por diversas a\u00e7\u00f5es como o gerenciamento de recursos humanos vinculados ao colegiado, gest\u00e3o e registro de processos e servi\u00e7os no \u00e2mbito administrativo, acad\u00eamico e t\u00e9cnico-cient\u00edfico. Compete-lhe, ainda, a organiza\u00e7\u00e3o e gest\u00e3o das atividades de ensino, pesquisa e extens\u00e3o vinculadas ao curso de Ci\u00eancias Ambientais.<\/span><\/p><p><span style=\"color: #000000\">A coordena\u00e7\u00e3o \u00e9 exercida por um (a) docente vinculado (a) ao curso, eleito (a) democraticamente, conforme regulamenta o art. 88 do Cap\u00edtulo V do Regimento Geral da UNIFAP e cujas atribui\u00e7\u00f5es s\u00e3o tamb\u00e9m disciplinadas pelo artigo 89 da mesma norma acad\u00eamica: incisos I a VIII. Cabe, ainda, ao coordenador (a) representar as necessidades do curso junto aos \u00f3rg\u00e3os competentes da IFES, convocar e conduzir as reuni\u00f5es de colegiado, atender aos docentes e discentes sobre demandas atinentes ao curso. Ademais, exercer a representa\u00e7\u00e3o do curso no Conselho Departamental do Departamento de Meio Ambiente e Desenvolvimento (DMAD). Para desenvolver todas essas compet\u00eancias o coordenador de Ci\u00eancias Ambientais conta com o assessoramento direto de uma secretaria acad\u00eamica<\/span><\/p>\t\t\t\t\t\t\t\t<\/div>\n\t\t\t\t<\/div>\n\t\t\t\t\t<\/div>\n\t\t<\/div>\n\t\t\t\t\t<\/div>\n\t\t<\/section>\n\t\t\t\t<section class=\"elementor-section elementor-top-section elementor-element elementor-element-7b94a11 elementor-section-boxed elementor-section-height-default elementor-section-height-default\" data-id=\"7b94a11\" data-element_type=\"section\" data-e-type=\"section\">\n\t\t\t\t\t\t<div class=\"elementor-container elementor-column-gap-default\">\n\t\t\t\t\t<div class=\"elementor-column elementor-col-100 elementor-top-column elementor-element elementor-element-592153e\" data-id=\"592153e\" data-element_type=\"column\" data-e-type=\"column\">\n\t\t\t<div class=\"elementor-widget-wrap elementor-element-populated\">\n\t\t\t\t\t\t<div class=\"elementor-element elementor-element-2bbedfb elementor-widget-divider--view-line elementor-widget elementor-widget-divider\" data-id=\"2bbedfb\" data-element_type=\"widget\" data-e-type=\"widget\" data-widget_type=\"divider.default\">\n\t\t\t\t<div class=\"elementor-widget-container\">\n\t\t\t\t\t\t\t<div class=\"elementor-divider\">\n\t\t\t<span class=\"elementor-divider-separator\">\n\t\t\t\t\t\t<\/span>\n\t\t<\/div>\n\t\t\t\t\t\t<\/div>\n\t\t\t\t<\/div>\n\t\t\t\t\t<\/div>\n\t\t<\/div>\n\t\t\t\t\t<\/div>\n\t\t<\/section>\n\t\t\t\t<section class=\"elementor-section elementor-top-section elementor-element elementor-element-d999445 elementor-section-boxed elementor-section-height-default elementor-section-height-default\" data-id=\"d999445\" data-element_type=\"section\" data-e-type=\"section\">\n\t\t\t\t\t\t<div class=\"elementor-container elementor-column-gap-default\">\n\t\t\t\t\t<div class=\"elementor-column elementor-col-100 elementor-top-column elementor-element elementor-element-996decd\" data-id=\"996decd\" data-element_type=\"column\" data-e-type=\"column\">\n\t\t\t<div class=\"elementor-widget-wrap elementor-element-populated\">\n\t\t\t\t\t\t<div class=\"elementor-element elementor-element-daff525 elementor-button-info elementor-widget elementor-widget-button\" data-id=\"daff525\" data-element_type=\"widget\" data-e-type=\"widget\" data-widget_type=\"button.default\">\n\t\t\t\t<div class=\"elementor-widget-container\">\n\t\t\t\t\t\t\t\t\t<div class=\"elementor-button-wrapper\">\n\t\t\t\t\t<a class=\"elementor-button elementor-button-link elementor-size-sm\" href=\"https:\/\/www2.unifap.br\/cambientais\/\">\n\t\t\t\t\t\t<span class=\"elementor-button-content-wrapper\">\n\t\t\t\t\t\t<span class=\"elementor-button-icon\">\n\t\t\t\t<i aria-hidden=\"true\" class=\"fas fa-home\"><\/i>\t\t\t<\/span>\n\t\t\t\t\t\t\t\t\t<span class=\"elementor-button-text\">In\u00edcio<\/span>\n\t\t\t\t\t<\/span>\n\t\t\t\t\t<\/a>\n\t\t\t\t<\/div>\n\t\t\t\t\t\t\t\t<\/div>\n\t\t\t\t<\/div>\n\t\t\t\t\t<\/div>\n\t\t<\/div>\n\t\t\t\t\t<\/div>\n\t\t<\/section>\n\t\t\t\t<\/div>\n\t\t","protected":false},"excerpt":{"rendered":"<p>Corresponde \u00e0 c\u00e9lula administrativa do colegiado que organiza o funcionamento do curso. \u00c9 respons\u00e1vel por diversas a\u00e7\u00f5es como o gerenciamento de recursos humanos vinculados ao colegiado, gest\u00e3o e registro de processos e servi\u00e7os no \u00e2mbito administrativo, acad\u00eamico e t\u00e9cnico-cient\u00edfico. Compete-lhe, ainda, a organiza\u00e7\u00e3o e gest\u00e3o das atividades de ensino, pesquisa \u2026 <a class=\"continue-reading-link\" href=\"https:\/\/www2.unifap.br\/cambientais\/coordenacao-de-curso\/\"> Continue Lendo <span class=\"meta-nav\">&rarr; <\/span><\/a><\/p>\n","protected":false},"author":3976,"featured_media":0,"parent":0,"menu_order":0,"comment_status":"closed","ping_status":"closed","template":"","meta":{"inline_featured_image":false,"ngg_post_thumbnail":0,"footnotes":""},"class_list":["post-2646","page","type-page","status-publish","hentry"],"_links":{"self":[{"href":"https:\/\/www2.unifap.br\/cambientais\/wp-json\/wp\/v2\/pages\/2646","targetHints":{"allow":["GET"]}}],"collection":[{"href":"https:\/\/www2.unifap.br\/cambientais\/wp-json\/wp\/v2\/pages"}],"about":[{"href":"https:\/\/www2.unifap.br\/cambientais\/wp-json\/wp\/v2\/types\/page"}],"author":[{"embeddable":true,"href":"https:\/\/www2.unifap.br\/cambientais\/wp-json\/wp\/v2\/users\/3976"}],"replies":[{"embeddable":true,"href":"https:\/\/www2.unifap.br\/cambientais\/wp-json\/wp\/v2\/comments?post=2646"}],"version-history":[{"count":4,"href":"https:\/\/www2.unifap.br\/cambientais\/wp-json\/wp\/v2\/pages\/2646\/revisions"}],"predecessor-version":[{"id":2685,"href":"https:\/\/www2.unifap.br\/cambientais\/wp-json\/wp\/v2\/pages\/2646\/revisions\/2685"}],"wp:attachment":[{"href":"https:\/\/www2.unifap.br\/cambientais\/wp-json\/wp\/v2\/media?parent=2646"}],"curies":[{"name":"wp","href":"https:\/\/api.w.org\/{rel}","templated":true}]}}