{"id":2650,"date":"2023-03-24T19:13:14","date_gmt":"2023-03-24T19:13:14","guid":{"rendered":"https:\/\/www2.unifap.br\/cambientais\/?page_id=2650"},"modified":"2023-05-03T15:04:36","modified_gmt":"2023-05-03T15:04:36","slug":"plano-de-atuacao","status":"publish","type":"page","link":"https:\/\/www2.unifap.br\/cambientais\/plano-de-atuacao\/","title":{"rendered":"Plano de a\u00e7\u00e3o"},"content":{"rendered":"\t\t<div data-elementor-type=\"wp-page\" data-elementor-id=\"2650\" class=\"elementor elementor-2650\">\n\t\t\t\t\t\t<section class=\"elementor-section elementor-top-section elementor-element elementor-element-57fb8b1 elementor-section-boxed elementor-section-height-default elementor-section-height-default\" data-id=\"57fb8b1\" data-element_type=\"section\" data-e-type=\"section\">\n\t\t\t\t\t\t<div class=\"elementor-container elementor-column-gap-default\">\n\t\t\t\t\t<div class=\"elementor-column elementor-col-100 elementor-top-column elementor-element elementor-element-1527d25\" data-id=\"1527d25\" data-element_type=\"column\" data-e-type=\"column\">\n\t\t\t<div class=\"elementor-widget-wrap elementor-element-populated\">\n\t\t\t\t\t\t<div class=\"elementor-element elementor-element-150eeca elementor-widget elementor-widget-text-editor\" data-id=\"150eeca\" data-element_type=\"widget\" data-e-type=\"widget\" data-widget_type=\"text-editor.default\">\n\t\t\t\t<div class=\"elementor-widget-container\">\n\t\t\t\t\t\t\t\t\t<p><span style=\"color: #000000\">O referido plano tem por objetivo embasar e orientar as a\u00e7\u00f5es e atividades da Coordena\u00e7\u00e3o do Curso de Bacharelado em Ci\u00eancias Ambientais, configurando-se em um plano de metas e a\u00e7\u00f5es, na busca de garantir o cumprimento das demandas existentes e futuras vinculadas \u00e0 coordena\u00e7\u00e3o. Apresentamos a seguir os <strong><em>principais objetivos<\/em><\/strong> propostos para o bi\u00eanio 2022-2024:<\/span><\/p><ul><li><span style=\"color: #000000\">Conduzir o processo de atualiza\u00e7\u00e3o do PPC do curso de Ci\u00eancias Ambientais em conjunto com o NDE e Colegiado;<\/span><\/li><li><span style=\"color: #000000\">Realizar o planejamento semestral da oferta dos componentes curriculares e vincula\u00e7\u00e3o de docentes;<\/span><\/li><li><span style=\"color: #000000\">Promover o suporte acad\u00eamico a docentes e discentes do curso;<\/span><\/li><li><span style=\"color: #000000\">Desenvolver a\u00e7\u00f5es que facilitem a integra\u00e7\u00e3o do ensino, pesquisa e extens\u00e3o, articulando os discentes, docentes e t\u00e9cnico-administrativos, buscando o trabalho coletivo e integrador;<\/span><\/li><li><span style=\"color: #000000\">Apoiar e publicitar a\u00e7\u00f5es realizadas no \u00e2mbito do curso de Ci\u00eancias Ambientais;<\/span><\/li><li><span style=\"color: #000000\">Organizar e publicitar informa\u00e7\u00f5es relacionadas ao curso e \u00e0 coordena\u00e7\u00e3o;<\/span><\/li><li><span style=\"color: #000000\">Promover a\u00e7\u00f5es de auto avalia\u00e7\u00e3o e melhoria organizacional facilitando os tr\u00e2mites e fluxos acad\u00eamicos;<\/span><\/li><li><span style=\"color: #000000\">Prover as a\u00e7\u00f5es necess\u00e1rias em vistas ao reconhecimento do curso visando garantir um desempenho de excel\u00eancia no processo avaliativo<\/span><\/li><\/ul>\t\t\t\t\t\t\t\t<\/div>\n\t\t\t\t<\/div>\n\t\t\t\t\t<\/div>\n\t\t<\/div>\n\t\t\t\t\t<\/div>\n\t\t<\/section>\n\t\t\t\t<section class=\"elementor-section elementor-top-section elementor-element elementor-element-1b6f936 elementor-section-boxed elementor-section-height-default elementor-section-height-default\" data-id=\"1b6f936\" data-element_type=\"section\" data-e-type=\"section\">\n\t\t\t\t\t\t<div class=\"elementor-container elementor-column-gap-default\">\n\t\t\t\t\t<div class=\"elementor-column elementor-col-100 elementor-top-column elementor-element elementor-element-1beb548\" data-id=\"1beb548\" data-element_type=\"column\" data-e-type=\"column\">\n\t\t\t<div class=\"elementor-widget-wrap elementor-element-populated\">\n\t\t\t\t\t\t<div class=\"elementor-element elementor-element-d51ba2e elementor-widget elementor-widget-text-editor\" data-id=\"d51ba2e\" data-element_type=\"widget\" data-e-type=\"widget\" data-widget_type=\"text-editor.default\">\n\t\t\t\t<div class=\"elementor-widget-container\">\n\t\t\t\t\t\t\t\t\t<p><span style=\"color: #000000\">Para acessar o plano de a\u00e7\u00e3o da coordena\u00e7\u00e3o, CLIQUE ABAIXO:<\/span><\/p><ul><li><a href=\"http:\/\/www2.unifap.br\/cambientais\/files\/2023\/04\/PLANO-DE-ACAO-COORDENACAO_2020-2022.pdf\"><strong><span style=\"color: #0000ff\">PLANO DE A\u00c7\u00c3O COORDENA\u00c7\u00c3O_2020-2022<\/span><\/strong><\/a><\/li><li><strong><span style=\"color: #0000ff\"><a style=\"color: #0000ff\" href=\"http:\/\/www2.unifap.br\/cambientais\/files\/2023\/04\/PLANO-DE-ACAO-COORDENACAO_2022-2024.pdf\">PLANO DE A\u00c7\u00c3O COORDENA\u00c7\u00c3O_2022-2024<\/a><\/span><\/strong> <\/li><\/ul>\t\t\t\t\t\t\t\t<\/div>\n\t\t\t\t<\/div>\n\t\t\t\t\t<\/div>\n\t\t<\/div>\n\t\t\t\t\t<\/div>\n\t\t<\/section>\n\t\t\t\t<section class=\"elementor-section elementor-top-section elementor-element elementor-element-190cbc1 elementor-section-boxed elementor-section-height-default elementor-section-height-default\" data-id=\"190cbc1\" data-element_type=\"section\" data-e-type=\"section\">\n\t\t\t\t\t\t<div class=\"elementor-container elementor-column-gap-default\">\n\t\t\t\t\t<div class=\"elementor-column elementor-col-100 elementor-top-column elementor-element elementor-element-b3f71e8\" data-id=\"b3f71e8\" data-element_type=\"column\" data-e-type=\"column\">\n\t\t\t<div class=\"elementor-widget-wrap elementor-element-populated\">\n\t\t\t\t\t\t<div class=\"elementor-element elementor-element-4038615 elementor-widget elementor-widget-text-editor\" data-id=\"4038615\" data-element_type=\"widget\" data-e-type=\"widget\" data-widget_type=\"text-editor.default\">\n\t\t\t\t<div class=\"elementor-widget-container\">\n\t\t\t\t\t\t\t\t\t<p><strong><span style=\"color: #000000\">Indicadores do Plano de A\u00e7\u00e3o 2022-2024<\/span><\/strong><\/p><table width=\"531\"><tbody><tr><td width=\"170\"><p><span style=\"color: #000000\"><strong>Objetivo<\/strong><\/span><\/p><\/td><td width=\"113\"><p><span style=\"color: #000000\"><strong>Respons\u00e1vel<\/strong><\/span><\/p><\/td><td width=\"123\"><p><span style=\"color: #000000\"><strong>Documentos comprobat\u00f3rios<\/strong><\/span><\/p><\/td><td width=\"124\"><p><span style=\"color: #000000\"><strong><em>Status<\/em> (n\u00edvel de alcance)<\/strong><\/span><\/p><\/td><\/tr><tr><td width=\"170\"><ul><li><span style=\"color: #000000\">Conduzir o processo de atualiza\u00e7\u00e3o do PPC do curso de Ci\u00eancias Ambientais em conjunto com o NDE e Colegiado;<\/span><\/li><\/ul><\/td><td width=\"113\"><p><span style=\"color: #000000\">Coordena\u00e7\u00e3o, Colegiado de Curso e NDE.<\/span><\/p><\/td><td width=\"123\"><p><span style=\"color: #000000\">&#8211; Atas de reuni\u00e3o de colegiado;<\/span><\/p><p><span style=\"color: #000000\">&#8211; Atas de reuni\u00e3o de NDE<\/span><\/p><p><span style=\"color: #000000\">&#8211; Documentos comprobat\u00f3rios de processos<\/span><\/p><\/td><td width=\"124\"><h1 style=\"text-align: center\"><span style=\"color: #000000\"><strong>100%<\/strong><\/span><\/h1><\/td><\/tr><tr><td width=\"170\"><ul><li><span style=\"color: #000000\">Realizar o planejamento semestral da oferta dos componentes curriculares e vincula\u00e7\u00e3o de docentes;<\/span><\/li><\/ul><\/td><td width=\"113\"><p><span style=\"color: #000000\">Coordena\u00e7\u00e3o e Colegiado de Curso<\/span><\/p><\/td><td width=\"123\"><p><span style=\"color: #000000\">Atas de reuni\u00e3o de colegiado; p\u00e1gina do curso<\/span><\/p><\/td><td width=\"124\"><h1 style=\"text-align: center\"><span style=\"color: #000000\"><strong>100%<\/strong><\/span><\/h1><\/td><\/tr><tr><td width=\"170\"><ul><li><span style=\"color: #000000\">Promover o suporte acad\u00eamico a docentes e discentes do curso;<\/span><\/li><\/ul><\/td><td width=\"113\"><p><span style=\"color: #000000\">Coordena\u00e7\u00e3o e Colegiado de Curso<\/span><\/p><\/td><td width=\"123\"><p><span style=\"color: #000000\">&#8211; Atas de reuni\u00e3o de colegiado;<\/span><\/p><p><span style=\"color: #000000\">&#8211; Atas de reuni\u00e3o de NDE;<\/span><\/p><p><span style=\"color: #000000\">&#8211; Memorandos, despachos, processos emitidos pela coordena\u00e7\u00e3o do curso.<\/span><\/p><\/td><td width=\"124\"><h1 style=\"text-align: center\"><span style=\"color: #000000\"><strong>75%<\/strong><\/span><\/h1><\/td><\/tr><tr><td width=\"170\"><ul><li><span style=\"color: #000000\">Orientar, coordenar e supervisionar as atividades do curso<\/span><\/li><\/ul><\/td><td width=\"113\"><p><span style=\"color: #000000\">Coordena\u00e7\u00e3o, Colegiado de Curso e NDE<\/span><\/p><\/td><td width=\"123\"><p><span style=\"color: #000000\">&#8211; Atas de reuni\u00e3o de colegiado;<\/span><\/p><p><span style=\"color: #000000\">&#8211; Atas de reuni\u00e3o de NDE;<\/span><\/p><p><span style=\"color: #000000\">&#8211; Memorandos, despachos, processos emitidos pela coordena\u00e7\u00e3o do curso.<\/span><\/p><\/td><td width=\"124\"><h1 style=\"text-align: center\"><span style=\"color: #000000\"><strong>80%<\/strong><\/span><\/h1><\/td><\/tr><tr><td width=\"170\"><ul><li><span style=\"color: #000000\">Desenvolver a\u00e7\u00f5es que facilitem a integra\u00e7\u00e3o do ensino, pesquisa e extens\u00e3o, articulando os discentes, docentes, t\u00e9cnicos-administrativo e decanato, buscando o trabalho coletivo e integrador<\/span><\/li><\/ul><\/td><td width=\"113\"><p><span style=\"color: #000000\">Coordena\u00e7\u00e3o e Colegiado de Curso<\/span><\/p><\/td><td width=\"123\"><p><span style=\"color: #000000\">&#8211; Atas de reuni\u00e3o de colegiado;<\/span><\/p><p><span style=\"color: #000000\">&#8211; Atas de reuni\u00e3o de NDE;<\/span><\/p><p><span style=\"color: #000000\">&#8211; Memorandos, despachos, processos emitidos pela coordena\u00e7\u00e3o do curso.<\/span><\/p><\/td><td width=\"124\"><h1 style=\"text-align: center\"><span style=\"color: #000000\"><strong>70%<\/strong><\/span><\/h1><\/td><\/tr><tr><td width=\"170\"><ul><li><span style=\"color: #000000\">Apoiar e publicizar a\u00e7\u00f5es realizadas no \u00e2mbito do curso de Ci\u00eancias Ambientais da UNIFAP<\/span><\/li><\/ul><\/td><td width=\"113\"><p><span style=\"color: #000000\">Coordena\u00e7\u00e3o e Colegiado de Curso<\/span><\/p><\/td><td width=\"123\"><p><span style=\"color: #000000\">&#8211; Atas de reuni\u00e3o de colegiado;<\/span><\/p><p><span style=\"color: #000000\">&#8211; Atas de reuni\u00e3o de NDE;<\/span><\/p><p><span style=\"color: #000000\">&#8211; Memorandos, despachos, processos emitidos pela coordena\u00e7\u00e3o do curso.<\/span><\/p><\/td><td width=\"124\"><h1 style=\"text-align: center\"><span style=\"color: #000000\"><strong>100%<\/strong><\/span><\/h1><\/td><\/tr><tr><td width=\"170\"><ul><li><span style=\"color: #000000\">Promover a\u00e7\u00f5es de autoavalia\u00e7\u00e3o e melhoria organizacional facilitando os tr\u00e2mites e fluxos acad\u00eamicos;<\/span><\/li><\/ul><\/td><td width=\"113\"><p><span style=\"color: #000000\">Coordena\u00e7\u00e3o, colegiado e NDE<\/span><\/p><\/td><td width=\"123\"><p><span style=\"color: #000000\">Formul\u00e1rios de avalia\u00e7\u00e3o<\/span><\/p><\/td><td width=\"124\"><h1 style=\"text-align: center\"><span style=\"color: #000000\"><strong>75%<\/strong><\/span><\/h1><\/td><\/tr><tr><td width=\"170\"><ul><li><span style=\"color: #000000\">Prover as a\u00e7\u00f5es necess\u00e1rias em vistas ao reconhecimento do curso visando garantir o grau m\u00e1ximo de excel\u00eancia no processo avaliativo;<\/span><\/li><\/ul><\/td><td width=\"113\"><p><span style=\"color: #000000\">Coordena\u00e7\u00e3o, colegiado e NDE<\/span><\/p><\/td><td width=\"123\"><p><span style=\"color: #000000\">&#8211; Atas de reuni\u00e3o de colegiado;<\/span><\/p><p><span style=\"color: #000000\">&#8211; Atas de reuni\u00e3o de NDE<\/span><\/p><p>\u00a0<\/p><\/td><td width=\"124\"><h1 style=\"text-align: center\"><span style=\"color: #000000\"><strong>90%<\/strong><\/span><\/h1><\/td><\/tr><tr><td width=\"170\"><ul><li><span style=\"color: #000000\">Implementar pol\u00edtica de acompanhamento dos egressos e ingresso no mercado de trabalho<\/span><\/li><\/ul><\/td><td width=\"113\"><p><span style=\"color: #000000\">Coordena\u00e7\u00e3o, colegiado e NDE<\/span><\/p><\/td><td width=\"123\"><p><span style=\"color: #000000\">Relat\u00f3rio anual<\/span><\/p><\/td><td width=\"124\"><h1 style=\"text-align: center\"><span style=\"color: #000000\"><strong>80%<\/strong><\/span><\/h1><\/td><\/tr><tr><td width=\"170\"><ul><li><span style=\"color: #000000\">Estimular e acompanhar as atividades que envolvem o trabalho do NAI da Institui\u00e7\u00e3o.<\/span><\/li><\/ul><\/td><td width=\"113\"><p><span style=\"color: #000000\">Coordena\u00e7\u00e3o, colegiado e NDE<\/span><\/p><\/td><td width=\"123\"><p><span style=\"color: #000000\">&#8211; Atas de reuni\u00e3o de colegiado;<\/span><\/p><p><span style=\"color: #000000\">&#8211; Atas de reuni\u00e3o de NDE;<\/span><\/p><p><span style=\"color: #000000\">&#8211; Memorandos, despachos, processos emitidos pela coordena\u00e7\u00e3o do curso.<\/span><\/p><\/td><td width=\"124\"><h1 style=\"text-align: center\"><span style=\"color: #000000\"><strong>70%<\/strong><\/span><\/h1><\/td><\/tr><\/tbody><\/table>\t\t\t\t\t\t\t\t<\/div>\n\t\t\t\t<\/div>\n\t\t\t\t\t<\/div>\n\t\t<\/div>\n\t\t\t\t\t<\/div>\n\t\t<\/section>\n\t\t\t\t<section class=\"elementor-section elementor-top-section elementor-element elementor-element-f76bddc elementor-section-boxed elementor-section-height-default elementor-section-height-default\" data-id=\"f76bddc\" data-element_type=\"section\" data-e-type=\"section\">\n\t\t\t\t\t\t<div class=\"elementor-container elementor-column-gap-default\">\n\t\t\t\t\t<div class=\"elementor-column elementor-col-100 elementor-top-column elementor-element elementor-element-212e003\" data-id=\"212e003\" data-element_type=\"column\" data-e-type=\"column\">\n\t\t\t<div class=\"elementor-widget-wrap elementor-element-populated\">\n\t\t\t\t\t\t<div class=\"elementor-element elementor-element-6dd90a9 elementor-widget-divider--view-line elementor-widget elementor-widget-divider\" data-id=\"6dd90a9\" data-element_type=\"widget\" data-e-type=\"widget\" data-widget_type=\"divider.default\">\n\t\t\t\t<div class=\"elementor-widget-container\">\n\t\t\t\t\t\t\t<div class=\"elementor-divider\">\n\t\t\t<span class=\"elementor-divider-separator\">\n\t\t\t\t\t\t<\/span>\n\t\t<\/div>\n\t\t\t\t\t\t<\/div>\n\t\t\t\t<\/div>\n\t\t\t\t\t<\/div>\n\t\t<\/div>\n\t\t\t\t\t<\/div>\n\t\t<\/section>\n\t\t\t\t<section class=\"elementor-section elementor-top-section elementor-element elementor-element-f3fc30e elementor-section-boxed elementor-section-height-default elementor-section-height-default\" data-id=\"f3fc30e\" data-element_type=\"section\" data-e-type=\"section\">\n\t\t\t\t\t\t<div class=\"elementor-container elementor-column-gap-default\">\n\t\t\t\t\t<div class=\"elementor-column elementor-col-100 elementor-top-column elementor-element elementor-element-066dff3\" data-id=\"066dff3\" data-element_type=\"column\" data-e-type=\"column\">\n\t\t\t<div class=\"elementor-widget-wrap elementor-element-populated\">\n\t\t\t\t\t\t<div class=\"elementor-element elementor-element-4d0ad91 elementor-button-info elementor-widget elementor-widget-button\" data-id=\"4d0ad91\" data-element_type=\"widget\" data-e-type=\"widget\" data-widget_type=\"button.default\">\n\t\t\t\t<div class=\"elementor-widget-container\">\n\t\t\t\t\t\t\t\t\t<div class=\"elementor-button-wrapper\">\n\t\t\t\t\t<a class=\"elementor-button elementor-button-link elementor-size-sm\" href=\"#\">\n\t\t\t\t\t\t<span class=\"elementor-button-content-wrapper\">\n\t\t\t\t\t\t<span class=\"elementor-button-icon\">\n\t\t\t\t<i aria-hidden=\"true\" class=\"fas fa-home\"><\/i>\t\t\t<\/span>\n\t\t\t\t\t\t\t\t\t<span class=\"elementor-button-text\">In\u00edcio<\/span>\n\t\t\t\t\t<\/span>\n\t\t\t\t\t<\/a>\n\t\t\t\t<\/div>\n\t\t\t\t\t\t\t\t<\/div>\n\t\t\t\t<\/div>\n\t\t\t\t\t<\/div>\n\t\t<\/div>\n\t\t\t\t\t<\/div>\n\t\t<\/section>\n\t\t\t\t<\/div>\n\t\t","protected":false},"excerpt":{"rendered":"<p>O referido plano tem por objetivo embasar e orientar as a\u00e7\u00f5es e atividades da Coordena\u00e7\u00e3o do Curso de Bacharelado em Ci\u00eancias Ambientais, configurando-se em um plano de metas e a\u00e7\u00f5es, na busca de garantir o cumprimento das demandas existentes e futuras vinculadas \u00e0 coordena\u00e7\u00e3o. Apresentamos a seguir os principais objetivos \u2026 <a class=\"continue-reading-link\" href=\"https:\/\/www2.unifap.br\/cambientais\/plano-de-atuacao\/\"> Continue Lendo <span class=\"meta-nav\">&rarr; <\/span><\/a><\/p>\n","protected":false},"author":3976,"featured_media":0,"parent":0,"menu_order":0,"comment_status":"closed","ping_status":"closed","template":"","meta":{"inline_featured_image":false,"ngg_post_thumbnail":0,"footnotes":""},"class_list":["post-2650","page","type-page","status-publish","hentry"],"_links":{"self":[{"href":"https:\/\/www2.unifap.br\/cambientais\/wp-json\/wp\/v2\/pages\/2650","targetHints":{"allow":["GET"]}}],"collection":[{"href":"https:\/\/www2.unifap.br\/cambientais\/wp-json\/wp\/v2\/pages"}],"about":[{"href":"https:\/\/www2.unifap.br\/cambientais\/wp-json\/wp\/v2\/types\/page"}],"author":[{"embeddable":true,"href":"https:\/\/www2.unifap.br\/cambientais\/wp-json\/wp\/v2\/users\/3976"}],"replies":[{"embeddable":true,"href":"https:\/\/www2.unifap.br\/cambientais\/wp-json\/wp\/v2\/comments?post=2650"}],"version-history":[{"count":47,"href":"https:\/\/www2.unifap.br\/cambientais\/wp-json\/wp\/v2\/pages\/2650\/revisions"}],"predecessor-version":[{"id":3484,"href":"https:\/\/www2.unifap.br\/cambientais\/wp-json\/wp\/v2\/pages\/2650\/revisions\/3484"}],"wp:attachment":[{"href":"https:\/\/www2.unifap.br\/cambientais\/wp-json\/wp\/v2\/media?parent=2650"}],"curies":[{"name":"wp","href":"https:\/\/api.w.org\/{rel}","templated":true}]}}