{"id":2738,"date":"2023-03-27T19:39:12","date_gmt":"2023-03-27T19:39:12","guid":{"rendered":"https:\/\/www2.unifap.br\/cambientais\/?page_id=2738"},"modified":"2025-04-25T14:46:13","modified_gmt":"2025-04-25T14:46:13","slug":"estagio-supervisionado-obrigatorio-eso","status":"publish","type":"page","link":"https:\/\/www2.unifap.br\/cambientais\/estagio-supervisionado-obrigatorio-eso\/","title":{"rendered":"Est\u00e1gio Supervisionado Obrigat\u00f3rio &#8211; ESO"},"content":{"rendered":"\t\t<div data-elementor-type=\"wp-page\" data-elementor-id=\"2738\" class=\"elementor elementor-2738\">\n\t\t\t\t\t\t<section class=\"elementor-section elementor-top-section elementor-element elementor-element-9a19158 elementor-section-boxed elementor-section-height-default elementor-section-height-default\" data-id=\"9a19158\" data-element_type=\"section\" data-e-type=\"section\">\n\t\t\t\t\t\t<div class=\"elementor-container elementor-column-gap-default\">\n\t\t\t\t\t<div class=\"elementor-column elementor-col-100 elementor-top-column elementor-element elementor-element-029eb03\" data-id=\"029eb03\" data-element_type=\"column\" data-e-type=\"column\">\n\t\t\t<div class=\"elementor-widget-wrap elementor-element-populated\">\n\t\t\t\t\t\t<div class=\"elementor-element elementor-element-9a8c276 elementor-widget elementor-widget-text-editor\" data-id=\"9a8c276\" data-element_type=\"widget\" data-e-type=\"widget\" data-widget_type=\"text-editor.default\">\n\t\t\t\t<div class=\"elementor-widget-container\">\n\t\t\t\t\t\t\t\t\t<p><span style=\"color: #000000\">O Est\u00e1gio Supervisionado Obrigat\u00f3rio (ESO), no \u00e2mbito da forma\u00e7\u00e3o de bachar\u00e9is em Ci\u00eancias Ambientais, \u00e9 uma atividade obrigat\u00f3ria para a integraliza\u00e7\u00e3o do curso, voltado para o exerc\u00edcio da atividade de est\u00e1gio em institui\u00e7\u00f5es privadas, organiza\u00e7\u00f5es n\u00e3o-governamentais ou \u00f3rg\u00e3os da administra\u00e7\u00e3o p\u00fablica direta, aut\u00e1rquica e funcional, de qualquer dos poderes da Uni\u00e3o, dos Estados, do Distrito Federal e dos Munic\u00edpios; bem como em escrit\u00f3rios de profissionais liberais, portadores de diploma de n\u00edvel superior, e que estejam registrados em seus respectivos Conselhos.<\/span><\/p>\n<p><span style=\"color: #000000\">As atividades de monitoria, extens\u00e3o e inicia\u00e7\u00e3o cient\u00edfica na educa\u00e7\u00e3o superior poder\u00e3o ser equiparadas ao est\u00e1gio supervisionado, desde que estejam relacionadas \u00e0 \u00e1rea ambiental, ficando a crit\u00e9rio da comiss\u00e3o de est\u00e1gio e do colegiado do curso aprovar a equipara\u00e7\u00e3o das atividades. Ressalta-se que s\u00f3 dever\u00e3o ser consideradas atividades de monitoria, extens\u00e3o e de inicia\u00e7\u00e3o cient\u00edfica realizadas a partir do ingresso do aluno no curso de Ci\u00eancias Ambientais da UNIFAP.<\/span><\/p>\n<p><span style=\"color: #000000\">Abaixo est\u00e3o dispon\u00edveis documentos relacionados ao Est\u00e1gio Supervisionado Obrigat\u00f3rio.<\/span><\/p>\n<ul>\n<li><strong><a href=\"http:\/\/www2.unifap.br\/cambientais\/files\/2023\/03\/Regulamento-para-realizacao-do-Estagio-Supervisionado-do-curso-de-Bacharelado-em-Ciencias-Ambientais.pdf\">Regulamento para realiza\u00e7\u00e3o do Est\u00e1gio Supervisionado Obrigat\u00f3rio \u2013 ESO<\/a><\/strong><\/li>\n<li><a href=\"http:\/\/www2.unifap.br\/cambientais\/files\/2023\/03\/MODELO_DO_TERMO_DE_CAMPROMISSO.pdf\"><strong>MODELO&nbsp; DO TERMO DE COMPROMISSO<\/strong><\/a>&nbsp;(outras institui\u00e7\u00f5es)<\/li>\n<li><a href=\"http:\/\/www2.unifap.br\/cambientais\/files\/2025\/04\/SIMPLIFICADO-MODELO_DO_TERMO_DE_COMPROMISSO.docx.pdf\" target=\"_blank\"><b>MODELO DO TERMO DE COMPROMISSO SIMPLIFICADO<\/b><\/a>&nbsp;(est\u00e1gio exclusivamente na UNIFAP)<\/li>\n<li><strong><a href=\"http:\/\/www2.unifap.br\/cambientais\/files\/2023\/03\/FICHA_DE_ACOMPANHAMENTO_DAS_ATIVIDADES.pdf\">FICHA DE ACOMPANHAMENTO DAS ATIVIDADES<\/a><\/strong><\/li>\n<li><strong><a href=\"http:\/\/www2.unifap.br\/cambientais\/files\/2023\/03\/FICHA_DE_AVALIACAO_DO_ESTAGIARIO.pdf\">FICHA DE AVALIA\u00c7\u00c3O DO ESTAGIARIO<\/a><\/strong><\/li>\n<li><strong><a href=\"http:\/\/www2.unifap.br\/cambientais\/files\/2023\/03\/MODELO_DO_PLANO_DE_ATIVIDADE.pdf\">MODELO DO PLANO DE ATIVIDADE<\/a><\/strong><\/li>\n<li><strong><a href=\"http:\/\/www2.unifap.br\/cambientais\/files\/2023\/03\/MODELO_DO_RELATORIO_FINAL.pdf\">MODELO DO RELAT\u00d3RIO FINAL<\/a><\/strong><\/li>\n<\/ul>\t\t\t\t\t\t\t\t<\/div>\n\t\t\t\t<\/div>\n\t\t\t\t\t<\/div>\n\t\t<\/div>\n\t\t\t\t\t<\/div>\n\t\t<\/section>\n\t\t\t\t<section class=\"elementor-section elementor-top-section elementor-element elementor-element-355f156 elementor-section-boxed elementor-section-height-default elementor-section-height-default\" data-id=\"355f156\" data-element_type=\"section\" data-e-type=\"section\">\n\t\t\t\t\t\t<div class=\"elementor-container elementor-column-gap-default\">\n\t\t\t\t\t<div class=\"elementor-column elementor-col-100 elementor-top-column elementor-element elementor-element-6d14818\" data-id=\"6d14818\" data-element_type=\"column\" data-e-type=\"column\">\n\t\t\t<div class=\"elementor-widget-wrap elementor-element-populated\">\n\t\t\t\t\t\t<div class=\"elementor-element elementor-element-30f003b elementor-widget-divider--view-line elementor-widget elementor-widget-divider\" data-id=\"30f003b\" data-element_type=\"widget\" data-e-type=\"widget\" data-widget_type=\"divider.default\">\n\t\t\t\t<div class=\"elementor-widget-container\">\n\t\t\t\t\t\t\t<div class=\"elementor-divider\">\n\t\t\t<span class=\"elementor-divider-separator\">\n\t\t\t\t\t\t<\/span>\n\t\t<\/div>\n\t\t\t\t\t\t<\/div>\n\t\t\t\t<\/div>\n\t\t\t\t\t<\/div>\n\t\t<\/div>\n\t\t\t\t\t<\/div>\n\t\t<\/section>\n\t\t\t\t<section class=\"elementor-section elementor-top-section elementor-element elementor-element-b3560ef elementor-section-boxed elementor-section-height-default elementor-section-height-default\" data-id=\"b3560ef\" data-element_type=\"section\" data-e-type=\"section\">\n\t\t\t\t\t\t<div class=\"elementor-container elementor-column-gap-default\">\n\t\t\t\t\t<div class=\"elementor-column elementor-col-100 elementor-top-column elementor-element elementor-element-0eaf811\" data-id=\"0eaf811\" data-element_type=\"column\" data-e-type=\"column\">\n\t\t\t<div class=\"elementor-widget-wrap elementor-element-populated\">\n\t\t\t\t\t\t<div class=\"elementor-element elementor-element-43ce43b elementor-button-info elementor-widget elementor-widget-button\" data-id=\"43ce43b\" data-element_type=\"widget\" data-e-type=\"widget\" data-widget_type=\"button.default\">\n\t\t\t\t<div class=\"elementor-widget-container\">\n\t\t\t\t\t\t\t\t\t<div class=\"elementor-button-wrapper\">\n\t\t\t\t\t<a class=\"elementor-button elementor-button-link elementor-size-sm\" href=\"https:\/\/www2.unifap.br\/cambientais\/\">\n\t\t\t\t\t\t<span class=\"elementor-button-content-wrapper\">\n\t\t\t\t\t\t<span class=\"elementor-button-icon\">\n\t\t\t\t<i aria-hidden=\"true\" class=\"fas fa-home\"><\/i>\t\t\t<\/span>\n\t\t\t\t\t\t\t\t\t<span class=\"elementor-button-text\">In\u00edcio<\/span>\n\t\t\t\t\t<\/span>\n\t\t\t\t\t<\/a>\n\t\t\t\t<\/div>\n\t\t\t\t\t\t\t\t<\/div>\n\t\t\t\t<\/div>\n\t\t\t\t\t<\/div>\n\t\t<\/div>\n\t\t\t\t\t<\/div>\n\t\t<\/section>\n\t\t\t\t<\/div>\n\t\t","protected":false},"excerpt":{"rendered":"<p>O Est\u00e1gio Supervisionado Obrigat\u00f3rio (ESO), no \u00e2mbito da forma\u00e7\u00e3o de bachar\u00e9is em Ci\u00eancias Ambientais, \u00e9 uma atividade obrigat\u00f3ria para a integraliza\u00e7\u00e3o do curso, voltado para o exerc\u00edcio da atividade de est\u00e1gio em institui\u00e7\u00f5es privadas, organiza\u00e7\u00f5es n\u00e3o-governamentais ou \u00f3rg\u00e3os da administra\u00e7\u00e3o p\u00fablica direta, aut\u00e1rquica e funcional, de qualquer dos poderes da \u2026 <a class=\"continue-reading-link\" href=\"https:\/\/www2.unifap.br\/cambientais\/estagio-supervisionado-obrigatorio-eso\/\"> Continue Lendo <span class=\"meta-nav\">&rarr; <\/span><\/a><\/p>\n","protected":false},"author":3976,"featured_media":0,"parent":0,"menu_order":0,"comment_status":"closed","ping_status":"closed","template":"","meta":{"inline_featured_image":false,"ngg_post_thumbnail":0,"footnotes":""},"class_list":["post-2738","page","type-page","status-publish","hentry"],"_links":{"self":[{"href":"https:\/\/www2.unifap.br\/cambientais\/wp-json\/wp\/v2\/pages\/2738","targetHints":{"allow":["GET"]}}],"collection":[{"href":"https:\/\/www2.unifap.br\/cambientais\/wp-json\/wp\/v2\/pages"}],"about":[{"href":"https:\/\/www2.unifap.br\/cambientais\/wp-json\/wp\/v2\/types\/page"}],"author":[{"embeddable":true,"href":"https:\/\/www2.unifap.br\/cambientais\/wp-json\/wp\/v2\/users\/3976"}],"replies":[{"embeddable":true,"href":"https:\/\/www2.unifap.br\/cambientais\/wp-json\/wp\/v2\/comments?post=2738"}],"version-history":[{"count":19,"href":"https:\/\/www2.unifap.br\/cambientais\/wp-json\/wp\/v2\/pages\/2738\/revisions"}],"predecessor-version":[{"id":4775,"href":"https:\/\/www2.unifap.br\/cambientais\/wp-json\/wp\/v2\/pages\/2738\/revisions\/4775"}],"wp:attachment":[{"href":"https:\/\/www2.unifap.br\/cambientais\/wp-json\/wp\/v2\/media?parent=2738"}],"curies":[{"name":"wp","href":"https:\/\/api.w.org\/{rel}","templated":true}]}}