{"id":2907,"date":"2023-03-28T05:03:46","date_gmt":"2023-03-28T05:03:46","guid":{"rendered":"https:\/\/www2.unifap.br\/cambientais\/?page_id=2907"},"modified":"2023-03-28T05:16:01","modified_gmt":"2023-03-28T05:16:01","slug":"atletica-universitaria","status":"publish","type":"page","link":"https:\/\/www2.unifap.br\/cambientais\/atletica-universitaria\/","title":{"rendered":"Atl\u00e9tica Tit\u00e2nica"},"content":{"rendered":"\t\t<div data-elementor-type=\"wp-page\" data-elementor-id=\"2907\" class=\"elementor elementor-2907\">\n\t\t\t\t\t\t<section class=\"elementor-section elementor-top-section elementor-element elementor-element-519d440 elementor-section-boxed elementor-section-height-default elementor-section-height-default\" data-id=\"519d440\" data-element_type=\"section\" data-e-type=\"section\">\n\t\t\t\t\t\t<div class=\"elementor-container elementor-column-gap-default\">\n\t\t\t\t\t<div class=\"elementor-column elementor-col-100 elementor-top-column elementor-element elementor-element-657de9f\" data-id=\"657de9f\" data-element_type=\"column\" data-e-type=\"column\">\n\t\t\t<div class=\"elementor-widget-wrap elementor-element-populated\">\n\t\t\t\t\t\t<div class=\"elementor-element elementor-element-4c8c337 elementor-widget elementor-widget-text-editor\" data-id=\"4c8c337\" data-element_type=\"widget\" data-e-type=\"widget\" data-widget_type=\"text-editor.default\">\n\t\t\t\t<div class=\"elementor-widget-container\">\n\t\t\t\t\t\t\t\t\t<p><span style=\"color: #000000\">Associa\u00e7\u00e3o Atl\u00e9tica Acad\u00eamica Tit\u00e2nica de Ci\u00eancias Ambientais &#8211; AAATCAMB\/UNIFAP <\/span><\/p><p><a href=\"https:\/\/instagram.com\/atletica.titanica?igshid=YmMyMTA2M2Y=\"><img fetchpriority=\"high\" decoding=\"async\" class=\"alignnone size-medium wp-image-2913 aligncenter\" src=\"http:\/\/www2.unifap.br\/cambientais\/files\/2023\/03\/WhatsApp-Image-2023-03-28-at-02.07.20-300x294.jpeg\" alt=\"\" width=\"300\" height=\"294\" srcset=\"https:\/\/www2.unifap.br\/cambientais\/files\/2023\/03\/WhatsApp-Image-2023-03-28-at-02.07.20-300x294.jpeg 300w, https:\/\/www2.unifap.br\/cambientais\/files\/2023\/03\/WhatsApp-Image-2023-03-28-at-02.07.20-1024x1005.jpeg 1024w, https:\/\/www2.unifap.br\/cambientais\/files\/2023\/03\/WhatsApp-Image-2023-03-28-at-02.07.20-768x754.jpeg 768w, https:\/\/www2.unifap.br\/cambientais\/files\/2023\/03\/WhatsApp-Image-2023-03-28-at-02.07.20-150x147.jpeg 150w, https:\/\/www2.unifap.br\/cambientais\/files\/2023\/03\/WhatsApp-Image-2023-03-28-at-02.07.20-153x150.jpeg 153w, https:\/\/www2.unifap.br\/cambientais\/files\/2023\/03\/WhatsApp-Image-2023-03-28-at-02.07.20.jpeg 1080w\" sizes=\"(max-width: 300px) 100vw, 300px\" \/><\/a><\/p>\t\t\t\t\t\t\t\t<\/div>\n\t\t\t\t<\/div>\n\t\t\t\t\t<\/div>\n\t\t<\/div>\n\t\t\t\t\t<\/div>\n\t\t<\/section>\n\t\t\t\t<section class=\"elementor-section elementor-top-section elementor-element elementor-element-09ad571 elementor-section-boxed elementor-section-height-default elementor-section-height-default\" data-id=\"09ad571\" data-element_type=\"section\" data-e-type=\"section\">\n\t\t\t\t\t\t<div class=\"elementor-container elementor-column-gap-default\">\n\t\t\t\t\t<div class=\"elementor-column elementor-col-100 elementor-top-column elementor-element elementor-element-5a3b0d7\" data-id=\"5a3b0d7\" data-element_type=\"column\" data-e-type=\"column\">\n\t\t\t<div class=\"elementor-widget-wrap elementor-element-populated\">\n\t\t\t\t\t\t<div class=\"elementor-element elementor-element-c36a887 elementor-align-center elementor-widget elementor-widget-button\" data-id=\"c36a887\" data-element_type=\"widget\" data-e-type=\"widget\" data-widget_type=\"button.default\">\n\t\t\t\t<div class=\"elementor-widget-container\">\n\t\t\t\t\t\t\t\t\t<div class=\"elementor-button-wrapper\">\n\t\t\t\t\t<a class=\"elementor-button elementor-button-link elementor-size-md\" href=\"https:\/\/instagram.com\/atletica.titanica?igshid=YmMyMTA2M2Y=\">\n\t\t\t\t\t\t<span class=\"elementor-button-content-wrapper\">\n\t\t\t\t\t\t<span class=\"elementor-button-icon\">\n\t\t\t\t<i aria-hidden=\"true\" class=\"fab fa-instagram\"><\/i>\t\t\t<\/span>\n\t\t\t\t\t\t\t\t\t<span class=\"elementor-button-text\">@atletica.titanica<\/span>\n\t\t\t\t\t<\/span>\n\t\t\t\t\t<\/a>\n\t\t\t\t<\/div>\n\t\t\t\t\t\t\t\t<\/div>\n\t\t\t\t<\/div>\n\t\t\t\t\t<\/div>\n\t\t<\/div>\n\t\t\t\t\t<\/div>\n\t\t<\/section>\n\t\t\t\t<section class=\"elementor-section elementor-top-section elementor-element elementor-element-6b64eed elementor-section-boxed elementor-section-height-default elementor-section-height-default\" data-id=\"6b64eed\" data-element_type=\"section\" data-e-type=\"section\">\n\t\t\t\t\t\t<div class=\"elementor-container elementor-column-gap-default\">\n\t\t\t\t\t<div class=\"elementor-column elementor-col-100 elementor-top-column elementor-element elementor-element-7a192d2\" data-id=\"7a192d2\" data-element_type=\"column\" data-e-type=\"column\">\n\t\t\t<div class=\"elementor-widget-wrap elementor-element-populated\">\n\t\t\t\t\t\t<div class=\"elementor-element elementor-element-ab059dd elementor-widget-divider--view-line elementor-widget elementor-widget-divider\" data-id=\"ab059dd\" data-element_type=\"widget\" data-e-type=\"widget\" data-widget_type=\"divider.default\">\n\t\t\t\t<div class=\"elementor-widget-container\">\n\t\t\t\t\t\t\t<div class=\"elementor-divider\">\n\t\t\t<span class=\"elementor-divider-separator\">\n\t\t\t\t\t\t<\/span>\n\t\t<\/div>\n\t\t\t\t\t\t<\/div>\n\t\t\t\t<\/div>\n\t\t\t\t\t<\/div>\n\t\t<\/div>\n\t\t\t\t\t<\/div>\n\t\t<\/section>\n\t\t\t\t<section class=\"elementor-section elementor-top-section elementor-element elementor-element-49d2c51 elementor-section-boxed elementor-section-height-default elementor-section-height-default\" data-id=\"49d2c51\" data-element_type=\"section\" data-e-type=\"section\">\n\t\t\t\t\t\t<div class=\"elementor-container elementor-column-gap-default\">\n\t\t\t\t\t<div class=\"elementor-column elementor-col-100 elementor-top-column elementor-element elementor-element-4a50f55\" data-id=\"4a50f55\" data-element_type=\"column\" data-e-type=\"column\">\n\t\t\t<div class=\"elementor-widget-wrap elementor-element-populated\">\n\t\t\t\t\t\t<div class=\"elementor-element elementor-element-7fd1030 elementor-button-info elementor-widget elementor-widget-button\" data-id=\"7fd1030\" data-element_type=\"widget\" data-e-type=\"widget\" data-widget_type=\"button.default\">\n\t\t\t\t<div class=\"elementor-widget-container\">\n\t\t\t\t\t\t\t\t\t<div class=\"elementor-button-wrapper\">\n\t\t\t\t\t<a class=\"elementor-button elementor-button-link elementor-size-sm\" href=\"https:\/\/www2.unifap.br\/cambientais\/\">\n\t\t\t\t\t\t<span class=\"elementor-button-content-wrapper\">\n\t\t\t\t\t\t<span class=\"elementor-button-icon\">\n\t\t\t\t<i aria-hidden=\"true\" class=\"fas fa-home\"><\/i>\t\t\t<\/span>\n\t\t\t\t\t\t\t\t\t<span class=\"elementor-button-text\">In\u00edcio<\/span>\n\t\t\t\t\t<\/span>\n\t\t\t\t\t<\/a>\n\t\t\t\t<\/div>\n\t\t\t\t\t\t\t\t<\/div>\n\t\t\t\t<\/div>\n\t\t\t\t\t<\/div>\n\t\t<\/div>\n\t\t\t\t\t<\/div>\n\t\t<\/section>\n\t\t\t\t<\/div>\n\t\t","protected":false},"excerpt":{"rendered":"<p>Associa\u00e7\u00e3o Atl\u00e9tica Acad\u00eamica Tit\u00e2nica de Ci\u00eancias Ambientais &#8211; AAATCAMB\/UNIFAP @atletica.titanica In\u00edcio<\/p>\n","protected":false},"author":3976,"featured_media":0,"parent":0,"menu_order":0,"comment_status":"closed","ping_status":"closed","template":"","meta":{"inline_featured_image":false,"ngg_post_thumbnail":0,"footnotes":""},"class_list":["post-2907","page","type-page","status-publish","hentry"],"_links":{"self":[{"href":"https:\/\/www2.unifap.br\/cambientais\/wp-json\/wp\/v2\/pages\/2907","targetHints":{"allow":["GET"]}}],"collection":[{"href":"https:\/\/www2.unifap.br\/cambientais\/wp-json\/wp\/v2\/pages"}],"about":[{"href":"https:\/\/www2.unifap.br\/cambientais\/wp-json\/wp\/v2\/types\/page"}],"author":[{"embeddable":true,"href":"https:\/\/www2.unifap.br\/cambientais\/wp-json\/wp\/v2\/users\/3976"}],"replies":[{"embeddable":true,"href":"https:\/\/www2.unifap.br\/cambientais\/wp-json\/wp\/v2\/comments?post=2907"}],"version-history":[{"count":5,"href":"https:\/\/www2.unifap.br\/cambientais\/wp-json\/wp\/v2\/pages\/2907\/revisions"}],"predecessor-version":[{"id":2917,"href":"https:\/\/www2.unifap.br\/cambientais\/wp-json\/wp\/v2\/pages\/2907\/revisions\/2917"}],"wp:attachment":[{"href":"https:\/\/www2.unifap.br\/cambientais\/wp-json\/wp\/v2\/media?parent=2907"}],"curies":[{"name":"wp","href":"https:\/\/api.w.org\/{rel}","templated":true}]}}