{"id":3026,"date":"2023-03-29T03:27:17","date_gmt":"2023-03-29T03:27:17","guid":{"rendered":"https:\/\/www2.unifap.br\/cambientais\/?page_id=3026"},"modified":"2026-02-20T11:03:43","modified_gmt":"2026-02-20T11:03:43","slug":"colacao-de-grau","status":"publish","type":"page","link":"https:\/\/www2.unifap.br\/cambientais\/colacao-de-grau\/","title":{"rendered":"Cola\u00e7\u00e3o de Grau"},"content":{"rendered":"\t\t<div data-elementor-type=\"wp-page\" data-elementor-id=\"3026\" class=\"elementor elementor-3026\">\n\t\t\t\t\t\t<section class=\"elementor-section elementor-top-section elementor-element elementor-element-7e7ca7d elementor-section-boxed elementor-section-height-default elementor-section-height-default\" data-id=\"7e7ca7d\" data-element_type=\"section\" data-e-type=\"section\">\n\t\t\t\t\t\t<div class=\"elementor-container elementor-column-gap-default\">\n\t\t\t\t\t<div class=\"elementor-column elementor-col-100 elementor-top-column elementor-element elementor-element-6054367\" data-id=\"6054367\" data-element_type=\"column\" data-e-type=\"column\">\n\t\t\t<div class=\"elementor-widget-wrap elementor-element-populated\">\n\t\t\t\t\t\t<div class=\"elementor-element elementor-element-6d09ed9 elementor-widget elementor-widget-text-editor\" data-id=\"6d09ed9\" data-element_type=\"widget\" data-e-type=\"widget\" data-widget_type=\"text-editor.default\">\n\t\t\t\t<div class=\"elementor-widget-container\">\n\t\t\t\t\t\t\t\t\t<p><span style=\"color: #000000\"><strong>Para dar inicio ao processo de solicita\u00e7\u00e3o de cola\u00e7\u00e3o de grau, o discente dever\u00e1 encaminhar \u00e0 coordena\u00e7\u00e3o de curso requerimento<\/strong><b> com os seguintes documentos (via e-mail <\/b><span style=\"color: #0000ff\"><em>ciencias.ambientais@unifap.br<\/em><\/span><b>)<\/b><b>:<\/b><\/span><\/p><ol><li><span style=\"color: #000000\">Requerimento de cola\u00e7\u00e3o de grau;<\/span><\/li><li><span style=\"color: #000000\">Carteira de identidade;<\/span><\/li><li><span style=\"color: #000000\">CPF;<\/span><\/li><li><span style=\"color: #000000\">T\u00edtulo de eleitor atualizado (com biometria);<\/span><\/li><li><span style=\"color: #000000\">Certid\u00e3o de quita\u00e7\u00e3o eleitoral;<\/span><\/li><li><span style=\"color: #000000\">Certid\u00e3o de nascimento ou casamento;\u00a0<\/span><\/li><li><span style=\"color: #000000\">Certificado de reservista (para homens);<\/span><\/li><li><span style=\"color: #000000\">Certificado e hist\u00f3rico escolar do ensino m\u00e9dio;<\/span><\/li><li><span style=\"color: #000000\">Declara\u00e7\u00e3o de adimpl\u00eancia da Biblioteca Central da UNIFAP;<\/span><\/li><li><span style=\"color: #000000\">Comprovante de resid\u00eancia atualizado;<\/span><\/li><li><span style=\"color: #000000\">M\u00eddia da monografia (TCC) com a ficha catalogr\u00e1fica;<\/span><\/li><li><span style=\"color: #000000\">Carta de Anu\u00eancia do Orientador que a monografia\/artigo atende as exig\u00eancias da banca\u00a0<\/span><\/li><li><span style=\"color: #000000\">Declara\u00e7\u00e3o de Autoria e Ficha de Autoriza\u00e7\u00e3o da Publica\u00e7\u00e3o\u00a0<\/span><\/li><li><span style=\"color: #000000\">Ata de defesa da monografia (TCC) &#8211; <em>solicitar c\u00f3pia na coordena\u00e7\u00e3o do curso<\/em>.<\/span><\/li><\/ol><p><span style=\"color: #000000\">Para solicitar a <strong>Declara\u00e7\u00e3o de adimpl\u00eancia da Biblioteca<\/strong>\u00a0e a <strong>Ficha Catalogr\u00e1fica<\/strong>, o (a) discente dever\u00e1 acessar protocolo virtual da Biblioteca Central da UNIFAP (<\/span><strong><span style=\"color: #0000ff\"><a style=\"color: #0000ff\" href=\"https:\/\/docs.google.com\/forms\/d\/1S9DJAbKZf_jYeoA18i-E-qOkpmGLqw1nfsMVEDMbfNE\/viewform?edit_requested=true\" target=\"_blank\" rel=\"noopener\">link<\/a><\/span><\/strong><span style=\"color: #000000\">) <span style=\"font-family: var( --e-global-typography-text-font-family ), Sans-serif;font-weight: var( --e-global-typography-text-font-weight );font-size: inherit\">e preencher o formul\u00e1rio.\u00a0<\/span><\/span><\/p><p><span style=\"color: #000000\">Para maiores informa\u00e7\u00f5es quanto ao calend\u00e1rio de cola\u00e7\u00e3o de grau acessar: <span style=\"color: #0000ff\"><a style=\"color: #0000ff\" href=\"https:\/\/www2.unifap.br\/derca\/\">https:\/\/www2.unifap.br\/derca\/<\/a><\/span><\/span><\/p><p><strong>Modelos para download:<\/strong><\/p><ul><li><span style=\"color: #0000ff\"><b>Requerimento de Cola\u00e7\u00e3o de grau<\/b><\/span>\u00a0&lt;<a href=\"http:\/\/www2.unifap.br\/cambientais\/files\/2024\/03\/Requerimento_de_Colacao-de-grau.docx\" target=\"_blank\" rel=\"noopener\">docx<\/a>&gt; ou &lt;<a href=\"http:\/\/www2.unifap.br\/cambientais\/files\/2024\/03\/Requerimento_de_Colacao-de-grau.pdf\" target=\"_blank\" rel=\"noopener\">pdf<\/a>&gt;<\/li><li><strong><span style=\"color: #0000ff\">Carta-de-Anu\u00eancia-do-Orientador\u00a0<\/span><\/strong>&lt;<a href=\"http:\/\/www2.unifap.br\/cambientais\/files\/2024\/03\/Carta-de-Anuencia-do-Orientador-1.docx\" target=\"_blank\" rel=\"noopener\">docx<\/a>&gt; ou &lt;<a href=\"http:\/\/www2.unifap.br\/cambientais\/files\/2024\/03\/Carta-de-Anuencia-do-Orientador-1.pdf\" target=\"_blank\" rel=\"noopener\">pdf<\/a>&gt;<\/li><li><strong><span style=\"color: #0000ff\">Termos-de-Autorizao-de-Publicao-e-Declarao-de-Autoria\u00a0<\/span><\/strong>&lt;<a href=\"http:\/\/www2.unifap.br\/cambientais\/files\/2024\/03\/Termos-de-Autorizao-de-Publicao-e-Declarao-de-Autoria.docx\" target=\"_blank\" rel=\"noopener\">docx<\/a>&gt; ou &lt;<a href=\"http:\/\/www2.unifap.br\/cambientais\/files\/2024\/03\/Termos-de-Autorizao-de-Publicao-e-Declarao-de-Autoria.pdf\" target=\"_blank\" rel=\"noopener\">pdf<\/a>&gt;<\/li><\/ul>\t\t\t\t\t\t\t\t<\/div>\n\t\t\t\t<\/div>\n\t\t\t\t\t<\/div>\n\t\t<\/div>\n\t\t\t\t\t<\/div>\n\t\t<\/section>\n\t\t\t\t<\/div>\n\t\t","protected":false},"excerpt":{"rendered":"<p>Para dar inicio ao processo de solicita\u00e7\u00e3o de cola\u00e7\u00e3o de grau, o discente dever\u00e1 encaminhar \u00e0 coordena\u00e7\u00e3o de curso requerimento com os seguintes documentos (via e-mail ciencias.ambientais@unifap.br): Requerimento de cola\u00e7\u00e3o de grau; Carteira de identidade; CPF; T\u00edtulo de eleitor atualizado (com biometria); Certid\u00e3o de quita\u00e7\u00e3o eleitoral; Certid\u00e3o de nascimento ou \u2026 <a class=\"continue-reading-link\" href=\"https:\/\/www2.unifap.br\/cambientais\/colacao-de-grau\/\"> Continue Lendo <span class=\"meta-nav\">&rarr; <\/span><\/a><\/p>\n","protected":false},"author":3976,"featured_media":0,"parent":0,"menu_order":0,"comment_status":"closed","ping_status":"closed","template":"","meta":{"inline_featured_image":false,"ngg_post_thumbnail":0,"footnotes":""},"class_list":["post-3026","page","type-page","status-publish","hentry"],"_links":{"self":[{"href":"https:\/\/www2.unifap.br\/cambientais\/wp-json\/wp\/v2\/pages\/3026","targetHints":{"allow":["GET"]}}],"collection":[{"href":"https:\/\/www2.unifap.br\/cambientais\/wp-json\/wp\/v2\/pages"}],"about":[{"href":"https:\/\/www2.unifap.br\/cambientais\/wp-json\/wp\/v2\/types\/page"}],"author":[{"embeddable":true,"href":"https:\/\/www2.unifap.br\/cambientais\/wp-json\/wp\/v2\/users\/3976"}],"replies":[{"embeddable":true,"href":"https:\/\/www2.unifap.br\/cambientais\/wp-json\/wp\/v2\/comments?post=3026"}],"version-history":[{"count":67,"href":"https:\/\/www2.unifap.br\/cambientais\/wp-json\/wp\/v2\/pages\/3026\/revisions"}],"predecessor-version":[{"id":5198,"href":"https:\/\/www2.unifap.br\/cambientais\/wp-json\/wp\/v2\/pages\/3026\/revisions\/5198"}],"wp:attachment":[{"href":"https:\/\/www2.unifap.br\/cambientais\/wp-json\/wp\/v2\/media?parent=3026"}],"curies":[{"name":"wp","href":"https:\/\/api.w.org\/{rel}","templated":true}]}}