{"id":3769,"date":"2023-10-10T14:15:46","date_gmt":"2023-10-10T14:15:46","guid":{"rendered":"https:\/\/www2.unifap.br\/cambientais\/?page_id=3769"},"modified":"2026-03-10T13:04:47","modified_gmt":"2026-03-10T13:04:47","slug":"calendario-academico","status":"publish","type":"page","link":"https:\/\/www2.unifap.br\/cambientais\/calendario-academico\/","title":{"rendered":"Calend\u00e1rio Acad\u00eamico"},"content":{"rendered":"\t\t<div data-elementor-type=\"wp-page\" data-elementor-id=\"3769\" class=\"elementor elementor-3769\">\n\t\t\t\t\t\t<section class=\"elementor-section elementor-top-section elementor-element elementor-element-7f513f0 elementor-section-boxed elementor-section-height-default elementor-section-height-default\" data-id=\"7f513f0\" data-element_type=\"section\" data-e-type=\"section\">\n\t\t\t\t\t\t<div class=\"elementor-container elementor-column-gap-default\">\n\t\t\t\t\t<div class=\"elementor-column elementor-col-100 elementor-top-column elementor-element elementor-element-229c2ba\" data-id=\"229c2ba\" data-element_type=\"column\" data-e-type=\"column\">\n\t\t\t<div class=\"elementor-widget-wrap elementor-element-populated\">\n\t\t\t\t\t\t<div class=\"elementor-element elementor-element-0a94c40 elementor-widget elementor-widget-heading\" data-id=\"0a94c40\" data-element_type=\"widget\" data-e-type=\"widget\" data-widget_type=\"heading.default\">\n\t\t\t\t<div class=\"elementor-widget-container\">\n\t\t\t\t\t<h2 class=\"elementor-heading-title elementor-size-default\">Resolu\u00e7\u00e3o CONSU n\u00ba 36\/2025 UNIFAP<\/h2>\t\t\t\t<\/div>\n\t\t\t\t<\/div>\n\t\t\t\t\t<\/div>\n\t\t<\/div>\n\t\t\t\t\t<\/div>\n\t\t<\/section>\n\t\t\t\t<section class=\"elementor-section elementor-top-section elementor-element elementor-element-1b21be7 elementor-section-boxed elementor-section-height-default elementor-section-height-default\" data-id=\"1b21be7\" data-element_type=\"section\" data-e-type=\"section\">\n\t\t\t\t\t\t<div class=\"elementor-container elementor-column-gap-default\">\n\t\t\t\t\t<div class=\"elementor-column elementor-col-100 elementor-top-column elementor-element elementor-element-add32f7\" data-id=\"add32f7\" data-element_type=\"column\" data-e-type=\"column\">\n\t\t\t<div class=\"elementor-widget-wrap elementor-element-populated\">\n\t\t\t\t\t\t<div class=\"elementor-element elementor-element-d9b90e5 elementor-widget elementor-widget-text-editor\" data-id=\"d9b90e5\" data-element_type=\"widget\" data-e-type=\"widget\" data-widget_type=\"text-editor.default\">\n\t\t\t\t<div class=\"elementor-widget-container\">\n\t\t\t\t\t\t\t\t\t<h2><span class=\"fontstyle0\">Aprova o\u00a0<span style=\"color: #0000ff\"><a href=\"https:\/\/www2.unifap.br\/cambientais\/files\/2025\/11\/RES.36._2025_-_CONSU_-_Aprova_o_Calendrio_Acadmico-2026.-1.pdf\"><b style=\"color: #0000ff\">Calend\u00e1rio Acad\u00eamico 2026<\/b><\/a> (atualizado OUTUBRO 2025)<\/span>, a ser aplicado \u00e0 Gradua\u00e7\u00e3o e a Extens\u00e3o<\/span><\/h2>\t\t\t\t\t\t\t\t<\/div>\n\t\t\t\t<\/div>\n\t\t\t\t\t<\/div>\n\t\t<\/div>\n\t\t\t\t\t<\/div>\n\t\t<\/section>\n\t\t\t\t<section class=\"elementor-section elementor-top-section elementor-element elementor-element-792380f elementor-section-boxed elementor-section-height-default elementor-section-height-default\" data-id=\"792380f\" data-element_type=\"section\" data-e-type=\"section\">\n\t\t\t\t\t\t<div class=\"elementor-container elementor-column-gap-default\">\n\t\t\t\t\t<div class=\"elementor-column elementor-col-100 elementor-top-column elementor-element elementor-element-bdbd245\" data-id=\"bdbd245\" data-element_type=\"column\" data-e-type=\"column\">\n\t\t\t<div class=\"elementor-widget-wrap elementor-element-populated\">\n\t\t\t\t\t\t<div class=\"elementor-element elementor-element-a28be31 elementor-widget elementor-widget-image\" data-id=\"a28be31\" data-element_type=\"widget\" data-e-type=\"widget\" data-widget_type=\"image.default\">\n\t\t\t\t<div class=\"elementor-widget-container\">\n\t\t\t\t\t\t\t\t\t\t\t\t\t\t\t<img fetchpriority=\"high\" decoding=\"async\" width=\"800\" height=\"464\" src=\"https:\/\/www2.unifap.br\/cambientais\/files\/2026\/03\/2026-1-1024x594.png\" class=\"attachment-large size-large wp-image-5220\" alt=\"\" srcset=\"https:\/\/www2.unifap.br\/cambientais\/files\/2026\/03\/2026-1-1024x594.png 1024w, https:\/\/www2.unifap.br\/cambientais\/files\/2026\/03\/2026-1-300x174.png 300w, https:\/\/www2.unifap.br\/cambientais\/files\/2026\/03\/2026-1-768x445.png 768w, https:\/\/www2.unifap.br\/cambientais\/files\/2026\/03\/2026-1-150x87.png 150w, https:\/\/www2.unifap.br\/cambientais\/files\/2026\/03\/2026-1-250x145.png 250w, https:\/\/www2.unifap.br\/cambientais\/files\/2026\/03\/2026-1.png 1033w\" sizes=\"(max-width: 800px) 100vw, 800px\" \/>\t\t\t\t\t\t\t\t\t\t\t\t\t\t\t<\/div>\n\t\t\t\t<\/div>\n\t\t\t\t\t<\/div>\n\t\t<\/div>\n\t\t\t\t\t<\/div>\n\t\t<\/section>\n\t\t\t\t<section class=\"elementor-section elementor-top-section elementor-element elementor-element-91443b7 elementor-section-boxed elementor-section-height-default elementor-section-height-default\" data-id=\"91443b7\" data-element_type=\"section\" data-e-type=\"section\">\n\t\t\t\t\t\t<div class=\"elementor-container elementor-column-gap-default\">\n\t\t\t\t\t<div class=\"elementor-column elementor-col-100 elementor-top-column elementor-element elementor-element-083495e\" data-id=\"083495e\" data-element_type=\"column\" data-e-type=\"column\">\n\t\t\t<div class=\"elementor-widget-wrap elementor-element-populated\">\n\t\t\t\t\t\t<div class=\"elementor-element elementor-element-94d9e62 elementor-widget elementor-widget-image\" data-id=\"94d9e62\" data-element_type=\"widget\" data-e-type=\"widget\" data-widget_type=\"image.default\">\n\t\t\t\t<div class=\"elementor-widget-container\">\n\t\t\t\t\t\t\t\t\t\t\t\t\t\t\t<img decoding=\"async\" width=\"800\" height=\"464\" src=\"https:\/\/www2.unifap.br\/cambientais\/files\/2026\/03\/2026-2-1024x594.png\" class=\"attachment-large size-large wp-image-5221\" alt=\"\" srcset=\"https:\/\/www2.unifap.br\/cambientais\/files\/2026\/03\/2026-2-1024x594.png 1024w, https:\/\/www2.unifap.br\/cambientais\/files\/2026\/03\/2026-2-300x174.png 300w, https:\/\/www2.unifap.br\/cambientais\/files\/2026\/03\/2026-2-768x445.png 768w, https:\/\/www2.unifap.br\/cambientais\/files\/2026\/03\/2026-2-150x87.png 150w, https:\/\/www2.unifap.br\/cambientais\/files\/2026\/03\/2026-2-250x145.png 250w, https:\/\/www2.unifap.br\/cambientais\/files\/2026\/03\/2026-2.png 1033w\" sizes=\"(max-width: 800px) 100vw, 800px\" \/>\t\t\t\t\t\t\t\t\t\t\t\t\t\t\t<\/div>\n\t\t\t\t<\/div>\n\t\t\t\t<div class=\"elementor-element elementor-element-26eed68 elementor-widget elementor-widget-image\" data-id=\"26eed68\" data-element_type=\"widget\" data-e-type=\"widget\" data-widget_type=\"image.default\">\n\t\t\t\t<div class=\"elementor-widget-container\">\n\t\t\t\t\t\t\t\t\t\t\t\t\t\t\t<img decoding=\"async\" width=\"800\" height=\"464\" src=\"https:\/\/www2.unifap.br\/cambientais\/files\/2026\/03\/2026-3-1024x594.png\" class=\"attachment-large size-large wp-image-5222\" alt=\"\" srcset=\"https:\/\/www2.unifap.br\/cambientais\/files\/2026\/03\/2026-3-1024x594.png 1024w, https:\/\/www2.unifap.br\/cambientais\/files\/2026\/03\/2026-3-300x174.png 300w, https:\/\/www2.unifap.br\/cambientais\/files\/2026\/03\/2026-3-768x445.png 768w, https:\/\/www2.unifap.br\/cambientais\/files\/2026\/03\/2026-3-150x87.png 150w, https:\/\/www2.unifap.br\/cambientais\/files\/2026\/03\/2026-3-250x145.png 250w, https:\/\/www2.unifap.br\/cambientais\/files\/2026\/03\/2026-3.png 1033w\" sizes=\"(max-width: 800px) 100vw, 800px\" \/>\t\t\t\t\t\t\t\t\t\t\t\t\t\t\t<\/div>\n\t\t\t\t<\/div>\n\t\t\t\t\t<\/div>\n\t\t<\/div>\n\t\t\t\t\t<\/div>\n\t\t<\/section>\n\t\t\t\t<section class=\"elementor-section elementor-top-section elementor-element elementor-element-d106294 elementor-section-boxed elementor-section-height-default elementor-section-height-default\" data-id=\"d106294\" data-element_type=\"section\" data-e-type=\"section\">\n\t\t\t\t\t\t<div class=\"elementor-container elementor-column-gap-default\">\n\t\t\t\t\t<div class=\"elementor-column elementor-col-100 elementor-top-column elementor-element elementor-element-abae062\" data-id=\"abae062\" data-element_type=\"column\" data-e-type=\"column\">\n\t\t\t<div class=\"elementor-widget-wrap elementor-element-populated\">\n\t\t\t\t\t\t<div class=\"elementor-element elementor-element-05494ad elementor-widget elementor-widget-image\" data-id=\"05494ad\" data-element_type=\"widget\" data-e-type=\"widget\" data-widget_type=\"image.default\">\n\t\t\t\t<div class=\"elementor-widget-container\">\n\t\t\t\t\t\t\t\t\t\t\t\t\t\t\t<img loading=\"lazy\" decoding=\"async\" width=\"800\" height=\"466\" src=\"https:\/\/www2.unifap.br\/cambientais\/files\/2026\/03\/2026-4-1-1024x596.png\" class=\"attachment-large size-large wp-image-5225\" alt=\"\" srcset=\"https:\/\/www2.unifap.br\/cambientais\/files\/2026\/03\/2026-4-1-1024x596.png 1024w, https:\/\/www2.unifap.br\/cambientais\/files\/2026\/03\/2026-4-1-300x175.png 300w, https:\/\/www2.unifap.br\/cambientais\/files\/2026\/03\/2026-4-1-768x447.png 768w, https:\/\/www2.unifap.br\/cambientais\/files\/2026\/03\/2026-4-1-150x87.png 150w, https:\/\/www2.unifap.br\/cambientais\/files\/2026\/03\/2026-4-1-250x145.png 250w, https:\/\/www2.unifap.br\/cambientais\/files\/2026\/03\/2026-4-1.png 1033w\" sizes=\"(max-width: 800px) 100vw, 800px\" \/>\t\t\t\t\t\t\t\t\t\t\t\t\t\t\t<\/div>\n\t\t\t\t<\/div>\n\t\t\t\t<div class=\"elementor-element elementor-element-b4c45fd elementor-widget elementor-widget-image\" data-id=\"b4c45fd\" data-element_type=\"widget\" data-e-type=\"widget\" data-widget_type=\"image.default\">\n\t\t\t\t<div class=\"elementor-widget-container\">\n\t\t\t\t\t\t\t\t\t\t\t\t\t\t\t<img loading=\"lazy\" decoding=\"async\" width=\"800\" height=\"464\" src=\"https:\/\/www2.unifap.br\/cambientais\/files\/2026\/03\/2026-5-1024x594.png\" class=\"attachment-large size-large wp-image-5224\" alt=\"\" srcset=\"https:\/\/www2.unifap.br\/cambientais\/files\/2026\/03\/2026-5-1024x594.png 1024w, https:\/\/www2.unifap.br\/cambientais\/files\/2026\/03\/2026-5-300x174.png 300w, https:\/\/www2.unifap.br\/cambientais\/files\/2026\/03\/2026-5-768x445.png 768w, https:\/\/www2.unifap.br\/cambientais\/files\/2026\/03\/2026-5-150x87.png 150w, https:\/\/www2.unifap.br\/cambientais\/files\/2026\/03\/2026-5-250x145.png 250w, https:\/\/www2.unifap.br\/cambientais\/files\/2026\/03\/2026-5.png 1033w\" sizes=\"(max-width: 800px) 100vw, 800px\" \/>\t\t\t\t\t\t\t\t\t\t\t\t\t\t\t<\/div>\n\t\t\t\t<\/div>\n\t\t\t\t\t<\/div>\n\t\t<\/div>\n\t\t\t\t\t<\/div>\n\t\t<\/section>\n\t\t\t\t<section class=\"elementor-section elementor-top-section elementor-element elementor-element-50e3898 elementor-section-boxed elementor-section-height-default elementor-section-height-default\" data-id=\"50e3898\" data-element_type=\"section\" data-e-type=\"section\">\n\t\t\t\t\t\t<div class=\"elementor-container elementor-column-gap-default\">\n\t\t\t\t\t<div class=\"elementor-column elementor-col-100 elementor-top-column elementor-element elementor-element-2d1ed54\" data-id=\"2d1ed54\" data-element_type=\"column\" data-e-type=\"column\">\n\t\t\t<div class=\"elementor-widget-wrap elementor-element-populated\">\n\t\t\t\t\t\t<div class=\"elementor-element elementor-element-4ed253a elementor-widget elementor-widget-image\" data-id=\"4ed253a\" data-element_type=\"widget\" data-e-type=\"widget\" data-widget_type=\"image.default\">\n\t\t\t\t<div class=\"elementor-widget-container\">\n\t\t\t\t\t\t\t\t\t\t\t\t\t\t\t<img loading=\"lazy\" decoding=\"async\" width=\"800\" height=\"394\" src=\"https:\/\/www2.unifap.br\/cambientais\/files\/2026\/03\/2026-6-1024x504.png\" class=\"attachment-large size-large wp-image-5227\" alt=\"\" srcset=\"https:\/\/www2.unifap.br\/cambientais\/files\/2026\/03\/2026-6-1024x504.png 1024w, https:\/\/www2.unifap.br\/cambientais\/files\/2026\/03\/2026-6-300x148.png 300w, https:\/\/www2.unifap.br\/cambientais\/files\/2026\/03\/2026-6-768x378.png 768w, https:\/\/www2.unifap.br\/cambientais\/files\/2026\/03\/2026-6-150x74.png 150w, https:\/\/www2.unifap.br\/cambientais\/files\/2026\/03\/2026-6-250x123.png 250w, https:\/\/www2.unifap.br\/cambientais\/files\/2026\/03\/2026-6.png 1033w\" sizes=\"(max-width: 800px) 100vw, 800px\" \/>\t\t\t\t\t\t\t\t\t\t\t\t\t\t\t<\/div>\n\t\t\t\t<\/div>\n\t\t\t\t\t<\/div>\n\t\t<\/div>\n\t\t\t\t\t<\/div>\n\t\t<\/section>\n\t\t\t\t<section class=\"elementor-section elementor-top-section elementor-element elementor-element-b56a13c elementor-section-boxed elementor-section-height-default elementor-section-height-default\" data-id=\"b56a13c\" data-element_type=\"section\" data-e-type=\"section\">\n\t\t\t\t\t\t<div class=\"elementor-container elementor-column-gap-default\">\n\t\t\t\t\t<div class=\"elementor-column elementor-col-100 elementor-top-column elementor-element elementor-element-e6282a6\" data-id=\"e6282a6\" data-element_type=\"column\" data-e-type=\"column\">\n\t\t\t<div class=\"elementor-widget-wrap elementor-element-populated\">\n\t\t\t\t\t\t<div class=\"elementor-element elementor-element-e4cc83b elementor-widget elementor-widget-image\" data-id=\"e4cc83b\" data-element_type=\"widget\" data-e-type=\"widget\" data-widget_type=\"image.default\">\n\t\t\t\t<div class=\"elementor-widget-container\">\n\t\t\t\t\t\t\t\t\t\t\t\t\t\t\t<img loading=\"lazy\" decoding=\"async\" width=\"800\" height=\"396\" src=\"https:\/\/www2.unifap.br\/cambientais\/files\/2026\/03\/2026-7-1024x507.png\" class=\"attachment-large size-large wp-image-5226\" alt=\"\" srcset=\"https:\/\/www2.unifap.br\/cambientais\/files\/2026\/03\/2026-7-1024x507.png 1024w, https:\/\/www2.unifap.br\/cambientais\/files\/2026\/03\/2026-7-300x148.png 300w, https:\/\/www2.unifap.br\/cambientais\/files\/2026\/03\/2026-7-768x380.png 768w, https:\/\/www2.unifap.br\/cambientais\/files\/2026\/03\/2026-7-150x74.png 150w, https:\/\/www2.unifap.br\/cambientais\/files\/2026\/03\/2026-7-250x124.png 250w, https:\/\/www2.unifap.br\/cambientais\/files\/2026\/03\/2026-7.png 1033w\" sizes=\"(max-width: 800px) 100vw, 800px\" \/>\t\t\t\t\t\t\t\t\t\t\t\t\t\t\t<\/div>\n\t\t\t\t<\/div>\n\t\t\t\t\t<\/div>\n\t\t<\/div>\n\t\t\t\t\t<\/div>\n\t\t<\/section>\n\t\t\t\t<section class=\"elementor-section elementor-top-section elementor-element elementor-element-7f27410 elementor-section-boxed elementor-section-height-default elementor-section-height-default\" data-id=\"7f27410\" data-element_type=\"section\" data-e-type=\"section\">\n\t\t\t\t\t\t<div class=\"elementor-container elementor-column-gap-default\">\n\t\t\t\t\t<div class=\"elementor-column elementor-col-100 elementor-top-column elementor-element elementor-element-a22a0eb\" data-id=\"a22a0eb\" data-element_type=\"column\" data-e-type=\"column\">\n\t\t\t<div class=\"elementor-widget-wrap elementor-element-populated\">\n\t\t\t\t\t\t<div class=\"elementor-element elementor-element-25ec11d elementor-widget elementor-widget-text-editor\" data-id=\"25ec11d\" data-element_type=\"widget\" data-e-type=\"widget\" data-widget_type=\"text-editor.default\">\n\t\t\t\t<div class=\"elementor-widget-container\">\n\t\t\t\t\t\t\t\t\t<p style=\"text-align: center\"><span style=\"color: #000000\"><strong>Calend\u00e1rio Acad\u00eamico 2026-2027<\/strong><\/span><\/p>\t\t\t\t\t\t\t\t<\/div>\n\t\t\t\t<\/div>\n\t\t\t\t\t<\/div>\n\t\t<\/div>\n\t\t\t\t\t<\/div>\n\t\t<\/section>\n\t\t\t\t<section class=\"elementor-section elementor-top-section elementor-element elementor-element-70d923b elementor-section-boxed elementor-section-height-default elementor-section-height-default\" data-id=\"70d923b\" data-element_type=\"section\" data-e-type=\"section\">\n\t\t\t\t\t\t<div class=\"elementor-container elementor-column-gap-default\">\n\t\t\t\t\t<div class=\"elementor-column elementor-col-100 elementor-top-column elementor-element elementor-element-747ad81\" data-id=\"747ad81\" data-element_type=\"column\" data-e-type=\"column\">\n\t\t\t<div class=\"elementor-widget-wrap elementor-element-populated\">\n\t\t\t\t\t\t<div class=\"elementor-element elementor-element-97b5a72 elementor-align-center elementor-widget elementor-widget-button\" data-id=\"97b5a72\" data-element_type=\"widget\" data-e-type=\"widget\" data-widget_type=\"button.default\">\n\t\t\t\t<div class=\"elementor-widget-container\">\n\t\t\t\t\t\t\t\t\t<div class=\"elementor-button-wrapper\">\n\t\t\t\t\t<a class=\"elementor-button elementor-button-link elementor-size-sm\" href=\"http:\/\/www2.unifap.br\/cambientais\/files\/2025\/11\/RES.36._2025_-_CONSU_-_Aprova_o_Calendrio_Acadmico-2026.-1.pdf\">\n\t\t\t\t\t\t<span class=\"elementor-button-content-wrapper\">\n\t\t\t\t\t\t\t\t\t<span class=\"elementor-button-text\">Calend\u00e1rio 2026-2027<\/span>\n\t\t\t\t\t<\/span>\n\t\t\t\t\t<\/a>\n\t\t\t\t<\/div>\n\t\t\t\t\t\t\t\t<\/div>\n\t\t\t\t<\/div>\n\t\t\t\t\t<\/div>\n\t\t<\/div>\n\t\t\t\t\t<\/div>\n\t\t<\/section>\n\t\t\t\t<\/div>\n\t\t","protected":false},"excerpt":{"rendered":"<p>Resolu\u00e7\u00e3o CONSU n\u00ba 36\/2025 UNIFAP Aprova o\u00a0Calend\u00e1rio Acad\u00eamico 2026 (atualizado OUTUBRO 2025), a ser aplicado \u00e0 Gradua\u00e7\u00e3o e a Extens\u00e3o Calend\u00e1rio Acad\u00eamico 2026-2027 Calend\u00e1rio 2026-2027<\/p>\n","protected":false},"author":3995,"featured_media":0,"parent":0,"menu_order":0,"comment_status":"closed","ping_status":"closed","template":"","meta":{"inline_featured_image":false,"ngg_post_thumbnail":0,"footnotes":""},"class_list":["post-3769","page","type-page","status-publish","hentry"],"_links":{"self":[{"href":"https:\/\/www2.unifap.br\/cambientais\/wp-json\/wp\/v2\/pages\/3769","targetHints":{"allow":["GET"]}}],"collection":[{"href":"https:\/\/www2.unifap.br\/cambientais\/wp-json\/wp\/v2\/pages"}],"about":[{"href":"https:\/\/www2.unifap.br\/cambientais\/wp-json\/wp\/v2\/types\/page"}],"author":[{"embeddable":true,"href":"https:\/\/www2.unifap.br\/cambientais\/wp-json\/wp\/v2\/users\/3995"}],"replies":[{"embeddable":true,"href":"https:\/\/www2.unifap.br\/cambientais\/wp-json\/wp\/v2\/comments?post=3769"}],"version-history":[{"count":28,"href":"https:\/\/www2.unifap.br\/cambientais\/wp-json\/wp\/v2\/pages\/3769\/revisions"}],"predecessor-version":[{"id":5230,"href":"https:\/\/www2.unifap.br\/cambientais\/wp-json\/wp\/v2\/pages\/3769\/revisions\/5230"}],"wp:attachment":[{"href":"https:\/\/www2.unifap.br\/cambientais\/wp-json\/wp\/v2\/media?parent=3769"}],"curies":[{"name":"wp","href":"https:\/\/api.w.org\/{rel}","templated":true}]}}