{"id":3963,"date":"2023-11-28T18:56:33","date_gmt":"2023-11-28T18:56:33","guid":{"rendered":"https:\/\/www2.unifap.br\/cambientais\/?page_id=3963"},"modified":"2025-11-27T20:26:15","modified_gmt":"2025-11-27T20:26:15","slug":"duvidas-frequentes","status":"publish","type":"page","link":"https:\/\/www2.unifap.br\/cambientais\/duvidas-frequentes\/","title":{"rendered":"D\u00favidas Frequentes"},"content":{"rendered":"\t\t<div data-elementor-type=\"wp-page\" data-elementor-id=\"3963\" class=\"elementor elementor-3963\">\n\t\t\t\t\t\t<section class=\"elementor-section elementor-top-section elementor-element elementor-element-b570dad elementor-section-boxed elementor-section-height-default elementor-section-height-default\" data-id=\"b570dad\" data-element_type=\"section\" data-e-type=\"section\">\n\t\t\t\t\t\t<div class=\"elementor-container elementor-column-gap-default\">\n\t\t\t\t\t<div class=\"elementor-column elementor-col-100 elementor-top-column elementor-element elementor-element-74fd354\" data-id=\"74fd354\" data-element_type=\"column\" data-e-type=\"column\">\n\t\t\t<div class=\"elementor-widget-wrap elementor-element-populated\">\n\t\t\t\t\t\t<div class=\"elementor-element elementor-element-ab1a012 elementor-widget elementor-widget-text-editor\" data-id=\"ab1a012\" data-element_type=\"widget\" data-e-type=\"widget\" data-widget_type=\"text-editor.default\">\n\t\t\t\t<div class=\"elementor-widget-container\">\n\t\t\t\t\t\t\t\t\t<h1><span style=\"color: #000000\">1. O que preciso saber caso queira solicitar abono de faltas?<\/span><\/h1><p><span style=\"color: #ff0000\">Na Educa\u00e7\u00e3o Superior n\u00e3o h\u00e1 abono de faltas exceto nos casos previstos em Lei (VERIFIQUE OS ITENS, A, B, C, D ABAIXO);<\/span><\/p><p><strong style=\"color: #000000;font-family: var( --e-global-typography-text-font-family ), Sans-serif;font-size: inherit\">A) MILITARES:<\/strong><span style=\"color: #000000;font-family: var( --e-global-typography-text-font-family ), Sans-serif;font-weight: var( --e-global-typography-text-font-weight );font-size: inherit\"> A lei ampara apenas abono de faltas nos casos de: militar reservista que seja obrigado a faltar \u00e0s atividades civis por for\u00e7a de exerc\u00edcio ou manobra, exerc\u00edcio de apresenta\u00e7\u00e3o das reservas ou cerim\u00f4nias c\u00edvicas e o oficial ou aspirante-a-oficial da reserva, convocado para o servi\u00e7o ativo. AMBOS OS CASOS REQUEREM APRESENTA\u00c7\u00c3O DE COMPROVANTE. ATEN\u00c7\u00c3O:\u00a0\u00a0A lei n\u00e3o ampara o militar de carreira (PM, BOMBEIRO, EX\u00c9RCITO) e portanto suas faltas, mesmo que independentes de sua vontade, n\u00e3o ter\u00e3o direito a abono.<\/span><\/p><blockquote><p><span style=\"text-decoration: underline\"><span style=\"color: #000000;text-decoration: underline\">Legisla\u00e7\u00e3o pertinente:<\/span><\/span><\/p><p><span style=\"color: #000000\"><span style=\"color: #0000ff\"><strong><a style=\"color: #0000ff\" href=\"https:\/\/www.planalto.gov.br\/ccivil_03\/decreto-lei\/1965-1988\/del0715.htm\"><u>DECRETO LEI 715\/1969<\/u><\/a>\u00a0<\/strong><\/span>\u00a0(Abono de faltas para servi\u00e7o militar);<\/span><\/p><p><span style=\"color: #000000\"><span style=\"color: #0000ff\"><strong><u><a style=\"color: #0000ff\" href=\"https:\/\/legislacao.presidencia.gov.br\/atos\/?tipo=DEC&amp;numero=85587&amp;ano=1980&amp;ato=cceEzaU10MrRVT92a\">Decreto n\u00ba 85.587\/1980<\/a><\/u><\/strong><\/span>;<\/span><\/p><p><span style=\"color: #000000\"><span style=\"color: #0000ff\"><strong><u><a style=\"color: #0000ff\" href=\"http:\/\/www2.unifap.br\/cambientais\/files\/2023\/11\/REGIMENTO-GERAL-UNIFAP.pdf\">Regimento Geral da UNIFAP, Resolu\u00e7\u00e3o n\u00ba 009\/2002<\/a><\/u>,<\/strong><\/span> art. 140,\u00a72\u00ba<\/span><\/p><\/blockquote><p><strong style=\"color: #000000;font-family: var( --e-global-typography-text-font-family ), Sans-serif;font-size: inherit\">B) REPRESENTA\u00c7\u00c3O ESTUDANTIL:<\/strong><span style=\"color: #000000;font-family: var( --e-global-typography-text-font-family ), Sans-serif;font-weight: var( --e-global-typography-text-font-weight );font-size: inherit\"> O aluno que comprovar\u00a0participa\u00e7\u00e3o em reuni\u00f5es como represente da Comiss\u00e3o Nacional de Avalia\u00e7\u00e3o da Educa\u00e7\u00e3o Superior \u2013 CONAES\u00a0em hor\u00e1rio coincidente com as atividades acad\u00eamicas, nos termos do art. 7\u00ba da<\/span><span style=\"color: #0000ff\"><strong><a style=\"font-family: var( --e-global-typography-text-font-family ), Sans-serif;font-weight: var( --e-global-typography-text-font-weight );font-size: inherit;color: #0000ff\" href=\"https:\/\/www.planalto.gov.br\/ccivil_03\/_ato2004-2006\/2004\/lei\/l10.861.htm\"> Lei N\u00ba 10.861\/2004<\/a><\/strong><\/span><span style=\"color: #000000;font-family: var( --e-global-typography-text-font-family ), Sans-serif;font-weight: var( --e-global-typography-text-font-weight );font-size: inherit\">, tem direito ao abono de faltas.<\/span><\/p><p><span style=\"color: #000000\"><strong>C)\u00a0CONVIC\u00c7\u00c3O RELIGIOSA:\u00a0<\/strong>A <strong><span style=\"color: #0000ff\"><a style=\"color: #0000ff\" href=\"https:\/\/www.planalto.gov.br\/ccivil_03\/_ato2019-2022\/2019\/lei\/l13796.htm\"><u>Lei N\u00ba 13.796\/2019<\/u><\/a><\/span><\/strong> fixou alternativas \u00e0 aplica\u00e7\u00e3o de provas e \u00e0 frequ\u00eancia a aulas realizadas em dia de\u00a0guarda religiosa. Ao aluno regularmente matriculado em institui\u00e7\u00e3o de ensino p\u00fablica ou privada, de qualquer n\u00edvel, \u00e9 assegurado, no exerc\u00edcio da\u00a0<u>liberdade de consci\u00eancia e de cren\u00e7a<\/u>, o direito de, mediante pr\u00e9vio e motivado requerimento, ausentar-se de prova ou de aula marcada para dia em que, segundo os preceitos de sua religi\u00e3o, seja vedado o exerc\u00edcio de tais atividades, devendo-se lhe atribuir uma das seguintes presta\u00e7\u00f5es alternativas:<\/span><\/p><p><span style=\"color: #000000\"><em>I \u2013 prova ou aula de reposi\u00e7\u00e3o, conforme o caso, a ser realizada em data alternativa, no turno de estudo do aluno ou em outro hor\u00e1rio agendado com sua anu\u00eancia expressa\u037e<\/em>\u00a0<\/span><\/p><p><span style=\"color: #000000\"><em>II \u2013 trabalho escrito ou outra modalidade de atividade de pesquisa, com tema, objetivo e data de entrega definidos pela institui\u00e7\u00e3o de ensino.<\/em> <\/span><\/p><ul><li><em style=\"color: #000000\">1\u00ba A presta\u00e7\u00e3o alternativa dever\u00e1 observar os par\u00e2metros curriculares e o plano de aula do dia da aus\u00eancia do aluno.<\/em><\/li><li><em style=\"color: #000000\">2\u00ba O cumprimento das formas de presta\u00e7\u00e3o alternativa de que trata este artigo substituir\u00e1 a obriga\u00e7\u00e3o original para todos os efeitos, inclusive o registro de frequ\u00eancia.<\/em><\/li><\/ul><p><span style=\"color: #000000\"><strong>D) SITUA\u00c7\u00d5ES ESPECIAIS:\u00a0<\/strong><strong>Est\u00e3o amparados os estudantes com doen\u00e7as infectocontagiosas elencadas na legisla\u00e7\u00e3o e as Gestantes a partir do 8\u00ba m\u00eas de gesta\u00e7\u00e3o.\u00a0<\/strong>Para os casos de\u00a0<u>alunas que se encontrem no 8\u00ba (oitavo) m\u00eas de gesta\u00e7\u00e3o e\u00a0 durante 3 (tr\u00eas) meses (<\/u><u>Lei n\u00ba 6.202\/1975<\/u><u>)<\/u>, e ainda para\u00a0<u>os portadores de afec\u00e7\u00f5es cong\u00eanitas ou adquiridas ou traumatismos ou condi\u00e7\u00f5es m\u00f3rbidas (<\/u><u>Decreto-lei N\u00ba 1.044\/1969<\/u><u>)<\/u>, adotar-se-\u00e1 o\u00a0<u>regime de compensa\u00e7\u00e3o de faltas atrav\u00e9s de exerc\u00edcios domiciliares<\/u>, desde que se verifique a conserva\u00e7\u00e3o das condi\u00e7\u00f5es intelectuais e emocionais necess\u00e1rias para o prosseguimento das atividades acad\u00eamicas em novos moldes, e\u00a0<u>o per\u00edodo de aus\u00eancia \u00e0s aulas n\u00e3o ultrapasse o m\u00e1ximo admiss\u00edvel<\/u>, em cada caso, para a continuidade do processo pedag\u00f3gico.\u00a0<u>Nesses casos, n\u00e3o h\u00e1 abono de faltas<\/u>. A presen\u00e7a \u00e0s aulas \u00e9 substitu\u00edda por exerc\u00edcios domiciliares durante o prazo estabelecido em atestado m\u00e9dico. A concess\u00e3o dos exerc\u00edcios domiciliares n\u00e3o \u00e9 autom\u00e1tica. O aluno deve requerer e a IES poder\u00e1 ou n\u00e3o conceder, desde que a dura\u00e7\u00e3o de tais exerc\u00edcios n\u00e3o ultrapasse o m\u00e1ximo ainda admiss\u00edvel. Al\u00e9m disso,\u00a0as atividades pr\u00e1ticas, realizadas em laborat\u00f3rios ou em campo, ou est\u00e1gios profissionais, realizados em situa\u00e7\u00f5es reais, n\u00e3o podem ser contemplados nos exerc\u00edcios domiciliares, pois essas atividades n\u00e3o t\u00eam como ser efetivadas em domic\u00edlio ou no estabelecimento em que esteja internado o (a) aluno (a).\u00a0Nessas situa\u00e7\u00f5es, o trancamento de matr\u00edcula \u00e9 a medida adequada, que\u00a0deve ser recomendada ao estudante.<em>\u00a0<\/em><\/span><\/p><blockquote><p><span style=\"text-decoration: underline\"><span style=\"color: #000000;text-decoration: underline\">Legisla\u00e7\u00e3o pertinente:<\/span><\/span><\/p><p><span style=\"color: #000000\"><strong><span style=\"color: #0000ff\"><a style=\"color: #0000ff\" href=\"https:\/\/www.planalto.gov.br\/ccivil_03\/decreto-lei\/del1044.htm\"><u>Decreto-Lei n\u00ba 1.044\/1969<\/u><\/a><\/span><\/strong> (Tratamento excepcional para discentes portadores das afec\u00e7\u00f5es) \u00a0<\/span><\/p><p><span style=\"color: #000000\"><strong><span style=\"color: #0000ff\"><a style=\"color: #0000ff\" href=\"https:\/\/www.planalto.gov.br\/ccivil_03\/leis\/1970-1979\/l6202.htm\"><u>Lei n\u00ba\u00a0 6.202\/1975<\/u><\/a><\/span><\/strong> (Acad\u00eamica gestante)<\/span><\/p><p><span style=\"color: #000000\"><span style=\"color: #0000ff\"><strong><u><a style=\"color: #0000ff\" href=\"http:\/\/www2.unifap.br\/cambientais\/files\/2023\/11\/REGIMENTO-GERAL-UNIFAP.pdf\">Regimento Geral da UNIFAP, Resolu\u00e7\u00e3o n\u00ba 009\/2002<\/a><\/u>,<\/strong><\/span> art. 140,\u00a72\u00ba<\/span><\/p><p><span style=\"text-decoration: underline;color: #0000ff\"><strong><a style=\"color: #0000ff;text-decoration: underline\" href=\"http:\/\/www2.unifap.br\/cambientais\/files\/2025\/08\/Resolucao-no-26-11-Sistematica-de-avaliacao.pdf\" target=\"_blank\" rel=\"noopener\">Resolu\u00e7\u00e3o\u00a0 n\u00ba 026\/2011 CONSU<\/a><\/strong><\/span><span style=\"color: #000000;font-size: 1.1em\">;<\/span><\/p><\/blockquote><h1><span style=\"color: #000000\">2) Quero solicitar revis\u00e3o de nota. O que devo fazer?<\/span><\/h1><p><span style=\"color: #000000\">Quando o(a) aluno(a) n\u00e3o\u00a0<\/span><span style=\"font-size: inherit;color: #000000\">julgar satisfeito com a revis\u00e3o efetuada pelo(s) professor(es), poder\u00e1 solicitar ao<br \/>Colegiado de Curso, at\u00e9 2 (dois) dias \u00fateis ap\u00f3s o resultado, um novo pedido de revis\u00e3o de notas,<br \/>especificando de forma objetiva o que deseja ser revisado e as raz\u00f5es para tal, anexando, ainda, documentos<br \/>que considerar necess\u00e1rios. Sendo assim, \u00e9\u00a0poss\u00edvel observar o disposto no Art. 12 da\u00a0<\/span><strong style=\"color: #0000ff;font-size: 15.4px;font-style: italic;background-color: #f8f8f8\"><a style=\"color: #0000ff\" href=\"http:\/\/www2.unifap.br\/cambientais\/files\/2025\/08\/Resolucao-no-26-11-Sistematica-de-avaliacao.pdf\" target=\"_blank\" rel=\"noopener\">Resolu\u00e7\u00e3o\u00a0 n\u00ba 026\/2011 CONSU<\/a><\/strong><span style=\"font-size: inherit;color: #000000\">;<\/span><\/p><p><span style=\"color: #000000\">O solicitante deve se atentar para solicitar a revis\u00e3o no prazo m\u00e1ximo de 2 (dois) dias \u00fateis ap\u00f3s a divulga\u00e7\u00e3o do resultado da avalia\u00e7\u00e3o.<\/span><\/p><p><span style=\"color: #000000\">Para isso, o discente dever\u00e1 acessar o requerimento <strong>(modelo dispon\u00edvel <span style=\"color: #0000ff\"><a style=\"color: #0000ff\" href=\"http:\/\/www2.unifap.br\/cambientais\/files\/2025\/09\/FORMULARIO-GERAL-DE-REQUERIMENTO-CCAMB.docx.pdf\">PDF <\/a>ou <a style=\"color: #0000ff\" href=\"http:\/\/www2.unifap.br\/cambientais\/files\/2025\/09\/FORMULARIO-GERAL-DE-REQUERIMENTO-CCAMB.docx\">WORD<\/a><\/span>) <\/strong>que poder\u00e1 <span style=\"font-weight: 400\">ser entregue na coordena\u00e7\u00e3o: 1) Impresso; 2) E-mail (PDF): <span style=\"color: #0000ff\"><strong>ciencias.ambientais@unifap.br<\/strong><\/span><\/span><span style=\"font-weight: 400\">; 3) Formul\u00e1rio Virtual: <\/span><span style=\"text-decoration: underline\"><strong><span style=\"color: #0000ff\"><a style=\"color: #0000ff;text-decoration: underline\" href=\"https:\/\/tinyurl.com\/protocoloccamb\">https:\/\/tinyurl.com\/protocoloccamb.<\/a><\/span><\/strong><\/span><br \/><\/span><\/p><h1><span style=\"color: #000000\">3) Perdi minha avalia\u00e7\u00e3o. O que preciso saber e fazer para pedir 2a chamada?<\/span><\/h1><p><span style=\"color: #000000\">Para ter direito \u00e0 2\u00aa chamada, \u00e9 necess\u00e1rio que o discente atenda a um ou mais das seguintes situa\u00e7\u00f5es:<\/span><\/p><p><span style=\"color: #000000\">1 \u2013 Esteja com doen\u00e7a comprovada com atestado m\u00e9dico com CID (Classifica\u00e7\u00e3o Internacional de Doen\u00e7a) devidamente preenchida pelo M\u00c9DICO;<\/span><\/p><p><span style=\"color: #000000\">2 \u2013 Esteja em gozo de licen\u00e7a \u00e0 maternidade e a paternidade;<\/span><\/p><p><span style=\"color: #000000\">3 \u2013 Esteja em viagem imperiosa, provocada por demanda particular ou de trabalho;<\/span><\/p><p><span style=\"color: #000000\">4 \u2013 Esteja atendendo a ordens judiciais ou militares;<\/span><\/p><p><span style=\"color: #000000\">5 \u2013 Participa\u00e7\u00e3o de evento acad\u00eamico, cient\u00edfico, cultural ou desportivo.<\/span><\/p><p><span style=\"color: #000000\">O deferimento do pedido de segunda chamada exige abertura de requerimento pr\u00f3prio, encaminhado \u00e0 Coordena\u00e7\u00e3o do Curso,\u00a0<b>at\u00e9 5 (cinco) dias \u00fateis<\/b>\u00a0ap\u00f3s a realiza\u00e7\u00e3o da avalia\u00e7\u00e3o em car\u00e1ter de primeira chamada, devidamente instru\u00eddo com indica\u00e7\u00e3o do nome do professor\/disciplina\/turma\/avalia\u00e7\u00e3o realizada\/e o comprovante da aus\u00eancia.\u00a0A an\u00e1lise do m\u00e9rito sobre o pedido de segunda chamada \u00e9 de responsabilidade do professor da disciplina, e mediante deferimento, a avalia\u00e7\u00e3o de segunda chamada dever\u00e1 ser aplicada em\u00a0<b>at\u00e9 15 (quinze) dias \u00fateis da decis\u00e3o em favor do aluno.<\/b><\/span><\/p><p><span style=\"color: #000000\">Para isso, o discente dever\u00e1 acessar o requerimento <strong>(modelo dispon\u00edvel <span style=\"color: #0000ff\"><a style=\"color: #0000ff\" href=\"http:\/\/www2.unifap.br\/cambientais\/files\/2025\/09\/FORMULARIO-GERAL-DE-REQUERIMENTO-CCAMB.docx.pdf\">PDF <\/a>ou <a style=\"color: #0000ff\" href=\"http:\/\/www2.unifap.br\/cambientais\/files\/2025\/09\/FORMULARIO-GERAL-DE-REQUERIMENTO-CCAMB.docx\">WORD<\/a><\/span>) <\/strong>que poder\u00e1 <span style=\"font-weight: 400\">ser entregue na coordena\u00e7\u00e3o: 1) Impresso; 2) E-mail (PDF): <span style=\"color: #0000ff\"><strong>ciencias.ambientais@unifap.br<\/strong><\/span><\/span><span style=\"font-weight: 400\">; 3) Formul\u00e1rio Virtual: <\/span><span style=\"text-decoration: underline\"><strong><span style=\"color: #0000ff\"><a style=\"color: #0000ff;text-decoration: underline\" href=\"https:\/\/tinyurl.com\/protocoloccamb\">https:\/\/tinyurl.com\/protocoloccamb.<\/a><\/span><\/strong><\/span><br \/><\/span><\/p><p><span style=\"color: #000000\"><strong>Nestes casos, n\u00e3o h\u00e1 abono de faltas. Somente justificativa para o pedido de 2\u00aa chamada. O pedido deve ser protocolado na Coordena\u00e7\u00e3o do Curso com as devidas comprova\u00e7\u00f5es (<span style=\"color: #0000ff\">ciencias.ambientais@unifap.br<\/span><\/strong><strong>)<\/strong><\/span><\/p><blockquote><p><span style=\"text-decoration: underline\"><span style=\"color: #000000;text-decoration: underline\">Legisla\u00e7\u00e3o pertinente:<\/span><\/span><\/p><p><strong style=\"color: #0000ff;font-size: 15.4px\"><a style=\"color: #0000ff\" href=\"http:\/\/www2.unifap.br\/cambientais\/files\/2025\/08\/Resolucao-no-26-11-Sistematica-de-avaliacao.pdf\" target=\"_blank\" rel=\"noopener\">Resolu\u00e7\u00e3o\u00a0 n\u00ba 026\/2011 CONSU (Art. 7\u00ba, Par\u00e1grafo \u00fanico)<\/a><\/strong><span style=\"color: #000000;font-size: 1.1em\">;<\/span><\/p><\/blockquote><h1><span style=\"color: #000000\">4) Quais s\u00e3o os crit\u00e9rios para que eu seja aprovado em uma disciplina?<\/span><\/h1><p><span style=\"color: #000000\">Ser\u00e1 considerado aprovado na disciplina o aluno que obtiver M\u00e9dia Final igual ou superior a 5,0 (cinco) pontos, e no m\u00ednimo, 75% (setenta e cinco por cento) de frequ\u00eancia \u00e0s aulas, percentual esse que deve ser extra\u00eddo da carga hor\u00e1ria prevista para cada componente curricular.<\/span><\/p><blockquote><p><span style=\"text-decoration: underline\"><span style=\"color: #000000;text-decoration: underline\">Legisla\u00e7\u00e3o pertinente:<\/span><\/span><\/p><p><strong style=\"color: #0000ff;font-size: 15.4px\"><a style=\"color: #0000ff\" href=\"http:\/\/www2.unifap.br\/cambientais\/files\/2025\/08\/Resolucao-no-26-11-Sistematica-de-avaliacao.pdf\" target=\"_blank\" rel=\"noopener\">Resolu\u00e7\u00e3o\u00a0 n\u00ba 026\/2011 CONSU<\/a>;<\/strong><\/p><p><span style=\"color: #000000\"><span style=\"color: #0000ff\"><strong><u><a style=\"color: #0000ff\" href=\"http:\/\/www2.unifap.br\/cambientais\/files\/2023\/11\/REGIMENTO-GERAL-UNIFAP.pdf\">Regimento Geral da UNIFAP, Resolu\u00e7\u00e3o n\u00ba 009\/2002<\/a><\/u>,<\/strong><\/span> art. 140,\u00a71\u00ba<\/span><\/p><\/blockquote><h1><span style=\"color: #000000\">5) O que s\u00e3o as Atividades Complementares (ACCs)?<\/span><\/h1><p><span style=\"color: #000000\">S\u00e3o componentes curriculares obrigat\u00f3rios da matriz dos cursos de Gradua\u00e7\u00e3o. A carga hor\u00e1ria m\u00ednima de 200 horas, de acordo com o Projeto Pedag\u00f3gico de cada curso. Veja as regras para as ACCs no curso de Ci\u00eancias Ambientais neste<span style=\"color: #0000ff\"><strong>\u00a0<\/strong><\/span><\/span><span style=\"color: #0000ff\"><strong><a style=\"color: #0000ff\" href=\"https:\/\/www2.unifap.br\/cambientais\/atividades-curriculares-complementares-acc\/\" target=\"_blank\" rel=\"noopener\">link<\/a><\/strong><\/span><span style=\"color: #000000\">.<\/span><\/p><blockquote><p><span style=\"text-decoration: underline\"><span style=\"color: #000000;text-decoration: underline\">Legisla\u00e7\u00e3o pertinente:<\/span><\/span><\/p><p><span style=\"color: #0000ff\"><strong><a style=\"color: #0000ff\" href=\"http:\/\/www2.unifap.br\/cambientais\/files\/2023\/11\/RESOLUCAO-N.-024-DE-2008-CONSU-Atividades-Curriculares-Complementar.pdf\"><u>Resolu\u00e7\u00e3o n\u00ba 024\/2008 CONSU UNIFAP<\/u><\/a><\/strong><\/span><\/p><\/blockquote><h1><span style=\"color: #000000\">6) Em qual situa\u00e7\u00e3o eu perco meu v\u00ednculo institucional?<\/span><\/h1><p><span style=\"color: #000000\">Perder\u00e1 o v\u00ednculo o acad\u00eamico que:<\/span><\/p><ol><li><span style=\"color: #000000\">\u00a0 For exclu\u00eddo, em virtude de a\u00e7\u00e3o disciplinar;<\/span><\/li><li><span style=\"color: #000000\">\u00a0 Solicitar o desligamento;<\/span><\/li><li><span style=\"color: #000000\">\u00a0Interromper seus estudos por 4 semestres consecutivos ou 5 intercalados.<\/span><\/li><\/ol><blockquote><p><span style=\"text-decoration: underline\"><span style=\"color: #000000;text-decoration: underline\">Legisla\u00e7\u00e3o pertinente:<\/span><\/span><\/p><p><a href=\"http:\/\/www2.unifap.br\/cambientais\/files\/2025\/08\/RESOLUCAO-PERDA-DE-VINCULO-1.pdf\" target=\"_blank\" rel=\"noopener\"><b><span style=\"color: #0000ff\"><u>Resolu\u00e7\u00e3o n\u00ba 025\/2017 CONSU<\/u><\/span><\/b><\/a><span style=\"color: #000000;font-size: 1.1em\">;<\/span><\/p><p><span style=\"color: #000000\"><strong><span style=\"color: #0000ff\"><u><a style=\"color: #0000ff\" href=\"http:\/\/www2.unifap.br\/cambientais\/files\/2023\/11\/REGIMENTO-GERAL-UNIFAP.pdf\">Regimento Geral da UNIFAP, Resolu\u00e7\u00e3o n\u00ba 009\/2002<\/a><\/u>,<\/span><\/strong> art. 116.<\/span><\/p><\/blockquote><h1>7) Concess\u00e3o de cr\u00e9ditos ou equival\u00eancia de disciplinas<\/h1><p><span style=\"color: #000000\">O discente poder\u00e1 requerer a an\u00e1lise da equival\u00eancia de cr\u00e9ditos entre disciplinas conclu\u00eddas em outros cursos (na UNIFAP ou outra institui\u00e7\u00e3o) com as disciplinas do Curso de Ci\u00eancias Ambientais. <\/span><\/p><p><span style=\"color: #000000\">Para isso, o discente dever\u00e1 acessar o requerimento <strong>(modelo dispon\u00edvel <span style=\"color: #0000ff\"><a style=\"color: #0000ff\" href=\"http:\/\/www2.unifap.br\/cambientais\/files\/2025\/09\/FORMULARIO-GERAL-DE-REQUERIMENTO-CCAMB.docx.pdf\">PDF <\/a><span style=\"color: #000000\">ou<\/span> <a style=\"color: #0000ff\" href=\"http:\/\/www2.unifap.br\/cambientais\/files\/2025\/09\/FORMULARIO-GERAL-DE-REQUERIMENTO-CCAMB.docx\">WORD<\/a><\/span>) <\/strong>que poder\u00e1 <span style=\"font-weight: 400\">ser entregue na coordena\u00e7\u00e3o: 1) Impresso; 2) E-mail (PDF): <span style=\"color: #0000ff\"><strong>ciencias.ambientais@unifap.br<\/strong><\/span><\/span><span style=\"font-weight: 400\">; 3) Formul\u00e1rio Virtual: <\/span><span style=\"text-decoration: underline\"><strong><span style=\"color: #0000ff\"><a style=\"color: #0000ff;text-decoration: underline\" href=\"https:\/\/tinyurl.com\/protocoloccamb\">https:\/\/tinyurl.com\/protocoloccamb.<\/a><\/span><\/strong><\/span><\/span><\/p><p><span style=\"color: #000000\"><strong>Se houver a compatibilidade de conte\u00fado e carga hor\u00e1ria, a documenta\u00e7\u00e3o ser\u00e1 encaminhada para o parecer final do\u00a0docente respons\u00e1vel pela disciplina<\/strong>, em conformidade com o Regimento Geral da UNIFAP.<\/span><\/p><blockquote><p><span style=\"text-decoration: underline\"><span style=\"color: #000000;text-decoration: underline\">Legisla\u00e7\u00e3o pertinente:<\/span><\/span><\/p><p><span style=\"color: #0000ff\"><span style=\"text-decoration: underline\"><strong><a style=\"color: #0000ff;text-decoration: underline\" href=\"http:\/\/www2.unifap.br\/cambientais\/files\/2023\/12\/Resolucao-Credito-disciplina.pdf\">Resolu\u00e7\u00e3o n\u00ba 015\/1996 <\/a><span style=\"color: #0000ff;text-decoration: underline\">UNIFAP<\/span><\/strong><\/span>;<\/span><\/p><p><span style=\"color: #0000ff\"><strong><u><a style=\"color: #0000ff\" href=\"http:\/\/www2.unifap.br\/cambientais\/files\/2023\/11\/REGIMENTO-GERAL-UNIFAP.pdf\">Regimento Geral da UNIFAP<\/a><\/u><\/strong><\/span><\/p><\/blockquote>\t\t\t\t\t\t\t\t<\/div>\n\t\t\t\t<\/div>\n\t\t\t\t\t<\/div>\n\t\t<\/div>\n\t\t\t\t\t<\/div>\n\t\t<\/section>\n\t\t\t\t<\/div>\n\t\t","protected":false},"excerpt":{"rendered":"<p>1. O que preciso saber caso queira solicitar abono de faltas? Na Educa\u00e7\u00e3o Superior n\u00e3o h\u00e1 abono de faltas exceto nos casos previstos em Lei (VERIFIQUE OS ITENS, A, B, C, D ABAIXO); A) MILITARES: A lei ampara apenas abono de faltas nos casos de: militar reservista que seja obrigado \u2026 <a class=\"continue-reading-link\" href=\"https:\/\/www2.unifap.br\/cambientais\/duvidas-frequentes\/\"> Continue Lendo <span class=\"meta-nav\">&rarr; <\/span><\/a><\/p>\n","protected":false},"author":3995,"featured_media":0,"parent":0,"menu_order":0,"comment_status":"closed","ping_status":"closed","template":"","meta":{"inline_featured_image":false,"ngg_post_thumbnail":0,"footnotes":""},"class_list":["post-3963","page","type-page","status-publish","hentry"],"_links":{"self":[{"href":"https:\/\/www2.unifap.br\/cambientais\/wp-json\/wp\/v2\/pages\/3963","targetHints":{"allow":["GET"]}}],"collection":[{"href":"https:\/\/www2.unifap.br\/cambientais\/wp-json\/wp\/v2\/pages"}],"about":[{"href":"https:\/\/www2.unifap.br\/cambientais\/wp-json\/wp\/v2\/types\/page"}],"author":[{"embeddable":true,"href":"https:\/\/www2.unifap.br\/cambientais\/wp-json\/wp\/v2\/users\/3995"}],"replies":[{"embeddable":true,"href":"https:\/\/www2.unifap.br\/cambientais\/wp-json\/wp\/v2\/comments?post=3963"}],"version-history":[{"count":37,"href":"https:\/\/www2.unifap.br\/cambientais\/wp-json\/wp\/v2\/pages\/3963\/revisions"}],"predecessor-version":[{"id":5163,"href":"https:\/\/www2.unifap.br\/cambientais\/wp-json\/wp\/v2\/pages\/3963\/revisions\/5163"}],"wp:attachment":[{"href":"https:\/\/www2.unifap.br\/cambientais\/wp-json\/wp\/v2\/media?parent=3963"}],"curies":[{"name":"wp","href":"https:\/\/api.w.org\/{rel}","templated":true}]}}