{"id":4031,"date":"2024-01-05T19:23:35","date_gmt":"2024-01-05T19:23:35","guid":{"rendered":"https:\/\/www2.unifap.br\/cambientais\/?page_id=4031"},"modified":"2025-03-10T12:14:36","modified_gmt":"2025-03-10T12:14:36","slug":"comissoes-internas","status":"publish","type":"page","link":"https:\/\/www2.unifap.br\/cambientais\/comissoes-internas\/","title":{"rendered":"Comiss\u00f5es Internas"},"content":{"rendered":"\t\t<div data-elementor-type=\"wp-page\" data-elementor-id=\"4031\" class=\"elementor elementor-4031\">\n\t\t\t\t\t\t<section class=\"elementor-section elementor-top-section elementor-element elementor-element-826ce79 elementor-section-boxed elementor-section-height-default elementor-section-height-default\" data-id=\"826ce79\" data-element_type=\"section\" data-e-type=\"section\">\n\t\t\t\t\t\t<div class=\"elementor-container elementor-column-gap-default\">\n\t\t\t\t\t<div class=\"elementor-column elementor-col-100 elementor-top-column elementor-element elementor-element-b3aad54\" data-id=\"b3aad54\" data-element_type=\"column\" data-e-type=\"column\">\n\t\t\t<div class=\"elementor-widget-wrap elementor-element-populated\">\n\t\t\t\t\t\t<div class=\"elementor-element elementor-element-7ea98ab elementor-widget elementor-widget-text-editor\" data-id=\"7ea98ab\" data-element_type=\"widget\" data-e-type=\"widget\" data-widget_type=\"text-editor.default\">\n\t\t\t\t<div class=\"elementor-widget-container\">\n\t\t\t\t\t\t\t\t\t<ul><li><span style=\"color: #0000ff\"><strong><a style=\"color: #0000ff\" href=\"http:\/\/www2.unifap.br\/cambientais\/files\/2025\/03\/portaria-coordenacao-de-extensao-2025.pdf\">Portaria 0381-2025 &#8211; Coordena\u00e7\u00e3o de Extens\u00e3o do Curso de Ci\u00eancias Ambientais Universit\u00e1ria<\/a><\/strong><\/span><\/li><li><a href=\"http:\/\/www2.unifap.br\/cambientais\/files\/2024\/11\/portaria_-extensao.pdf\"><strong><span style=\"color: #000000\"><span style=\"color: #0000ff\">Portaria 1750-2024 &#8211; Comiss\u00e3o de Extens\u00e3o Universit\u00e1ria (CEXU)<\/span><\/span><\/strong><\/a><\/li><li><span style=\"color: #0000ff\"><a style=\"color: #0000ff\" href=\"http:\/\/www2.unifap.br\/cambientais\/files\/2024\/01\/Portaria-0025-2024-Comissao-de-TCC-CCAMB.pdf\"><strong>Portaria 0025-2024 &#8211; Comiss\u00e3o de Trabalho de Conclus\u00e3o de Curso (TCC)<\/strong><\/a><\/span><\/li><li><span style=\"color: #0000ff\"><a style=\"color: #0000ff\" href=\"http:\/\/www2.unifap.br\/cambientais\/files\/2024\/01\/Portaria-0026-2024-Comissao-de-Inteligencia-Artificial-e-Plagio-CCAMB.pdf\"><strong>Portaria 0026-2024 &#8211; Comiss\u00e3o de Intelig\u00eancia Artificial e Pl\u00e1gio (RUIAP)<\/strong><\/a><\/span><\/li><li><span style=\"color: #0000ff\"><a style=\"color: #0000ff\" href=\"http:\/\/www2.unifap.br\/cambientais\/files\/2024\/01\/Portaria-0027-2024-Comissao-ECAAP-CCAMB.pdf\"><strong>Portaria 0027-2024 &#8211; Comiss\u00e3o Encontro Ci\u00eancias Ambientais do Amap\u00e1 (ECAAP)<\/strong><\/a><\/span><\/li><li><a href=\"http:\/\/www2.unifap.br\/cambientais\/files\/2024\/11\/portaria_-ACC.pdf\"><strong><span style=\"color: #000000\"><span style=\"color: #0000ff\">Portaria 1752-2024 &#8211; Comiss\u00e3o de Atividades Complementares (ACC)<\/span><\/span><\/strong><\/a><\/li><li><a href=\"http:\/\/www2.unifap.br\/cambientais\/files\/2024\/01\/Portaria-0029-2024-Comissao-de-Estagio-Supervisionado-CCAMB.pdf\"><span style=\"color: #0000ff\"><strong>Portaria 0029-2024 &#8211; Comiss\u00e3o de Est\u00e1gio Supervisionado (ESO)<\/strong><\/span><\/a><\/li><\/ul>\t\t\t\t\t\t\t\t<\/div>\n\t\t\t\t<\/div>\n\t\t\t\t\t<\/div>\n\t\t<\/div>\n\t\t\t\t\t<\/div>\n\t\t<\/section>\n\t\t\t\t<section class=\"elementor-section elementor-top-section elementor-element elementor-element-15d3e4a elementor-section-boxed elementor-section-height-default elementor-section-height-default\" data-id=\"15d3e4a\" data-element_type=\"section\" data-e-type=\"section\">\n\t\t\t\t\t\t<div class=\"elementor-container elementor-column-gap-default\">\n\t\t\t\t\t<div class=\"elementor-column elementor-col-100 elementor-top-column elementor-element elementor-element-2993ca1\" data-id=\"2993ca1\" data-element_type=\"column\" data-e-type=\"column\">\n\t\t\t<div class=\"elementor-widget-wrap elementor-element-populated\">\n\t\t\t\t\t\t<div class=\"elementor-element elementor-element-22f88f4 elementor-widget-divider--view-line elementor-widget elementor-widget-divider\" data-id=\"22f88f4\" data-element_type=\"widget\" data-e-type=\"widget\" data-widget_type=\"divider.default\">\n\t\t\t\t<div class=\"elementor-widget-container\">\n\t\t\t\t\t\t\t<div class=\"elementor-divider\">\n\t\t\t<span class=\"elementor-divider-separator\">\n\t\t\t\t\t\t<\/span>\n\t\t<\/div>\n\t\t\t\t\t\t<\/div>\n\t\t\t\t<\/div>\n\t\t\t\t\t<\/div>\n\t\t<\/div>\n\t\t\t\t\t<\/div>\n\t\t<\/section>\n\t\t\t\t<section class=\"elementor-section elementor-top-section elementor-element elementor-element-4655ff4 elementor-section-boxed elementor-section-height-default elementor-section-height-default\" data-id=\"4655ff4\" data-element_type=\"section\" data-e-type=\"section\">\n\t\t\t\t\t\t<div class=\"elementor-container elementor-column-gap-default\">\n\t\t\t\t\t<div class=\"elementor-column elementor-col-100 elementor-top-column elementor-element elementor-element-c0fa7eb\" data-id=\"c0fa7eb\" data-element_type=\"column\" data-e-type=\"column\">\n\t\t\t<div class=\"elementor-widget-wrap elementor-element-populated\">\n\t\t\t\t\t\t<div class=\"elementor-element elementor-element-605d108 elementor-button-info elementor-align-left elementor-widget elementor-widget-button\" data-id=\"605d108\" data-element_type=\"widget\" data-e-type=\"widget\" data-widget_type=\"button.default\">\n\t\t\t\t<div class=\"elementor-widget-container\">\n\t\t\t\t\t\t\t\t\t<div class=\"elementor-button-wrapper\">\n\t\t\t\t\t<a class=\"elementor-button elementor-button-link elementor-size-md\" href=\"https:\/\/www2.unifap.br\/cambientais\">\n\t\t\t\t\t\t<span class=\"elementor-button-content-wrapper\">\n\t\t\t\t\t\t<span class=\"elementor-button-icon\">\n\t\t\t\t<i aria-hidden=\"true\" class=\"fas fa-home\"><\/i>\t\t\t<\/span>\n\t\t\t\t\t\t\t\t\t<span class=\"elementor-button-text\">In\u00edcio<\/span>\n\t\t\t\t\t<\/span>\n\t\t\t\t\t<\/a>\n\t\t\t\t<\/div>\n\t\t\t\t\t\t\t\t<\/div>\n\t\t\t\t<\/div>\n\t\t\t\t\t<\/div>\n\t\t<\/div>\n\t\t\t\t\t<\/div>\n\t\t<\/section>\n\t\t\t\t<\/div>\n\t\t","protected":false},"excerpt":{"rendered":"<p>Portaria 0381-2025 &#8211; Coordena\u00e7\u00e3o de Extens\u00e3o do Curso de Ci\u00eancias Ambientais Universit\u00e1ria Portaria 1750-2024 &#8211; Comiss\u00e3o de Extens\u00e3o Universit\u00e1ria (CEXU) Portaria 0025-2024 &#8211; Comiss\u00e3o de Trabalho de Conclus\u00e3o de Curso (TCC) Portaria 0026-2024 &#8211; Comiss\u00e3o de Intelig\u00eancia Artificial e Pl\u00e1gio (RUIAP) Portaria 0027-2024 &#8211; Comiss\u00e3o Encontro Ci\u00eancias Ambientais do Amap\u00e1 \u2026 <a class=\"continue-reading-link\" href=\"https:\/\/www2.unifap.br\/cambientais\/comissoes-internas\/\"> Continue Lendo <span class=\"meta-nav\">&rarr; <\/span><\/a><\/p>\n","protected":false},"author":3995,"featured_media":0,"parent":0,"menu_order":0,"comment_status":"closed","ping_status":"closed","template":"","meta":{"inline_featured_image":false,"ngg_post_thumbnail":0,"footnotes":""},"class_list":["post-4031","page","type-page","status-publish","hentry"],"_links":{"self":[{"href":"https:\/\/www2.unifap.br\/cambientais\/wp-json\/wp\/v2\/pages\/4031","targetHints":{"allow":["GET"]}}],"collection":[{"href":"https:\/\/www2.unifap.br\/cambientais\/wp-json\/wp\/v2\/pages"}],"about":[{"href":"https:\/\/www2.unifap.br\/cambientais\/wp-json\/wp\/v2\/types\/page"}],"author":[{"embeddable":true,"href":"https:\/\/www2.unifap.br\/cambientais\/wp-json\/wp\/v2\/users\/3995"}],"replies":[{"embeddable":true,"href":"https:\/\/www2.unifap.br\/cambientais\/wp-json\/wp\/v2\/comments?post=4031"}],"version-history":[{"count":9,"href":"https:\/\/www2.unifap.br\/cambientais\/wp-json\/wp\/v2\/pages\/4031\/revisions"}],"predecessor-version":[{"id":4642,"href":"https:\/\/www2.unifap.br\/cambientais\/wp-json\/wp\/v2\/pages\/4031\/revisions\/4642"}],"wp:attachment":[{"href":"https:\/\/www2.unifap.br\/cambientais\/wp-json\/wp\/v2\/media?parent=4031"}],"curies":[{"name":"wp","href":"https:\/\/api.w.org\/{rel}","templated":true}]}}