{"id":4973,"date":"2025-06-30T00:37:24","date_gmt":"2025-06-30T00:37:24","guid":{"rendered":"https:\/\/www2.unifap.br\/cambientais\/?page_id=4973"},"modified":"2026-03-30T14:00:37","modified_gmt":"2026-03-30T14:00:37","slug":"atividades-curriculares-de-extensao-ace","status":"publish","type":"page","link":"https:\/\/www2.unifap.br\/cambientais\/pagina-inicial\/inicio\/atividades-curriculares-de-extensao-ace\/","title":{"rendered":"Atividades Curriculares de Extens\u00e3o &#8211; ACE"},"content":{"rendered":"\t\t<div data-elementor-type=\"wp-page\" data-elementor-id=\"4973\" class=\"elementor elementor-4973\">\n\t\t\t\t\t\t<section class=\"elementor-section elementor-top-section elementor-element elementor-element-4e86c92 elementor-section-boxed elementor-section-height-default elementor-section-height-default\" data-id=\"4e86c92\" data-element_type=\"section\" data-e-type=\"section\">\n\t\t\t\t\t\t<div class=\"elementor-container elementor-column-gap-default\">\n\t\t\t\t\t<div class=\"elementor-column elementor-col-100 elementor-top-column elementor-element elementor-element-31f0dad\" data-id=\"31f0dad\" data-element_type=\"column\" data-e-type=\"column\">\n\t\t\t<div class=\"elementor-widget-wrap elementor-element-populated\">\n\t\t\t\t\t\t<div class=\"elementor-element elementor-element-0c1d4ed elementor-widget elementor-widget-text-editor\" data-id=\"0c1d4ed\" data-element_type=\"widget\" data-e-type=\"widget\" data-widget_type=\"text-editor.default\">\n\t\t\t\t<div class=\"elementor-widget-container\">\n\t\t\t\t\t\t\t\t\t<p><span style=\"color: #000000\">As Atividades Curriculares de Extens\u00e3o (ACE), <span style=\"font-size: inherit\">em conson\u00e2ncia com a Resolu\u00e7\u00e3o n\u00ba7\/2018<\/span><span style=\"font-size: inherit\">\u00a0<\/span><span style=\"font-size: inherit\">CNE\/CES\/MEC,\u00a0<\/span><span style=\"font-size: inherit\">que estabelece as Diretrizes para a Extens\u00e3o na\u00a0 Educa-\u00e7\u00e3o Superior Brasileira e regulamenta o disposto na Meta 12.7 da Lei n\u00ba 13.005\/2014 que aprova o Plano Nacional de Extens\u00e3o \u2013 PNE 2014-2024 \u2013 e d\u00e1 outras provid\u00eancias, estabelece a curriculariza\u00e7\u00e3o de 360 horas (10,6% da carga hor\u00e1ria total do curso) para as Atividades de Extens\u00e3o, que devem ser distribu\u00eddas ao longo de 6 semestres.<\/span><span style=\"font-size: inherit\">\u00a0C<\/span>onsidera-se atividade de extens\u00e3o a intera\u00e7\u00e3o dial\u00f3gica da comunidade acad\u00eamica com a sociedade, por meio da troca de conhecimentos, da participa\u00e7\u00e3o e do contato com as quest\u00f5es complexas contempor\u00e2neas presentes em seu contexto social. Al\u00e9m disso, entende-se que por meio dessas atividades \u00e9 poss\u00edvel promover a articula\u00e7\u00e3o entre ensino\/extens\u00e3o\/pesquisa, ancorada em processo pedag\u00f3gico \u00fanico, interdisciplinar, pol\u00edtico educacional, cultural, cient\u00edfico e tecnol\u00f3gico<span style=\"font-size: inherit\">.\u00a0<\/span><\/span><\/p><p><span style=\"color: #000000;font-size: inherit\">As ACE devem ser integralizadas no decorrer do Curso e tem a carga hor\u00e1ria m\u00ednima de 60 horas a cada semestre a partir do 2\u00ba semestre de curso at\u00e9 o 7\u00ba semestre. O discente, durante os semestres letivos ap\u00f3s seu ingresso curso, poder\u00e1 pleitear os cr\u00e9ditos de ACE em seu hist\u00f3rico escolar, mediante protocolo junto \u00e0 Coordena\u00e7\u00e3o do Curso de Ci\u00eancias Ambientais<\/span><\/p><p><span style=\"color: #000000\">A qualquer tempo, mediante totaliza\u00e7\u00e3o de 60h (ou m\u00faltiplos de 60h at\u00e9 o limite de 360h)\u00a0 de participa\u00e7\u00e3o em a\u00e7\u00f5es de extens\u00e3o, o (a) discente poder\u00e1 pleitear os cr\u00e9ditos de ACC em seu hist\u00f3rico escolar, mediante protocolo junto \u00e0 Coordena\u00e7\u00e3o do Curso de Ci\u00eancias Ambientais.\u00a0<span style=\"font-size: inherit\">As ACEs, segundo a Resolu\u00e7\u00e3o n\u00ba 7\/2018 CNE\/CES\/MEC s\u00e3o caracterizadas nas seguintes modalidades:\u00a0<\/span><\/span><\/p><p><span style=\"font-size: inherit;color: #000000\">I<b>. Programas:<\/b> representam a\u00e7\u00f5es de m\u00e9dio e longo prazos para aproximar estrat\u00e9gias de extens\u00e3o, visando a cria\u00e7\u00e3o de uma rede clara para a gest\u00e3o<br \/>conjunta de atividades.\u00a0<\/span><\/p><p><span style=\"color: #000000\"><span style=\"font-size: inherit\"><b>II. Projetos:<\/b> a\u00e7\u00f5es extensionistas, permanentes ou eventuais, coordenadas por <\/span><span style=\"font-size: inherit\">servidor docente e\/ou t\u00e9cnico da institui\u00e7\u00e3o.<\/span><\/span><\/p><p><span style=\"color: #000000\"><span style=\"font-size: inherit\"><b>III. Cursos e oficinas:<\/b> atividades de car\u00e1ter formativo e informativo, promovidas p<\/span><span style=\"font-size: inherit\">elos discentes, sob coordena\u00e7\u00e3o de um ou mais docentes, com objetivo de\u00a0<\/span><span style=\"font-size: inherit\">capacitar a comunidade acad\u00eamica e externa, al\u00e9m de difundir os conhecimentos\u00a0<\/span><span style=\"font-size: inherit\">cient\u00edficos produzidos na universidade.\u00a0<\/span><\/span><\/p><p><span style=\"font-size: inherit;color: #000000\"><b>IV. Eventos:<\/b> pr\u00e1ticas extensionistas promovidas pelos discentes vinculadas \u00e0 organiza\u00e7\u00e3o e oferta de palestras, semin\u00e1rios, encontros, congressos e outras modalidades de divulga\u00e7\u00e3o cient\u00edfica e\/ou cultural.\u00a0<\/span><\/p><p><span style=\"font-size: inherit;color: #000000\"><b>V. Presta\u00e7\u00e3o de servi\u00e7os:<\/b> desenvolvimento de novas abordagens pedag\u00f3gicas a partir do compartilhamento de conhecimento produzido na universidade em comunidades, com o intuito de estabelecer solu\u00e7\u00f5es para dado problema profissional ou social.\u00a0<\/span><\/p><p><span style=\"font-size: inherit;color: #000000\"><b>VI. Produto:<\/b> resultado de atividades de extens\u00e3o, ensino e pesquisa, com a finalidade de difus\u00e3o e divulga\u00e7\u00e3o cultural, cient\u00edfica ou tecnol\u00f3gica, a partir da elabora\u00e7\u00e3o de livros, anais, artigos, textos, revistas, manuais, cartilhas, jornal, relat\u00f3rio, v\u00eddeos, filmes, programas de r\u00e1dio e TV, softwares, CDs, DVDs, partituras, arranjos musicais, entre outros.<\/span><\/p><p><span style=\"color: #000000\">As modalidades de ACE poder\u00e3o ser desenvolvidas tanto vinculadas a programas, projetos e a\u00e7\u00f5es espec\u00edficos de extens\u00e3o dentro do pr\u00f3prio curso de Ci\u00eancias Ambientais, quanto inseridas \u00e0s atividades extensionistas vinculadas a outros cursos dentro da UNIFAP,<b> desde que devidamente registradas no Departamento de Extens\u00e3o (DEX\/PROEAC) da Universidade Federal do Amap\u00e1<\/b>. Eventualmente e amparados pelo par\u00e1grafo \u00fanico do Art. 8\u00ba da Resolu\u00e7\u00e3o CNE\/CES N\u00ba 7\/2018, poder\u00e3o ser consideradas atividades de extens\u00e3o, \u00e0quelas de natureza governamental, tais como pol\u00edticas municipais, estaduais, distrital e nacional, externas \u00e0 UNIFAP, desde que previamente aprovadas por comiss\u00e3o interna de atividades de extens\u00e3o. As atividades de extens\u00e3o podem tamb\u00e9m ser realizadas em parceria com outras institui\u00e7\u00f5es de ensino superior, pesquisa e organiza\u00e7\u00f5es governamentais e n\u00e3o governamentais, de modo que estimule a mobilidade interinstitucional de estudantes.<\/span><\/p><p><span style=\"color: #000000\">\u00a0<b>PROCEDIMENTOS PARA SOLICITAR O CR\u00c9DITO DE ACE&#8217;s JUNTO \u00c0 COORDENA\u00c7\u00c3O DO CURSO:<\/b><\/span><\/p><p><span style=\"color: #000000\">1. Juntar os certificados de ACE&#8217;s;<\/span><\/p><p><span style=\"color: #000000\">2. Preencher a <span style=\"color: #339966\">\u201c<\/span><\/span><span style=\"color: #339966\"><a style=\"color: #339966\" href=\"http:\/\/www2.unifap.br\/cambientais\/files\/2025\/06\/Relacao-de-Documentos-para-ACEs-a-ser-preenchida-pelo-a-discente.pdf\" target=\"_blank\" rel=\"noopener\"><b>Rela\u00e7\u00e3o de Documentos para Atividades Curriculares de Extens\u00e3o (ACE&#8217;s)<\/b><\/a><strong style=\"font-size: inherit\">\u201c<\/strong><\/span><\/p><p><span style=\"color: #000000\">3. Preencher seu nome e matr\u00edcula na<strong>\u00a0<a style=\"color: #000000\" href=\"http:\/\/www2.unifap.br\/cambientais\/files\/2023\/03\/Relacao-de-Documentos-para-Atividades-Complementares-a-ser-preenchida-pelo-a-discente.pdf\">\u201c<\/a><\/strong><\/span><span style=\"color: #339966\"><a style=\"color: #339966\" href=\"http:\/\/www2.unifap.br\/cambientais\/files\/2025\/06\/Ficha-Avaliacao-de-ACEs-CCAMB-UNIFAP.pdf\" target=\"_blank\" rel=\"noopener\"><b>Ficha de avalia\u00e7\u00e3o de atividades curriculares de extens\u00e3o<\/b><\/a><\/span><span style=\"color: #000000\"><strong><a style=\"color: #000000\" href=\"http:\/\/www2.unifap.br\/cambientais\/files\/2023\/03\/Relacao-de-Documentos-para-Atividades-Complementares-a-ser-preenchida-pelo-a-discente.pdf\">\u201d<\/a><\/strong>\u00a0<\/span><\/p><p><span style=\"color: #000000\">4.\u00a0<\/span><span style=\"font-size: inherit;color: #000000\">Encaminhar os certificados (item 1) e os documentos desta lista (itens 2-3) em formato <b>PDF \u00fanico<\/b>\u00a0para o e-mail:\u00a0<\/span><span style=\"font-size: inherit;color: #0000ff\">ciencias.ambientais@unifap.br<\/span><\/p>\t\t\t\t\t\t\t\t<\/div>\n\t\t\t\t<\/div>\n\t\t\t\t\t<\/div>\n\t\t<\/div>\n\t\t\t\t\t<\/div>\n\t\t<\/section>\n\t\t\t\t<\/div>\n\t\t","protected":false},"excerpt":{"rendered":"<p>As Atividades Curriculares de Extens\u00e3o (ACE), em conson\u00e2ncia com a Resolu\u00e7\u00e3o n\u00ba7\/2018\u00a0CNE\/CES\/MEC,\u00a0que estabelece as Diretrizes para a Extens\u00e3o na\u00a0 Educa-\u00e7\u00e3o Superior Brasileira e regulamenta o disposto na Meta 12.7 da Lei n\u00ba 13.005\/2014 que aprova o Plano Nacional de Extens\u00e3o \u2013 PNE 2014-2024 \u2013 e d\u00e1 outras provid\u00eancias, estabelece a \u2026 <a class=\"continue-reading-link\" href=\"https:\/\/www2.unifap.br\/cambientais\/pagina-inicial\/inicio\/atividades-curriculares-de-extensao-ace\/\"> Continue Lendo <span class=\"meta-nav\">&rarr; <\/span><\/a><\/p>\n","protected":false},"author":3995,"featured_media":0,"parent":1651,"menu_order":0,"comment_status":"closed","ping_status":"closed","template":"templates\/template-onecolumn.php","meta":{"inline_featured_image":false,"ngg_post_thumbnail":0,"footnotes":""},"class_list":["post-4973","page","type-page","status-publish","hentry"],"_links":{"self":[{"href":"https:\/\/www2.unifap.br\/cambientais\/wp-json\/wp\/v2\/pages\/4973","targetHints":{"allow":["GET"]}}],"collection":[{"href":"https:\/\/www2.unifap.br\/cambientais\/wp-json\/wp\/v2\/pages"}],"about":[{"href":"https:\/\/www2.unifap.br\/cambientais\/wp-json\/wp\/v2\/types\/page"}],"author":[{"embeddable":true,"href":"https:\/\/www2.unifap.br\/cambientais\/wp-json\/wp\/v2\/users\/3995"}],"replies":[{"embeddable":true,"href":"https:\/\/www2.unifap.br\/cambientais\/wp-json\/wp\/v2\/comments?post=4973"}],"version-history":[{"count":19,"href":"https:\/\/www2.unifap.br\/cambientais\/wp-json\/wp\/v2\/pages\/4973\/revisions"}],"predecessor-version":[{"id":5248,"href":"https:\/\/www2.unifap.br\/cambientais\/wp-json\/wp\/v2\/pages\/4973\/revisions\/5248"}],"up":[{"embeddable":true,"href":"https:\/\/www2.unifap.br\/cambientais\/wp-json\/wp\/v2\/pages\/1651"}],"wp:attachment":[{"href":"https:\/\/www2.unifap.br\/cambientais\/wp-json\/wp\/v2\/media?parent=4973"}],"curies":[{"name":"wp","href":"https:\/\/api.w.org\/{rel}","templated":true}]}}