{"id":5108,"date":"2025-10-10T18:21:31","date_gmt":"2025-10-10T18:21:31","guid":{"rendered":"https:\/\/www2.unifap.br\/cambientais\/?page_id=5108"},"modified":"2025-11-18T14:49:38","modified_gmt":"2025-11-18T14:49:38","slug":"egressos-ccamb","status":"publish","type":"page","link":"https:\/\/www2.unifap.br\/cambientais\/egressos-ccamb\/","title":{"rendered":"Egressos CCAMB"},"content":{"rendered":"\t\t<div data-elementor-type=\"wp-page\" data-elementor-id=\"5108\" class=\"elementor elementor-5108\">\n\t\t\t\t\t\t<section class=\"elementor-section elementor-top-section elementor-element elementor-element-c1b7353 elementor-section-boxed elementor-section-height-default elementor-section-height-default\" data-id=\"c1b7353\" data-element_type=\"section\" data-e-type=\"section\">\n\t\t\t\t\t\t<div class=\"elementor-container elementor-column-gap-default\">\n\t\t\t\t\t<div class=\"elementor-column elementor-col-100 elementor-top-column elementor-element elementor-element-b89653b\" data-id=\"b89653b\" data-element_type=\"column\" data-e-type=\"column\">\n\t\t\t<div class=\"elementor-widget-wrap elementor-element-populated\">\n\t\t\t\t\t\t<div class=\"elementor-element elementor-element-600fccd elementor-widget elementor-widget-text-editor\" data-id=\"600fccd\" data-element_type=\"widget\" data-e-type=\"widget\" data-widget_type=\"text-editor.default\">\n\t\t\t\t<div class=\"elementor-widget-container\">\n\t\t\t\t\t\t\t\t\t<section class=\"elementor-section elementor-top-section elementor-element elementor-element-2b2214e elementor-section-boxed elementor-section-height-default elementor-section-height-default\" data-id=\"2b2214e\" data-element_type=\"section\"><div class=\"elementor-container elementor-column-gap-default\"><div class=\"elementor-column elementor-col-100 elementor-top-column elementor-element elementor-element-1e94b2c\" data-id=\"1e94b2c\" data-element_type=\"column\"><div class=\"elementor-widget-wrap elementor-element-populated\"><div class=\"elementor-element elementor-element-55e1ad2 elementor-widget elementor-widget-heading\" data-id=\"55e1ad2\" data-element_type=\"widget\" data-widget_type=\"heading.default\"><div class=\"elementor-widget-container\"><h2 class=\"elementor-heading-title elementor-size-default\">Question\u00e1rio do Egresso<\/h2><\/div><\/div><\/div><\/div><\/div><\/section><section class=\"elementor-section elementor-top-section elementor-element elementor-element-74fb4f0 elementor-section-boxed elementor-section-height-default elementor-section-height-default\" data-id=\"74fb4f0\" data-element_type=\"section\"><div class=\"elementor-container elementor-column-gap-default\"><div class=\"elementor-column elementor-col-100 elementor-top-column elementor-element elementor-element-5610011\" data-id=\"5610011\" data-element_type=\"column\"><div class=\"elementor-widget-wrap elementor-element-populated\"><div class=\"elementor-element elementor-element-e18d228 elementor-widget elementor-widget-text-editor\" data-id=\"e18d228\" data-element_type=\"widget\" data-widget_type=\"text-editor.default\"><div class=\"elementor-widget-container\"><p><span style=\"color: #000000\">Voc\u00ea, profissional egresso do curso de Bacharelado em Ci\u00eancias Ambientais da Universidade Federal do Amap\u00e1, est\u00e1 convidado a contribuir para a melhoria dos nossos servi\u00e7os. <\/span><\/p><p><span style=\"color: #000000\">Sua opini\u00e3o \u00e9 essencial para o processo cont\u00ednuo de aperfei\u00e7oamento do curso de gradua\u00e7\u00e3o desta Universidade.<\/span><\/p><p><span style=\"color: #ff0000\">N\u00e3o leva mais do que 5<\/span> <span style=\"color: #ff0000\">minutos para responder!<\/span><\/p><p><span style=\"color: #000000\">Este question\u00e1rio est\u00e1 sendo aplicado aos discentes egressos com o objetivo de conhecer a situa\u00e7\u00e3o profissional e\/ou acad\u00eamica. Os dados compilados nos orientar\u00e3o para a manuten\u00e7\u00e3o da excel\u00eancia e melhoria cont\u00ednua.<\/span><\/p><p><span style=\"color: #000000\">As informa\u00e7\u00f5es coletadas ser\u00e3o sigilosas e usadas exclusivamente pela Coordena\u00e7\u00e3o do Curso de Ci\u00eancias Ambientais.<\/span><\/p><\/div><\/div><\/div><\/div><\/div><\/section>\t\t\t\t\t\t\t\t<\/div>\n\t\t\t\t<\/div>\n\t\t\t\t\t<\/div>\n\t\t<\/div>\n\t\t\t\t\t<\/div>\n\t\t<\/section>\n\t\t\t\t<section class=\"elementor-section elementor-top-section elementor-element elementor-element-19c2656 elementor-section-boxed elementor-section-height-default elementor-section-height-default\" data-id=\"19c2656\" data-element_type=\"section\" data-e-type=\"section\">\n\t\t\t\t\t\t<div class=\"elementor-container elementor-column-gap-default\">\n\t\t\t\t\t<div class=\"elementor-column elementor-col-100 elementor-top-column elementor-element elementor-element-b58f457\" data-id=\"b58f457\" data-element_type=\"column\" data-e-type=\"column\">\n\t\t\t<div class=\"elementor-widget-wrap elementor-element-populated\">\n\t\t\t\t\t\t<div class=\"elementor-element elementor-element-0626408 elementor-align-center elementor-widget elementor-widget-button\" data-id=\"0626408\" data-element_type=\"widget\" data-e-type=\"widget\" data-widget_type=\"button.default\">\n\t\t\t\t<div class=\"elementor-widget-container\">\n\t\t\t\t\t\t\t\t\t<div class=\"elementor-button-wrapper\">\n\t\t\t\t\t<a class=\"elementor-button elementor-button-link elementor-size-sm\" href=\"https:\/\/forms.gle\/kdUzypQbjnwRf1F18\">\n\t\t\t\t\t\t<span class=\"elementor-button-content-wrapper\">\n\t\t\t\t\t\t\t\t\t<span class=\"elementor-button-text\">Clique aqui para responder ao question\u00e1rio<\/span>\n\t\t\t\t\t<\/span>\n\t\t\t\t\t<\/a>\n\t\t\t\t<\/div>\n\t\t\t\t\t\t\t\t<\/div>\n\t\t\t\t<\/div>\n\t\t\t\t\t<\/div>\n\t\t<\/div>\n\t\t\t\t\t<\/div>\n\t\t<\/section>\n\t\t\t\t<\/div>\n\t\t","protected":false},"excerpt":{"rendered":"<p>Question\u00e1rio do Egresso Voc\u00ea, profissional egresso do curso de Bacharelado em Ci\u00eancias Ambientais da Universidade Federal do Amap\u00e1, est\u00e1 convidado a contribuir para a melhoria dos nossos servi\u00e7os. Sua opini\u00e3o \u00e9 essencial para o processo cont\u00ednuo de aperfei\u00e7oamento do curso de gradua\u00e7\u00e3o desta Universidade. N\u00e3o leva mais do que 5 \u2026 <a class=\"continue-reading-link\" href=\"https:\/\/www2.unifap.br\/cambientais\/egressos-ccamb\/\"> Continue Lendo <span class=\"meta-nav\">&rarr; <\/span><\/a><\/p>\n","protected":false},"author":3995,"featured_media":0,"parent":0,"menu_order":0,"comment_status":"closed","ping_status":"closed","template":"","meta":{"inline_featured_image":false,"ngg_post_thumbnail":0,"footnotes":""},"class_list":["post-5108","page","type-page","status-publish","hentry"],"_links":{"self":[{"href":"https:\/\/www2.unifap.br\/cambientais\/wp-json\/wp\/v2\/pages\/5108","targetHints":{"allow":["GET"]}}],"collection":[{"href":"https:\/\/www2.unifap.br\/cambientais\/wp-json\/wp\/v2\/pages"}],"about":[{"href":"https:\/\/www2.unifap.br\/cambientais\/wp-json\/wp\/v2\/types\/page"}],"author":[{"embeddable":true,"href":"https:\/\/www2.unifap.br\/cambientais\/wp-json\/wp\/v2\/users\/3995"}],"replies":[{"embeddable":true,"href":"https:\/\/www2.unifap.br\/cambientais\/wp-json\/wp\/v2\/comments?post=5108"}],"version-history":[{"count":10,"href":"https:\/\/www2.unifap.br\/cambientais\/wp-json\/wp\/v2\/pages\/5108\/revisions"}],"predecessor-version":[{"id":5141,"href":"https:\/\/www2.unifap.br\/cambientais\/wp-json\/wp\/v2\/pages\/5108\/revisions\/5141"}],"wp:attachment":[{"href":"https:\/\/www2.unifap.br\/cambientais\/wp-json\/wp\/v2\/media?parent=5108"}],"curies":[{"name":"wp","href":"https:\/\/api.w.org\/{rel}","templated":true}]}}