{"id":1502,"date":"2019-03-21T17:20:56","date_gmt":"2019-03-21T17:20:56","guid":{"rendered":"http:\/\/www2.unifap.br\/ccomputacao\/?page_id=1502"},"modified":"2021-06-14T15:27:38","modified_gmt":"2021-06-14T15:27:38","slug":"certificados","status":"publish","type":"page","link":"https:\/\/www2.unifap.br\/ccomputacao\/eventos\/2019-2\/calouro\/certificados\/","title":{"rendered":"Certificados da Semana do Calouro 2019"},"content":{"rendered":"<h1>Semana do Calouro \u2013 2019<\/h1>\n<p>Informamos que para solicitar a corre\u00e7\u00e3o de certificados o participante deve enviar um requerimento para a Coordena\u00e7\u00e3o de Ci\u00eancia da Computa\u00e7\u00e3o, via email ou presencial.<br \/>\n<strong>Emails:<\/strong> ccc@unifap.br.<br \/>\n<strong>Hor\u00e1rio de Atendimento:<\/strong>&nbsp;das 8h00 as 12h00, das 14h00 as 18h00 e das 18h15 as 22h00.<\/p>\n<p>Para ter acesso aos certificados, basta clicar no link abaixo:<\/p>\n<p><a href=\"https:\/\/drive.google.com\/open?id=1se_7xylDc8k9tkjVkO_Qks2z07K6xcAd\">Organiza\u00e7\u00e3o e Apoio<\/a><\/p>\n<p><a href=\"https:\/\/drive.google.com\/open?id=1Sl-V1xKY3mtEqCB3gUw6wX2ateRWFfAf\">Ouvinte<\/a><\/p>\n<p><a href=\"https:\/\/drive.google.com\/open?id=1pwdnl1WTjd4BPu_ZU54efDKCCmVb4j8W\">Palestrantes<\/a><\/p>\n","protected":false},"excerpt":{"rendered":"<p>Semana do Calouro \u2013 2019 Informamos que para solicitar a corre\u00e7\u00e3o de certificados o participante deve enviar um requerimento para a Coordena\u00e7\u00e3o de Ci\u00eancia da Computa\u00e7\u00e3o, via email ou presencial. Emails: ccc@unifap.br. Hor\u00e1rio de Atendimento:&nbsp;das 8h00 as 12h00, das 14h00 as 18h00 e das 18h15 as 22h00. Para ter acesso aos certificados, basta clicar no&#8230;<\/p>\n","protected":false},"author":757,"featured_media":0,"parent":1419,"menu_order":0,"comment_status":"closed","ping_status":"closed","template":"","meta":{"inline_featured_image":false,"ngg_post_thumbnail":0,"footnotes":""},"class_list":["post-1502","page","type-page","status-publish","hentry","entry"],"_links":{"self":[{"href":"https:\/\/www2.unifap.br\/ccomputacao\/wp-json\/wp\/v2\/pages\/1502","targetHints":{"allow":["GET"]}}],"collection":[{"href":"https:\/\/www2.unifap.br\/ccomputacao\/wp-json\/wp\/v2\/pages"}],"about":[{"href":"https:\/\/www2.unifap.br\/ccomputacao\/wp-json\/wp\/v2\/types\/page"}],"author":[{"embeddable":true,"href":"https:\/\/www2.unifap.br\/ccomputacao\/wp-json\/wp\/v2\/users\/757"}],"replies":[{"embeddable":true,"href":"https:\/\/www2.unifap.br\/ccomputacao\/wp-json\/wp\/v2\/comments?post=1502"}],"version-history":[{"count":11,"href":"https:\/\/www2.unifap.br\/ccomputacao\/wp-json\/wp\/v2\/pages\/1502\/revisions"}],"predecessor-version":[{"id":2810,"href":"https:\/\/www2.unifap.br\/ccomputacao\/wp-json\/wp\/v2\/pages\/1502\/revisions\/2810"}],"up":[{"embeddable":true,"href":"https:\/\/www2.unifap.br\/ccomputacao\/wp-json\/wp\/v2\/pages\/1419"}],"wp:attachment":[{"href":"https:\/\/www2.unifap.br\/ccomputacao\/wp-json\/wp\/v2\/media?parent=1502"}],"curies":[{"name":"wp","href":"https:\/\/api.w.org\/{rel}","templated":true}]}}