{"id":1820,"date":"2019-07-04T13:24:27","date_gmt":"2019-07-04T13:24:27","guid":{"rendered":"http:\/\/www2.unifap.br\/ccomputacao\/?page_id=1820"},"modified":"2023-08-01T13:53:40","modified_gmt":"2023-08-01T13:53:40","slug":"o-curso","status":"publish","type":"page","link":"https:\/\/www2.unifap.br\/ccomputacao\/o-curso\/","title":{"rendered":"Apresenta\u00e7\u00e3o"},"content":{"rendered":"\t\t<div data-elementor-type=\"wp-post\" data-elementor-id=\"1820\" class=\"elementor elementor-1820\">\n\t\t\t\t\t\t<section class=\"elementor-section elementor-top-section elementor-element elementor-element-7efb8d5 elementor-section-boxed elementor-section-height-default elementor-section-height-default\" data-id=\"7efb8d5\" data-element_type=\"section\" data-e-type=\"section\">\n\t\t\t\t\t\t<div class=\"elementor-container elementor-column-gap-default\">\n\t\t\t\t\t<div class=\"elementor-column elementor-col-100 elementor-top-column elementor-element elementor-element-268b09b\" data-id=\"268b09b\" data-element_type=\"column\" data-e-type=\"column\">\n\t\t\t<div class=\"elementor-widget-wrap elementor-element-populated\">\n\t\t\t\t\t\t<div class=\"elementor-element elementor-element-ca12c2f elementor-widget elementor-widget-heading\" data-id=\"ca12c2f\" data-element_type=\"widget\" data-e-type=\"widget\" data-widget_type=\"heading.default\">\n\t\t\t\t<div class=\"elementor-widget-container\">\n\t\t\t\t\t<h1 class=\"elementor-heading-title elementor-size-default\">Conhe\u00e7a o curso de Ci\u00eancia da Computa\u00e7\u00e3o<\/h1>\t\t\t\t<\/div>\n\t\t\t\t<\/div>\n\t\t\t\t\t<\/div>\n\t\t<\/div>\n\t\t\t\t\t<\/div>\n\t\t<\/section>\n\t\t\t\t<section class=\"elementor-section elementor-top-section elementor-element elementor-element-301848a elementor-section-boxed elementor-section-height-default elementor-section-height-default\" data-id=\"301848a\" data-element_type=\"section\" data-e-type=\"section\">\n\t\t\t\t\t\t<div class=\"elementor-container elementor-column-gap-default\">\n\t\t\t\t\t<div class=\"elementor-column elementor-col-100 elementor-top-column elementor-element elementor-element-9a66b88\" data-id=\"9a66b88\" data-element_type=\"column\" data-e-type=\"column\">\n\t\t\t<div class=\"elementor-widget-wrap elementor-element-populated\">\n\t\t\t\t\t\t<div class=\"elementor-element elementor-element-d538334 elementor-widget elementor-widget-text-editor\" data-id=\"d538334\" data-element_type=\"widget\" data-e-type=\"widget\" data-widget_type=\"text-editor.default\">\n\t\t\t\t<div class=\"elementor-widget-container\">\n\t\t\t\t\t\t\t\t\t<p>O curso tem por objetivo a forma\u00e7\u00e3o te\u00f3rica e pr\u00e1tica em computa\u00e7\u00e3o, a fim de preparar adequadamente os seus alunos para atuar nos diversos setores de inform\u00e1tica, conseguindo acompanhar suas evolu\u00e7\u00f5es tanto na \u00e1rea acad\u00eamica e de pesquisa, quanto em empresas de pequeno, m\u00e9dio e grande porte. A forma\u00e7\u00e3o do discente abrange a compreens\u00e3o do campo cient\u00edfico da computa\u00e7\u00e3o, buscando a sua aplica\u00e7\u00e3o na solu\u00e7\u00e3o de problemas da sociedade e no desenvolvimento de conhecimento e tecnologias que permitam a evolu\u00e7\u00e3o da computa\u00e7\u00e3o.<\/p><p>O curso garante uma forma\u00e7\u00e3o b\u00e1sica, habilitando os discentes a ganharem compet\u00eancias e poder seguir com efetividade o curso nas mat\u00e9rias das \u00e1reas de conhecimento espec\u00edficas da computa\u00e7\u00e3o de acordo com o perfil desejado pelo aluno. A forma\u00e7\u00e3o abranger\u00e1 tamb\u00e9m o estudo dos aspectos profissionais, \u00e9ticos e sociais da computa\u00e7\u00e3o e de outras \u00e1reas do conhecimento, como, por exemplo, matem\u00e1tica, f\u00edsica, filosofia, administra\u00e7\u00e3o e direito, tal como recomendado nas diretrizes propostas pela Comiss\u00e3o de Especialistas em Educa\u00e7\u00e3o em Computa\u00e7\u00e3o e Inform\u00e1tica (CEEInf) do Minist\u00e9rio da Educa\u00e7\u00e3o.<\/p>\t\t\t\t\t\t\t\t<\/div>\n\t\t\t\t<\/div>\n\t\t\t\t\t<\/div>\n\t\t<\/div>\n\t\t\t\t\t<\/div>\n\t\t<\/section>\n\t\t\t\t<section class=\"elementor-section elementor-top-section elementor-element elementor-element-1dcf234 elementor-section-boxed elementor-section-height-default elementor-section-height-default\" data-id=\"1dcf234\" data-element_type=\"section\" data-e-type=\"section\">\n\t\t\t\t\t\t<div class=\"elementor-container elementor-column-gap-default\">\n\t\t\t\t\t<div class=\"elementor-column elementor-col-100 elementor-top-column elementor-element elementor-element-264fb9f\" data-id=\"264fb9f\" data-element_type=\"column\" data-e-type=\"column\">\n\t\t\t<div class=\"elementor-widget-wrap elementor-element-populated\">\n\t\t\t\t\t\t<div class=\"elementor-element elementor-element-ccf2ee0 elementor-widget elementor-widget-image\" data-id=\"ccf2ee0\" data-element_type=\"widget\" data-e-type=\"widget\" data-widget_type=\"image.default\">\n\t\t\t\t<div class=\"elementor-widget-container\">\n\t\t\t\t\t\t\t\t\t\t\t\t\t\t\t<img fetchpriority=\"high\" decoding=\"async\" width=\"1024\" height=\"348\" src=\"https:\/\/www2.unifap.br\/ccomputacao\/files\/2019\/07\/cropped-IMG_20190703_180609-1024x348.jpg\" class=\"attachment-large size-large wp-image-2709\" alt=\"\" srcset=\"https:\/\/www2.unifap.br\/ccomputacao\/files\/2019\/07\/cropped-IMG_20190703_180609-1024x348.jpg 1024w, https:\/\/www2.unifap.br\/ccomputacao\/files\/2019\/07\/cropped-IMG_20190703_180609-300x102.jpg 300w, https:\/\/www2.unifap.br\/ccomputacao\/files\/2019\/07\/cropped-IMG_20190703_180609-768x261.jpg 768w, https:\/\/www2.unifap.br\/ccomputacao\/files\/2019\/07\/cropped-IMG_20190703_180609-1536x522.jpg 1536w, https:\/\/www2.unifap.br\/ccomputacao\/files\/2019\/07\/cropped-IMG_20190703_180609.jpg 2000w\" sizes=\"(max-width: 1024px) 100vw, 1024px\" \/>\t\t\t\t\t\t\t\t\t\t\t\t\t\t\t<\/div>\n\t\t\t\t<\/div>\n\t\t\t\t\t<\/div>\n\t\t<\/div>\n\t\t\t\t\t<\/div>\n\t\t<\/section>\n\t\t\t\t<section class=\"elementor-section elementor-top-section elementor-element elementor-element-7b6b16b2 elementor-section-boxed elementor-section-height-default elementor-section-height-default\" data-id=\"7b6b16b2\" data-element_type=\"section\" data-e-type=\"section\">\n\t\t\t\t\t\t<div class=\"elementor-container elementor-column-gap-default\">\n\t\t\t\t\t<div class=\"elementor-column elementor-col-100 elementor-top-column elementor-element elementor-element-4c3456f6\" data-id=\"4c3456f6\" data-element_type=\"column\" data-e-type=\"column\">\n\t\t\t<div class=\"elementor-widget-wrap elementor-element-populated\">\n\t\t\t\t\t\t<div class=\"elementor-element elementor-element-310ea96 elementor-widget elementor-widget-text-editor\" data-id=\"310ea96\" data-element_type=\"widget\" data-e-type=\"widget\" data-widget_type=\"text-editor.default\">\n\t\t\t\t<div class=\"elementor-widget-container\">\n\t\t\t\t\t\t\t\t\t<p>Para tal, a matriz curricular do curso de Bacharelado em Ci\u00eancia da Computa\u00e7\u00e3o, contempla as diretrizes de forma\u00e7\u00e3o de recursos humanos em Computa\u00e7\u00e3o, estabelecidos pelo MEC\/SESu, que especifica caracter\u00edsticas pr\u00f3prias de forma\u00e7\u00e3o visando atender as necessidades da sociedade amapaense e brasileira. Segundo as diretrizes curriculares do MEC, t\u00eam como objetivo a forma\u00e7\u00e3o de recursos humanos para o desenvolvimento cient\u00edfico e tecnol\u00f3gico da \u00e1rea de Computa\u00e7\u00e3o.<\/p><p>Nesta realidade, o curso j\u00e1 nasce com a demanda de projetos de pesquisa e extens\u00e3o existentes na UNIFAP, como o Laborat\u00f3rio de Inclus\u00e3o Digital e Engenharia de Software, o ponto de presen\u00e7a da RNP, e outros existentes pelos cursos da Unidade Acad\u00eamica de Ci\u00eancias Exatas e Tecnol\u00f3gicas e do Departamento de Inform\u00e1tica, que demandam por profissionais e discentes da \u00e1rea de computa\u00e7\u00e3o para fortalecer o desenvolvimento de suas atividades.<\/p>\t\t\t\t\t\t\t\t<\/div>\n\t\t\t\t<\/div>\n\t\t\t\t\t<\/div>\n\t\t<\/div>\n\t\t\t\t\t<\/div>\n\t\t<\/section>\n\t\t\t\t<\/div>\n\t\t","protected":false},"excerpt":{"rendered":"<p>Conhe\u00e7a o curso de Ci\u00eancia da Computa\u00e7\u00e3o O curso tem por objetivo a forma\u00e7\u00e3o te\u00f3rica e pr\u00e1tica em computa\u00e7\u00e3o, a fim de preparar adequadamente os seus alunos para atuar nos diversos setores de inform\u00e1tica, conseguindo acompanhar suas evolu\u00e7\u00f5es tanto na \u00e1rea acad\u00eamica e de pesquisa, quanto em empresas de pequeno, m\u00e9dio e grande porte. A&#8230;<\/p>\n","protected":false},"author":757,"featured_media":0,"parent":0,"menu_order":0,"comment_status":"closed","ping_status":"closed","template":"","meta":{"inline_featured_image":false,"ngg_post_thumbnail":0,"footnotes":""},"class_list":["post-1820","page","type-page","status-publish","hentry","entry"],"_links":{"self":[{"href":"https:\/\/www2.unifap.br\/ccomputacao\/wp-json\/wp\/v2\/pages\/1820","targetHints":{"allow":["GET"]}}],"collection":[{"href":"https:\/\/www2.unifap.br\/ccomputacao\/wp-json\/wp\/v2\/pages"}],"about":[{"href":"https:\/\/www2.unifap.br\/ccomputacao\/wp-json\/wp\/v2\/types\/page"}],"author":[{"embeddable":true,"href":"https:\/\/www2.unifap.br\/ccomputacao\/wp-json\/wp\/v2\/users\/757"}],"replies":[{"embeddable":true,"href":"https:\/\/www2.unifap.br\/ccomputacao\/wp-json\/wp\/v2\/comments?post=1820"}],"version-history":[{"count":23,"href":"https:\/\/www2.unifap.br\/ccomputacao\/wp-json\/wp\/v2\/pages\/1820\/revisions"}],"predecessor-version":[{"id":4324,"href":"https:\/\/www2.unifap.br\/ccomputacao\/wp-json\/wp\/v2\/pages\/1820\/revisions\/4324"}],"wp:attachment":[{"href":"https:\/\/www2.unifap.br\/ccomputacao\/wp-json\/wp\/v2\/media?parent=1820"}],"curies":[{"name":"wp","href":"https:\/\/api.w.org\/{rel}","templated":true}]}}