{"id":20,"date":"2013-11-22T01:34:35","date_gmt":"2013-11-22T01:34:35","guid":{"rendered":"http:\/\/www2.unifap.br\/ccomputacao\/?page_id=20"},"modified":"2019-09-19T13:33:18","modified_gmt":"2019-09-19T13:33:18","slug":"pesquisa-e-desenvolvimento","status":"publish","type":"page","link":"https:\/\/www2.unifap.br\/ccomputacao\/pesquisa-e-desenvolvimento\/","title":{"rendered":"Projetos"},"content":{"rendered":"<h1>Projetos<\/h1>\n<p><a title=\"Est\u00e1gio Supervisionado\" href=\"http:\/\/www2.unifap.br\/ccomputacao\/pesquisa-e-desenvolvimento\/estagio-obrigatorio\/\">Est\u00e1gio Supervisionado<\/a><\/p>\n<p><a href=\"http:\/\/www2.unifap.br\/ccomputacao\/pesquisa-e-desenvolvimento\/trabalhos-de-conclusao-de-curso\/\">Trabalhos de Conclus\u00e3o de Curso<\/a><\/p>\n<p><a title=\"Projetos de Pesquisa\" href=\"http:\/\/www2.unifap.br\/ccomputacao\/pesquisa-e-desenvolvimento\/projetos-de-pesquisa\/\">Projetos de Pesquisa<\/a><\/p>\n<p><a title=\"Extens\u00e3o\" href=\"http:\/\/www2.unifap.br\/ccomputacao\/pesquisa-e-desenvolvimento\/projetos-de-extensao\/\">Projetos de Extens\u00e3o<\/a><\/p>\n","protected":false},"excerpt":{"rendered":"<p>Projetos Est\u00e1gio Supervisionado Trabalhos de Conclus\u00e3o de Curso Projetos de Pesquisa Projetos de Extens\u00e3o<\/p>\n","protected":false},"author":352,"featured_media":0,"parent":0,"menu_order":7,"comment_status":"closed","ping_status":"closed","template":"","meta":{"inline_featured_image":false,"ngg_post_thumbnail":0,"footnotes":""},"class_list":["post-20","page","type-page","status-publish","hentry","entry"],"_links":{"self":[{"href":"https:\/\/www2.unifap.br\/ccomputacao\/wp-json\/wp\/v2\/pages\/20","targetHints":{"allow":["GET"]}}],"collection":[{"href":"https:\/\/www2.unifap.br\/ccomputacao\/wp-json\/wp\/v2\/pages"}],"about":[{"href":"https:\/\/www2.unifap.br\/ccomputacao\/wp-json\/wp\/v2\/types\/page"}],"author":[{"embeddable":true,"href":"https:\/\/www2.unifap.br\/ccomputacao\/wp-json\/wp\/v2\/users\/352"}],"replies":[{"embeddable":true,"href":"https:\/\/www2.unifap.br\/ccomputacao\/wp-json\/wp\/v2\/comments?post=20"}],"version-history":[{"count":10,"href":"https:\/\/www2.unifap.br\/ccomputacao\/wp-json\/wp\/v2\/pages\/20\/revisions"}],"predecessor-version":[{"id":2191,"href":"https:\/\/www2.unifap.br\/ccomputacao\/wp-json\/wp\/v2\/pages\/20\/revisions\/2191"}],"wp:attachment":[{"href":"https:\/\/www2.unifap.br\/ccomputacao\/wp-json\/wp\/v2\/media?parent=20"}],"curies":[{"name":"wp","href":"https:\/\/api.w.org\/{rel}","templated":true}]}}