{"id":2074,"date":"2019-08-15T12:43:04","date_gmt":"2019-08-15T12:43:04","guid":{"rendered":"http:\/\/www2.unifap.br\/ccomputacao\/?page_id=2074"},"modified":"2023-05-29T13:12:23","modified_gmt":"2023-05-29T13:12:23","slug":"requerimentos","status":"publish","type":"page","link":"https:\/\/www2.unifap.br\/ccomputacao\/requerimentos\/","title":{"rendered":"Requerimentos"},"content":{"rendered":"<h1>Requerimentos<\/h1>\n<p>Os requerimentos devem ser devidamente preenchidos e assinados e enviados ao email <a href=\"mailto:ccc@unifap.br\">ccc@unifap.br<\/a>.<\/p>\n<p>Obs:: caso n\u00e3o esteja conseguindo baixar algum arquivo, tente abrir o link do em outra aba.<\/p>\n<p><a href=\"https:\/\/www2.unifap.br\/ccomputacao\/files\/2023\/03\/SOLICITACAO-DE-APRESENTACAO-DE-PRE-PROJETO-E-PROJETO-DE-TCC.doc\">Requerimento de apresenta\u00e7\u00e3o de pr\u00e9-projeto e projeto de TCC<\/a><\/p>\n<p><a href=\"https:\/\/www2.unifap.br\/ccomputacao\/files\/2019\/08\/REQUERIMENTO-CR\u00c9DITO-OU-EQUIVAL\u00caNCIA-DE-DISCIPLINAS-3.docx\">Requerimento de cr\u00e9dito\/equival\u00eancia de disciplinas<\/a><\/p>\n<p><a href=\"https:\/\/www2.unifap.br\/ccomputacao\/files\/2023\/05\/AJUSTE-DE-MATRICULA.doc\">Requerimento ajuste de matr\u00edcula<\/a><\/p>\n<p><a href=\"https:\/\/www2.unifap.br\/ccomputacao\/files\/2019\/08\/REQUERIMENTO-DE-COLA\u00c7\u00c3O-DE-GRAU-1.docx\">Requerimento de cola\u00e7\u00e3o de grau<\/a><\/p>\n<p><a href=\"https:\/\/www2.unifap.br\/ccomputacao\/files\/2019\/08\/REQUERIMENTO-ABONO-JUSTIFICATIVA-DE-FALTAS.doc\">Requerimento de abono\/justificativa de faltas<\/a><\/p>\n<p><a href=\"https:\/\/www2.unifap.br\/ccomputacao\/atividades-complementares\/\">Ficha de registro de Atividade Complementar<\/a><\/p>\n<p><a href=\"https:\/\/www2.unifap.br\/ccomputacao\/pesquisa-e-desenvolvimento\/estagio-obrigatorio\/\">Termo de est\u00e1gio obrigat\u00f3rio e plano de est\u00e1gio<\/a><\/p>\n<p><a href=\"https:\/\/www2.unifap.br\/ccomputacao\/files\/2019\/09\/OUTRAS-SOLICITA\u00c7\u00d5ES-OU-ENTREGA-DE-DOCUMENTOS.doc\">Outras solicita\u00e7\u00f5es ou entrega de documentos<\/a><\/p>\n","protected":false},"excerpt":{"rendered":"<p>Requerimentos Os requerimentos devem ser devidamente preenchidos e assinados e enviados ao email ccc@unifap.br. Obs:: caso n\u00e3o esteja conseguindo baixar algum arquivo, tente abrir o link do em outra aba. Requerimento de apresenta\u00e7\u00e3o de pr\u00e9-projeto e projeto de TCC Requerimento de cr\u00e9dito\/equival\u00eancia de disciplinas Requerimento ajuste de matr\u00edcula Requerimento de cola\u00e7\u00e3o de grau Requerimento de&#8230;<\/p>\n","protected":false},"author":757,"featured_media":0,"parent":0,"menu_order":0,"comment_status":"closed","ping_status":"closed","template":"","meta":{"inline_featured_image":false,"ngg_post_thumbnail":0,"footnotes":""},"class_list":["post-2074","page","type-page","status-publish","hentry","entry"],"_links":{"self":[{"href":"https:\/\/www2.unifap.br\/ccomputacao\/wp-json\/wp\/v2\/pages\/2074","targetHints":{"allow":["GET"]}}],"collection":[{"href":"https:\/\/www2.unifap.br\/ccomputacao\/wp-json\/wp\/v2\/pages"}],"about":[{"href":"https:\/\/www2.unifap.br\/ccomputacao\/wp-json\/wp\/v2\/types\/page"}],"author":[{"embeddable":true,"href":"https:\/\/www2.unifap.br\/ccomputacao\/wp-json\/wp\/v2\/users\/757"}],"replies":[{"embeddable":true,"href":"https:\/\/www2.unifap.br\/ccomputacao\/wp-json\/wp\/v2\/comments?post=2074"}],"version-history":[{"count":38,"href":"https:\/\/www2.unifap.br\/ccomputacao\/wp-json\/wp\/v2\/pages\/2074\/revisions"}],"predecessor-version":[{"id":4002,"href":"https:\/\/www2.unifap.br\/ccomputacao\/wp-json\/wp\/v2\/pages\/2074\/revisions\/4002"}],"wp:attachment":[{"href":"https:\/\/www2.unifap.br\/ccomputacao\/wp-json\/wp\/v2\/media?parent=2074"}],"curies":[{"name":"wp","href":"https:\/\/api.w.org\/{rel}","templated":true}]}}