{"id":217,"date":"2014-08-28T21:10:29","date_gmt":"2014-08-28T21:10:29","guid":{"rendered":"http:\/\/www2.unifap.br\/ccomputacao\/?page_id=217"},"modified":"2022-07-13T19:10:16","modified_gmt":"2022-07-13T19:10:16","slug":"projetos-de-extensao","status":"publish","type":"page","link":"https:\/\/www2.unifap.br\/ccomputacao\/pesquisa-e-desenvolvimento\/projetos-de-extensao\/","title":{"rendered":"Projetos de Extens\u00e3o"},"content":{"rendered":"\t\t<div data-elementor-type=\"wp-page\" data-elementor-id=\"217\" class=\"elementor elementor-217\">\n\t\t\t\t\t\t<section class=\"elementor-section elementor-top-section elementor-element elementor-element-be02ced elementor-section-boxed elementor-section-height-default elementor-section-height-default elementor-invisible\" data-id=\"be02ced\" data-element_type=\"section\" data-e-type=\"section\" data-settings=\"{&quot;animation&quot;:&quot;fadeInUp&quot;}\">\n\t\t\t\t\t\t<div class=\"elementor-container elementor-column-gap-default\">\n\t\t\t\t\t<div class=\"elementor-column elementor-col-100 elementor-top-column elementor-element elementor-element-e962cdf\" data-id=\"e962cdf\" data-element_type=\"column\" data-e-type=\"column\">\n\t\t\t<div class=\"elementor-widget-wrap elementor-element-populated\">\n\t\t\t\t\t\t<div class=\"elementor-element elementor-element-3aaf957 elementor-widget elementor-widget-heading\" data-id=\"3aaf957\" data-element_type=\"widget\" data-e-type=\"widget\" data-widget_type=\"heading.default\">\n\t\t\t\t<div class=\"elementor-widget-container\">\n\t\t\t\t\t<h2 class=\"elementor-heading-title elementor-size-large\">PROJETOS DE EXTENS\u00c3O<\/h2>\t\t\t\t<\/div>\n\t\t\t\t<\/div>\n\t\t\t\t\t<\/div>\n\t\t<\/div>\n\t\t\t\t\t<\/div>\n\t\t<\/section>\n\t\t\t\t<section class=\"elementor-section elementor-top-section elementor-element elementor-element-47a5e4e elementor-section-boxed elementor-section-height-default elementor-section-height-default elementor-invisible\" data-id=\"47a5e4e\" data-element_type=\"section\" data-e-type=\"section\" data-settings=\"{&quot;animation&quot;:&quot;fadeInUp&quot;}\">\n\t\t\t\t\t\t<div class=\"elementor-container elementor-column-gap-default\">\n\t\t\t\t\t<div class=\"elementor-column elementor-col-100 elementor-top-column elementor-element elementor-element-478f63d\" data-id=\"478f63d\" data-element_type=\"column\" data-e-type=\"column\">\n\t\t\t<div class=\"elementor-widget-wrap elementor-element-populated\">\n\t\t\t\t\t\t<div class=\"elementor-element elementor-element-48ce16c elementor-widget elementor-widget-text-editor\" data-id=\"48ce16c\" data-element_type=\"widget\" data-e-type=\"widget\" data-widget_type=\"text-editor.default\">\n\t\t\t\t<div class=\"elementor-widget-container\">\n\t\t\t\t\t\t\t\t\t<p>A Extens\u00e3o na Educa\u00e7\u00e3o Superior Brasileira \u00e9 a atividade que se integra \u00e0 matriz curricular e \u00e0 organiza\u00e7\u00e3o da pesquisa, constituindo-se em processo interdisciplinar, pol\u00edtico educacional, cultural, cient\u00edfico, tecnol\u00f3gico, que promove a intera\u00e7\u00e3o transformadora entre as institui\u00e7\u00f5es de ensino superior e os outros setores da sociedade, por meio da produ\u00e7\u00e3o e da aplica\u00e7\u00e3o do conhecimento, em articula\u00e7\u00e3o permanente com o ensino e a pesquisa.<\/p>\t\t\t\t\t\t\t\t<\/div>\n\t\t\t\t<\/div>\n\t\t\t\t\t<\/div>\n\t\t<\/div>\n\t\t\t\t\t<\/div>\n\t\t<\/section>\n\t\t\t\t<section class=\"elementor-section elementor-top-section elementor-element elementor-element-f34fc85 elementor-section-boxed elementor-section-height-default elementor-section-height-default elementor-invisible\" data-id=\"f34fc85\" data-element_type=\"section\" data-e-type=\"section\" data-settings=\"{&quot;animation&quot;:&quot;fadeInUp&quot;}\">\n\t\t\t\t\t\t<div class=\"elementor-container elementor-column-gap-default\">\n\t\t\t\t\t<div class=\"elementor-column elementor-col-66 elementor-top-column elementor-element elementor-element-dfed19d\" data-id=\"dfed19d\" data-element_type=\"column\" data-e-type=\"column\">\n\t\t\t<div class=\"elementor-widget-wrap elementor-element-populated\">\n\t\t\t\t\t\t<div class=\"elementor-element elementor-element-d549a7b elementor-widget elementor-widget-heading\" data-id=\"d549a7b\" data-element_type=\"widget\" data-e-type=\"widget\" data-widget_type=\"heading.default\">\n\t\t\t\t<div class=\"elementor-widget-container\">\n\t\t\t\t\t<h2 class=\"elementor-heading-title elementor-size-medium\">Programa\u00e7\u00e3o na escola<\/h2>\t\t\t\t<\/div>\n\t\t\t\t<\/div>\n\t\t\t\t<div class=\"elementor-element elementor-element-01977f2 elementor-widget elementor-widget-text-editor\" data-id=\"01977f2\" data-element_type=\"widget\" data-e-type=\"widget\" data-widget_type=\"text-editor.default\">\n\t\t\t\t<div class=\"elementor-widget-container\">\n\t\t\t\t\t\t\t\t\t<p>Projeto Programa\u00e7\u00e3o na Escola busca levar o ensino de linguagem de programa\u00e7\u00e3o de computadores para alunos de escolas p\u00fablicas do estado do Amap\u00e1. Por meio de um ensino l\u00fadico, interativo e de uma linguagem acess\u00edvel, onde professores e alunos aprender\u00e3o com facilidade os principais conceitos de l\u00f3gica de programa\u00e7\u00e3o, sendo esta a base para se ter dom\u00ednio em uma linguagem espec\u00edfica de programa\u00e7\u00e3o.<\/p><p><strong>Coordenador:<\/strong> Professor Adeildo. <a href=\"http:\/\/www2.unifap.br\/programacaonaescola\/\" target=\"_blank\" rel=\"noopener noreferrer\">Saiba mais o projeto<\/a><\/p>\t\t\t\t\t\t\t\t<\/div>\n\t\t\t\t<\/div>\n\t\t\t\t\t<\/div>\n\t\t<\/div>\n\t\t\t\t<div class=\"elementor-column elementor-col-33 elementor-top-column elementor-element elementor-element-c1383ad\" data-id=\"c1383ad\" data-element_type=\"column\" data-e-type=\"column\">\n\t\t\t<div class=\"elementor-widget-wrap elementor-element-populated\">\n\t\t\t\t\t\t<div class=\"elementor-element elementor-element-2d1c322 elementor-widget elementor-widget-image\" data-id=\"2d1c322\" data-element_type=\"widget\" data-e-type=\"widget\" data-widget_type=\"image.default\">\n\t\t\t\t<div class=\"elementor-widget-container\">\n\t\t\t\t\t\t\t\t\t\t\t\t\t\t\t<img fetchpriority=\"high\" decoding=\"async\" width=\"300\" height=\"300\" src=\"https:\/\/www2.unifap.br\/ccomputacao\/files\/2022\/07\/Design-sem-nome.png\" class=\"attachment-medium size-medium wp-image-3210\" alt=\"\" \/>\t\t\t\t\t\t\t\t\t\t\t\t\t\t\t<\/div>\n\t\t\t\t<\/div>\n\t\t\t\t\t<\/div>\n\t\t<\/div>\n\t\t\t\t\t<\/div>\n\t\t<\/section>\n\t\t\t\t<section class=\"elementor-section elementor-top-section elementor-element elementor-element-5f2a8b2 elementor-section-boxed elementor-section-height-default elementor-section-height-default elementor-invisible\" data-id=\"5f2a8b2\" data-element_type=\"section\" data-e-type=\"section\" data-settings=\"{&quot;animation&quot;:&quot;fadeInUp&quot;}\">\n\t\t\t\t\t\t<div class=\"elementor-container elementor-column-gap-default\">\n\t\t\t\t\t<div class=\"elementor-column elementor-col-33 elementor-top-column elementor-element elementor-element-22c0e0f\" data-id=\"22c0e0f\" data-element_type=\"column\" data-e-type=\"column\">\n\t\t\t<div class=\"elementor-widget-wrap elementor-element-populated\">\n\t\t\t\t\t\t<div class=\"elementor-element elementor-element-bfdd685 elementor-widget elementor-widget-image\" data-id=\"bfdd685\" data-element_type=\"widget\" data-e-type=\"widget\" data-widget_type=\"image.default\">\n\t\t\t\t<div class=\"elementor-widget-container\">\n\t\t\t\t\t\t\t\t\t\t\t\t\t\t\t<img decoding=\"async\" width=\"300\" height=\"275\" src=\"https:\/\/www2.unifap.br\/ccomputacao\/files\/2019\/08\/WhatsApp-Image-2019-08-30-at-23.51.02-300x275.jpeg\" class=\"attachment-medium size-medium wp-image-2154\" alt=\"\" srcset=\"https:\/\/www2.unifap.br\/ccomputacao\/files\/2019\/08\/WhatsApp-Image-2019-08-30-at-23.51.02-300x275.jpeg 300w, https:\/\/www2.unifap.br\/ccomputacao\/files\/2019\/08\/WhatsApp-Image-2019-08-30-at-23.51.02-768x705.jpeg 768w, https:\/\/www2.unifap.br\/ccomputacao\/files\/2019\/08\/WhatsApp-Image-2019-08-30-at-23.51.02-1024x940.jpeg 1024w, https:\/\/www2.unifap.br\/ccomputacao\/files\/2019\/08\/WhatsApp-Image-2019-08-30-at-23.51.02.jpeg 1142w\" sizes=\"(max-width: 300px) 100vw, 300px\" \/>\t\t\t\t\t\t\t\t\t\t\t\t\t\t\t<\/div>\n\t\t\t\t<\/div>\n\t\t\t\t\t<\/div>\n\t\t<\/div>\n\t\t\t\t<div class=\"elementor-column elementor-col-66 elementor-top-column elementor-element elementor-element-2be50ce\" data-id=\"2be50ce\" data-element_type=\"column\" data-e-type=\"column\">\n\t\t\t<div class=\"elementor-widget-wrap elementor-element-populated\">\n\t\t\t\t\t\t<div class=\"elementor-element elementor-element-69277eb elementor-widget elementor-widget-heading\" data-id=\"69277eb\" data-element_type=\"widget\" data-e-type=\"widget\" data-widget_type=\"heading.default\">\n\t\t\t\t<div class=\"elementor-widget-container\">\n\t\t\t\t\t<h2 class=\"elementor-heading-title elementor-size-medium\">Meninas na computa\u00e7\u00e3o<\/h2>\t\t\t\t<\/div>\n\t\t\t\t<\/div>\n\t\t\t\t<div class=\"elementor-element elementor-element-ab9d6b6 elementor-widget elementor-widget-text-editor\" data-id=\"ab9d6b6\" data-element_type=\"widget\" data-e-type=\"widget\" data-widget_type=\"text-editor.default\">\n\t\t\t\t<div class=\"elementor-widget-container\">\n\t\t\t\t\t\t\t\t\t<p>Meninas na Computa\u00e7\u00e3o \u00e9 um projeto de extens\u00e3o da Universidade Federal do Amap\u00e1 (UNIFAP) que nasceu em setembro de 2018, e \u00e9 voltado ao incentivo para que mulheres ingressem e permane\u00e7am nos cursos da \u00e1rea da computa\u00e7\u00e3o. Para este prop\u00f3sito, o projeto realiza eventos abertos \u00e0 comunidade e oficinas para ensinar sobre as bases da gradua\u00e7\u00e3o de computa\u00e7\u00e3o, saiba mais <a href=\"https:\/\/www2.unifap.br\/meninasnacomputacao\/\">clicando aqui<\/a>.<\/p><p><strong>Coordenadora:<\/strong> Professora Patr\u00edcia Ara\u00fajo.<\/p>\t\t\t\t\t\t\t\t<\/div>\n\t\t\t\t<\/div>\n\t\t\t\t\t<\/div>\n\t\t<\/div>\n\t\t\t\t\t<\/div>\n\t\t<\/section>\n\t\t\t\t<\/div>\n\t\t","protected":false},"excerpt":{"rendered":"<p>PROJETOS DE EXTENS\u00c3O A Extens\u00e3o na Educa\u00e7\u00e3o Superior Brasileira \u00e9 a atividade que se integra \u00e0 matriz curricular e \u00e0 organiza\u00e7\u00e3o da pesquisa, constituindo-se em processo interdisciplinar, pol\u00edtico educacional, cultural, cient\u00edfico, tecnol\u00f3gico, que promove a intera\u00e7\u00e3o transformadora entre as institui\u00e7\u00f5es de ensino superior e os outros setores da sociedade, por meio da produ\u00e7\u00e3o e da&#8230;<\/p>\n","protected":false},"author":352,"featured_media":0,"parent":20,"menu_order":3,"comment_status":"closed","ping_status":"open","template":"","meta":{"inline_featured_image":false,"ngg_post_thumbnail":0,"footnotes":""},"class_list":["post-217","page","type-page","status-publish","hentry","entry"],"_links":{"self":[{"href":"https:\/\/www2.unifap.br\/ccomputacao\/wp-json\/wp\/v2\/pages\/217","targetHints":{"allow":["GET"]}}],"collection":[{"href":"https:\/\/www2.unifap.br\/ccomputacao\/wp-json\/wp\/v2\/pages"}],"about":[{"href":"https:\/\/www2.unifap.br\/ccomputacao\/wp-json\/wp\/v2\/types\/page"}],"author":[{"embeddable":true,"href":"https:\/\/www2.unifap.br\/ccomputacao\/wp-json\/wp\/v2\/users\/352"}],"replies":[{"embeddable":true,"href":"https:\/\/www2.unifap.br\/ccomputacao\/wp-json\/wp\/v2\/comments?post=217"}],"version-history":[{"count":22,"href":"https:\/\/www2.unifap.br\/ccomputacao\/wp-json\/wp\/v2\/pages\/217\/revisions"}],"predecessor-version":[{"id":3219,"href":"https:\/\/www2.unifap.br\/ccomputacao\/wp-json\/wp\/v2\/pages\/217\/revisions\/3219"}],"up":[{"embeddable":true,"href":"https:\/\/www2.unifap.br\/ccomputacao\/wp-json\/wp\/v2\/pages\/20"}],"wp:attachment":[{"href":"https:\/\/www2.unifap.br\/ccomputacao\/wp-json\/wp\/v2\/media?parent=217"}],"curies":[{"name":"wp","href":"https:\/\/api.w.org\/{rel}","templated":true}]}}