{"id":2175,"date":"2019-09-17T15:07:47","date_gmt":"2019-09-17T15:07:47","guid":{"rendered":"http:\/\/www2.unifap.br\/ccomputacao\/?page_id=2175"},"modified":"2023-07-14T14:12:39","modified_gmt":"2023-07-14T14:12:39","slug":"coordenacao","status":"publish","type":"page","link":"https:\/\/www2.unifap.br\/ccomputacao\/coordenacao\/","title":{"rendered":"Coordena\u00e7\u00e3o"},"content":{"rendered":"\t\t<div data-elementor-type=\"wp-page\" data-elementor-id=\"2175\" class=\"elementor elementor-2175\">\n\t\t\t\t\t\t<section class=\"elementor-section elementor-top-section elementor-element elementor-element-1c1703e7 elementor-section-boxed elementor-section-height-default elementor-section-height-default\" data-id=\"1c1703e7\" data-element_type=\"section\" data-e-type=\"section\">\n\t\t\t\t\t\t<div class=\"elementor-container elementor-column-gap-default\">\n\t\t\t\t\t<div class=\"elementor-column elementor-col-100 elementor-top-column elementor-element elementor-element-24aa457a\" data-id=\"24aa457a\" data-element_type=\"column\" data-e-type=\"column\">\n\t\t\t<div class=\"elementor-widget-wrap elementor-element-populated\">\n\t\t\t\t\t\t<div class=\"elementor-element elementor-element-15b5799a elementor-widget elementor-widget-text-editor\" data-id=\"15b5799a\" data-element_type=\"widget\" data-e-type=\"widget\" data-widget_type=\"text-editor.default\">\n\t\t\t\t<div class=\"elementor-widget-container\">\n\t\t\t\t\t\t\t\t\t<h1>Coordena\u00e7\u00e3o<\/h1><p><a href=\"http:\/\/www2.unifap.br\/ccomputacao\/organizacao-do-curso\/\">Organiza\u00e7\u00e3o do Curso<\/a><\/p><p><a href=\"https:\/\/www2.unifap.br\/ccomputacao\/docentes\/\">Docentes<\/a><\/p><p><a href=\"http:\/\/www2.unifap.br\/ccomputacao\/organizacao-do-curso\/comissoes-de-apoio\/\">Comiss\u00f5es de Apoio<\/a><\/p><p><a href=\"http:\/\/www2.unifap.br\/ccomputacao\/organizacao-do-curso\/resolucoes-e-regimentos\/\">Resolu\u00e7\u00f5es e Regimentos<\/a><\/p><p><a href=\"http:\/\/www2.unifap.br\/ccomputacao\/organizacao-do-curso\/atas\/\">Atas de Reuni\u00e3o<\/a><\/p><p><a href=\"http:\/\/www2.unifap.br\/ccomputacao\/organizacao-do-curso\/laboratorios\/\">Laborat\u00f3rios<\/a><\/p><p><a href=\"http:\/\/www2.unifap.br\/ccomputacao\/atividades\/\">Atividades<\/a><\/p>\t\t\t\t\t\t\t\t<\/div>\n\t\t\t\t<\/div>\n\t\t\t\t\t<\/div>\n\t\t<\/div>\n\t\t\t\t\t<\/div>\n\t\t<\/section>\n\t\t\t\t<\/div>\n\t\t","protected":false},"excerpt":{"rendered":"<p>Coordena\u00e7\u00e3o Organiza\u00e7\u00e3o do Curso Docentes Comiss\u00f5es de Apoio Resolu\u00e7\u00f5es e Regimentos Atas de Reuni\u00e3o Laborat\u00f3rios Atividades<\/p>\n","protected":false},"author":757,"featured_media":0,"parent":0,"menu_order":0,"comment_status":"closed","ping_status":"closed","template":"","meta":{"inline_featured_image":false,"ngg_post_thumbnail":0,"footnotes":""},"class_list":["post-2175","page","type-page","status-publish","hentry","entry"],"_links":{"self":[{"href":"https:\/\/www2.unifap.br\/ccomputacao\/wp-json\/wp\/v2\/pages\/2175","targetHints":{"allow":["GET"]}}],"collection":[{"href":"https:\/\/www2.unifap.br\/ccomputacao\/wp-json\/wp\/v2\/pages"}],"about":[{"href":"https:\/\/www2.unifap.br\/ccomputacao\/wp-json\/wp\/v2\/types\/page"}],"author":[{"embeddable":true,"href":"https:\/\/www2.unifap.br\/ccomputacao\/wp-json\/wp\/v2\/users\/757"}],"replies":[{"embeddable":true,"href":"https:\/\/www2.unifap.br\/ccomputacao\/wp-json\/wp\/v2\/comments?post=2175"}],"version-history":[{"count":6,"href":"https:\/\/www2.unifap.br\/ccomputacao\/wp-json\/wp\/v2\/pages\/2175\/revisions"}],"predecessor-version":[{"id":4282,"href":"https:\/\/www2.unifap.br\/ccomputacao\/wp-json\/wp\/v2\/pages\/2175\/revisions\/4282"}],"wp:attachment":[{"href":"https:\/\/www2.unifap.br\/ccomputacao\/wp-json\/wp\/v2\/media?parent=2175"}],"curies":[{"name":"wp","href":"https:\/\/api.w.org\/{rel}","templated":true}]}}