{"id":2556,"date":"2020-08-11T16:29:39","date_gmt":"2020-08-11T16:29:39","guid":{"rendered":"http:\/\/www2.unifap.br\/ccomputacao\/?page_id=2556"},"modified":"2021-06-14T15:34:25","modified_gmt":"2021-06-14T15:34:25","slug":"eventos-2020","status":"publish","type":"page","link":"https:\/\/www2.unifap.br\/ccomputacao\/eventos-2020\/","title":{"rendered":"Eventos 2020"},"content":{"rendered":"<h1>Eventos 2020<\/h1>\n<p>Informamos que para solicitar a corre\u00e7\u00e3o de certificados o participante deve enviar um requerimento para a Coordena\u00e7\u00e3o de Ci\u00eancia da Computa\u00e7\u00e3o atrav\u00e9s do endere\u00e7o de email <a href=\"mailto:ccc@unifap.br\">ccc@unifap.br<\/a><\/p>\n<hr>\n<p><a href=\"https:\/\/www2.unifap.br\/ccomputacao\/webinar-jogos-digitais-com-exemplos-praticos\/\">Webinar: O uso de diferentes t\u00e9cnicas e suas possibilidades no desenvolvimentismo de jogos digitais com exemplos pr\u00e1ticos<\/a><\/p>\n","protected":false},"excerpt":{"rendered":"<p>Eventos 2020 Informamos que para solicitar a corre\u00e7\u00e3o de certificados o participante deve enviar um requerimento para a Coordena\u00e7\u00e3o de Ci\u00eancia da Computa\u00e7\u00e3o atrav\u00e9s do endere\u00e7o de email ccc@unifap.br Webinar: O uso de diferentes t\u00e9cnicas e suas possibilidades no desenvolvimentismo de jogos digitais com exemplos pr\u00e1ticos<\/p>\n","protected":false},"author":757,"featured_media":0,"parent":0,"menu_order":0,"comment_status":"closed","ping_status":"closed","template":"","meta":{"inline_featured_image":false,"ngg_post_thumbnail":0,"footnotes":""},"class_list":["post-2556","page","type-page","status-publish","hentry","entry"],"_links":{"self":[{"href":"https:\/\/www2.unifap.br\/ccomputacao\/wp-json\/wp\/v2\/pages\/2556","targetHints":{"allow":["GET"]}}],"collection":[{"href":"https:\/\/www2.unifap.br\/ccomputacao\/wp-json\/wp\/v2\/pages"}],"about":[{"href":"https:\/\/www2.unifap.br\/ccomputacao\/wp-json\/wp\/v2\/types\/page"}],"author":[{"embeddable":true,"href":"https:\/\/www2.unifap.br\/ccomputacao\/wp-json\/wp\/v2\/users\/757"}],"replies":[{"embeddable":true,"href":"https:\/\/www2.unifap.br\/ccomputacao\/wp-json\/wp\/v2\/comments?post=2556"}],"version-history":[{"count":8,"href":"https:\/\/www2.unifap.br\/ccomputacao\/wp-json\/wp\/v2\/pages\/2556\/revisions"}],"predecessor-version":[{"id":2819,"href":"https:\/\/www2.unifap.br\/ccomputacao\/wp-json\/wp\/v2\/pages\/2556\/revisions\/2819"}],"wp:attachment":[{"href":"https:\/\/www2.unifap.br\/ccomputacao\/wp-json\/wp\/v2\/media?parent=2556"}],"curies":[{"name":"wp","href":"https:\/\/api.w.org\/{rel}","templated":true}]}}