{"id":2563,"date":"2020-08-11T19:04:05","date_gmt":"2020-08-11T19:04:05","guid":{"rendered":"http:\/\/www2.unifap.br\/ccomputacao\/?page_id=2563"},"modified":"2021-06-14T15:30:38","modified_gmt":"2021-06-14T15:30:38","slug":"webinar-jogos-digitais-com-exemplos-praticos","status":"publish","type":"page","link":"https:\/\/www2.unifap.br\/ccomputacao\/webinar-jogos-digitais-com-exemplos-praticos\/","title":{"rendered":"Webinar: O uso de diferentes t\u00e9cnicas e suas possibilidades no desenvolvimentismo de jogos digitais com exemplos pr\u00e1ticos"},"content":{"rendered":"<h1>Webinar: O uso de diferentes t\u00e9cnicas e suas possibilidades no desenvolvimentismo de jogos digitais com exemplos pr\u00e1ticos<\/h1>\n<p>Informamos que para solicitar a corre\u00e7\u00e3o de certificados o participante deve enviar um requerimento para a Coordena\u00e7\u00e3o de Ci\u00eancia da Computa\u00e7\u00e3o atrav\u00e9s do endere\u00e7o de email <a href=\"mailto:ccc@unifap.br\">ccc@unifap.br<\/a><\/p>\n<hr>\n<h2>Certificados<\/h2>\n<p><a href=\"https:\/\/drive.google.com\/drive\/folders\/1n-38CS_Bn2yG3KqlcT3nxoEiTe2V_LUK?usp=sharing\">Ouvintes<\/a><\/p>\n<p><a href=\"https:\/\/drive.google.com\/drive\/folders\/1GoudhPj2aUwkPt_f2moF4PV4SFvn-OYj?usp=sharing\">Palestrante<\/a><\/p>\n","protected":false},"excerpt":{"rendered":"<p>Webinar: O uso de diferentes t\u00e9cnicas e suas possibilidades no desenvolvimentismo de jogos digitais com exemplos pr\u00e1ticos Informamos que para solicitar a corre\u00e7\u00e3o de certificados o participante deve enviar um requerimento para a Coordena\u00e7\u00e3o de Ci\u00eancia da Computa\u00e7\u00e3o atrav\u00e9s do endere\u00e7o de email ccc@unifap.br Certificados Ouvintes Palestrante<\/p>\n","protected":false},"author":757,"featured_media":0,"parent":0,"menu_order":0,"comment_status":"closed","ping_status":"closed","template":"","meta":{"inline_featured_image":false,"ngg_post_thumbnail":0,"footnotes":""},"class_list":["post-2563","page","type-page","status-publish","hentry","entry"],"_links":{"self":[{"href":"https:\/\/www2.unifap.br\/ccomputacao\/wp-json\/wp\/v2\/pages\/2563","targetHints":{"allow":["GET"]}}],"collection":[{"href":"https:\/\/www2.unifap.br\/ccomputacao\/wp-json\/wp\/v2\/pages"}],"about":[{"href":"https:\/\/www2.unifap.br\/ccomputacao\/wp-json\/wp\/v2\/types\/page"}],"author":[{"embeddable":true,"href":"https:\/\/www2.unifap.br\/ccomputacao\/wp-json\/wp\/v2\/users\/757"}],"replies":[{"embeddable":true,"href":"https:\/\/www2.unifap.br\/ccomputacao\/wp-json\/wp\/v2\/comments?post=2563"}],"version-history":[{"count":7,"href":"https:\/\/www2.unifap.br\/ccomputacao\/wp-json\/wp\/v2\/pages\/2563\/revisions"}],"predecessor-version":[{"id":2816,"href":"https:\/\/www2.unifap.br\/ccomputacao\/wp-json\/wp\/v2\/pages\/2563\/revisions\/2816"}],"wp:attachment":[{"href":"https:\/\/www2.unifap.br\/ccomputacao\/wp-json\/wp\/v2\/media?parent=2563"}],"curies":[{"name":"wp","href":"https:\/\/api.w.org\/{rel}","templated":true}]}}