{"id":2633,"date":"2021-01-29T17:37:53","date_gmt":"2021-01-29T17:37:53","guid":{"rendered":"http:\/\/www2.unifap.br\/ccomputacao\/?page_id=2633"},"modified":"2021-01-29T17:48:20","modified_gmt":"2021-01-29T17:48:20","slug":"projeto-de-pesquisa-smart-campus-unifap","status":"publish","type":"page","link":"https:\/\/www2.unifap.br\/ccomputacao\/projeto-de-pesquisa-smart-campus-unifap\/","title":{"rendered":"Projeto de pesquisa: Smart Campus UNIFAP"},"content":{"rendered":"<h1>Projeto de pesquisa: Smart Campus UNIFAP<\/h1>\n<p>C\u00f3digo: PVC1104-2020<\/p>\n<p>Resumo: Cidades Inteligentes (Smart Cities) podem ser definidas como aquelas onde se implementam solu\u00e7\u00f5es para melhoria da qualidade de vida dos cidad\u00e3os. Para isso, proporciona-se o estabelecimento de sistemas integrados de Tecnologias da Informa\u00e7\u00e3o e Comunica\u00e7\u00e3o (TICs) como mecanismo para compartilhamento de informa\u00e7\u00f5es e fornecimento de servi\u00e7os. Nesse sentido, um Campus Inteligente (Smart Campus) \u00e9 um espa\u00e7o onde o uso de TICs auxilia na qualidade e no desempenho dos servi\u00e7os em um Campus Universit\u00e1rio, podendo reduzir custos e auxiliar no consumo de recursos. O projeto Smart Campus UNIFAP visa, portanto, promover o desenvolvimento de diferentes solu\u00e7\u00f5es tecnol\u00f3gicas que facilitem o cotidiano da comunidade, tanto acad\u00eamica como externa. Considerando as seis dimens\u00f5es propostas por Giffinger <em>et. al<\/em>. (2007) para medir intelig\u00eancia nas cidades (Economia Inteligente, Popula\u00e7\u00e3o Inteligente, Governan\u00e7a Inteligente, Mobilidade Inteligente e Meio Ambiente Inteligente) este projeto de pesquisa busca entender quais as dificuldades e desafios para implementar solu\u00e7\u00f5es de Cidade Inteligentes no Campus Marco Zero da Universidade Federal do Amap\u00e1 (Unifap) para, assim, propor solu\u00e7\u00f5es considerando todas suas limita\u00e7\u00f5es e especificidades. Estas solu\u00e7\u00f5es poder\u00e3o proporcionar melhorias em termos de uso e entendimento do espa\u00e7o p\u00fablico, considerando a utiliza\u00e7\u00e3o de tecnologias ligadas ao que se entende por Internet das Coisas (IoT).<\/p>\n<p><strong>Palavras-chave:<\/strong> Internet das Coisas, Cidades Inteligentes, Campus Inteligente.<\/p>\n<p><strong>Ano de in\u00edcio:<\/strong> 2020.<\/p>\n<p><strong>Professora respons\u00e1vel:<\/strong> Patr\u00edcia Ara\u00fajo de Oliveira.<\/p>\n<p><strong>Contato:<\/strong> <a href=\"mailto:araoli@unifap.br\">araoli@unifap.br<\/a><\/p>\n<p><strong>Grupo de pesquisa vinculado:<\/strong> Laborat\u00f3rio Interdisciplinar de Pesquisa e Inova\u00e7\u00e3o Tecnol\u00f3gica (LATEC).<\/p>\n<p><strong>Unidade:<\/strong> Coordena\u00e7\u00e3o do Curso de Bacharelado em Ci\u00eancia da Computa\u00e7\u00e3o.<\/p>\n<p><strong>Centro:<\/strong> Departamento de Ci\u00eancias Exatas e Tecnol\u00f3gicas.<\/p>\n","protected":false},"excerpt":{"rendered":"<p>Projeto de pesquisa: Smart Campus UNIFAP C\u00f3digo: PVC1104-2020 Resumo: Cidades Inteligentes (Smart Cities) podem ser definidas como aquelas onde se implementam solu\u00e7\u00f5es para melhoria da qualidade de vida dos cidad\u00e3os. Para isso, proporciona-se o estabelecimento de sistemas integrados de Tecnologias da Informa\u00e7\u00e3o e Comunica\u00e7\u00e3o (TICs) como mecanismo para compartilhamento de informa\u00e7\u00f5es e fornecimento de servi\u00e7os&#8230;.<\/p>\n","protected":false},"author":757,"featured_media":0,"parent":0,"menu_order":0,"comment_status":"closed","ping_status":"closed","template":"","meta":{"inline_featured_image":false,"ngg_post_thumbnail":0,"footnotes":""},"class_list":["post-2633","page","type-page","status-publish","hentry","entry"],"_links":{"self":[{"href":"https:\/\/www2.unifap.br\/ccomputacao\/wp-json\/wp\/v2\/pages\/2633","targetHints":{"allow":["GET"]}}],"collection":[{"href":"https:\/\/www2.unifap.br\/ccomputacao\/wp-json\/wp\/v2\/pages"}],"about":[{"href":"https:\/\/www2.unifap.br\/ccomputacao\/wp-json\/wp\/v2\/types\/page"}],"author":[{"embeddable":true,"href":"https:\/\/www2.unifap.br\/ccomputacao\/wp-json\/wp\/v2\/users\/757"}],"replies":[{"embeddable":true,"href":"https:\/\/www2.unifap.br\/ccomputacao\/wp-json\/wp\/v2\/comments?post=2633"}],"version-history":[{"count":2,"href":"https:\/\/www2.unifap.br\/ccomputacao\/wp-json\/wp\/v2\/pages\/2633\/revisions"}],"predecessor-version":[{"id":2637,"href":"https:\/\/www2.unifap.br\/ccomputacao\/wp-json\/wp\/v2\/pages\/2633\/revisions\/2637"}],"wp:attachment":[{"href":"https:\/\/www2.unifap.br\/ccomputacao\/wp-json\/wp\/v2\/media?parent=2633"}],"curies":[{"name":"wp","href":"https:\/\/api.w.org\/{rel}","templated":true}]}}