{"id":2860,"date":"2021-08-19T17:31:18","date_gmt":"2021-08-19T17:31:18","guid":{"rendered":"http:\/\/www2.unifap.br\/ccomputacao\/?page_id=2860"},"modified":"2022-01-04T20:00:26","modified_gmt":"2022-01-04T20:00:26","slug":"colacao-de-grau","status":"publish","type":"page","link":"https:\/\/www2.unifap.br\/ccomputacao\/colacao-de-grau\/","title":{"rendered":"Cola\u00e7\u00e3o de Grau"},"content":{"rendered":"<p>&nbsp;<\/p>\n<h2><strong>COLA\u00c7\u00c3O DE GRAU<\/strong><\/h2>\n<p>Para iniciar o processo de solicita\u00e7\u00e3o de cola\u00e7\u00e3o de grau, o discente dever\u00e1 realizar a entrega da vers\u00e3o final do TCC&nbsp; e seguir as orienta\u00e7\u00f5es apresentadas abaixo:<\/p>\n<p><strong>PARA ENTREGA DA VERS\u00c3O FINAL DO&nbsp;TCC<\/strong><\/p>\n<p>A entrega da vers\u00e3o final do TCC dever\u00e1 ser feita pelo discente junto a coordena\u00e7\u00e3o do curso de Ci\u00eancia da Computa\u00e7\u00e3o atrav\u00e9s do e-mail (ccc@unifap.br), com c\u00f3pia ao e-mail Professor orientador, seguindo as orienta\u00e7\u00f5es apresentadas abaixo:<\/p>\n<ul>\n<li>Enviar a vers\u00e3o final do TCC em formato PDF, contendo a ficha catalogr\u00e1fica emitida pela biblioteca da UNIFAP.&nbsp;\n<ul>\n<li><em><strong>Solicita\u00e7\u00e3o da ficha catalogr\u00e1fica <\/strong><\/em>deve ser feita no site da <a href=\"https:\/\/www2.unifap.br\/biblioteca\/\" target=\"_blank\" rel=\"noopener noreferrer\">Biblioteca Central<\/a> na aba &#8220;servi\u00e7os&#8221;.<\/li>\n<\/ul>\n<\/li>\n<li>Enviar preenchida a <strong>DECLARA\u00c7\u00c3O DE AUTORIA <\/strong>e<strong> TERMO DE AUTORIZA\u00c7\u00c3O PARA PUBLICA\u00c7\u00c3O, <\/strong>baixe o documento <a href=\"http:\/\/www2.unifap.br\/ccomputacao\/files\/2021\/09\/DECLARAO-DE-AUTORIA-E-AUTORIZAO-PARA-PUBLICAO_ATUAL.docx\">clicando aqui<\/a>.<\/li>\n<\/ul>\n<p><strong>DOCUMENTOS PARA COLA\u00c7\u00c3O DE GRAU<\/strong><\/p>\n<p>Para solicita\u00e7\u00e3o de cola\u00e7\u00e3o de grau o discente dever\u00e1 encaminhar para o e-mail da coordena\u00e7\u00e3o do curso de Ci\u00eancia da computa\u00e7\u00e3o (<a href=\"mailto:ccc@unifap.br\">ccc@unifap.br<\/a>), o <a href=\"https:\/\/www2.unifap.br\/ccomputacao\/files\/2021\/08\/REQUERIMENTO-DE-COLA\u00c7\u00c3O-DE-GRAU-1-1.docx\">requerimento de cola\u00e7\u00e3o de grau<\/a> devidamente preenchido, juntamente com c\u00f3pias dos documentos abaixo descritos:<\/p>\n<ol>\n<li>Documento de identidade oficial com foto<\/li>\n<li>CPF<\/li>\n<li>Certid\u00e3o de nascimento ou casamento<\/li>\n<li>Certificado de conclus\u00e3o do ensino m\u00e9dio<\/li>\n<li>T\u00edtulo de eleitor<\/li>\n<li>Certid\u00e3o de quita\u00e7\u00e3o eleitoral<\/li>\n<li>Hist\u00f3rico escolar do ensino m\u00e9dio<\/li>\n<li>Carteira de reservista ou certificado de dispensa incorpora\u00e7\u00e3o (sexo masculino)<\/li>\n<li>Declara\u00e7\u00e3o de adimpl\u00eancia expedida pela biblioteca central<\/li>\n<li>Comprovante de resid\u00eancia atualizado<\/li>\n<\/ol>\n<p><strong>OBS.:<\/strong> OS DOCUMENTOS SER\u00c3O ENCAMINHADOS AO DERCA AP\u00d3S REGISTRO DE RECEBIMENTO DE M\u00cdDIA DIGITAL CONTENDO O TRABALHO DE CONCLUS\u00c3O DE CURSO E TERMO DE AUTORIZA\u00c7\u00c3O PARA PUBLICA\u00c7\u00c3O DA BIBLIOTECA.<\/p>\n<p>&nbsp;<\/p>\n","protected":false},"excerpt":{"rendered":"<p>&nbsp; COLA\u00c7\u00c3O DE GRAU Para iniciar o processo de solicita\u00e7\u00e3o de cola\u00e7\u00e3o de grau, o discente dever\u00e1 realizar a entrega da vers\u00e3o final do TCC&nbsp; e seguir as orienta\u00e7\u00f5es apresentadas abaixo: PARA ENTREGA DA VERS\u00c3O FINAL DO&nbsp;TCC A entrega da vers\u00e3o final do TCC dever\u00e1 ser feita pelo discente junto a coordena\u00e7\u00e3o do curso de&#8230;<\/p>\n","protected":false},"author":757,"featured_media":0,"parent":0,"menu_order":0,"comment_status":"closed","ping_status":"closed","template":"","meta":{"inline_featured_image":false,"ngg_post_thumbnail":0,"footnotes":""},"class_list":["post-2860","page","type-page","status-publish","hentry","entry"],"_links":{"self":[{"href":"https:\/\/www2.unifap.br\/ccomputacao\/wp-json\/wp\/v2\/pages\/2860","targetHints":{"allow":["GET"]}}],"collection":[{"href":"https:\/\/www2.unifap.br\/ccomputacao\/wp-json\/wp\/v2\/pages"}],"about":[{"href":"https:\/\/www2.unifap.br\/ccomputacao\/wp-json\/wp\/v2\/types\/page"}],"author":[{"embeddable":true,"href":"https:\/\/www2.unifap.br\/ccomputacao\/wp-json\/wp\/v2\/users\/757"}],"replies":[{"embeddable":true,"href":"https:\/\/www2.unifap.br\/ccomputacao\/wp-json\/wp\/v2\/comments?post=2860"}],"version-history":[{"count":11,"href":"https:\/\/www2.unifap.br\/ccomputacao\/wp-json\/wp\/v2\/pages\/2860\/revisions"}],"predecessor-version":[{"id":2989,"href":"https:\/\/www2.unifap.br\/ccomputacao\/wp-json\/wp\/v2\/pages\/2860\/revisions\/2989"}],"wp:attachment":[{"href":"https:\/\/www2.unifap.br\/ccomputacao\/wp-json\/wp\/v2\/media?parent=2860"}],"curies":[{"name":"wp","href":"https:\/\/api.w.org\/{rel}","templated":true}]}}