{"id":357,"date":"2017-05-09T17:25:10","date_gmt":"2017-05-09T17:25:10","guid":{"rendered":"http:\/\/www2.unifap.br\/ccomputacao\/?page_id=357"},"modified":"2023-08-03T12:57:26","modified_gmt":"2023-08-03T12:57:26","slug":"laboratorios","status":"publish","type":"page","link":"https:\/\/www2.unifap.br\/ccomputacao\/organizacao-do-curso\/laboratorios\/","title":{"rendered":"Laborat\u00f3rios"},"content":{"rendered":"\t\t<div data-elementor-type=\"wp-post\" data-elementor-id=\"357\" class=\"elementor elementor-357\">\n\t\t\t\t\t\t<section class=\"elementor-section elementor-top-section elementor-element elementor-element-a031ac5 elementor-section-boxed elementor-section-height-default elementor-section-height-default\" data-id=\"a031ac5\" data-element_type=\"section\" data-e-type=\"section\">\n\t\t\t\t\t\t<div class=\"elementor-container elementor-column-gap-default\">\n\t\t\t\t\t<div class=\"elementor-column elementor-col-100 elementor-top-column elementor-element elementor-element-589621d\" data-id=\"589621d\" data-element_type=\"column\" data-e-type=\"column\">\n\t\t\t<div class=\"elementor-widget-wrap elementor-element-populated\">\n\t\t\t\t\t\t<div class=\"elementor-element elementor-element-5031992 elementor-widget elementor-widget-heading\" data-id=\"5031992\" data-element_type=\"widget\" data-e-type=\"widget\" data-widget_type=\"heading.default\">\n\t\t\t\t<div class=\"elementor-widget-container\">\n\t\t\t\t\t<h1 class=\"elementor-heading-title elementor-size-xl\">laborat\u00f3rios<\/h1>\t\t\t\t<\/div>\n\t\t\t\t<\/div>\n\t\t\t\t\t<\/div>\n\t\t<\/div>\n\t\t\t\t\t<\/div>\n\t\t<\/section>\n\t\t\t\t<section class=\"elementor-section elementor-top-section elementor-element elementor-element-1320cf86 elementor-section-boxed elementor-section-height-default elementor-section-height-default\" data-id=\"1320cf86\" data-element_type=\"section\" data-e-type=\"section\">\n\t\t\t\t\t\t<div class=\"elementor-container elementor-column-gap-default\">\n\t\t\t\t\t<div class=\"elementor-column elementor-col-100 elementor-top-column elementor-element elementor-element-5e8bb0a9\" data-id=\"5e8bb0a9\" data-element_type=\"column\" data-e-type=\"column\">\n\t\t\t<div class=\"elementor-widget-wrap elementor-element-populated\">\n\t\t\t\t\t\t<div class=\"elementor-element elementor-element-3937df7e elementor-widget elementor-widget-text-editor\" data-id=\"3937df7e\" data-element_type=\"widget\" data-e-type=\"widget\" data-widget_type=\"text-editor.default\">\n\t\t\t\t<div class=\"elementor-widget-container\">\n\t\t\t\t\t\t\t\t\t<p><strong>AGENDAMENTO DE LABORAT\u00d3RIOS:<\/strong><\/p><p>Se existir hor\u00e1rio dispon\u00edvel (verifique as agendas dos laborat\u00f3rios nos links citados anteriormente) \u00e9 poss\u00edvel realizar a reserva enviando um memorando eletr\u00f4nico para a Coordena\u00e7\u00e3o de Ci\u00eancia da Computa\u00e7\u00e3o, o memorando dever\u00e1 conter os seguintes dados: nome do servidor respons\u00e1vel que pegar\u00e1 a chave, dia e hor\u00e1rio de in\u00edcio e fim do evento, dados sobre o evento. Lembrando que h\u00e1 uma ordem de prioridade para as reservas.<\/p><p>OBS\u00b9: No momento o \u00fanico laborat\u00f3rio dispon\u00edvel para agendamento externo \u00e9 o laborat\u00f3rio de computa\u00e7\u00e3o 1.<\/p><p><strong>REGULAMENTOS:<\/strong><\/p><p><a href=\"http:\/\/www2.unifap.br\/ccomputacao\/files\/2017\/05\/ResolucaoDeLaboratorios.pdf\" target=\"_blank\" rel=\"noopener\">Clique aqui para baixar o regulamento do Laborat\u00f3rio de Computa\u00e7\u00e3o 1<\/a><\/p><p><a href=\"http:\/\/www2.unifap.br\/ccomputacao\/files\/2017\/05\/Resolu\u00e7\u00e3oLaboratorioDeRedes.pdf\" target=\"_blank\" rel=\"noopener\">Clique aqui para baixar o regulamento do Laborat\u00f3rio de Redes e Telecomunica\u00e7\u00f5es<\/a><\/p>\t\t\t\t\t\t\t\t<\/div>\n\t\t\t\t<\/div>\n\t\t\t\t\t<\/div>\n\t\t<\/div>\n\t\t\t\t\t<\/div>\n\t\t<\/section>\n\t\t\t\t<section class=\"elementor-section elementor-top-section elementor-element elementor-element-4d899b3 elementor-section-boxed elementor-section-height-default elementor-section-height-default\" data-id=\"4d899b3\" data-element_type=\"section\" data-e-type=\"section\">\n\t\t\t\t\t\t<div class=\"elementor-container elementor-column-gap-default\">\n\t\t\t\t\t<div class=\"elementor-column elementor-col-100 elementor-top-column elementor-element elementor-element-b7b29f2\" data-id=\"b7b29f2\" data-element_type=\"column\" data-e-type=\"column\">\n\t\t\t<div class=\"elementor-widget-wrap elementor-element-populated\">\n\t\t\t\t\t\t<div class=\"elementor-element elementor-element-49c9503 elementor-widget elementor-widget-text-editor\" data-id=\"49c9503\" data-element_type=\"widget\" data-e-type=\"widget\" data-widget_type=\"text-editor.default\">\n\t\t\t\t<div class=\"elementor-widget-container\">\n\t\t\t\t\t\t\t\t\t<p>Abaixo \u00e9 poss\u00edvel visualizar as agendas dos laborat\u00f3rios pertencentes ao curso de Ci\u00eancia da Computa\u00e7\u00e3o.<\/p>\t\t\t\t\t\t\t\t<\/div>\n\t\t\t\t<\/div>\n\t\t\t\t\t<\/div>\n\t\t<\/div>\n\t\t\t\t\t<\/div>\n\t\t<\/section>\n\t\t\t\t<section class=\"elementor-section elementor-top-section elementor-element elementor-element-652cde2 elementor-section-boxed elementor-section-height-default elementor-section-height-default\" data-id=\"652cde2\" data-element_type=\"section\" data-e-type=\"section\">\n\t\t\t\t\t\t<div class=\"elementor-container elementor-column-gap-default\">\n\t\t\t\t\t<div class=\"elementor-column elementor-col-100 elementor-top-column elementor-element elementor-element-2604632\" data-id=\"2604632\" data-element_type=\"column\" data-e-type=\"column\">\n\t\t\t<div class=\"elementor-widget-wrap elementor-element-populated\">\n\t\t\t\t\t\t\t<\/div>\n\t\t<\/div>\n\t\t\t\t\t<\/div>\n\t\t<\/section>\n\t\t\t\t<section class=\"elementor-section elementor-top-section elementor-element elementor-element-29efc68 elementor-section-boxed elementor-section-height-default elementor-section-height-default\" data-id=\"29efc68\" data-element_type=\"section\" data-e-type=\"section\">\n\t\t\t\t\t\t<div class=\"elementor-container elementor-column-gap-default\">\n\t\t\t\t\t<div class=\"elementor-column elementor-col-100 elementor-top-column elementor-element elementor-element-41d0804\" data-id=\"41d0804\" data-element_type=\"column\" data-e-type=\"column\">\n\t\t\t<div class=\"elementor-widget-wrap elementor-element-populated\">\n\t\t\t\t\t\t<div class=\"elementor-element elementor-element-e46185e elementor-widget elementor-widget-heading\" data-id=\"e46185e\" data-element_type=\"widget\" data-e-type=\"widget\" data-widget_type=\"heading.default\">\n\t\t\t\t<div class=\"elementor-widget-container\">\n\t\t\t\t\t<h2 class=\"elementor-heading-title elementor-size-medium\">Agenda do laborat\u00f3rio de computa\u00e7\u00e3o 1<\/h2>\t\t\t\t<\/div>\n\t\t\t\t<\/div>\n\t\t\t\t\t<\/div>\n\t\t<\/div>\n\t\t\t\t\t<\/div>\n\t\t<\/section>\n\t\t\t\t<section class=\"elementor-section elementor-top-section elementor-element elementor-element-1dd541f elementor-section-boxed elementor-section-height-default elementor-section-height-default\" data-id=\"1dd541f\" data-element_type=\"section\" data-e-type=\"section\">\n\t\t\t\t\t\t<div class=\"elementor-container elementor-column-gap-default\">\n\t\t\t\t\t<div class=\"elementor-column elementor-col-100 elementor-top-column elementor-element elementor-element-4687262\" data-id=\"4687262\" data-element_type=\"column\" data-e-type=\"column\">\n\t\t\t<div class=\"elementor-widget-wrap elementor-element-populated\">\n\t\t\t\t\t\t<div class=\"elementor-element elementor-element-02b0e7b elementor-widget elementor-widget-text-editor\" data-id=\"02b0e7b\" data-element_type=\"widget\" data-e-type=\"widget\" data-widget_type=\"text-editor.default\">\n\t\t\t\t<div class=\"elementor-widget-container\">\n\t\t\t\t\t\t\t\t\t<p style=\"text-align: center\"><a href=\"https:\/\/calendar.google.com\/calendar\/embed?src=lab.ccc.unifap%40gmail.com&amp;ctz=America%2FBelem\" target=\"_blank\" rel=\"noopener\">Clique aqui para acessar a agenda em uma p\u00e1gina externa<\/a><\/p>\t\t\t\t\t\t\t\t<\/div>\n\t\t\t\t<\/div>\n\t\t\t\t\t<\/div>\n\t\t<\/div>\n\t\t\t\t\t<\/div>\n\t\t<\/section>\n\t\t\t\t<section class=\"elementor-section elementor-top-section elementor-element elementor-element-455be8e elementor-section-boxed elementor-section-height-default elementor-section-height-default\" data-id=\"455be8e\" data-element_type=\"section\" data-e-type=\"section\">\n\t\t\t\t\t\t<div class=\"elementor-container elementor-column-gap-default\">\n\t\t\t\t\t<div class=\"elementor-column elementor-col-100 elementor-top-column elementor-element elementor-element-e578193\" data-id=\"e578193\" data-element_type=\"column\" data-e-type=\"column\">\n\t\t\t<div class=\"elementor-widget-wrap elementor-element-populated\">\n\t\t\t\t\t\t<div class=\"elementor-element elementor-element-01503be elementor-widget elementor-widget-heading\" data-id=\"01503be\" data-element_type=\"widget\" data-e-type=\"widget\" data-widget_type=\"heading.default\">\n\t\t\t\t<div class=\"elementor-widget-container\">\n\t\t\t\t\t<h2 class=\"elementor-heading-title elementor-size-medium\">Laborat\u00f3rio de Redes e Telecomunica\u00e7\u00f5es<\/h2>\t\t\t\t<\/div>\n\t\t\t\t<\/div>\n\t\t\t\t\t<\/div>\n\t\t<\/div>\n\t\t\t\t\t<\/div>\n\t\t<\/section>\n\t\t\t\t<section class=\"elementor-section elementor-top-section elementor-element elementor-element-49fc854 elementor-section-boxed elementor-section-height-default elementor-section-height-default\" data-id=\"49fc854\" data-element_type=\"section\" data-e-type=\"section\">\n\t\t\t\t\t\t<div class=\"elementor-container elementor-column-gap-default\">\n\t\t\t\t\t<div class=\"elementor-column elementor-col-100 elementor-top-column elementor-element elementor-element-57fef15\" data-id=\"57fef15\" data-element_type=\"column\" data-e-type=\"column\">\n\t\t\t<div class=\"elementor-widget-wrap elementor-element-populated\">\n\t\t\t\t\t\t<div class=\"elementor-element elementor-element-091904b elementor-widget elementor-widget-text-editor\" data-id=\"091904b\" data-element_type=\"widget\" data-e-type=\"widget\" data-widget_type=\"text-editor.default\">\n\t\t\t\t<div class=\"elementor-widget-container\">\n\t\t\t\t\t\t\t\t\t<p style=\"text-align: center\"><a href=\"https:\/\/calendar.google.com\/calendar\/embed?src=cjmdpac4clpegtcqtv5e9jugd4%40group.calendar.google.com&amp;ctz=America%2FBelem\" target=\"_blank\" rel=\"noopener\">Clique aqui para acessar a agenda em uma p\u00e1gina externa<\/a><\/p>\t\t\t\t\t\t\t\t<\/div>\n\t\t\t\t<\/div>\n\t\t\t\t\t<\/div>\n\t\t<\/div>\n\t\t\t\t\t<\/div>\n\t\t<\/section>\n\t\t\t\t<\/div>\n\t\t","protected":false},"excerpt":{"rendered":"<p>laborat\u00f3rios AGENDAMENTO DE LABORAT\u00d3RIOS: Se existir hor\u00e1rio dispon\u00edvel (verifique as agendas dos laborat\u00f3rios nos links citados anteriormente) \u00e9 poss\u00edvel realizar a reserva enviando um memorando eletr\u00f4nico para a Coordena\u00e7\u00e3o de Ci\u00eancia da Computa\u00e7\u00e3o, o memorando dever\u00e1 conter os seguintes dados: nome do servidor respons\u00e1vel que pegar\u00e1 a chave, dia e hor\u00e1rio de in\u00edcio e fim&#8230;<\/p>\n","protected":false},"author":353,"featured_media":0,"parent":7,"menu_order":5,"comment_status":"closed","ping_status":"open","template":"","meta":{"inline_featured_image":false,"ngg_post_thumbnail":0,"footnotes":""},"class_list":["post-357","page","type-page","status-publish","hentry","entry"],"_links":{"self":[{"href":"https:\/\/www2.unifap.br\/ccomputacao\/wp-json\/wp\/v2\/pages\/357","targetHints":{"allow":["GET"]}}],"collection":[{"href":"https:\/\/www2.unifap.br\/ccomputacao\/wp-json\/wp\/v2\/pages"}],"about":[{"href":"https:\/\/www2.unifap.br\/ccomputacao\/wp-json\/wp\/v2\/types\/page"}],"author":[{"embeddable":true,"href":"https:\/\/www2.unifap.br\/ccomputacao\/wp-json\/wp\/v2\/users\/353"}],"replies":[{"embeddable":true,"href":"https:\/\/www2.unifap.br\/ccomputacao\/wp-json\/wp\/v2\/comments?post=357"}],"version-history":[{"count":120,"href":"https:\/\/www2.unifap.br\/ccomputacao\/wp-json\/wp\/v2\/pages\/357\/revisions"}],"predecessor-version":[{"id":4327,"href":"https:\/\/www2.unifap.br\/ccomputacao\/wp-json\/wp\/v2\/pages\/357\/revisions\/4327"}],"up":[{"embeddable":true,"href":"https:\/\/www2.unifap.br\/ccomputacao\/wp-json\/wp\/v2\/pages\/7"}],"wp:attachment":[{"href":"https:\/\/www2.unifap.br\/ccomputacao\/wp-json\/wp\/v2\/media?parent=357"}],"curies":[{"name":"wp","href":"https:\/\/api.w.org\/{rel}","templated":true}]}}