{"id":492,"date":"2017-09-20T14:35:10","date_gmt":"2017-09-20T14:35:10","guid":{"rendered":"http:\/\/www2.unifap.br\/ccomputacao\/?page_id=492"},"modified":"2023-06-19T15:00:53","modified_gmt":"2023-06-19T15:00:53","slug":"resolucoes-e-regimentos","status":"publish","type":"page","link":"https:\/\/www2.unifap.br\/ccomputacao\/organizacao-do-curso\/resolucoes-e-regimentos\/","title":{"rendered":"Resolu\u00e7\u00f5es e Regimentos"},"content":{"rendered":"\t\t<div data-elementor-type=\"wp-post\" data-elementor-id=\"492\" class=\"elementor elementor-492\">\n\t\t\t\t\t\t<section class=\"elementor-section elementor-top-section elementor-element elementor-element-ece5a28 elementor-section-boxed elementor-section-height-default elementor-section-height-default\" data-id=\"ece5a28\" data-element_type=\"section\" data-e-type=\"section\">\n\t\t\t\t\t\t<div class=\"elementor-container elementor-column-gap-default\">\n\t\t\t\t\t<div class=\"elementor-column elementor-col-100 elementor-top-column elementor-element elementor-element-989a450\" data-id=\"989a450\" data-element_type=\"column\" data-e-type=\"column\">\n\t\t\t<div class=\"elementor-widget-wrap elementor-element-populated\">\n\t\t\t\t\t\t<div class=\"elementor-element elementor-element-f897c72 elementor-widget elementor-widget-text-editor\" data-id=\"f897c72\" data-element_type=\"widget\" data-e-type=\"widget\" data-widget_type=\"text-editor.default\">\n\t\t\t\t<div class=\"elementor-widget-container\">\n\t\t\t\t\t\t\t\t\t<h1>Resolu\u00e7\u00f5es e Regimentos<\/h1>\t\t\t\t\t\t\t\t<\/div>\n\t\t\t\t<\/div>\n\t\t\t\t\t<\/div>\n\t\t<\/div>\n\t\t\t\t\t<\/div>\n\t\t<\/section>\n\t\t\t\t<section class=\"elementor-section elementor-top-section elementor-element elementor-element-7c72e4c8 elementor-section-boxed elementor-section-height-default elementor-section-height-default\" data-id=\"7c72e4c8\" data-element_type=\"section\" data-e-type=\"section\">\n\t\t\t\t\t\t<div class=\"elementor-container elementor-column-gap-default\">\n\t\t\t\t\t<div class=\"elementor-column elementor-col-100 elementor-top-column elementor-element elementor-element-b1e18b6\" data-id=\"b1e18b6\" data-element_type=\"column\" data-e-type=\"column\">\n\t\t\t<div class=\"elementor-widget-wrap elementor-element-populated\">\n\t\t\t\t\t\t<div class=\"elementor-element elementor-element-3754e22e elementor-widget elementor-widget-text-editor\" data-id=\"3754e22e\" data-element_type=\"widget\" data-e-type=\"widget\" data-widget_type=\"text-editor.default\">\n\t\t\t\t<div class=\"elementor-widget-container\">\n\t\t\t\t\t\t\t\t\t<p><strong><span style=\"color: #0063a6\">ESPEC\u00cdFICO DE CI\u00caNCIA DA COMPUTA\u00c7\u00c3O<\/span><br \/><\/strong><\/p><ul><li><a href=\"https:\/\/httpS:\/\/www2.unifap.br\/ccomputacao\/files\/2023\/06\/portaria_implantacao.pdf\" data-wplink-url-error=\"true\">PORTARIA DE IMPLANTA\u00c7\u00c3O DO CURSO<\/a><\/li><li><a href=\"http:\/\/www.in.gov.br\/web\/dou\/-\/portaria-n-373-de-29-de-maio-de-2018-17328802\">PORTARIA DE RECONHECIMENTO DO CURSO<\/a><\/li><li><a href=\"http:\/\/www2.unifap.br\/ccomputacao\/files\/2017\/09\/PPC_ccc.pdf\" target=\"_blank\" rel=\"noopener\">PLANO PEDAG\u00d3GICO DO CURSO<\/a><\/li><li><a title=\"Comiss\u00f5es de Apoio\" href=\"http:\/\/www2.unifap.br\/ccomputacao\/organizacao-do-curso\/comissoes-de-apoio\/\" target=\"_blank\" rel=\"noopener\">PORTARIA DAS COMISS\u00d5ES DE APOIO<\/a><\/li><li><a title=\"N\u00facleo Docente Estruturante\" href=\"http:\/\/www2.unifap.br\/ccomputacao\/organizacao-do-curso\/nucleo-docente-estruturante\/\" target=\"_blank\" rel=\"noopener\">RESOLU\u00c7\u00c3O DO NDE<\/a><\/li><li><a title=\"Trabalhos de Conclus\u00e3o de Curso\" href=\"http:\/\/www2.unifap.br\/ccomputacao\/pesquisa-e-desenvolvimento\/trabalhos-de-conclusao-de-curso\/\" target=\"_blank\" rel=\"noopener\">REGULAMENTO DE TCC<\/a><\/li><li><a title=\"Est\u00e1gio Obrigat\u00f3rio\" href=\"http:\/\/www2.unifap.br\/ccomputacao\/pesquisa-e-desenvolvimento\/estagio-obrigatorio\/\">REGULAMENTO DE EST\u00c1GIO SUPERVISIONADO<\/a><\/li><li><a href=\"http:\/\/www2.unifap.br\/ccomputacao\/files\/2017\/09\/RegulamentoDeAtividadesComplementares.pdf\" target=\"_blank\" rel=\"noopener\">REGULAMENTO DE ATIVIDADES COMPLEMENTARES<\/a><ul><li><a href=\"http:\/\/www2.unifap.br\/ccomputacao\/files\/2021\/03\/Ficha-de-registro-Acc.docx\">Ficha de registro de Atividade Complementar<\/a><\/li><\/ul><\/li><li><a title=\"Laborat\u00f3rios\" href=\"http:\/\/www2.unifap.br\/ccomputacao\/laboratorios\/\" target=\"_blank\" rel=\"noopener\">REGULAMENTOS DE LABORAT\u00d3RIOS<\/a><\/li><\/ul><p><span style=\"color: #0063a6\"><strong>UNIFAP<\/strong><\/span><\/p><ul><li><a href=\"http:\/\/www2.unifap.br\/ccomputacao\/files\/2017\/09\/regimento_perda_vaga.jpeg\" target=\"_blank\" rel=\"noopener\">REGRAS PARA PERDA DE VAGA<\/a><\/li><li><a href=\"http:\/\/www2.unifap.br\/matematica\/files\/2014\/01\/ORIENTA\u00c7\u00c3O-SOBRE-ABONO-DE-FALTA.pdf\">ORIENTA\u00c7\u00c3O SOBRE ABONO DE FALTA<\/a><\/li><li><a href=\"http:\/\/www2.unifap.br\/matematica\/files\/2014\/01\/ABONO-DE-FALTAS-PARA-ACAD\u00caMICOS-COM-AFEC\u00c7\u00d5ESDecreto-Lei-715-1969.pdf\">ABONO DE FALTAS PARA ACAD\u00caMICOS COM AFEC\u00c7\u00d5ES (Decreto Lei n\u00ba 775\/1969)<\/a><\/li><li><a href=\"http:\/\/www2.unifap.br\/matematica\/files\/2014\/01\/APROVEITAMENTO-DE-ESTUDOS-UNIFAPResolu\u00e7\u00e3o-n-15-1996.pdf\">APROVEITAMENTO DE ESTUDOS \u2013 UNIFAP (Resolu\u00e7\u00e3o n\u00ba 15\/1996)<\/a><\/li><li><a href=\"http:\/\/www2.unifap.br\/matematica\/files\/2014\/01\/Regimento-Geral-da-Unifap.pdf\">REGIMENTO GERAL DA UNIFAP<\/a><\/li><\/ul>\t\t\t\t\t\t\t\t<\/div>\n\t\t\t\t<\/div>\n\t\t\t\t\t<\/div>\n\t\t<\/div>\n\t\t\t\t\t<\/div>\n\t\t<\/section>\n\t\t\t\t<\/div>\n\t\t","protected":false},"excerpt":{"rendered":"<p>Resolu\u00e7\u00f5es e Regimentos ESPEC\u00cdFICO DE CI\u00caNCIA DA COMPUTA\u00c7\u00c3O PORTARIA DE IMPLANTA\u00c7\u00c3O DO CURSO PORTARIA DE RECONHECIMENTO DO CURSO PLANO PEDAG\u00d3GICO DO CURSO PORTARIA DAS COMISS\u00d5ES DE APOIO RESOLU\u00c7\u00c3O DO NDE REGULAMENTO DE TCC REGULAMENTO DE EST\u00c1GIO SUPERVISIONADO REGULAMENTO DE ATIVIDADES COMPLEMENTARES Ficha de registro de Atividade Complementar REGULAMENTOS DE LABORAT\u00d3RIOS UNIFAP REGRAS PARA PERDA DE&#8230;<\/p>\n","protected":false},"author":757,"featured_media":0,"parent":7,"menu_order":3,"comment_status":"closed","ping_status":"closed","template":"","meta":{"inline_featured_image":false,"ngg_post_thumbnail":0,"footnotes":""},"class_list":["post-492","page","type-page","status-publish","hentry","entry"],"_links":{"self":[{"href":"https:\/\/www2.unifap.br\/ccomputacao\/wp-json\/wp\/v2\/pages\/492","targetHints":{"allow":["GET"]}}],"collection":[{"href":"https:\/\/www2.unifap.br\/ccomputacao\/wp-json\/wp\/v2\/pages"}],"about":[{"href":"https:\/\/www2.unifap.br\/ccomputacao\/wp-json\/wp\/v2\/types\/page"}],"author":[{"embeddable":true,"href":"https:\/\/www2.unifap.br\/ccomputacao\/wp-json\/wp\/v2\/users\/757"}],"replies":[{"embeddable":true,"href":"https:\/\/www2.unifap.br\/ccomputacao\/wp-json\/wp\/v2\/comments?post=492"}],"version-history":[{"count":26,"href":"https:\/\/www2.unifap.br\/ccomputacao\/wp-json\/wp\/v2\/pages\/492\/revisions"}],"predecessor-version":[{"id":4033,"href":"https:\/\/www2.unifap.br\/ccomputacao\/wp-json\/wp\/v2\/pages\/492\/revisions\/4033"}],"up":[{"embeddable":true,"href":"https:\/\/www2.unifap.br\/ccomputacao\/wp-json\/wp\/v2\/pages\/7"}],"wp:attachment":[{"href":"https:\/\/www2.unifap.br\/ccomputacao\/wp-json\/wp\/v2\/media?parent=492"}],"curies":[{"name":"wp","href":"https:\/\/api.w.org\/{rel}","templated":true}]}}