{"id":512,"date":"2018-01-10T17:47:05","date_gmt":"2018-01-10T17:47:05","guid":{"rendered":"http:\/\/www2.unifap.br\/ccomputacao\/?page_id=512"},"modified":"2020-02-11T15:41:22","modified_gmt":"2020-02-11T15:41:22","slug":"apresentacao-do-curso-2","status":"publish","type":"page","link":"https:\/\/www2.unifap.br\/ccomputacao\/apresentacao-do-curso-2\/","title":{"rendered":"Gradua\u00e7\u00e3o"},"content":{"rendered":"<h1>Coordena\u00e7\u00e3o<\/h1>\n<p><a title=\"Concep\u00e7\u00e3o do Curso\" href=\"http:\/\/www2.unifap.br\/ccomputacao\/organizacao-do-curso\/concepcao-do-curso\/\">Concep\u00e7\u00e3o do Curso<\/a><\/p>\n<p><a title=\"Estrutura Curricular\" href=\"http:\/\/www2.unifap.br\/ccomputacao\/organizacao-do-curso\/estrutura-curricular\/\">Estrutura Curricular e Ementas<\/a><\/p>\n<p><a title=\"Perfil do Egresso\" href=\"http:\/\/www2.unifap.br\/ccomputacao\/organizacao-do-curso\/perfil-do-egresso\/\">Perfil do Egresso<\/a><\/p>\n<p><a title=\"Formas de Acesso\" href=\"http:\/\/www2.unifap.br\/ccomputacao\/organizacao-do-curso\/formas-de-acesso\/\">Formas de Acesso<\/a><\/p>\n<p><a title=\"Acervo Bibliogr\u00e1fico: Livros, Peri\u00f3dicos e Ebooks\" href=\"http:\/\/www2.unifap.br\/ccomputacao\/apresentacao-do-curso-2\/acervo-bibliografico-livros-periodicos-e-ebooks\/\">Acervo Bibliogr\u00e1fico: Livros, Peri\u00f3dicos e Ebooks<\/a><\/p>\n<p><a title=\"EDEF\" href=\"http:\/\/www2.unifap.br\/ccomputacao\/apresentacao-do-curso-2\/edef-2\/\">EDEF<\/a><\/p>\n","protected":false},"excerpt":{"rendered":"<p>Coordena\u00e7\u00e3o Concep\u00e7\u00e3o do Curso Estrutura Curricular e Ementas Perfil do Egresso Formas de Acesso Acervo Bibliogr\u00e1fico: Livros, Peri\u00f3dicos e Ebooks EDEF<\/p>\n","protected":false},"author":757,"featured_media":0,"parent":0,"menu_order":4,"comment_status":"closed","ping_status":"open","template":"","meta":{"inline_featured_image":false,"ngg_post_thumbnail":0,"footnotes":""},"class_list":["post-512","page","type-page","status-publish","hentry","entry"],"_links":{"self":[{"href":"https:\/\/www2.unifap.br\/ccomputacao\/wp-json\/wp\/v2\/pages\/512","targetHints":{"allow":["GET"]}}],"collection":[{"href":"https:\/\/www2.unifap.br\/ccomputacao\/wp-json\/wp\/v2\/pages"}],"about":[{"href":"https:\/\/www2.unifap.br\/ccomputacao\/wp-json\/wp\/v2\/types\/page"}],"author":[{"embeddable":true,"href":"https:\/\/www2.unifap.br\/ccomputacao\/wp-json\/wp\/v2\/users\/757"}],"replies":[{"embeddable":true,"href":"https:\/\/www2.unifap.br\/ccomputacao\/wp-json\/wp\/v2\/comments?post=512"}],"version-history":[{"count":7,"href":"https:\/\/www2.unifap.br\/ccomputacao\/wp-json\/wp\/v2\/pages\/512\/revisions"}],"predecessor-version":[{"id":2451,"href":"https:\/\/www2.unifap.br\/ccomputacao\/wp-json\/wp\/v2\/pages\/512\/revisions\/2451"}],"wp:attachment":[{"href":"https:\/\/www2.unifap.br\/ccomputacao\/wp-json\/wp\/v2\/media?parent=512"}],"curies":[{"name":"wp","href":"https:\/\/api.w.org\/{rel}","templated":true}]}}