{"id":555,"date":"2018-01-11T20:29:08","date_gmt":"2018-01-11T20:29:08","guid":{"rendered":"http:\/\/www2.unifap.br\/ccomputacao\/?page_id=555"},"modified":"2023-08-09T18:15:35","modified_gmt":"2023-08-09T18:15:35","slug":"colegiado","status":"publish","type":"page","link":"https:\/\/www2.unifap.br\/ccomputacao\/organizacao-do-curso\/atas\/colegiado\/","title":{"rendered":"Colegiado"},"content":{"rendered":"\t\t<div data-elementor-type=\"wp-post\" data-elementor-id=\"555\" class=\"elementor elementor-555\">\n\t\t\t\t\t\t<section class=\"elementor-section elementor-top-section elementor-element elementor-element-4baa9ed2 elementor-section-boxed elementor-section-height-default elementor-section-height-default\" data-id=\"4baa9ed2\" data-element_type=\"section\" data-e-type=\"section\">\n\t\t\t\t\t\t<div class=\"elementor-container elementor-column-gap-default\">\n\t\t\t\t\t<div class=\"elementor-column elementor-col-100 elementor-top-column elementor-element elementor-element-1a58391e\" data-id=\"1a58391e\" data-element_type=\"column\" data-e-type=\"column\">\n\t\t\t<div class=\"elementor-widget-wrap elementor-element-populated\">\n\t\t\t\t\t\t<div class=\"elementor-element elementor-element-27c78be9 elementor-widget elementor-widget-text-editor\" data-id=\"27c78be9\" data-element_type=\"widget\" data-e-type=\"widget\" data-widget_type=\"text-editor.default\">\n\t\t\t\t<div class=\"elementor-widget-container\">\n\t\t\t\t\t\t\t\t\t<h1>Atas de reuni\u00e3o &#8211; Colegiado<\/h1>\t\t\t\t\t\t\t\t<\/div>\n\t\t\t\t<\/div>\n\t\t\t\t\t<\/div>\n\t\t<\/div>\n\t\t\t\t\t<\/div>\n\t\t<\/section>\n\t\t\t\t<section class=\"elementor-section elementor-top-section elementor-element elementor-element-d83eeb0 elementor-section-boxed elementor-section-height-default elementor-section-height-default\" data-id=\"d83eeb0\" data-element_type=\"section\" data-e-type=\"section\">\n\t\t\t\t\t\t<div class=\"elementor-container elementor-column-gap-default\">\n\t\t\t\t\t<div class=\"elementor-column elementor-col-100 elementor-top-column elementor-element elementor-element-9a1968b\" data-id=\"9a1968b\" data-element_type=\"column\" data-e-type=\"column\">\n\t\t\t<div class=\"elementor-widget-wrap elementor-element-populated\">\n\t\t\t\t\t\t<div class=\"elementor-element elementor-element-42c148d elementor-widget elementor-widget-toggle\" data-id=\"42c148d\" data-element_type=\"widget\" data-e-type=\"widget\" data-widget_type=\"toggle.default\">\n\t\t\t\t<div class=\"elementor-widget-container\">\n\t\t\t\t\t\t\t<div class=\"elementor-toggle\">\n\t\t\t\t\t\t\t<div class=\"elementor-toggle-item\">\n\t\t\t\t\t<div id=\"elementor-tab-title-6991\" class=\"elementor-tab-title\" data-tab=\"1\" role=\"button\" aria-controls=\"elementor-tab-content-6991\" aria-expanded=\"false\">\n\t\t\t\t\t\t\t\t\t\t\t\t<span class=\"elementor-toggle-icon elementor-toggle-icon-left\" aria-hidden=\"true\">\n\t\t\t\t\t\t\t\t\t\t\t\t\t\t\t<span class=\"elementor-toggle-icon-closed\"><i class=\"fas fa-caret-right\"><\/i><\/span>\n\t\t\t\t\t\t\t\t<span class=\"elementor-toggle-icon-opened\"><i class=\"elementor-toggle-icon-opened fas fa-caret-up\"><\/i><\/span>\n\t\t\t\t\t\t\t\t\t\t\t\t\t<\/span>\n\t\t\t\t\t\t\t\t\t\t\t\t<a class=\"elementor-toggle-title\" tabindex=\"0\">2023<\/a>\n\t\t\t\t\t<\/div>\n\n\t\t\t\t\t<div id=\"elementor-tab-content-6991\" class=\"elementor-tab-content elementor-clearfix\" data-tab=\"1\" role=\"region\" aria-labelledby=\"elementor-tab-title-6991\"><p><a href=\"https:\/\/www2.unifap.br\/ccomputacao\/files\/2023\/01\/Ata-de-reuniao-11-01-2023.pdf\">Ata de reuni\u00e3o 11-01-2023<\/a><\/p><p><a href=\"https:\/\/www2.unifap.br\/ccomputacao\/files\/2023\/03\/ata-02-2023.pdf\">Ata de reuni\u00e3o 09-02-2023<\/a><\/p><p><a href=\"https:\/\/www2.unifap.br\/ccomputacao\/files\/2023\/03\/ata-03-2023.pdf\">Ata de reuni\u00e3o 09-03-2023<\/a><\/p><p><a href=\"https:\/\/www2.unifap.br\/ccomputacao\/files\/2023\/05\/ata-de-reuniao-04-2023.-13-04-23.pdf\">Ata de reuni\u00e3o 13-04-2023<\/a><\/p><p><a href=\"https:\/\/www2.unifap.br\/ccomputacao\/files\/2023\/08\/ATA-05.pdf\">Ata de reuni\u00e3o 17-07-2023<\/a><\/p><\/div>\n\t\t\t\t<\/div>\n\t\t\t\t\t\t\t<div class=\"elementor-toggle-item\">\n\t\t\t\t\t<div id=\"elementor-tab-title-6992\" class=\"elementor-tab-title\" data-tab=\"2\" role=\"button\" aria-controls=\"elementor-tab-content-6992\" aria-expanded=\"false\">\n\t\t\t\t\t\t\t\t\t\t\t\t<span class=\"elementor-toggle-icon elementor-toggle-icon-left\" aria-hidden=\"true\">\n\t\t\t\t\t\t\t\t\t\t\t\t\t\t\t<span class=\"elementor-toggle-icon-closed\"><i class=\"fas fa-caret-right\"><\/i><\/span>\n\t\t\t\t\t\t\t\t<span class=\"elementor-toggle-icon-opened\"><i class=\"elementor-toggle-icon-opened fas fa-caret-up\"><\/i><\/span>\n\t\t\t\t\t\t\t\t\t\t\t\t\t<\/span>\n\t\t\t\t\t\t\t\t\t\t\t\t<a class=\"elementor-toggle-title\" tabindex=\"0\">2022<\/a>\n\t\t\t\t\t<\/div>\n\n\t\t\t\t\t<div id=\"elementor-tab-content-6992\" class=\"elementor-tab-content elementor-clearfix\" data-tab=\"2\" role=\"region\" aria-labelledby=\"elementor-tab-title-6992\"><p><a href=\"https:\/\/www2.unifap.br\/ccomputacao\/files\/2023\/01\/Ata-de-reuniao-24-03-2022.pdf\">Ata de reuniao 24-03-2022<\/a><\/p><p><a href=\"https:\/\/www2.unifap.br\/ccomputacao\/files\/2023\/01\/Ata-de-reuniao-28-04-2022.pdf\">Ata de reuniao 28-04-2022<\/a><\/p><p><a href=\"https:\/\/www2.unifap.br\/ccomputacao\/files\/2023\/01\/Ata-de-reuniao-07-06-2022.pdf\">Ata de reuniao 07-06-2022<\/a><\/p><p><a href=\"https:\/\/www2.unifap.br\/ccomputacao\/files\/2023\/01\/Ata-de-reuniao-04-08-2022-1.pdf\">Ata de reuniao 04-08-2022<\/a><\/p><p><a href=\"https:\/\/www2.unifap.br\/ccomputacao\/files\/2023\/01\/Ata-de-reuniao-12-08-2022.pdf\">Ata de reuniao 12-08-2022<\/a><\/p><p><a href=\"https:\/\/www2.unifap.br\/ccomputacao\/files\/2023\/01\/Ata-de-reuniao-08-09-2022.pdf\">Ata de reuniao 08-09-2022<\/a><\/p><p><a href=\"https:\/\/www2.unifap.br\/ccomputacao\/files\/2023\/01\/Ata-de-reuniao-03-11-2022.pdf\">Ata de reuniao 03-11-2022<\/a><\/p><p><a href=\"https:\/\/www2.unifap.br\/ccomputacao\/files\/2023\/01\/Ata-de-reuniao-15-12-2022.pdf\">Ata de reuniao 15-12-2022<\/a><\/p><p><a href=\"https:\/\/www2.unifap.br\/ccomputacao\/files\/2023\/01\/Ata-de-reuniao-20-12-2022.pdf\">Ata de reuniao 20-12-2022<\/a><\/p><\/div>\n\t\t\t\t<\/div>\n\t\t\t\t\t\t\t<div class=\"elementor-toggle-item\">\n\t\t\t\t\t<div id=\"elementor-tab-title-6993\" class=\"elementor-tab-title\" data-tab=\"3\" role=\"button\" aria-controls=\"elementor-tab-content-6993\" aria-expanded=\"false\">\n\t\t\t\t\t\t\t\t\t\t\t\t<span class=\"elementor-toggle-icon elementor-toggle-icon-left\" aria-hidden=\"true\">\n\t\t\t\t\t\t\t\t\t\t\t\t\t\t\t<span class=\"elementor-toggle-icon-closed\"><i class=\"fas fa-caret-right\"><\/i><\/span>\n\t\t\t\t\t\t\t\t<span class=\"elementor-toggle-icon-opened\"><i class=\"elementor-toggle-icon-opened fas fa-caret-up\"><\/i><\/span>\n\t\t\t\t\t\t\t\t\t\t\t\t\t<\/span>\n\t\t\t\t\t\t\t\t\t\t\t\t<a class=\"elementor-toggle-title\" tabindex=\"0\">2021<\/a>\n\t\t\t\t\t<\/div>\n\n\t\t\t\t\t<div id=\"elementor-tab-content-6993\" class=\"elementor-tab-content elementor-clearfix\" data-tab=\"3\" role=\"region\" aria-labelledby=\"elementor-tab-title-6993\"><p><a href=\"https:\/\/www2.unifap.br\/ccomputacao\/files\/2023\/01\/Ata-de-reuniao-22-02-2021.pdf\">Ata de reuni\u00e3o 22-02-2021<\/a><\/p><p><a href=\"https:\/\/www2.unifap.br\/ccomputacao\/files\/2023\/01\/Ata-de-reuniao-13-04-2021.pdf\">Ata de reuni\u00e3o 13-04-2021<\/a><\/p><p><a href=\"https:\/\/www2.unifap.br\/ccomputacao\/files\/2023\/01\/Ata-de-reuniao-22-10-2021.pdf\">Ata de reuni\u00e3o 22-10-2021<\/a><\/p><p><a href=\"https:\/\/www2.unifap.br\/ccomputacao\/files\/2023\/01\/Ata-de-reuniao-01-12-2021.pdf\">Ata de reuni\u00e3o 01-12-2021<\/a><\/p><p><a href=\"https:\/\/www2.unifap.br\/ccomputacao\/files\/2023\/01\/Ata-de-reuniao-20-12-2021.pdf\">Ata de reuni\u00e3o 20-12-2021<\/a><\/p><\/div>\n\t\t\t\t<\/div>\n\t\t\t\t\t\t\t<div class=\"elementor-toggle-item\">\n\t\t\t\t\t<div id=\"elementor-tab-title-6994\" class=\"elementor-tab-title\" data-tab=\"4\" role=\"button\" aria-controls=\"elementor-tab-content-6994\" aria-expanded=\"false\">\n\t\t\t\t\t\t\t\t\t\t\t\t<span class=\"elementor-toggle-icon elementor-toggle-icon-left\" aria-hidden=\"true\">\n\t\t\t\t\t\t\t\t\t\t\t\t\t\t\t<span class=\"elementor-toggle-icon-closed\"><i class=\"fas fa-caret-right\"><\/i><\/span>\n\t\t\t\t\t\t\t\t<span class=\"elementor-toggle-icon-opened\"><i class=\"elementor-toggle-icon-opened fas fa-caret-up\"><\/i><\/span>\n\t\t\t\t\t\t\t\t\t\t\t\t\t<\/span>\n\t\t\t\t\t\t\t\t\t\t\t\t<a class=\"elementor-toggle-title\" tabindex=\"0\">2020<\/a>\n\t\t\t\t\t<\/div>\n\n\t\t\t\t\t<div id=\"elementor-tab-content-6994\" class=\"elementor-tab-content elementor-clearfix\" data-tab=\"4\" role=\"region\" aria-labelledby=\"elementor-tab-title-6994\"><p><a href=\"https:\/\/www2.unifap.br\/ccomputacao\/files\/2023\/01\/Ata-de-reuniao-04-08-2022.pdf\">Ata de reuni\u00e3o 04-08-2022<\/a><\/p><p><a href=\"https:\/\/www2.unifap.br\/ccomputacao\/files\/2023\/01\/Ata-de-reuniao-07-12-2022.pdf\">Ata de reuni\u00e3o 07-12-2022<\/a><\/p><p><a href=\"https:\/\/www2.unifap.br\/ccomputacao\/files\/2023\/01\/Ata-de-reuniao-22-07-2022.pdf\">Ata de reuni\u00e3o 22-07-2022<\/a><\/p><p><a href=\"https:\/\/www2.unifap.br\/ccomputacao\/files\/2023\/01\/Ata-de-reuniao-27-10-2022.pdf\">Ata de reuni\u00e3o 27-10-2022<\/a><\/p><\/div>\n\t\t\t\t<\/div>\n\t\t\t\t\t\t\t<div class=\"elementor-toggle-item\">\n\t\t\t\t\t<div id=\"elementor-tab-title-6995\" class=\"elementor-tab-title\" data-tab=\"5\" role=\"button\" aria-controls=\"elementor-tab-content-6995\" aria-expanded=\"false\">\n\t\t\t\t\t\t\t\t\t\t\t\t<span class=\"elementor-toggle-icon elementor-toggle-icon-left\" aria-hidden=\"true\">\n\t\t\t\t\t\t\t\t\t\t\t\t\t\t\t<span class=\"elementor-toggle-icon-closed\"><i class=\"fas fa-caret-right\"><\/i><\/span>\n\t\t\t\t\t\t\t\t<span class=\"elementor-toggle-icon-opened\"><i class=\"elementor-toggle-icon-opened fas fa-caret-up\"><\/i><\/span>\n\t\t\t\t\t\t\t\t\t\t\t\t\t<\/span>\n\t\t\t\t\t\t\t\t\t\t\t\t<a class=\"elementor-toggle-title\" tabindex=\"0\">2019<\/a>\n\t\t\t\t\t<\/div>\n\n\t\t\t\t\t<div id=\"elementor-tab-content-6995\" class=\"elementor-tab-content elementor-clearfix\" data-tab=\"5\" role=\"region\" aria-labelledby=\"elementor-tab-title-6995\"><p><a href=\"http:\/\/www2.unifap.br\/ccomputacao\/files\/2019\/12\/Ata-de-Reuni\u00e3o-22-02-2019.pdf\">Ata de reuni\u00e3o 22-02-2019<\/a><\/p><p><a href=\"http:\/\/www2.unifap.br\/ccomputacao\/files\/2019\/12\/Ata-de-Reuni\u00e3o-29-03-2019.pdf\">Ata de reuni\u00e3o 29-03-2019<\/a><\/p><p><a href=\"http:\/\/www2.unifap.br\/ccomputacao\/files\/2019\/12\/Ata-de-Reuni\u00e3o-03-05-2019.pdf\">Ata de reuni\u00e3o 03-05-2019<\/a><\/p><p><a href=\"http:\/\/www2.unifap.br\/ccomputacao\/files\/2019\/12\/Ata-de-Reuni\u00e3o-12-06-2019.pdf\">Ata de reuni\u00e3o 12-06-2019<\/a><\/p><p><a href=\"http:\/\/www2.unifap.br\/ccomputacao\/files\/2019\/12\/Ata-de-Reuni\u00e3o-05-09-2019.pdf\">Ata de reuni\u00e3o 05-09-2019<\/a><\/p><\/div>\n\t\t\t\t<\/div>\n\t\t\t\t\t\t\t<div class=\"elementor-toggle-item\">\n\t\t\t\t\t<div id=\"elementor-tab-title-6996\" class=\"elementor-tab-title\" data-tab=\"6\" role=\"button\" aria-controls=\"elementor-tab-content-6996\" aria-expanded=\"false\">\n\t\t\t\t\t\t\t\t\t\t\t\t<span class=\"elementor-toggle-icon elementor-toggle-icon-left\" aria-hidden=\"true\">\n\t\t\t\t\t\t\t\t\t\t\t\t\t\t\t<span class=\"elementor-toggle-icon-closed\"><i class=\"fas fa-caret-right\"><\/i><\/span>\n\t\t\t\t\t\t\t\t<span class=\"elementor-toggle-icon-opened\"><i class=\"elementor-toggle-icon-opened fas fa-caret-up\"><\/i><\/span>\n\t\t\t\t\t\t\t\t\t\t\t\t\t<\/span>\n\t\t\t\t\t\t\t\t\t\t\t\t<a class=\"elementor-toggle-title\" tabindex=\"0\">2018<\/a>\n\t\t\t\t\t<\/div>\n\n\t\t\t\t\t<div id=\"elementor-tab-content-6996\" class=\"elementor-tab-content elementor-clearfix\" data-tab=\"6\" role=\"region\" aria-labelledby=\"elementor-tab-title-6996\"><p><a href=\"http:\/\/www2.unifap.br\/ccomputacao\/files\/2018\/01\/01-Ata-de-reuni\u00e3o-22-01-2018.pdf\" target=\"_blank\" rel=\"noopener\">Ata de reuni\u00e3o 22-01-2018<\/a><\/p><p><a href=\"http:\/\/www2.unifap.br\/ccomputacao\/files\/2018\/01\/02-Ata-de-Reuni\u00e3o-25-01-2018.pdf\" target=\"_blank\" rel=\"noopener\">Ata de reuni\u00e3o 25-01-2018<\/a><\/p><p><a href=\"http:\/\/www2.unifap.br\/ccomputacao\/files\/2018\/01\/03-Ata-de-Reuni\u00e3o-05-02-2018.pdf\" target=\"_blank\" rel=\"noopener\">Ata de reuni\u00e3o 05-02-2018<\/a><\/p><p><a href=\"http:\/\/www2.unifap.br\/ccomputacao\/files\/2018\/01\/04-Ata-de-reuni\u00e3o-08-02-2018.pdf\" target=\"_blank\" rel=\"noopener\">Ata de reuni\u00e3o 08-02-2018<\/a><\/p><p><a href=\"http:\/\/www2.unifap.br\/ccomputacao\/files\/2019\/12\/Ata-de-Reuni\u00e3o-12-03-2018.pdf\">Ata de reuni\u00e3o 12-03-2018<\/a><\/p><p><a href=\"http:\/\/www2.unifap.br\/ccomputacao\/files\/2019\/12\/Ata-de-Reuni\u00e3o-12-04-2018.pdf\">Ata de reuni\u00e3o 12-04-2018<\/a><\/p><p><a href=\"http:\/\/www2.unifap.br\/ccomputacao\/files\/2019\/12\/Ata-de-Reuni\u00e3o-04-06-2018.pdf\">Ata de reuni\u00e3o 04-06-2018<\/a><\/p><p><a href=\"http:\/\/www2.unifap.br\/ccomputacao\/files\/2019\/12\/Ata-de-Reuni\u00e3o-12-09-2018.pdf\">Ata de reuni\u00e3o 12-09-2018<\/a><\/p><p><a href=\"http:\/\/www2.unifap.br\/ccomputacao\/files\/2019\/12\/Ata-de-Reuni\u00e3o-27-09-2018.pdf\">Ata de reuni\u00e3o 27-09-2018<\/a><\/p><p><a href=\"http:\/\/www2.unifap.br\/ccomputacao\/files\/2019\/12\/Ata-de-Reuni\u00e3o-12-11-2018.pdf\">Ata de reuni\u00e3o 12-11-2018<\/a><\/p><\/div>\n\t\t\t\t<\/div>\n\t\t\t\t\t\t\t<div class=\"elementor-toggle-item\">\n\t\t\t\t\t<div id=\"elementor-tab-title-6997\" class=\"elementor-tab-title\" data-tab=\"7\" role=\"button\" aria-controls=\"elementor-tab-content-6997\" aria-expanded=\"false\">\n\t\t\t\t\t\t\t\t\t\t\t\t<span class=\"elementor-toggle-icon elementor-toggle-icon-left\" aria-hidden=\"true\">\n\t\t\t\t\t\t\t\t\t\t\t\t\t\t\t<span class=\"elementor-toggle-icon-closed\"><i class=\"fas fa-caret-right\"><\/i><\/span>\n\t\t\t\t\t\t\t\t<span class=\"elementor-toggle-icon-opened\"><i class=\"elementor-toggle-icon-opened fas fa-caret-up\"><\/i><\/span>\n\t\t\t\t\t\t\t\t\t\t\t\t\t<\/span>\n\t\t\t\t\t\t\t\t\t\t\t\t<a class=\"elementor-toggle-title\" tabindex=\"0\">2017<\/a>\n\t\t\t\t\t<\/div>\n\n\t\t\t\t\t<div id=\"elementor-tab-content-6997\" class=\"elementor-tab-content elementor-clearfix\" data-tab=\"7\" role=\"region\" aria-labelledby=\"elementor-tab-title-6997\"><p><a href=\"http:\/\/www2.unifap.br\/ccomputacao\/files\/2018\/01\/1-Ata-de-Reuni\u00e3o-10-01-2017.pdf\">Ata de Reuni\u00e3o 10-01-2017<\/a><\/p><p><a href=\"http:\/\/www2.unifap.br\/ccomputacao\/files\/2018\/01\/2-Ata-de-Reuni\u00e3o-13-02-2017.pdf\">Ata de Reuni\u00e3o 13-02-2017<\/a><\/p><p><a href=\"http:\/\/www2.unifap.br\/ccomputacao\/files\/2018\/01\/3-Ata-de-Reuni\u00e3o-20-02-2017.pdf\">Ata de Reuni\u00e3o 20-02-2017<\/a><\/p><p><a href=\"http:\/\/www2.unifap.br\/ccomputacao\/files\/2018\/01\/4-Ata-de-Reuni\u00e3o-10-04-2017.pdf\">Ata de Reuni\u00e3o 10-04-2017<\/a><\/p><p><a href=\"http:\/\/www2.unifap.br\/ccomputacao\/files\/2018\/01\/5-Ata-de-Reuni\u00e3o-15-05-2017.pdf\">Ata de Reuni\u00e3o 15-05-2017<\/a><\/p><p><a href=\"http:\/\/www2.unifap.br\/ccomputacao\/files\/2018\/01\/6-Ata-de-Reuni\u00e3o-22-05-2017.pdf\">Ata de Reuni\u00e3o 22-05-2017<\/a><\/p><p><a href=\"http:\/\/www2.unifap.br\/ccomputacao\/files\/2018\/01\/7-Ata-de-Reuni\u00e3o-09-07-2017.pdf\">Ata de Reuni\u00e3o 09-07-2017<\/a><\/p><p><a href=\"http:\/\/www2.unifap.br\/ccomputacao\/files\/2018\/01\/8-Ata-de-Reuni\u00e3o-07-08-2017.pdf\">Ata de Reuni\u00e3o 07-08-2017<\/a><\/p><p><a href=\"http:\/\/www2.unifap.br\/ccomputacao\/files\/2018\/01\/9-Ata-de-Reuni\u00e3o-23-10-2017.pdf\">Ata de Reuni\u00e3o 23-10-2017<\/a><\/p><p><a href=\"http:\/\/www2.unifap.br\/ccomputacao\/files\/2018\/01\/10-Ata-de-Reuniao-29-11-2017.pdf\">Ata de Reuniao 29-11-2017<\/a><\/p><p><a href=\"http:\/\/www2.unifap.br\/ccomputacao\/files\/2018\/01\/11-Ata-de-Reuni\u00e3o-14-12-17.pdf\">Ata de Reuni\u00e3o 14-12-2017<\/a><\/p><\/div>\n\t\t\t\t<\/div>\n\t\t\t\t\t\t\t<div class=\"elementor-toggle-item\">\n\t\t\t\t\t<div id=\"elementor-tab-title-6998\" class=\"elementor-tab-title\" data-tab=\"8\" role=\"button\" aria-controls=\"elementor-tab-content-6998\" aria-expanded=\"false\">\n\t\t\t\t\t\t\t\t\t\t\t\t<span class=\"elementor-toggle-icon elementor-toggle-icon-left\" aria-hidden=\"true\">\n\t\t\t\t\t\t\t\t\t\t\t\t\t\t\t<span class=\"elementor-toggle-icon-closed\"><i class=\"fas fa-caret-right\"><\/i><\/span>\n\t\t\t\t\t\t\t\t<span class=\"elementor-toggle-icon-opened\"><i class=\"elementor-toggle-icon-opened fas fa-caret-up\"><\/i><\/span>\n\t\t\t\t\t\t\t\t\t\t\t\t\t<\/span>\n\t\t\t\t\t\t\t\t\t\t\t\t<a class=\"elementor-toggle-title\" tabindex=\"0\">2016<\/a>\n\t\t\t\t\t<\/div>\n\n\t\t\t\t\t<div id=\"elementor-tab-content-6998\" class=\"elementor-tab-content elementor-clearfix\" data-tab=\"8\" role=\"region\" aria-labelledby=\"elementor-tab-title-6998\"><p><a href=\"http:\/\/www2.unifap.br\/ccomputacao\/files\/2018\/01\/1-Ata-de-Reuni\u00e3o-04-01-2016.pdf\">Ata de Reuni\u00e3o 04-01-2016<\/a><\/p><p><a href=\"http:\/\/www2.unifap.br\/ccomputacao\/files\/2018\/01\/3-Ata-de-Reuni\u00e3o-08-01-2016.pdf\">Ata de Reuni\u00e3o 08-01-2016<\/a><\/p><p><a href=\"http:\/\/www2.unifap.br\/ccomputacao\/files\/2018\/01\/2-Ata-de-Reuni\u00e3o-21-01-2016.pdf\">Ata de Reuni\u00e3o 21-01-2016<\/a><\/p><p><a href=\"http:\/\/www2.unifap.br\/ccomputacao\/files\/2018\/01\/4-Ata-de-Reuni\u00e3o-11-03-2016.pdf\">Ata de Reuni\u00e3o 11-03-2016<\/a><\/p><p><a href=\"http:\/\/www2.unifap.br\/ccomputacao\/files\/2018\/01\/5-Ata-de-Reuni\u00e3o-06-07-2016.pdf\">Ata de Reuni\u00e3o 06-07-2016<\/a><\/p><p><a href=\"http:\/\/www2.unifap.br\/ccomputacao\/files\/2018\/01\/6-Ata-de-Reuni\u00e3o-29-07-2016.pdf\">Ata de Reuni\u00e3o 29-07-2016<\/a><\/p><p><a href=\"http:\/\/www2.unifap.br\/ccomputacao\/files\/2018\/01\/7-Ata-de-Reuni\u00e3o-22-08-2016.pdf\">Ata de Reuni\u00e3o 22-08-2016<\/a><\/p><p><a href=\"http:\/\/www2.unifap.br\/ccomputacao\/files\/2018\/01\/8-Ata-de-Reuni\u00e3o-28-11-2016.pdf\">Ata de Reuni\u00e3o 28-11-2016<\/a><\/p><p><a href=\"http:\/\/www2.unifap.br\/ccomputacao\/files\/2018\/01\/9-Ata-de-Reuni\u00e3o-14-12-2016.pdf\">Ata de Reuni\u00e3o 14-12-2016<\/a><\/p><\/div>\n\t\t\t\t<\/div>\n\t\t\t\t\t\t\t<div class=\"elementor-toggle-item\">\n\t\t\t\t\t<div id=\"elementor-tab-title-6999\" class=\"elementor-tab-title\" data-tab=\"9\" role=\"button\" aria-controls=\"elementor-tab-content-6999\" aria-expanded=\"false\">\n\t\t\t\t\t\t\t\t\t\t\t\t<span class=\"elementor-toggle-icon elementor-toggle-icon-left\" aria-hidden=\"true\">\n\t\t\t\t\t\t\t\t\t\t\t\t\t\t\t<span class=\"elementor-toggle-icon-closed\"><i class=\"fas fa-caret-right\"><\/i><\/span>\n\t\t\t\t\t\t\t\t<span class=\"elementor-toggle-icon-opened\"><i class=\"elementor-toggle-icon-opened fas fa-caret-up\"><\/i><\/span>\n\t\t\t\t\t\t\t\t\t\t\t\t\t<\/span>\n\t\t\t\t\t\t\t\t\t\t\t\t<a class=\"elementor-toggle-title\" tabindex=\"0\">2015<\/a>\n\t\t\t\t\t<\/div>\n\n\t\t\t\t\t<div id=\"elementor-tab-content-6999\" class=\"elementor-tab-content elementor-clearfix\" data-tab=\"9\" role=\"region\" aria-labelledby=\"elementor-tab-title-6999\"><p><a href=\"http:\/\/www2.unifap.br\/ccomputacao\/files\/2018\/01\/1-Ata-de-Reuni\u00e3o-10-02-2015.pdf\">Ata de Reuni\u00e3o 10-02-2015<\/a><\/p><p><a href=\"http:\/\/www2.unifap.br\/ccomputacao\/files\/2018\/01\/2-Ata-de-Reuni\u00e3o-12-05-2015.pdf\">Ata de Reuni\u00e3o 12-05-2015<\/a><\/p><p><a href=\"http:\/\/www2.unifap.br\/ccomputacao\/files\/2018\/01\/3-Ata-de-Reuni\u00e3o-03-07-2015.pdf\">Ata de Reuni\u00e3o 03-07-2015<\/a><\/p><p><a href=\"http:\/\/www2.unifap.br\/ccomputacao\/files\/2018\/01\/4-Ata-de-Reuni\u00e3o-06-07-2015.pdf\">Ata de Reuni\u00e3o 06-07-2015<\/a><\/p><p><a href=\"http:\/\/www2.unifap.br\/ccomputacao\/files\/2018\/01\/5-Ata-de-Reuni\u00e3o-06-11-2015.pdf\">Ata de Reuni\u00e3o 06-11-2015<\/a><\/p><p><a href=\"http:\/\/www2.unifap.br\/ccomputacao\/files\/2018\/01\/6-Ata-de-Reuni\u00e3o-26-11-2015.pdf\">Ata de Reuni\u00e3o 26-11-2015<\/a><\/p><p><a href=\"http:\/\/www2.unifap.br\/ccomputacao\/files\/2018\/01\/7-Ata-de-Reuni\u00e3o-10-12-2015.pdf\">Ata de Reuni\u00e3o 10-12-2015<\/a><\/p><\/div>\n\t\t\t\t<\/div>\n\t\t\t\t\t\t\t<div class=\"elementor-toggle-item\">\n\t\t\t\t\t<div id=\"elementor-tab-title-69910\" class=\"elementor-tab-title\" data-tab=\"10\" role=\"button\" aria-controls=\"elementor-tab-content-69910\" aria-expanded=\"false\">\n\t\t\t\t\t\t\t\t\t\t\t\t<span class=\"elementor-toggle-icon elementor-toggle-icon-left\" aria-hidden=\"true\">\n\t\t\t\t\t\t\t\t\t\t\t\t\t\t\t<span class=\"elementor-toggle-icon-closed\"><i class=\"fas fa-caret-right\"><\/i><\/span>\n\t\t\t\t\t\t\t\t<span class=\"elementor-toggle-icon-opened\"><i class=\"elementor-toggle-icon-opened fas fa-caret-up\"><\/i><\/span>\n\t\t\t\t\t\t\t\t\t\t\t\t\t<\/span>\n\t\t\t\t\t\t\t\t\t\t\t\t<a class=\"elementor-toggle-title\" tabindex=\"0\">2014<\/a>\n\t\t\t\t\t<\/div>\n\n\t\t\t\t\t<div id=\"elementor-tab-content-69910\" class=\"elementor-tab-content elementor-clearfix\" data-tab=\"10\" role=\"region\" aria-labelledby=\"elementor-tab-title-69910\"><p><a href=\"http:\/\/www2.unifap.br\/ccomputacao\/files\/2018\/01\/1-Ata-de-Reuni\u00e3o-22-01-2014.pdf\">Ata de Reuni\u00e3o 22-01-2014<\/a><\/p><p><a href=\"http:\/\/www2.unifap.br\/ccomputacao\/files\/2018\/01\/2-Ata-de-Reuni\u00e3o-07-02-2014.pdf\">Ata de Reuni\u00e3o 07-02-2014<\/a><\/p><p><a href=\"http:\/\/www2.unifap.br\/ccomputacao\/files\/2018\/01\/3-Ata-de-reuni\u00e3o-17-04-2014.pdf\">Ata de Reuni\u00e3o 17-04-2014<\/a><\/p><p><a href=\"http:\/\/www2.unifap.br\/ccomputacao\/files\/2018\/01\/4-Ata-de-Reuni\u00e3o-01-08-2014.pdf\">Ata de Reuni\u00e3o 01-08-2014<\/a><\/p><p><a href=\"http:\/\/www2.unifap.br\/ccomputacao\/files\/2018\/01\/5-Ata-de-Reuni\u00e3o-06-10-2014.pdf\">Ata de Reuni\u00e3o 06-10-2014<\/a><\/p><p><a href=\"http:\/\/www2.unifap.br\/ccomputacao\/files\/2018\/01\/6-Ata-de-Reuni\u00e3o-17-10-2017.pdf\">Ata de Reuni\u00e3o 17-10-2014<\/a><\/p><\/div>\n\t\t\t\t<\/div>\n\t\t\t\t\t\t\t<div class=\"elementor-toggle-item\">\n\t\t\t\t\t<div id=\"elementor-tab-title-69911\" class=\"elementor-tab-title\" data-tab=\"11\" role=\"button\" aria-controls=\"elementor-tab-content-69911\" aria-expanded=\"false\">\n\t\t\t\t\t\t\t\t\t\t\t\t<span class=\"elementor-toggle-icon elementor-toggle-icon-left\" aria-hidden=\"true\">\n\t\t\t\t\t\t\t\t\t\t\t\t\t\t\t<span class=\"elementor-toggle-icon-closed\"><i class=\"fas fa-caret-right\"><\/i><\/span>\n\t\t\t\t\t\t\t\t<span class=\"elementor-toggle-icon-opened\"><i class=\"elementor-toggle-icon-opened fas fa-caret-up\"><\/i><\/span>\n\t\t\t\t\t\t\t\t\t\t\t\t\t<\/span>\n\t\t\t\t\t\t\t\t\t\t\t\t<a class=\"elementor-toggle-title\" tabindex=\"0\">2013<\/a>\n\t\t\t\t\t<\/div>\n\n\t\t\t\t\t<div id=\"elementor-tab-content-69911\" class=\"elementor-tab-content elementor-clearfix\" data-tab=\"11\" role=\"region\" aria-labelledby=\"elementor-tab-title-69911\"><p><a href=\"http:\/\/www2.unifap.br\/ccomputacao\/files\/2018\/01\/Ata-de-Reuni\u00e3o-12-11-2013.pdf\">Ata de Reuni\u00e3o 12-11-2013<\/a><\/p><\/div>\n\t\t\t\t<\/div>\n\t\t\t\t\t\t\t\t<\/div>\n\t\t\t\t\t\t<\/div>\n\t\t\t\t<\/div>\n\t\t\t\t\t<\/div>\n\t\t<\/div>\n\t\t\t\t\t<\/div>\n\t\t<\/section>\n\t\t\t\t<\/div>\n\t\t","protected":false},"excerpt":{"rendered":"<p>Atas de reuni\u00e3o &#8211; Colegiado 2023 Ata de reuni\u00e3o 11-01-2023 Ata de reuni\u00e3o 09-02-2023 Ata de reuni\u00e3o 09-03-2023 Ata de reuni\u00e3o 13-04-2023 Ata de reuni\u00e3o 17-07-2023 2022 Ata de reuniao 24-03-2022 Ata de reuniao 28-04-2022 Ata de reuniao 07-06-2022 Ata de reuniao 04-08-2022 Ata de reuniao 12-08-2022 Ata de reuniao 08-09-2022 Ata de reuniao 03-11-2022&#8230;<\/p>\n","protected":false},"author":757,"featured_media":0,"parent":551,"menu_order":0,"comment_status":"closed","ping_status":"open","template":"","meta":{"inline_featured_image":false,"ngg_post_thumbnail":0,"footnotes":""},"class_list":["post-555","page","type-page","status-publish","hentry","entry"],"_links":{"self":[{"href":"https:\/\/www2.unifap.br\/ccomputacao\/wp-json\/wp\/v2\/pages\/555","targetHints":{"allow":["GET"]}}],"collection":[{"href":"https:\/\/www2.unifap.br\/ccomputacao\/wp-json\/wp\/v2\/pages"}],"about":[{"href":"https:\/\/www2.unifap.br\/ccomputacao\/wp-json\/wp\/v2\/types\/page"}],"author":[{"embeddable":true,"href":"https:\/\/www2.unifap.br\/ccomputacao\/wp-json\/wp\/v2\/users\/757"}],"replies":[{"embeddable":true,"href":"https:\/\/www2.unifap.br\/ccomputacao\/wp-json\/wp\/v2\/comments?post=555"}],"version-history":[{"count":51,"href":"https:\/\/www2.unifap.br\/ccomputacao\/wp-json\/wp\/v2\/pages\/555\/revisions"}],"predecessor-version":[{"id":4339,"href":"https:\/\/www2.unifap.br\/ccomputacao\/wp-json\/wp\/v2\/pages\/555\/revisions\/4339"}],"up":[{"embeddable":true,"href":"https:\/\/www2.unifap.br\/ccomputacao\/wp-json\/wp\/v2\/pages\/551"}],"wp:attachment":[{"href":"https:\/\/www2.unifap.br\/ccomputacao\/wp-json\/wp\/v2\/media?parent=555"}],"curies":[{"name":"wp","href":"https:\/\/api.w.org\/{rel}","templated":true}]}}