{"id":61,"date":"2013-11-22T01:45:41","date_gmt":"2013-11-22T01:45:41","guid":{"rendered":"http:\/\/www2.unifap.br\/ccomputacao\/?page_id=61"},"modified":"2021-04-13T00:33:17","modified_gmt":"2021-04-13T00:33:17","slug":"projetos-de-pesquisa","status":"publish","type":"page","link":"https:\/\/www2.unifap.br\/ccomputacao\/pesquisa-e-desenvolvimento\/projetos-de-pesquisa\/","title":{"rendered":"Projetos de Pesquisa"},"content":{"rendered":"<h1>Projetos de Pesquisa<\/h1>\n<p><a href=\"http:\/\/www2.unifap.br\/furtado\/projetospesquis\/uma-metodologia-agil-para-gestao-da-aquisicao-de-software-e-servicos-correlatos\/\">Uma Metodologia \u00c1gil para Gest\u00e3o da Aquisi\u00e7\u00e3o de Software e Servi\u00e7os Correlatos<\/a>&nbsp;|&nbsp;Coordenador: <a href=\"http:\/\/www2.unifap.br\/furtado\">Professor Julio Furtado<\/a><\/p>\n<p class=\"entry-title\"><a href=\"https:\/\/www2.unifap.br\/furtado\/research\/projeto-serde-software-engineering-research-development-and-education\/\">Projeto SERDE \u2013 Software Engineering: Research, Development and Education&nbsp;<\/a>| Coordenador: <a href=\"http:\/\/www2.unifap.br\/furtado\">Professor Julio Furtado<\/a><\/p>\n<p><a href=\"http:\/\/www2.unifap.br\/colares\/projetos-de-pesquisa\/computacao-paralela-com-openmpi-em-cluster-beowulf\/\" target=\"_blank\" rel=\"noopener noreferrer\">Computa\u00e7\u00e3o Paralela com OpenMPI em Cluster Beowulf<\/a> | Coordenador: <a href=\"http:\/\/www2.unifap.br\/colares\/\" target=\"_blank\" rel=\"noopener noreferrer\">Professor Adolfo Colares<\/a><\/p>\n<p><a href=\"https:\/\/www2.unifap.br\/ccomputacao\/projeto-de-pesquisa-smart-campus-unifap\/\">Smart Campus UNIFAP<\/a> | Coordenadora: <a href=\"http:\/\/lattes.cnpq.br\/5706606169826790\">Professora Patr\u00edcia Ara\u00fajo<\/a><\/p>\n<p>&nbsp;<\/p>\n","protected":false},"excerpt":{"rendered":"<p>Projetos de Pesquisa Uma Metodologia \u00c1gil para Gest\u00e3o da Aquisi\u00e7\u00e3o de Software e Servi\u00e7os Correlatos&nbsp;|&nbsp;Coordenador: Professor Julio Furtado Projeto SERDE \u2013 Software Engineering: Research, Development and Education&nbsp;| Coordenador: Professor Julio Furtado Computa\u00e7\u00e3o Paralela com OpenMPI em Cluster Beowulf | Coordenador: Professor Adolfo Colares Smart Campus UNIFAP | Coordenadora: Professora Patr\u00edcia Ara\u00fajo &nbsp;<\/p>\n","protected":false},"author":352,"featured_media":0,"parent":20,"menu_order":2,"comment_status":"closed","ping_status":"closed","template":"","meta":{"inline_featured_image":false,"ngg_post_thumbnail":0,"footnotes":""},"class_list":["post-61","page","type-page","status-publish","hentry","entry"],"_links":{"self":[{"href":"https:\/\/www2.unifap.br\/ccomputacao\/wp-json\/wp\/v2\/pages\/61","targetHints":{"allow":["GET"]}}],"collection":[{"href":"https:\/\/www2.unifap.br\/ccomputacao\/wp-json\/wp\/v2\/pages"}],"about":[{"href":"https:\/\/www2.unifap.br\/ccomputacao\/wp-json\/wp\/v2\/types\/page"}],"author":[{"embeddable":true,"href":"https:\/\/www2.unifap.br\/ccomputacao\/wp-json\/wp\/v2\/users\/352"}],"replies":[{"embeddable":true,"href":"https:\/\/www2.unifap.br\/ccomputacao\/wp-json\/wp\/v2\/comments?post=61"}],"version-history":[{"count":14,"href":"https:\/\/www2.unifap.br\/ccomputacao\/wp-json\/wp\/v2\/pages\/61\/revisions"}],"predecessor-version":[{"id":2635,"href":"https:\/\/www2.unifap.br\/ccomputacao\/wp-json\/wp\/v2\/pages\/61\/revisions\/2635"}],"up":[{"embeddable":true,"href":"https:\/\/www2.unifap.br\/ccomputacao\/wp-json\/wp\/v2\/pages\/20"}],"wp:attachment":[{"href":"https:\/\/www2.unifap.br\/ccomputacao\/wp-json\/wp\/v2\/media?parent=61"}],"curies":[{"name":"wp","href":"https:\/\/api.w.org\/{rel}","templated":true}]}}