{"id":7,"date":"2013-11-22T01:30:44","date_gmt":"2013-11-22T01:30:44","guid":{"rendered":"http:\/\/www2.unifap.br\/ccomputacao\/?page_id=7"},"modified":"2026-02-07T15:43:46","modified_gmt":"2026-02-07T15:43:46","slug":"organizacao-do-curso","status":"publish","type":"page","link":"https:\/\/www2.unifap.br\/ccomputacao\/organizacao-do-curso\/","title":{"rendered":"Organiza\u00e7\u00e3o do Curso"},"content":{"rendered":"\t\t<div data-elementor-type=\"wp-post\" data-elementor-id=\"7\" class=\"elementor elementor-7\">\n\t\t\t\t\t\t<section class=\"elementor-section elementor-top-section elementor-element elementor-element-df6b5a1 elementor-section-boxed elementor-section-height-default elementor-section-height-default\" data-id=\"df6b5a1\" data-element_type=\"section\" data-e-type=\"section\">\n\t\t\t\t\t\t<div class=\"elementor-container elementor-column-gap-default\">\n\t\t\t\t\t<div class=\"elementor-column elementor-col-100 elementor-top-column elementor-element elementor-element-09a7a13\" data-id=\"09a7a13\" data-element_type=\"column\" data-e-type=\"column\">\n\t\t\t<div class=\"elementor-widget-wrap elementor-element-populated\">\n\t\t\t\t\t\t<div class=\"elementor-element elementor-element-2f2fec9 elementor-widget elementor-widget-text-editor\" data-id=\"2f2fec9\" data-element_type=\"widget\" data-e-type=\"widget\" data-widget_type=\"text-editor.default\">\n\t\t\t\t<div class=\"elementor-widget-container\">\n\t\t\t\t\t\t\t\t\t<h1>Organiza\u00e7\u00e3o do Curso<\/h1>\t\t\t\t\t\t\t\t<\/div>\n\t\t\t\t<\/div>\n\t\t\t\t\t<\/div>\n\t\t<\/div>\n\t\t\t\t\t<\/div>\n\t\t<\/section>\n\t\t\t\t<section class=\"elementor-section elementor-top-section elementor-element elementor-element-5534e4c4 elementor-section-boxed elementor-section-height-default elementor-section-height-default\" data-id=\"5534e4c4\" data-element_type=\"section\" data-e-type=\"section\">\n\t\t\t\t\t\t<div class=\"elementor-container elementor-column-gap-default\">\n\t\t\t\t\t<div class=\"elementor-column elementor-col-100 elementor-top-column elementor-element elementor-element-1fe3c366\" data-id=\"1fe3c366\" data-element_type=\"column\" data-e-type=\"column\">\n\t\t\t<div class=\"elementor-widget-wrap elementor-element-populated\">\n\t\t\t\t\t\t<div class=\"elementor-element elementor-element-2d878007 elementor-widget elementor-widget-text-editor\" data-id=\"2d878007\" data-element_type=\"widget\" data-e-type=\"widget\" data-widget_type=\"text-editor.default\">\n\t\t\t\t<div class=\"elementor-widget-container\">\n\t\t\t\t\t\t\t\t\t<p><strong><u>Coordenador<\/u>: <\/strong>Prof. Me. Marco Antonio Leal da Silva (<a href=\"http:\/\/www2.unifap.br\/ccomputacao\/files\/2022\/08\/portaria-2.pdf\">Portaria 1229\/2022<\/a>) &#8211; e-mail: marcoleal@unifap.br<\/p><p><strong><u>Vice<\/u>&#8211;<u>Coordenador<\/u>: <\/strong>Prof. Me. Thiago Pinheiro do Nascimento (<a href=\"https:\/\/www2.unifap.br\/ccomputacao\/files\/2022\/01\/portaria-34.pdf\">Portaria 0032\/2022<\/a>) &#8211; e-mail: thiago.nascimento@unifap.br<\/p><p><strong><u>T\u00e9cnico em Administra\u00e7\u00e3o<\/u>: <\/strong>Rafael S\u00e1 Cavalcante &#8211; e-mail: rafael.cavalcante@unifap.br<\/p><p><strong>Local de Atendimento: <\/strong>Coordena\u00e7\u00e3o de Ci\u00eancia da Computa\u00e7\u00e3o &#8211; Bloco de El\u00e9trica e Computa\u00e7\u00e3o<\/p><p><strong>E-mail do curso:<\/strong> ccc@unifap.br<b>\u00a0<\/b><\/p><p style=\"text-align: center\" align=\"center\"><b>\u00a0<\/b><\/p><p style=\"text-align: center\" align=\"center\"><b>PROGRAMA DE GEST\u00c3O E DESEMPENHO<\/b><\/p><p style=\"text-align: justify\">Conforme a portaria n\u00ba 0747\/2025 &#8211; UNIFAP a Coordena\u00e7\u00e3o do Curso de Ci\u00eancia da Computa\u00e7\u00e3o informa a ades\u00e3o ao Programa de Gest\u00e3o e Desempenho &#8211; PGD\/UNIFAP, conforme especificado no quadro abaixo, em conformidade com o Decreto n\u00ba. 11.072, de 17 de maio de 2022, a Instru\u00e7\u00e3o Normativa Conjunta SEGES-SGPRT\/MGI n\u00ba. 24, de 28 de julho de 2023, a Instru\u00e7\u00e3o Normativa Conjunta SGP-SRT-SEGES\/MGI n\u00ba. 52, de 21 de dezembro de 2023, e a Portaria n\u00ba. 1824\/2024-UNIFAP, de 27\/11\/2024.<\/p><p style=\"text-align: justify\">Servidor no PGD\/UNIFAP: <b>Rafael S\u00e1 Cavalcante<\/b><\/p><p style=\"text-align: justify\">Hor\u00e1rio de atendimento: Segunda \u00e0 Sexta das 8h \u00e0s 12h e das 14h \u00e0s 18h.<\/p><p style=\"text-align: justify\">Quadro de hor\u00e1rio de atendimento.<\/p><table style=\"border-collapse: collapse;border: none\" border=\"1\" cellspacing=\"0\" cellpadding=\"0\"><tbody><tr><td style=\"width: 72.0pt;border: solid windowtext 1.0pt;padding: 0cm 5.4pt 0cm 5.4pt\" valign=\"top\" width=\"144\"><p style=\"margin-bottom: .0001pt;text-align: center;line-height: normal\" align=\"center\"><b>Hor\u00e1rio<\/b><\/p><\/td><td style=\"width: 75.15pt;border: solid windowtext 1.0pt;border-left: none;padding: 0cm 5.4pt 0cm 5.4pt\" valign=\"top\" width=\"150\"><p style=\"margin-bottom: .0001pt;text-align: center;line-height: normal\" align=\"center\"><b>Segunda-feira<\/b><\/p><\/td><td style=\"width: 68.9pt;border: solid windowtext 1.0pt;border-left: none;padding: 0cm 5.4pt 0cm 5.4pt\" valign=\"top\" width=\"138\"><p style=\"margin-bottom: .0001pt;text-align: center;line-height: normal\" align=\"center\"><b>Ter\u00e7a-feira<\/b><\/p><\/td><td style=\"width: 72.05pt;border: solid windowtext 1.0pt;border-left: none;padding: 0cm 5.4pt 0cm 5.4pt\" valign=\"top\" width=\"144\"><p style=\"margin-bottom: .0001pt;text-align: center;line-height: normal\" align=\"center\"><b>Quarta-feira<\/b><\/p><\/td><td style=\"width: 72.05pt;border: solid windowtext 1.0pt;border-left: none;padding: 0cm 5.4pt 0cm 5.4pt\" valign=\"top\" width=\"144\"><p style=\"margin-bottom: .0001pt;text-align: center;line-height: normal\" align=\"center\"><b>Quinta-feira<\/b><\/p><\/td><td style=\"width: 72.05pt;border: solid windowtext 1.0pt;border-left: none;padding: 0cm 5.4pt 0cm 5.4pt\" valign=\"top\" width=\"144\"><p style=\"margin-bottom: .0001pt;text-align: center;line-height: normal\" align=\"center\"><b>Sexta-feira<\/b><\/p><\/td><\/tr><tr><td style=\"width: 72.0pt;border: solid windowtext 1.0pt;border-top: none;padding: 0cm 5.4pt 0cm 5.4pt\" valign=\"top\" width=\"144\"><p style=\"margin-bottom: .0001pt;text-align: center;line-height: normal\" align=\"center\"><b>8h \u00e0s 12h<\/b><\/p><\/td><td style=\"width: 75.15pt;border-top: none;border-left: none;border-bottom: solid windowtext 1.0pt;border-right: solid windowtext 1.0pt;padding: 0cm 5.4pt 0cm 5.4pt\" valign=\"top\" width=\"150\"><p style=\"margin-bottom: .0001pt;text-align: center;line-height: normal\" align=\"center\">teletrabalho<\/p><\/td><td style=\"width: 68.9pt;border-top: none;border-left: none;border-bottom: solid windowtext 1.0pt;border-right: solid windowtext 1.0pt;padding: 0cm 5.4pt 0cm 5.4pt\" valign=\"top\" width=\"138\"><p style=\"margin-bottom: .0001pt;text-align: center;line-height: normal\" align=\"center\">presencial<\/p><\/td><td style=\"width: 72.05pt;border-top: none;border-left: none;border-bottom: solid windowtext 1.0pt;border-right: solid windowtext 1.0pt;padding: 0cm 5.4pt 0cm 5.4pt\" valign=\"top\" width=\"144\"><p style=\"margin-bottom: .0001pt;text-align: center;line-height: normal\" align=\"center\">teletrabalho<\/p><\/td><td style=\"width: 72.05pt;border-top: none;border-left: none;border-bottom: solid windowtext 1.0pt;border-right: solid windowtext 1.0pt;padding: 0cm 5.4pt 0cm 5.4pt\" valign=\"top\" width=\"144\"><p style=\"margin-bottom: .0001pt;text-align: center;line-height: normal\" align=\"center\">presencial<\/p><\/td><td style=\"width: 72.05pt;border-top: none;border-left: none;border-bottom: solid windowtext 1.0pt;border-right: solid windowtext 1.0pt;padding: 0cm 5.4pt 0cm 5.4pt\" valign=\"top\" width=\"144\"><p style=\"margin-bottom: .0001pt;text-align: center;line-height: normal\" align=\"center\">teletrabalho<\/p><\/td><\/tr><tr><td style=\"width: 72.0pt;border: solid windowtext 1.0pt;border-top: none;padding: 0cm 5.4pt 0cm 5.4pt\" valign=\"top\" width=\"144\"><p style=\"margin-bottom: .0001pt;text-align: center;line-height: normal\" align=\"center\"><b>14h \u00e0s 18h<\/b><\/p><\/td><td style=\"width: 75.15pt;border-top: none;border-left: none;border-bottom: solid windowtext 1.0pt;border-right: solid windowtext 1.0pt;padding: 0cm 5.4pt 0cm 5.4pt\" valign=\"top\" width=\"150\"><p style=\"margin-bottom: .0001pt;text-align: center;line-height: normal\" align=\"center\">presencial<\/p><\/td><td style=\"width: 68.9pt;border-top: none;border-left: none;border-bottom: solid windowtext 1.0pt;border-right: solid windowtext 1.0pt;padding: 0cm 5.4pt 0cm 5.4pt\" valign=\"top\" width=\"138\"><p style=\"margin-bottom: .0001pt;text-align: center;line-height: normal\" align=\"center\">teletrabalho<\/p><\/td><td style=\"width: 72.05pt;border-top: none;border-left: none;border-bottom: solid windowtext 1.0pt;border-right: solid windowtext 1.0pt;padding: 0cm 5.4pt 0cm 5.4pt\" valign=\"top\" width=\"144\"><p style=\"margin-bottom: .0001pt;text-align: center;line-height: normal\" align=\"center\">presencial<\/p><\/td><td style=\"width: 72.05pt;border-top: none;border-left: none;border-bottom: solid windowtext 1.0pt;border-right: solid windowtext 1.0pt;padding: 0cm 5.4pt 0cm 5.4pt\" valign=\"top\" width=\"144\"><p style=\"margin-bottom: .0001pt;text-align: center;line-height: normal\" align=\"center\">teletrabalho<\/p><\/td><td style=\"width: 72.05pt;border-top: none;border-left: none;border-bottom: solid windowtext 1.0pt;border-right: solid windowtext 1.0pt;padding: 0cm 5.4pt 0cm 5.4pt\" valign=\"top\" width=\"144\"><p style=\"margin-bottom: .0001pt;text-align: center;line-height: normal\" align=\"center\">presencial<\/p><\/td><\/tr><\/tbody><\/table><p style=\"margin-bottom: .0001pt;text-align: justify\"><b>Contatos de atendimento do T\u00e9cnico em Administra\u00e7\u00e3o:<\/b><\/p><p style=\"margin-bottom: .0001pt;text-align: justify\">E-mail da Coordena\u00e7\u00e3o de Curso: ccc@unifap.br<\/p><p style=\"margin-bottom: .0001pt;text-align: justify\">E-mail do t\u00e9cnico administrativo: rafael.cavalcante@unifap.br<\/p><p style=\"margin-bottom: .0001pt;text-align: justify;line-height: normal\">WhatsApp: 96 981001265<\/p><p style=\"margin-bottom: .0001pt;text-align: justify;line-height: normal\">\u00a0<\/p><p style=\"margin-bottom: .0001pt;text-align: justify;line-height: normal\">\u00a0<\/p><p><a title=\"Atas de Reuni\u00e3o\" href=\"http:\/\/www2.unifap.br\/ccomputacao\/organizacao-do-curso\/atas\/\">Atas de Reuni\u00e3o<\/a><\/p><p><a title=\"N\u00facleo Docente Estruturante\" href=\"http:\/\/www2.unifap.br\/ccomputacao\/organizacao-do-curso\/nucleo-docente-estruturante\/\">N\u00facleo Docente Estruturante<\/a><\/p><p><a title=\"Comiss\u00f5es de Apoio\" href=\"http:\/\/www2.unifap.br\/ccomputacao\/organizacao-do-curso\/comissoes-de-apoio\/\">Comiss\u00f5es de Apoio<\/a><\/p><p><a title=\"Docentes\" href=\"https:\/\/www2.unifap.br\/ccomputacao\/docentes\/\">Docentes<\/a><\/p><p><a title=\"Resolu\u00e7\u00f5es e Regimentos\" href=\"http:\/\/www2.unifap.br\/ccomputacao\/organizacao-do-curso\/resolucoes-e-regimentos\/\">Resolu\u00e7\u00f5es e Regimentos<\/a><\/p><hr \/>\t\t\t\t\t\t\t\t<\/div>\n\t\t\t\t<\/div>\n\t\t\t\t\t<\/div>\n\t\t<\/div>\n\t\t\t\t\t<\/div>\n\t\t<\/section>\n\t\t\t\t<section class=\"elementor-section elementor-top-section elementor-element elementor-element-ad0ca61 elementor-section-boxed elementor-section-height-default elementor-section-height-default\" data-id=\"ad0ca61\" data-element_type=\"section\" data-e-type=\"section\">\n\t\t\t\t\t\t<div class=\"elementor-container elementor-column-gap-default\">\n\t\t\t\t\t<div class=\"elementor-column elementor-col-100 elementor-top-column elementor-element elementor-element-f75ecf5\" data-id=\"f75ecf5\" data-element_type=\"column\" data-e-type=\"column\">\n\t\t\t<div class=\"elementor-widget-wrap elementor-element-populated\">\n\t\t\t\t\t\t<div class=\"elementor-element elementor-element-5e1ec52 elementor-widget elementor-widget-text-editor\" data-id=\"5e1ec52\" data-element_type=\"widget\" data-e-type=\"widget\" data-widget_type=\"text-editor.default\">\n\t\t\t\t<div class=\"elementor-widget-container\">\n\t\t\t\t\t\t\t\t\t<h1>Local<\/h1><div>Bloco de Engenharia El\u00e9trica e Ci\u00eancia da Computa\u00e7\u00e3o, UNIFAP<\/div>\t\t\t\t\t\t\t\t<\/div>\n\t\t\t\t<\/div>\n\t\t\t\t\t<\/div>\n\t\t<\/div>\n\t\t\t\t\t<\/div>\n\t\t<\/section>\n\t\t\t\t<section class=\"elementor-section elementor-top-section elementor-element elementor-element-bac1e15 elementor-section-boxed elementor-section-height-default elementor-section-height-default\" data-id=\"bac1e15\" data-element_type=\"section\" data-e-type=\"section\">\n\t\t\t\t\t\t<div class=\"elementor-container elementor-column-gap-default\">\n\t\t\t\t\t<div class=\"elementor-column elementor-col-100 elementor-top-column elementor-element elementor-element-b50d6f2\" data-id=\"b50d6f2\" data-element_type=\"column\" data-e-type=\"column\">\n\t\t\t<div class=\"elementor-widget-wrap elementor-element-populated\">\n\t\t\t\t\t\t<div class=\"elementor-element elementor-element-85ca7ed elementor-widget elementor-widget-google_maps\" data-id=\"85ca7ed\" data-element_type=\"widget\" data-e-type=\"widget\" data-widget_type=\"google_maps.default\">\n\t\t\t\t<div class=\"elementor-widget-container\">\n\t\t\t\t\t\t\t<div class=\"elementor-custom-embed\">\n\t\t\t<iframe loading=\"lazy\"\n\t\t\t\t\tsrc=\"https:\/\/maps.google.com\/maps?q=Bloco%20de%20Engenharia%20El%C3%A9trica%20e%20Ci%C3%AAncia%20da%20Computa%C3%A7%C3%A3o%20-%20Universidade%2C%20Macap%C3%A1%20-%20State%20of%20Amap%C3%A1&#038;t=m&#038;z=17&#038;output=embed&#038;iwloc=near\"\n\t\t\t\t\ttitle=\"Bloco de Engenharia El\u00e9trica e Ci\u00eancia da Computa\u00e7\u00e3o - Universidade, Macap\u00e1 - State of Amap\u00e1\"\n\t\t\t\t\taria-label=\"Bloco de Engenharia El\u00e9trica e Ci\u00eancia da Computa\u00e7\u00e3o - Universidade, Macap\u00e1 - State of Amap\u00e1\"\n\t\t\t><\/iframe>\n\t\t<\/div>\n\t\t\t\t\t\t<\/div>\n\t\t\t\t<\/div>\n\t\t\t\t\t<\/div>\n\t\t<\/div>\n\t\t\t\t\t<\/div>\n\t\t<\/section>\n\t\t\t\t<\/div>\n\t\t","protected":false},"excerpt":{"rendered":"<p>Organiza\u00e7\u00e3o do Curso Coordenador: Prof. Me. Marco Antonio Leal da Silva (Portaria 1229\/2022) &#8211; e-mail: marcoleal@unifap.br Vice&#8211;Coordenador: Prof. Me. Thiago Pinheiro do Nascimento (Portaria 0032\/2022) &#8211; e-mail: thiago.nascimento@unifap.br T\u00e9cnico em Administra\u00e7\u00e3o: Rafael S\u00e1 Cavalcante &#8211; e-mail: rafael.cavalcante@unifap.br Local de Atendimento: Coordena\u00e7\u00e3o de Ci\u00eancia da Computa\u00e7\u00e3o &#8211; Bloco de El\u00e9trica e Computa\u00e7\u00e3o E-mail do curso: ccc@unifap.br&nbsp;&#8230;<\/p>\n","protected":false},"author":352,"featured_media":0,"parent":0,"menu_order":2,"comment_status":"closed","ping_status":"closed","template":"","meta":{"inline_featured_image":false,"ngg_post_thumbnail":0,"footnotes":""},"class_list":["post-7","page","type-page","status-publish","hentry","entry"],"_links":{"self":[{"href":"https:\/\/www2.unifap.br\/ccomputacao\/wp-json\/wp\/v2\/pages\/7","targetHints":{"allow":["GET"]}}],"collection":[{"href":"https:\/\/www2.unifap.br\/ccomputacao\/wp-json\/wp\/v2\/pages"}],"about":[{"href":"https:\/\/www2.unifap.br\/ccomputacao\/wp-json\/wp\/v2\/types\/page"}],"author":[{"embeddable":true,"href":"https:\/\/www2.unifap.br\/ccomputacao\/wp-json\/wp\/v2\/users\/352"}],"replies":[{"embeddable":true,"href":"https:\/\/www2.unifap.br\/ccomputacao\/wp-json\/wp\/v2\/comments?post=7"}],"version-history":[{"count":80,"href":"https:\/\/www2.unifap.br\/ccomputacao\/wp-json\/wp\/v2\/pages\/7\/revisions"}],"predecessor-version":[{"id":4504,"href":"https:\/\/www2.unifap.br\/ccomputacao\/wp-json\/wp\/v2\/pages\/7\/revisions\/4504"}],"wp:attachment":[{"href":"https:\/\/www2.unifap.br\/ccomputacao\/wp-json\/wp\/v2\/media?parent=7"}],"curies":[{"name":"wp","href":"https:\/\/api.w.org\/{rel}","templated":true}]}}