{"id":907,"date":"2018-04-10T12:01:19","date_gmt":"2018-04-10T12:01:19","guid":{"rendered":"http:\/\/www2.unifap.br\/ccomputacao\/?page_id=907"},"modified":"2022-06-30T17:52:16","modified_gmt":"2022-06-30T17:52:16","slug":"comissoes-de-apoio","status":"publish","type":"page","link":"https:\/\/www2.unifap.br\/ccomputacao\/organizacao-do-curso\/comissoes-de-apoio\/","title":{"rendered":"Comiss\u00f5es de Apoio"},"content":{"rendered":"<h1>Comiss\u00f5es de Apoio<\/h1>\n<div>Caracterizados como n\u00facleos de colabora\u00e7\u00e3o e apoio \u00e0s atribui\u00e7\u00f5es do colegiado e coordena\u00e7\u00e3o, os grupos de apoio, constitu\u00eddos por Professores do Curso de Ci\u00eancia da Computa\u00e7\u00e3o, estabelecem-se como espa\u00e7os colaborativos no sentido de fornecer subs\u00eddios ao desenvolvimento de atividades pr\u00e1ticas e complementares, aos trabalhos de conclus\u00e3o de curso e ao funcionamento dos laborat\u00f3rios vinculados ao curso.<\/div>\n<p>&nbsp;<\/p>\n<div>\n<p><strong>Grupo de Atividades Complementares &#8211; AC.<\/strong><\/p>\n<div>As Atividades Complementares s\u00e3o incorporadas ao PPC conforme orienta o Parecer CP\/CNE N. 9, de 08 de maio de 2001, e estipulam as Resolu\u00e7\u00f5es CNE\/CP N. 1, de 15 de maio de 2006 e 024\/2008\/CONSU\/UNIFAP, de 22 de outubro de 2008. Nesse sentido, as ACs ensejam o princ\u00edpio da flexibiliza\u00e7\u00e3o curricular \u00e0 medida que esti-mulam a participa\u00e7\u00e3o do acad\u00eamico em diferentes atividades, tais como: eventos cient\u00edficos, art\u00edsticos e culturais; a\u00e7\u00f5es de car\u00e1ter t\u00e9cnico e comunit\u00e1rio; envolvimento em projetos de extens\u00e3o e de pesquisa; monitoria; pr\u00e1tica de estudos independentes, transversais e interdisciplinares, de permanente e contextualizada atualiza\u00e7\u00e3o profissional, sobretudo, nas rela\u00e7\u00f5es com o mundo do trabalho, oferecidos, inclusive, por outras IES em \u00e1reas afins ao campo da forma\u00e7\u00e3o do cientista da computa\u00e7\u00e3o. Comp\u00f5em este grupo de apoio dois professores respons\u00e1veis pelo acompanhamento das turmas em atividades complementares de acordo com as diretrizes estabelecidas no Regulamento 03\/2017 do Curso de Ci\u00eancia da Computa\u00e7\u00e3o.<\/div>\n<div><a href=\"https:\/\/www2.unifap.br\/ccomputacao\/files\/2022\/06\/portaria_atividade.pdf\">Portaria 0067\/2022<\/a><\/div>\n<div><a href=\"https:\/\/www2.unifap.br\/ccomputacao\/files\/2017\/09\/RegulamentoDeAtividadesComplementares.pdf\" target=\"_blank\" rel=\"noopener\">Regulamento de AC<\/a>.<\/div>\n<p>&nbsp;<\/p>\n<div><strong>Grupo de Trabalho de Conclus\u00e3o de Curso &#8211; TCC.<\/strong><\/div>\n<div>O Curso de Ci\u00eancia da Computa\u00e7\u00e3o considera TCC como uma monografia ou artigo a ser elaborado e apresentado nos moldes de um trabalho cient\u00edfico. \u00c9 um componente curricular com caracter\u00edsticas pr\u00f3prias e, portanto, tem avalia\u00e7\u00e3o distinta das demais disciplinas, ainda que no mesmo grau de exig\u00eancia em rela\u00e7\u00e3o \u00e0 frequ\u00eancia e produtividade. Para que se garantam os mecanismos de acompanhamento e cumprimento do trabalho de gradua\u00e7\u00e3o, o TCC realizar-se-\u00e1 sob a orienta\u00e7\u00e3o de dois Professores respons\u00e1veis por este grupo de apoio, que dever\u00e3o orientar os Professores Orientadores que por sua vez devem guiar seus orientandos, sob diretrizes espec\u00edficas estabelecidas no Regulamento 02\/2017 do Curso de Ci\u00eancia da Computa\u00e7\u00e3o.<\/div>\n<div><a href=\"https:\/\/www2.unifap.br\/ccomputacao\/files\/2022\/06\/portaria_tcc.pdf\">Portaria 0066\/2022<\/a><\/div>\n<div><a title=\"Trabalhos de Conclus\u00e3o de Curso\" href=\"https:\/\/www2.unifap.br\/ccomputacao\/pesquisa-e-desenvolvimento\/trabalhos-de-conclusao-de-curso\/\" target=\"_blank\" rel=\"noopener\">Regulamento de TCC<\/a><\/div>\n<p>&nbsp;<\/p>\n<div><strong>Grupo de Est\u00e1gio Supervisionado.<\/strong><\/div>\n<div>A Resolu\u00e7\u00e3o 05\/2017 do curso de Ci\u00eancia da Computa\u00e7\u00e3o da UNIFAP normatiza o cumprimento do Est\u00e1gio Supervisionado pelo discente, assim como disponibiliza todos os documentos e formul\u00e1rios envolvidos. O grupo de apoio de Est\u00e1gio Supervisionado \u00e9 constitu\u00eddo por dois Professores do curso de Ci\u00eancia da Computa\u00e7\u00e3o e tem por responsabilidade o acompanhamento em todas suas faces dos Est\u00e1gios dos alunos do curso.<\/div>\n<div><a href=\"https:\/\/www2.unifap.br\/ccomputacao\/files\/2022\/06\/portaria_estagio.pdf\">Portaria 0069\/2022<\/a><\/div>\n<div><a href=\"https:\/\/www2.unifap.br\/ccomputacao\/files\/2017\/09\/RegulamentoDEstagioSupervisionado.pdf\" target=\"_blank\" rel=\"noopener\">Regulamento de est\u00e1gio supervisionado<\/a><\/div>\n<p>&nbsp;<\/p>\n<div><strong>Grupo de Laborat\u00f3rios.<\/strong><\/div>\n<div>A Resolu\u00e7\u00e3o 04\/2017 do curso de Ci\u00eancia da Computa\u00e7\u00e3o da UNIFAP normatiza o correto uso dos Laborat\u00f3rios pelos discentes. O grupo de apoio de Laborat\u00f3rios \u00e9 constitu\u00eddo por um Professor do curso de Ci\u00eancia da Computa\u00e7\u00e3o e tem por responsabilidade o planejamento e controle do uso dos laborat\u00f3rios.<\/div>\n<div><a href=\"https:\/\/www2.unifap.br\/ccomputacao\/files\/2022\/06\/portaria_lab1.pdf\">Portaria 0064\/2022 &#8211; Laborat\u00f3rio de Computa\u00e7\u00e3o 1<\/a><\/div>\n<div><a href=\"https:\/\/www2.unifap.br\/ccomputacao\/files\/2022\/06\/portaria_labrt.pdf\">Portaria 0065\/2022 &#8211; Laborat\u00f3rio de Redes e Telecomunica\u00e7\u00f5es<\/a><\/div>\n<div><a title=\"Laborat\u00f3rios\" href=\"https:\/\/www2.unifap.br\/ccomputacao\/laboratorios\/\" target=\"_blank\" rel=\"noopener\">Regulamentos de laborat\u00f3rio.<\/a><\/div>\n<\/div>\n<hr>\n<div>&nbsp;<\/div>\n","protected":false},"excerpt":{"rendered":"<p>Comiss\u00f5es de Apoio Caracterizados como n\u00facleos de colabora\u00e7\u00e3o e apoio \u00e0s atribui\u00e7\u00f5es do colegiado e coordena\u00e7\u00e3o, os grupos de apoio, constitu\u00eddos por Professores do Curso de Ci\u00eancia da Computa\u00e7\u00e3o, estabelecem-se como espa\u00e7os colaborativos no sentido de fornecer subs\u00eddios ao desenvolvimento de atividades pr\u00e1ticas e complementares, aos trabalhos de conclus\u00e3o de curso e ao funcionamento dos&#8230;<\/p>\n","protected":false},"author":757,"featured_media":0,"parent":7,"menu_order":1,"comment_status":"closed","ping_status":"open","template":"","meta":{"inline_featured_image":false,"ngg_post_thumbnail":0,"footnotes":""},"class_list":["post-907","page","type-page","status-publish","hentry","entry"],"_links":{"self":[{"href":"https:\/\/www2.unifap.br\/ccomputacao\/wp-json\/wp\/v2\/pages\/907","targetHints":{"allow":["GET"]}}],"collection":[{"href":"https:\/\/www2.unifap.br\/ccomputacao\/wp-json\/wp\/v2\/pages"}],"about":[{"href":"https:\/\/www2.unifap.br\/ccomputacao\/wp-json\/wp\/v2\/types\/page"}],"author":[{"embeddable":true,"href":"https:\/\/www2.unifap.br\/ccomputacao\/wp-json\/wp\/v2\/users\/757"}],"replies":[{"embeddable":true,"href":"https:\/\/www2.unifap.br\/ccomputacao\/wp-json\/wp\/v2\/comments?post=907"}],"version-history":[{"count":19,"href":"https:\/\/www2.unifap.br\/ccomputacao\/wp-json\/wp\/v2\/pages\/907\/revisions"}],"predecessor-version":[{"id":3134,"href":"https:\/\/www2.unifap.br\/ccomputacao\/wp-json\/wp\/v2\/pages\/907\/revisions\/3134"}],"up":[{"embeddable":true,"href":"https:\/\/www2.unifap.br\/ccomputacao\/wp-json\/wp\/v2\/pages\/7"}],"wp:attachment":[{"href":"https:\/\/www2.unifap.br\/ccomputacao\/wp-json\/wp\/v2\/media?parent=907"}],"curies":[{"name":"wp","href":"https:\/\/api.w.org\/{rel}","templated":true}]}}