{"id":102,"date":"2025-06-03T16:23:33","date_gmt":"2025-06-03T19:23:33","guid":{"rendered":"https:\/\/www2.unifap.br\/cdh\/?page_id=102"},"modified":"2025-09-23T12:02:31","modified_gmt":"2025-09-23T15:02:31","slug":"discentes","status":"publish","type":"page","link":"https:\/\/www2.unifap.br\/cdh\/membros\/discentes\/","title":{"rendered":"Discentes"},"content":{"rendered":"\t\t<div data-elementor-type=\"wp-page\" data-elementor-id=\"102\" class=\"elementor elementor-102\">\n\t\t\t\t<div class=\"elementor-element elementor-element-6e0e3db e-flex e-con-boxed e-con e-parent\" data-id=\"6e0e3db\" data-element_type=\"container\" data-e-type=\"container\" data-settings=\"{&quot;background_background&quot;:&quot;gradient&quot;}\">\n\t\t\t\t\t<div class=\"e-con-inner\">\n\t\t<div class=\"elementor-element elementor-element-0376bcc e-con-full e-flex e-con e-child\" data-id=\"0376bcc\" data-element_type=\"container\" data-e-type=\"container\">\n\t\t\t\t<div class=\"elementor-element elementor-element-0e94f0c elementor-widget elementor-widget-heading\" data-id=\"0e94f0c\" data-element_type=\"widget\" data-e-type=\"widget\" data-widget_type=\"heading.default\">\n\t\t\t\t<div class=\"elementor-widget-container\">\n\t\t\t\t\t<h2 class=\"elementor-heading-title elementor-size-default\">Discentes<\/h2>\t\t\t\t<\/div>\n\t\t\t\t<\/div>\n\t\t\t\t<div class=\"elementor-element elementor-element-70f858f elementor-widget elementor-widget-text-editor\" data-id=\"70f858f\" data-element_type=\"widget\" data-e-type=\"widget\" data-widget_type=\"text-editor.default\">\n\t\t\t\t<div class=\"elementor-widget-container\">\n\t\t\t\t\t\t\t\t\t<p>O corpo discente da CDH\/UNIFAP \u00e9 composto por 2 (dois) bolsistas e 2 (dois) volunt\u00e1rios, graduandas(o) do Curso de Gradua\u00e7\u00e3o em Direito do <em>campus<\/em> Marco Zero.<\/p>\t\t\t\t\t\t\t\t<\/div>\n\t\t\t\t<\/div>\n\t\t<div class=\"elementor-element elementor-element-75c95eb e-grid e-con-boxed e-con e-child\" data-id=\"75c95eb\" data-element_type=\"container\" data-e-type=\"container\">\n\t\t\t\t\t<div class=\"e-con-inner\">\n\t\t\t\t<div class=\"elementor-element elementor-element-0a9e7fe elementor-position-top elementor-widget elementor-widget-image-box\" data-id=\"0a9e7fe\" data-element_type=\"widget\" data-e-type=\"widget\" data-widget_type=\"image-box.default\">\n\t\t\t\t<div class=\"elementor-widget-container\">\n\t\t\t\t\t<div class=\"elementor-image-box-wrapper\"><figure class=\"elementor-image-box-img\"><img fetchpriority=\"high\" decoding=\"async\" width=\"720\" height=\"931\" src=\"https:\/\/www2.unifap.br\/cdh\/files\/2025\/06\/lis.jpg\" class=\"attachment-full size-full wp-image-711\" alt=\"\" srcset=\"https:\/\/www2.unifap.br\/cdh\/files\/2025\/06\/lis.jpg 720w, https:\/\/www2.unifap.br\/cdh\/files\/2025\/06\/lis-232x300.jpg 232w\" sizes=\"(max-width: 720px) 100vw, 720px\" \/><\/figure><div class=\"elementor-image-box-content\"><h3 class=\"elementor-image-box-title\">Lizandra da Cruz de Assis<\/h3><p class=\"elementor-image-box-description\">Volunt\u00e1ria<\/p><\/div><\/div>\t\t\t\t<\/div>\n\t\t\t\t<\/div>\n\t\t\t\t<div class=\"elementor-element elementor-element-a1f1c5b elementor-position-top elementor-widget elementor-widget-image-box\" data-id=\"a1f1c5b\" data-element_type=\"widget\" data-e-type=\"widget\" data-widget_type=\"image-box.default\">\n\t\t\t\t<div class=\"elementor-widget-container\">\n\t\t\t\t\t<div class=\"elementor-image-box-wrapper\"><figure class=\"elementor-image-box-img\"><img decoding=\"async\" width=\"1213\" height=\"1600\" src=\"https:\/\/www2.unifap.br\/cdh\/files\/2025\/09\/Imagem-do-WhatsApp-de-2025-09-22-as-14.12.13_856616e7.jpg\" class=\"attachment-full size-full wp-image-1348\" alt=\"\" srcset=\"https:\/\/www2.unifap.br\/cdh\/files\/2025\/09\/Imagem-do-WhatsApp-de-2025-09-22-as-14.12.13_856616e7.jpg 1213w, https:\/\/www2.unifap.br\/cdh\/files\/2025\/09\/Imagem-do-WhatsApp-de-2025-09-22-as-14.12.13_856616e7-227x300.jpg 227w, https:\/\/www2.unifap.br\/cdh\/files\/2025\/09\/Imagem-do-WhatsApp-de-2025-09-22-as-14.12.13_856616e7-776x1024.jpg 776w, https:\/\/www2.unifap.br\/cdh\/files\/2025\/09\/Imagem-do-WhatsApp-de-2025-09-22-as-14.12.13_856616e7-768x1013.jpg 768w, https:\/\/www2.unifap.br\/cdh\/files\/2025\/09\/Imagem-do-WhatsApp-de-2025-09-22-as-14.12.13_856616e7-1164x1536.jpg 1164w\" sizes=\"(max-width: 1213px) 100vw, 1213px\" \/><\/figure><div class=\"elementor-image-box-content\"><h3 class=\"elementor-image-box-title\">Afonso Henrique de Lima Barreto Beckman Alves<\/h3><p class=\"elementor-image-box-description\">Bolsista - IC\/UNIFAP<\/p><\/div><\/div>\t\t\t\t<\/div>\n\t\t\t\t<\/div>\n\t\t\t\t<div class=\"elementor-element elementor-element-f8c660a elementor-position-top elementor-widget elementor-widget-image-box\" data-id=\"f8c660a\" data-element_type=\"widget\" data-e-type=\"widget\" data-widget_type=\"image-box.default\">\n\t\t\t\t<div class=\"elementor-widget-container\">\n\t\t\t\t\t<div class=\"elementor-image-box-wrapper\"><figure class=\"elementor-image-box-img\"><img decoding=\"async\" width=\"900\" height=\"1600\" src=\"https:\/\/www2.unifap.br\/cdh\/files\/2025\/06\/joaao.jpg\" class=\"attachment-full size-full wp-image-720\" alt=\"\" srcset=\"https:\/\/www2.unifap.br\/cdh\/files\/2025\/06\/joaao.jpg 900w, https:\/\/www2.unifap.br\/cdh\/files\/2025\/06\/joaao-169x300.jpg 169w, https:\/\/www2.unifap.br\/cdh\/files\/2025\/06\/joaao-576x1024.jpg 576w, https:\/\/www2.unifap.br\/cdh\/files\/2025\/06\/joaao-768x1365.jpg 768w, https:\/\/www2.unifap.br\/cdh\/files\/2025\/06\/joaao-864x1536.jpg 864w\" sizes=\"(max-width: 900px) 100vw, 900px\" \/><\/figure><div class=\"elementor-image-box-content\"><h3 class=\"elementor-image-box-title\">Jo\u00e3o Lucas Oliveira da Silva<\/h3><p class=\"elementor-image-box-description\">Volunt\u00e1rio<\/p><\/div><\/div>\t\t\t\t<\/div>\n\t\t\t\t<\/div>\n\t\t\t\t<div class=\"elementor-element elementor-element-64f4fe7 elementor-position-top elementor-widget elementor-widget-image-box\" data-id=\"64f4fe7\" data-element_type=\"widget\" data-e-type=\"widget\" data-widget_type=\"image-box.default\">\n\t\t\t\t<div class=\"elementor-widget-container\">\n\t\t\t\t\t<div class=\"elementor-image-box-wrapper\"><figure class=\"elementor-image-box-img\"><img loading=\"lazy\" decoding=\"async\" width=\"375\" height=\"498\" src=\"https:\/\/www2.unifap.br\/cdh\/files\/2025\/06\/Yas.jpg\" class=\"attachment-full size-full wp-image-724\" alt=\"\" srcset=\"https:\/\/www2.unifap.br\/cdh\/files\/2025\/06\/Yas.jpg 375w, https:\/\/www2.unifap.br\/cdh\/files\/2025\/06\/Yas-226x300.jpg 226w\" sizes=\"(max-width: 375px) 100vw, 375px\" \/><\/figure><div class=\"elementor-image-box-content\"><h3 class=\"elementor-image-box-title\">Yasmim Emanuelle Beckman Alves<\/h3><p class=\"elementor-image-box-description\">Bolsista - Polo CCTE\/UFPA<\/p><\/div><\/div>\t\t\t\t<\/div>\n\t\t\t\t<\/div>\n\t\t\t\t\t<\/div>\n\t\t\t\t<\/div>\n\t\t\t\t<\/div>\n\t\t\t\t\t<\/div>\n\t\t\t\t<\/div>\n\t\t\t\t<\/div>\n\t\t","protected":false},"excerpt":{"rendered":"<p>Discentes O corpo discente da CDH\/UNIFAP \u00e9 composto por 2 (dois) bolsistas e 2 (dois) volunt\u00e1rios, graduandas(o) do Curso de&#8230;<\/p>\n","protected":false},"author":3999,"featured_media":0,"parent":96,"menu_order":0,"comment_status":"closed","ping_status":"closed","template":"","meta":{"inline_featured_image":false,"site-sidebar-layout":"no-sidebar","site-content-layout":"","ast-site-content-layout":"full-width-container","site-content-style":"default","site-sidebar-style":"default","ast-global-header-display":"","ast-banner-title-visibility":"","ast-main-header-display":"","ast-hfb-above-header-display":"","ast-hfb-below-header-display":"","ast-hfb-mobile-header-display":"","site-post-title":"disabled","ast-breadcrumbs-content":"","ast-featured-img":"disabled","footer-sml-layout":"","theme-transparent-header-meta":"default","adv-header-id-meta":"","stick-header-meta":"","header-above-stick-meta":"","header-main-stick-meta":"","header-below-stick-meta":"","astra-migrate-meta-layouts":"set","ast-page-background-enabled":"default","ast-page-background-meta":{"desktop":{"background-color":"var(--ast-global-color-4)","background-image":"","background-repeat":"repeat","background-position":"center center","background-size":"auto","background-attachment":"scroll","background-type":"","background-media":"","overlay-type":"","overlay-color":"","overlay-opacity":"","overlay-gradient":""},"tablet":{"background-color":"","background-image":"","background-repeat":"repeat","background-position":"center center","background-size":"auto","background-attachment":"scroll","background-type":"","background-media":"","overlay-type":"","overlay-color":"","overlay-opacity":"","overlay-gradient":""},"mobile":{"background-color":"","background-image":"","background-repeat":"repeat","background-position":"center center","background-size":"auto","background-attachment":"scroll","background-type":"","background-media":"","overlay-type":"","overlay-color":"","overlay-opacity":"","overlay-gradient":""}},"ast-content-background-meta":{"desktop":{"background-color":"var(--ast-global-color-5)","background-image":"","background-repeat":"repeat","background-position":"center center","background-size":"auto","background-attachment":"scroll","background-type":"","background-media":"","overlay-type":"","overlay-color":"","overlay-opacity":"","overlay-gradient":""},"tablet":{"background-color":"var(--ast-global-color-5)","background-image":"","background-repeat":"repeat","background-position":"center center","background-size":"auto","background-attachment":"scroll","background-type":"","background-media":"","overlay-type":"","overlay-color":"","overlay-opacity":"","overlay-gradient":""},"mobile":{"background-color":"var(--ast-global-color-5)","background-image":"","background-repeat":"repeat","background-position":"center center","background-size":"auto","background-attachment":"scroll","background-type":"","background-media":"","overlay-type":"","overlay-color":"","overlay-opacity":"","overlay-gradient":""}},"footnotes":""},"class_list":["post-102","page","type-page","status-publish","hentry"],"_links":{"self":[{"href":"https:\/\/www2.unifap.br\/cdh\/wp-json\/wp\/v2\/pages\/102","targetHints":{"allow":["GET"]}}],"collection":[{"href":"https:\/\/www2.unifap.br\/cdh\/wp-json\/wp\/v2\/pages"}],"about":[{"href":"https:\/\/www2.unifap.br\/cdh\/wp-json\/wp\/v2\/types\/page"}],"author":[{"embeddable":true,"href":"https:\/\/www2.unifap.br\/cdh\/wp-json\/wp\/v2\/users\/3999"}],"replies":[{"embeddable":true,"href":"https:\/\/www2.unifap.br\/cdh\/wp-json\/wp\/v2\/comments?post=102"}],"version-history":[{"count":31,"href":"https:\/\/www2.unifap.br\/cdh\/wp-json\/wp\/v2\/pages\/102\/revisions"}],"predecessor-version":[{"id":1351,"href":"https:\/\/www2.unifap.br\/cdh\/wp-json\/wp\/v2\/pages\/102\/revisions\/1351"}],"up":[{"embeddable":true,"href":"https:\/\/www2.unifap.br\/cdh\/wp-json\/wp\/v2\/pages\/96"}],"wp:attachment":[{"href":"https:\/\/www2.unifap.br\/cdh\/wp-json\/wp\/v2\/media?parent=102"}],"curies":[{"name":"wp","href":"https:\/\/api.w.org\/{rel}","templated":true}]}}