{"id":110,"date":"2025-06-03T16:25:57","date_gmt":"2025-06-03T19:25:57","guid":{"rendered":"https:\/\/www2.unifap.br\/cdh\/?page_id=110"},"modified":"2025-09-09T16:22:23","modified_gmt":"2025-09-09T19:22:23","slug":"projetos-concluidos","status":"publish","type":"page","link":"https:\/\/www2.unifap.br\/cdh\/servicos\/projetos-concluidos\/","title":{"rendered":"Projetos Conclu\u00eddos"},"content":{"rendered":"\t\t<div data-elementor-type=\"wp-page\" data-elementor-id=\"110\" class=\"elementor elementor-110\">\n\t\t\t\t<div class=\"elementor-element elementor-element-6e0e3db e-flex e-con-boxed e-con e-parent\" data-id=\"6e0e3db\" data-element_type=\"container\" data-e-type=\"container\" data-settings=\"{&quot;background_background&quot;:&quot;gradient&quot;}\">\n\t\t\t\t\t<div class=\"e-con-inner\">\n\t\t<div class=\"elementor-element elementor-element-0376bcc e-con-full e-flex e-con e-child\" data-id=\"0376bcc\" data-element_type=\"container\" data-e-type=\"container\">\n\t\t\t\t<div class=\"elementor-element elementor-element-0e94f0c elementor-widget elementor-widget-heading\" data-id=\"0e94f0c\" data-element_type=\"widget\" data-e-type=\"widget\" data-widget_type=\"heading.default\">\n\t\t\t\t<div class=\"elementor-widget-container\">\n\t\t\t\t\t<h2 class=\"elementor-heading-title elementor-size-default\">Projetos Conclu\u00eddos<\/h2>\t\t\t\t<\/div>\n\t\t\t\t<\/div>\n\t\t\t\t<div class=\"elementor-element elementor-element-70f858f elementor-widget elementor-widget-text-editor\" data-id=\"70f858f\" data-element_type=\"widget\" data-e-type=\"widget\" data-widget_type=\"text-editor.default\">\n\t\t\t\t<div class=\"elementor-widget-container\">\n\t\t\t\t\t\t\t\t\t<p>Conhe\u00e7a os projetos j\u00e1 realizados pela CDH\/UNIFAP.<\/p>\t\t\t\t\t\t\t\t<\/div>\n\t\t\t\t<\/div>\n\t\t\t\t<div class=\"elementor-element elementor-element-512112d elementor-widget elementor-widget-eael-adv-tabs\" data-id=\"512112d\" data-element_type=\"widget\" data-e-type=\"widget\" data-widget_type=\"eael-adv-tabs.default\">\n\t\t\t\t<div class=\"elementor-widget-container\">\n\t\t\t\t\t        <div data-scroll-on-click=\"no\" data-scroll-speed=\"300\" id=\"eael-advance-tabs-512112d\" class=\"eael-advance-tabs eael-tabs-vertical eael-tab-auto-active \" data-tabid=\"512112d\">\n            <div class=\"eael-tabs-nav\">\n                <ul class=\"eael-tab-inline-icon\" role=\"tablist\">\n                                            <li id=\"escritrio-modelo\" class=\"inactive eael-tab-item-trigger eael-tab-nav-item\" aria-selected=\"true\" data-tab=\"1\" role=\"tab\" tabindex=\"0\" aria-controls=\"escritrio-modelo-tab\" aria-expanded=\"false\">\n                            \n                                                        \n                                                            <span class=\"eael-tab-title title-after-icon\" >Escrit\u00f3rio Modelo<\/span>                            \n                                                    <\/li>\n                                            <li id=\"projeto-reviver-atendimento-jurdico-remoto\" class=\"inactive eael-tab-item-trigger eael-tab-nav-item\" aria-selected=\"false\" data-tab=\"2\" role=\"tab\" tabindex=\"-1\" aria-controls=\"projeto-reviver-atendimento-jurdico-remoto-tab\" aria-expanded=\"false\">\n                            \n                                                        \n                                                            <span class=\"eael-tab-title title-after-icon\" >Projeto Reviver &#8211; Atendimento Jur\u00eddico Remoto<\/span>                            \n                                                    <\/li>\n                                            <li id=\"fortalecimento-da-rede-amaznica\" class=\"inactive eael-tab-item-trigger eael-tab-nav-item\" aria-selected=\"false\" data-tab=\"3\" role=\"tab\" tabindex=\"-1\" aria-controls=\"fortalecimento-da-rede-amaznica-tab\" aria-expanded=\"false\">\n                            \n                                                        \n                                                            <span class=\"eael-tab-title title-after-icon\" >Fortalecimento da Rede Amaz\u00f4nica<\/span>                            \n                                                    <\/li>\n                                            <li id=\"advocacy-legislativo-e-pl-n-10112023-sf\" class=\"inactive eael-tab-item-trigger eael-tab-nav-item\" aria-selected=\"false\" data-tab=\"4\" role=\"tab\" tabindex=\"-1\" aria-controls=\"advocacy-legislativo-e-pl-n-10112023-sf-tab\" aria-expanded=\"false\">\n                            \n                                                        \n                                                            <span class=\"eael-tab-title title-after-icon\" >Advocacy Legislativo e PL n\u00ba 1.011\/2023 &#8211; SF<\/span>                            \n                                                    <\/li>\n                                    <\/ul>\n            <\/div>\n            \n            <div class=\"eael-tabs-content\">\n\t\t        \n                    <div id=\"escritrio-modelo-tab\" class=\"clearfix eael-tab-content-item inactive\" data-title-link=\"escritrio-modelo-tab\">\n\t\t\t\t        <p><strong>Per\u00edodo: 2019 a 2021.<\/strong><\/p><p>A cria\u00e7\u00e3o da CDH\/UNIFAP como projeto de extens\u00e3o &#8211; <strong>Escrit\u00f3rio Modelo<\/strong> &#8211; visou a contribuir com a reestrutura\u00e7\u00e3o das pr\u00e1ticas pedag\u00f3gicas do Curso de Gradua\u00e7\u00e3o em Direito, do <em>campus<\/em> Marco Zero, localizado na capital do estado, Macap\u00e1, em dire\u00e7\u00e3o \u00e0 centralidade dos direitos humanos na educa\u00e7\u00e3o jur\u00eddica e para uma pr\u00e1tica discente socialmente engajada e comprometida com a comunidade do seu entorno, especialmente seus grupos mais vulnerabilizados e marginalizados. Dessa forma, a CDH\/UNIFAP inaugurou a difus\u00e3o e a discuss\u00e3o acerca do m\u00e9todo cl\u00ednico jur\u00eddico no Amap\u00e1, sem perder de vista a aten\u00e7\u00e3o \u00e0s particularidades dessa educa\u00e7\u00e3o em e para direitos humanos, em um contexto regional espec\u00edfico e bem caracter\u00edstico \u2013 o amaz\u00f4nico. Assim, podemos especificar que a interdisciplinaridade esteve presente no projeto, por exemplo: a) na parceria firmada com o coletivo <em>Asamblea Regional por La Amazonia<\/em>, iniciativa voltada para a den\u00fancia ao etnoc\u00eddio, ao ecoc\u00eddio e ao extrativismo predat\u00f3rio na Amaz\u00f4nia, agravados em fun\u00e7\u00e3o da pandemia, na qual os membros da Cl\u00ednica conviveram com m\u00faltiplos profissionais engajados na tem\u00e1tica ambientalista: historiadores, engenheiros, bi\u00f3logos, educadores ambientais, artistas em geral etc.; b) na parceria firmada com o Projeto Reviver UNIFAP, que \u00e9 um projeto multiprofissional, e presta acolhimento aos pacientes da doen\u00e7a de Parkinson e da doen\u00e7a de Alzheimer.<\/p><p><strong>Projeto com financiamento interno &#8211; PROEAC\/DEX\/UNIFAP.<\/strong><\/p>                    <\/div>\n\t\t        \n                    <div id=\"projeto-reviver-atendimento-jurdico-remoto-tab\" class=\"clearfix eael-tab-content-item inactive\" data-title-link=\"projeto-reviver-atendimento-jurdico-remoto-tab\">\n\t\t\t\t        <p>Em constru\u00e7\u00e3o.<\/p>                    <\/div>\n\t\t        \n                    <div id=\"fortalecimento-da-rede-amaznica-tab\" class=\"clearfix eael-tab-content-item inactive\" data-title-link=\"fortalecimento-da-rede-amaznica-tab\">\n\t\t\t\t        <p><strong>Per\u00edodo: 2021 a 2023.<\/strong><\/p><p><strong>Fortalecimento da Rede Amaz\u00f4nica de Cl\u00ednicas de Direitos Humanos<\/strong><\/p><p>O projeto buscou fortalecer a Rede Amaz\u00f4nica de Cl\u00ednicas de Direitos Humanos, por meio do apoio \u00e0s atividades de ensino, pesquisa e extens\u00e3o das Cl\u00ednicas da UFPA, UEA, UNIFAP e UFOPA, contribuindo para o acesso \u00e0 justi\u00e7a na Regi\u00e3o Amaz\u00f4nica.<\/p><p><strong>Projeto com financiamento externo &#8211; FADESP\/UFPA.<\/strong><\/p>                    <\/div>\n\t\t        \n                    <div id=\"advocacy-legislativo-e-pl-n-10112023-sf-tab\" class=\"clearfix eael-tab-content-item inactive\" data-title-link=\"advocacy-legislativo-e-pl-n-10112023-sf-tab\">\n\t\t\t\t        <p>Em constru\u00e7\u00e3o.<\/p>                    <\/div>\n\t\t                    <\/div>\n        <\/div>\n\t\t\t\t<\/div>\n\t\t\t\t<\/div>\n\t\t\t\t<\/div>\n\t\t\t\t\t<\/div>\n\t\t\t\t<\/div>\n\t\t\t\t<\/div>\n\t\t","protected":false},"excerpt":{"rendered":"<p>Projetos Conclu\u00eddos Conhe\u00e7a os projetos j\u00e1 realizados pela CDH\/UNIFAP. Escrit\u00f3rio Modelo Projeto Reviver &#8211; Atendimento Jur\u00eddico Remoto Fortalecimento da Rede&#8230;<\/p>\n","protected":false},"author":3999,"featured_media":0,"parent":106,"menu_order":0,"comment_status":"closed","ping_status":"closed","template":"","meta":{"inline_featured_image":false,"site-sidebar-layout":"no-sidebar","site-content-layout":"","ast-site-content-layout":"full-width-container","site-content-style":"default","site-sidebar-style":"default","ast-global-header-display":"","ast-banner-title-visibility":"","ast-main-header-display":"","ast-hfb-above-header-display":"","ast-hfb-below-header-display":"","ast-hfb-mobile-header-display":"","site-post-title":"disabled","ast-breadcrumbs-content":"","ast-featured-img":"disabled","footer-sml-layout":"","theme-transparent-header-meta":"default","adv-header-id-meta":"","stick-header-meta":"","header-above-stick-meta":"","header-main-stick-meta":"","header-below-stick-meta":"","astra-migrate-meta-layouts":"set","ast-page-background-enabled":"default","ast-page-background-meta":{"desktop":{"background-color":"var(--ast-global-color-4)","background-image":"","background-repeat":"repeat","background-position":"center center","background-size":"auto","background-attachment":"scroll","background-type":"","background-media":"","overlay-type":"","overlay-color":"","overlay-opacity":"","overlay-gradient":""},"tablet":{"background-color":"","background-image":"","background-repeat":"repeat","background-position":"center center","background-size":"auto","background-attachment":"scroll","background-type":"","background-media":"","overlay-type":"","overlay-color":"","overlay-opacity":"","overlay-gradient":""},"mobile":{"background-color":"","background-image":"","background-repeat":"repeat","background-position":"center center","background-size":"auto","background-attachment":"scroll","background-type":"","background-media":"","overlay-type":"","overlay-color":"","overlay-opacity":"","overlay-gradient":""}},"ast-content-background-meta":{"desktop":{"background-color":"var(--ast-global-color-5)","background-image":"","background-repeat":"repeat","background-position":"center center","background-size":"auto","background-attachment":"scroll","background-type":"","background-media":"","overlay-type":"","overlay-color":"","overlay-opacity":"","overlay-gradient":""},"tablet":{"background-color":"var(--ast-global-color-5)","background-image":"","background-repeat":"repeat","background-position":"center center","background-size":"auto","background-attachment":"scroll","background-type":"","background-media":"","overlay-type":"","overlay-color":"","overlay-opacity":"","overlay-gradient":""},"mobile":{"background-color":"var(--ast-global-color-5)","background-image":"","background-repeat":"repeat","background-position":"center center","background-size":"auto","background-attachment":"scroll","background-type":"","background-media":"","overlay-type":"","overlay-color":"","overlay-opacity":"","overlay-gradient":""}},"footnotes":""},"class_list":["post-110","page","type-page","status-publish","hentry"],"_links":{"self":[{"href":"https:\/\/www2.unifap.br\/cdh\/wp-json\/wp\/v2\/pages\/110","targetHints":{"allow":["GET"]}}],"collection":[{"href":"https:\/\/www2.unifap.br\/cdh\/wp-json\/wp\/v2\/pages"}],"about":[{"href":"https:\/\/www2.unifap.br\/cdh\/wp-json\/wp\/v2\/types\/page"}],"author":[{"embeddable":true,"href":"https:\/\/www2.unifap.br\/cdh\/wp-json\/wp\/v2\/users\/3999"}],"replies":[{"embeddable":true,"href":"https:\/\/www2.unifap.br\/cdh\/wp-json\/wp\/v2\/comments?post=110"}],"version-history":[{"count":46,"href":"https:\/\/www2.unifap.br\/cdh\/wp-json\/wp\/v2\/pages\/110\/revisions"}],"predecessor-version":[{"id":1346,"href":"https:\/\/www2.unifap.br\/cdh\/wp-json\/wp\/v2\/pages\/110\/revisions\/1346"}],"up":[{"embeddable":true,"href":"https:\/\/www2.unifap.br\/cdh\/wp-json\/wp\/v2\/pages\/106"}],"wp:attachment":[{"href":"https:\/\/www2.unifap.br\/cdh\/wp-json\/wp\/v2\/media?parent=110"}],"curies":[{"name":"wp","href":"https:\/\/api.w.org\/{rel}","templated":true}]}}