{"id":121,"date":"2025-06-03T16:29:34","date_gmt":"2025-06-03T19:29:34","guid":{"rendered":"https:\/\/www2.unifap.br\/cdh\/?page_id=121"},"modified":"2025-08-08T09:39:04","modified_gmt":"2025-08-08T12:39:04","slug":"eventos","status":"publish","type":"page","link":"https:\/\/www2.unifap.br\/cdh\/eventos\/","title":{"rendered":"Eventos"},"content":{"rendered":"\t\t<div data-elementor-type=\"wp-page\" data-elementor-id=\"121\" class=\"elementor elementor-121\">\n\t\t\t\t<div class=\"elementor-element elementor-element-6e0e3db e-flex e-con-boxed e-con e-parent\" data-id=\"6e0e3db\" data-element_type=\"container\" data-e-type=\"container\" data-settings=\"{&quot;background_background&quot;:&quot;gradient&quot;}\">\n\t\t\t\t\t<div class=\"e-con-inner\">\n\t\t<div class=\"elementor-element elementor-element-0376bcc e-con-full e-flex e-con e-child\" data-id=\"0376bcc\" data-element_type=\"container\" data-e-type=\"container\">\n\t\t\t\t<div class=\"elementor-element elementor-element-0e94f0c elementor-widget elementor-widget-heading\" data-id=\"0e94f0c\" data-element_type=\"widget\" data-e-type=\"widget\" data-widget_type=\"heading.default\">\n\t\t\t\t<div class=\"elementor-widget-container\">\n\t\t\t\t\t<h2 class=\"elementor-heading-title elementor-size-default\">Eventos<\/h2>\t\t\t\t<\/div>\n\t\t\t\t<\/div>\n\t\t\t\t<div class=\"elementor-element elementor-element-70f858f elementor-widget elementor-widget-text-editor\" data-id=\"70f858f\" data-element_type=\"widget\" data-e-type=\"widget\" data-widget_type=\"text-editor.default\">\n\t\t\t\t<div class=\"elementor-widget-container\">\n\t\t\t\t\t\t\t\t\t<p>Acompanhe os eventos da Cl\u00ednica de Direitos Humanos da UNIFAP (CDH\/UNIFAP) e de seus parceiros.<\/p>\t\t\t\t\t\t\t\t<\/div>\n\t\t\t\t<\/div>\n\t\t\t\t<div class=\"elementor-element elementor-element-1dd4a2b elementor-widget elementor-widget-eael-adv-tabs\" data-id=\"1dd4a2b\" data-element_type=\"widget\" data-e-type=\"widget\" data-widget_type=\"eael-adv-tabs.default\">\n\t\t\t\t<div class=\"elementor-widget-container\">\n\t\t\t\t\t        <div data-scroll-on-click=\"no\" data-scroll-speed=\"300\" id=\"eael-advance-tabs-1dd4a2b\" class=\"eael-advance-tabs eael-tabs-vertical eael-tab-auto-active \" data-tabid=\"1dd4a2b\">\n            <div class=\"eael-tabs-nav\">\n                <ul class=\"eael-tab-inline-icon\" role=\"tablist\">\n                                            <li id=\"apresentao-de-relatrio-tcnico\" class=\"inactive eael-tab-item-trigger eael-tab-nav-item\" aria-selected=\"true\" data-tab=\"1\" role=\"tab\" tabindex=\"0\" aria-controls=\"apresentao-de-relatrio-tcnico-tab\" aria-expanded=\"false\">\n                            \n                                                                <svg class=\"e-font-icon-svg e-fas-home\" viewBox=\"0 0 576 512\" xmlns=\"http:\/\/www.w3.org\/2000\/svg\"><path d=\"M280.37 148.26L96 300.11V464a16 16 0 0 0 16 16l112.06-.29a16 16 0 0 0 15.92-16V368a16 16 0 0 1 16-16h64a16 16 0 0 1 16 16v95.64a16 16 0 0 0 16 16.05L464 480a16 16 0 0 0 16-16V300L295.67 148.26a12.19 12.19 0 0 0-15.3 0zM571.6 251.47L488 182.56V44.05a12 12 0 0 0-12-12h-56a12 12 0 0 0-12 12v72.61L318.47 43a48 48 0 0 0-61 0L4.34 251.47a12 12 0 0 0-1.6 16.9l25.5 31A12 12 0 0 0 45.15 301l235.22-193.74a12.19 12.19 0 0 1 15.3 0L530.9 301a12 12 0 0 0 16.9-1.6l25.5-31a12 12 0 0 0-1.7-16.93z\"><\/path><\/svg>                                                            \n                                                            <span class=\"eael-tab-title title-after-icon\" >Apresenta\u00e7\u00e3o de Relat\u00f3rio T\u00e9cnico<\/span>                            \n                                                    <\/li>\n                                            <li id=\"eventos-anteriores\" class=\"inactive eael-tab-item-trigger eael-tab-nav-item\" aria-selected=\"false\" data-tab=\"2\" role=\"tab\" tabindex=\"-1\" aria-controls=\"eventos-anteriores-tab\" aria-expanded=\"false\">\n                            \n                                                        \n                                                            <span class=\"eael-tab-title title-after-icon\" >Eventos Anteriores<\/span>                            \n                                                    <\/li>\n                                    <\/ul>\n            <\/div>\n            \n            <div class=\"eael-tabs-content\">\n\t\t        \n                    <div id=\"apresentao-de-relatrio-tcnico-tab\" class=\"clearfix eael-tab-content-item inactive\" data-title-link=\"apresentao-de-relatrio-tcnico-tab\">\n\t\t\t\t        <p>A Escola Judicial do Tribunal Regional do Trabalho da 8\u00aa Regi\u00e3o (Ejud-8) recepciona em seu audit\u00f3rio, em Bel\u00e9m (PA), a apresenta\u00e7\u00e3o do\u00a0<strong>Relat\u00f3rio T\u00e9cnico sobre a Incid\u00eancia do Merc\u00fario nos Tribunais Federais e Trabalhistas<\/strong>. O encontro, promovido pela Rede Amaz\u00f4nica de Cl\u00ednicas de Direitos Humanos, visa aproximar a pesquisa e o trabalho acad\u00eamico do p\u00fablico especializado na \u00e1rea jur\u00eddica. <strong>Ser\u00e1 no pr\u00f3ximo dia 21 de agosto de 2025 (quinta-feira), das 9h \u00e0s 12h, com credenciamento gratuito na entrada do evento.<\/strong><\/p><p><strong>Mais informa\u00e7\u00f5es:<\/strong><\/p><p><a href=\"https:\/\/www.trt8.jus.br\/noticias\/2025\/evento-debate-incidencia-do-mercurio-em-pautas-no-judiciario\">https:\/\/www.trt8.jus.br\/noticias\/2025\/evento-debate-incidencia-do-mercurio-em-pautas-no-judiciario<\/a><\/p><p><img fetchpriority=\"high\" decoding=\"async\" class=\"alignnone wp-image-1272 aligncenter\" src=\"http:\/\/www2.unifap.br\/cdh\/files\/2025\/08\/whatsapp_image_2025-07-30_at_09.26.28-1-240x300.jpeg\" alt=\"\" width=\"286\" height=\"358\" srcset=\"https:\/\/www2.unifap.br\/cdh\/files\/2025\/08\/whatsapp_image_2025-07-30_at_09.26.28-1-240x300.jpeg 240w, https:\/\/www2.unifap.br\/cdh\/files\/2025\/08\/whatsapp_image_2025-07-30_at_09.26.28-1-819x1024.jpeg 819w, https:\/\/www2.unifap.br\/cdh\/files\/2025\/08\/whatsapp_image_2025-07-30_at_09.26.28-1-768x960.jpeg 768w, https:\/\/www2.unifap.br\/cdh\/files\/2025\/08\/whatsapp_image_2025-07-30_at_09.26.28-1-1229x1536.jpeg 1229w, https:\/\/www2.unifap.br\/cdh\/files\/2025\/08\/whatsapp_image_2025-07-30_at_09.26.28-1-1638x2048.jpeg 1638w, https:\/\/www2.unifap.br\/cdh\/files\/2025\/08\/whatsapp_image_2025-07-30_at_09.26.28-1.jpeg 2048w\" sizes=\"(max-width: 286px) 100vw, 286px\" \/><\/p>                    <\/div>\n\t\t        \n                    <div id=\"eventos-anteriores-tab\" class=\"clearfix eael-tab-content-item inactive\" data-title-link=\"eventos-anteriores-tab\">\n\t\t\t\t        <p>Em constru\u00e7\u00e3o.<\/p>                    <\/div>\n\t\t                    <\/div>\n        <\/div>\n\t\t\t\t<\/div>\n\t\t\t\t<\/div>\n\t\t\t\t<\/div>\n\t\t\t\t\t<\/div>\n\t\t\t\t<\/div>\n\t\t\t\t<\/div>\n\t\t","protected":false},"excerpt":{"rendered":"<p>Eventos Acompanhe os eventos da Cl\u00ednica de Direitos Humanos da UNIFAP (CDH\/UNIFAP) e de seus parceiros. Apresenta\u00e7\u00e3o de Relat\u00f3rio T\u00e9cnico&#8230;<\/p>\n","protected":false},"author":3999,"featured_media":0,"parent":0,"menu_order":0,"comment_status":"closed","ping_status":"closed","template":"","meta":{"inline_featured_image":false,"site-sidebar-layout":"no-sidebar","site-content-layout":"","ast-site-content-layout":"full-width-container","site-content-style":"default","site-sidebar-style":"default","ast-global-header-display":"","ast-banner-title-visibility":"","ast-main-header-display":"","ast-hfb-above-header-display":"","ast-hfb-below-header-display":"","ast-hfb-mobile-header-display":"","site-post-title":"disabled","ast-breadcrumbs-content":"","ast-featured-img":"disabled","footer-sml-layout":"","theme-transparent-header-meta":"default","adv-header-id-meta":"","stick-header-meta":"","header-above-stick-meta":"","header-main-stick-meta":"","header-below-stick-meta":"","astra-migrate-meta-layouts":"set","ast-page-background-enabled":"default","ast-page-background-meta":{"desktop":{"background-color":"var(--ast-global-color-4)","background-image":"","background-repeat":"repeat","background-position":"center center","background-size":"auto","background-attachment":"scroll","background-type":"","background-media":"","overlay-type":"","overlay-color":"","overlay-opacity":"","overlay-gradient":""},"tablet":{"background-color":"","background-image":"","background-repeat":"repeat","background-position":"center center","background-size":"auto","background-attachment":"scroll","background-type":"","background-media":"","overlay-type":"","overlay-color":"","overlay-opacity":"","overlay-gradient":""},"mobile":{"background-color":"","background-image":"","background-repeat":"repeat","background-position":"center center","background-size":"auto","background-attachment":"scroll","background-type":"","background-media":"","overlay-type":"","overlay-color":"","overlay-opacity":"","overlay-gradient":""}},"ast-content-background-meta":{"desktop":{"background-color":"var(--ast-global-color-5)","background-image":"","background-repeat":"repeat","background-position":"center center","background-size":"auto","background-attachment":"scroll","background-type":"","background-media":"","overlay-type":"","overlay-color":"","overlay-opacity":"","overlay-gradient":""},"tablet":{"background-color":"var(--ast-global-color-5)","background-image":"","background-repeat":"repeat","background-position":"center center","background-size":"auto","background-attachment":"scroll","background-type":"","background-media":"","overlay-type":"","overlay-color":"","overlay-opacity":"","overlay-gradient":""},"mobile":{"background-color":"var(--ast-global-color-5)","background-image":"","background-repeat":"repeat","background-position":"center center","background-size":"auto","background-attachment":"scroll","background-type":"","background-media":"","overlay-type":"","overlay-color":"","overlay-opacity":"","overlay-gradient":""}},"footnotes":""},"class_list":["post-121","page","type-page","status-publish","hentry"],"_links":{"self":[{"href":"https:\/\/www2.unifap.br\/cdh\/wp-json\/wp\/v2\/pages\/121","targetHints":{"allow":["GET"]}}],"collection":[{"href":"https:\/\/www2.unifap.br\/cdh\/wp-json\/wp\/v2\/pages"}],"about":[{"href":"https:\/\/www2.unifap.br\/cdh\/wp-json\/wp\/v2\/types\/page"}],"author":[{"embeddable":true,"href":"https:\/\/www2.unifap.br\/cdh\/wp-json\/wp\/v2\/users\/3999"}],"replies":[{"embeddable":true,"href":"https:\/\/www2.unifap.br\/cdh\/wp-json\/wp\/v2\/comments?post=121"}],"version-history":[{"count":37,"href":"https:\/\/www2.unifap.br\/cdh\/wp-json\/wp\/v2\/pages\/121\/revisions"}],"predecessor-version":[{"id":1275,"href":"https:\/\/www2.unifap.br\/cdh\/wp-json\/wp\/v2\/pages\/121\/revisions\/1275"}],"wp:attachment":[{"href":"https:\/\/www2.unifap.br\/cdh\/wp-json\/wp\/v2\/media?parent=121"}],"curies":[{"name":"wp","href":"https:\/\/api.w.org\/{rel}","templated":true}]}}