{"id":35,"date":"2025-06-03T15:36:52","date_gmt":"2025-06-03T18:36:52","guid":{"rendered":"https:\/\/www2.unifap.br\/cdh\/?page_id=35"},"modified":"2025-09-23T12:11:38","modified_gmt":"2025-09-23T15:11:38","slug":"institucional","status":"publish","type":"page","link":"https:\/\/www2.unifap.br\/cdh\/sobre-a-clinica\/institucional\/","title":{"rendered":"Institucional"},"content":{"rendered":"\t\t<div data-elementor-type=\"wp-page\" data-elementor-id=\"35\" class=\"elementor elementor-35\">\n\t\t\t\t<div class=\"elementor-element elementor-element-d89c84d e-flex e-con-boxed e-con e-parent\" data-id=\"d89c84d\" data-element_type=\"container\" data-e-type=\"container\" data-settings=\"{&quot;background_background&quot;:&quot;gradient&quot;}\">\n\t\t\t\t\t<div class=\"e-con-inner\">\n\t\t<div class=\"elementor-element elementor-element-d7a32d8 e-con-full e-flex e-con e-child\" data-id=\"d7a32d8\" data-element_type=\"container\" data-e-type=\"container\">\n\t\t\t\t<div class=\"elementor-element elementor-element-0e94f0c elementor-widget elementor-widget-heading\" data-id=\"0e94f0c\" data-element_type=\"widget\" data-e-type=\"widget\" data-widget_type=\"heading.default\">\n\t\t\t\t<div class=\"elementor-widget-container\">\n\t\t\t\t\t<h2 class=\"elementor-heading-title elementor-size-default\">Institucional<\/h2>\t\t\t\t<\/div>\n\t\t\t\t<\/div>\n\t\t\t\t<div class=\"elementor-element elementor-element-70f858f elementor-widget elementor-widget-text-editor\" data-id=\"70f858f\" data-element_type=\"widget\" data-e-type=\"widget\" data-widget_type=\"text-editor.default\">\n\t\t\t\t<div class=\"elementor-widget-container\">\n\t\t\t\t\t\t\t\t\t<p>A Cl\u00ednica de Direitos Humanos da Universidade Federal do Amap\u00e1 (CDH\/UNIFAP) encontra-se institucionalizada e vinculada ao N\u00facleo de Pr\u00e1tica Jur\u00eddica do Curso de Gradua\u00e7\u00e3o em Direito, do <em>campus<\/em> Marco Zero. Tem a estrutura de laborat\u00f3rio social e possui regimento interno pr\u00f3prio.<\/p><p><strong>Para acessar os documentos, clique:<\/strong><\/p><p><a href=\"http:\/\/www2.unifap.br\/cdh\/files\/2025\/06\/2_Ata_Reunio_Colegiado_15_07_2021.pdf\">2_Ata_Reunio_Colegiado_15_07_2021<\/a><\/p><p><a href=\"http:\/\/www2.unifap.br\/cdh\/files\/2025\/06\/Portaria-CDH-UNIFAP-institucionalizacao-no-NPJ-UNIFAP.pdf\">Portaria CDH-UNIFAP &#8211; institucionaliza\u00e7\u00e3o no NPJ-UNIFAP<\/a><\/p><p><a href=\"http:\/\/www2.unifap.br\/cdh\/files\/2025\/06\/Portaria-CDH-UNIFAP-retificacao-de-nome.pdf\">Portaria CDH-UNIFAP &#8211; retifica\u00e7\u00e3o de nome<\/a><\/p><p><a href=\"http:\/\/www2.unifap.br\/cdh\/files\/2025\/06\/Regimento-Interno-CDH-UNIFAP.pdf\">Regimento Interno CDH-UNIFAP<\/a><\/p><p><a href=\"http:\/\/www2.unifap.br\/cdh\/files\/2025\/06\/Portaria-Coordenacao-da-CDH-UNIFAP.pdf\">Portaria &#8211; Coordena\u00e7\u00e3o da CDH-UNIFAP<\/a><\/p><p><a href=\"http:\/\/www2.unifap.br\/cdh\/files\/2025\/09\/Portaria-Coordenacao-CDH-2025.pdf\">Portaria &#8211; Coordena\u00e7\u00e3o CDH 2025<\/a><\/p><p><a href=\"http:\/\/www2.unifap.br\/cdh\/files\/2025\/06\/Portaria-Orientadoras-da-CDH-UNIFAP.pdf\">Portaria &#8211; Orientadoras da CDH-UNIFAP<\/a><\/p>\t\t\t\t\t\t\t\t<\/div>\n\t\t\t\t<\/div>\n\t\t\t\t<\/div>\n\t\t\t\t\t<\/div>\n\t\t\t\t<\/div>\n\t\t\t\t<\/div>\n\t\t","protected":false},"excerpt":{"rendered":"<p>Institucional A Cl\u00ednica de Direitos Humanos da Universidade Federal do Amap\u00e1 (CDH\/UNIFAP) encontra-se institucionalizada e vinculada ao N\u00facleo de Pr\u00e1tica&#8230;<\/p>\n","protected":false},"author":3999,"featured_media":0,"parent":26,"menu_order":0,"comment_status":"closed","ping_status":"closed","template":"","meta":{"inline_featured_image":false,"site-sidebar-layout":"no-sidebar","site-content-layout":"","ast-site-content-layout":"full-width-container","site-content-style":"default","site-sidebar-style":"default","ast-global-header-display":"","ast-banner-title-visibility":"","ast-main-header-display":"","ast-hfb-above-header-display":"","ast-hfb-below-header-display":"","ast-hfb-mobile-header-display":"","site-post-title":"disabled","ast-breadcrumbs-content":"","ast-featured-img":"disabled","footer-sml-layout":"","theme-transparent-header-meta":"default","adv-header-id-meta":"","stick-header-meta":"","header-above-stick-meta":"","header-main-stick-meta":"","header-below-stick-meta":"","astra-migrate-meta-layouts":"set","ast-page-background-enabled":"default","ast-page-background-meta":{"desktop":{"background-color":"var(--ast-global-color-4)","background-image":"","background-repeat":"repeat","background-position":"center center","background-size":"auto","background-attachment":"scroll","background-type":"","background-media":"","overlay-type":"","overlay-color":"","overlay-opacity":"","overlay-gradient":""},"tablet":{"background-color":"","background-image":"","background-repeat":"repeat","background-position":"center center","background-size":"auto","background-attachment":"scroll","background-type":"","background-media":"","overlay-type":"","overlay-color":"","overlay-opacity":"","overlay-gradient":""},"mobile":{"background-color":"","background-image":"","background-repeat":"repeat","background-position":"center center","background-size":"auto","background-attachment":"scroll","background-type":"","background-media":"","overlay-type":"","overlay-color":"","overlay-opacity":"","overlay-gradient":""}},"ast-content-background-meta":{"desktop":{"background-color":"var(--ast-global-color-5)","background-image":"","background-repeat":"repeat","background-position":"center center","background-size":"auto","background-attachment":"scroll","background-type":"","background-media":"","overlay-type":"","overlay-color":"","overlay-opacity":"","overlay-gradient":""},"tablet":{"background-color":"var(--ast-global-color-5)","background-image":"","background-repeat":"repeat","background-position":"center center","background-size":"auto","background-attachment":"scroll","background-type":"","background-media":"","overlay-type":"","overlay-color":"","overlay-opacity":"","overlay-gradient":""},"mobile":{"background-color":"var(--ast-global-color-5)","background-image":"","background-repeat":"repeat","background-position":"center center","background-size":"auto","background-attachment":"scroll","background-type":"","background-media":"","overlay-type":"","overlay-color":"","overlay-opacity":"","overlay-gradient":""}},"footnotes":""},"class_list":["post-35","page","type-page","status-publish","hentry"],"_links":{"self":[{"href":"https:\/\/www2.unifap.br\/cdh\/wp-json\/wp\/v2\/pages\/35","targetHints":{"allow":["GET"]}}],"collection":[{"href":"https:\/\/www2.unifap.br\/cdh\/wp-json\/wp\/v2\/pages"}],"about":[{"href":"https:\/\/www2.unifap.br\/cdh\/wp-json\/wp\/v2\/types\/page"}],"author":[{"embeddable":true,"href":"https:\/\/www2.unifap.br\/cdh\/wp-json\/wp\/v2\/users\/3999"}],"replies":[{"embeddable":true,"href":"https:\/\/www2.unifap.br\/cdh\/wp-json\/wp\/v2\/comments?post=35"}],"version-history":[{"count":59,"href":"https:\/\/www2.unifap.br\/cdh\/wp-json\/wp\/v2\/pages\/35\/revisions"}],"predecessor-version":[{"id":1359,"href":"https:\/\/www2.unifap.br\/cdh\/wp-json\/wp\/v2\/pages\/35\/revisions\/1359"}],"up":[{"embeddable":true,"href":"https:\/\/www2.unifap.br\/cdh\/wp-json\/wp\/v2\/pages\/26"}],"wp:attachment":[{"href":"https:\/\/www2.unifap.br\/cdh\/wp-json\/wp\/v2\/media?parent=35"}],"curies":[{"name":"wp","href":"https:\/\/api.w.org\/{rel}","templated":true}]}}