{"id":56,"date":"2025-06-03T16:06:24","date_gmt":"2025-06-03T19:06:24","guid":{"rendered":"https:\/\/www2.unifap.br\/cdh\/?page_id=56"},"modified":"2025-06-05T15:20:43","modified_gmt":"2025-06-05T18:20:43","slug":"metodologia","status":"publish","type":"page","link":"https:\/\/www2.unifap.br\/cdh\/sobre-a-clinica\/metodologia\/","title":{"rendered":"M\u00e9todo Cl\u00ednico"},"content":{"rendered":"\t\t<div data-elementor-type=\"wp-page\" data-elementor-id=\"56\" class=\"elementor elementor-56\">\n\t\t\t\t<div class=\"elementor-element elementor-element-6e0e3db e-flex e-con-boxed e-con e-parent\" data-id=\"6e0e3db\" data-element_type=\"container\" data-e-type=\"container\" data-settings=\"{&quot;background_background&quot;:&quot;gradient&quot;}\">\n\t\t\t\t\t<div class=\"e-con-inner\">\n\t\t<div class=\"elementor-element elementor-element-0376bcc e-con-full e-flex e-con e-child\" data-id=\"0376bcc\" data-element_type=\"container\" data-e-type=\"container\">\n\t\t\t\t<div class=\"elementor-element elementor-element-0e94f0c elementor-widget elementor-widget-heading\" data-id=\"0e94f0c\" data-element_type=\"widget\" data-e-type=\"widget\" data-widget_type=\"heading.default\">\n\t\t\t\t<div class=\"elementor-widget-container\">\n\t\t\t\t\t<h2 class=\"elementor-heading-title elementor-size-default\">M\u00e9todo Cl\u00ednico<\/h2>\t\t\t\t<\/div>\n\t\t\t\t<\/div>\n\t\t\t\t<div class=\"elementor-element elementor-element-70f858f elementor-widget elementor-widget-text-editor\" data-id=\"70f858f\" data-element_type=\"widget\" data-e-type=\"widget\" data-widget_type=\"text-editor.default\">\n\t\t\t\t<div class=\"elementor-widget-container\">\n\t\t\t\t\t\t\t\t\t<p>As cl\u00ednicas jur\u00eddicas surgem no Brasil a partir do in\u00edcio do s\u00e9\u00adculo XXI, com a perspectiva de inova\u00e7\u00e3o para a educa\u00e7\u00e3o jur\u00eddica. Despontam no Brasil e em v\u00e1rios pa\u00edses do mundo buscando su\u00adprir uma lacuna existente na educa\u00e7\u00e3o jur\u00eddica tradicional de uma pedagogia experiencial e inovadora. Os cursos de Direito, em sua grande maioria, t\u00eam uma tradi\u00e7\u00e3o de perpetuarem uma did\u00e1tica conservadora, priorizando aulas tradicionais, expositivas e cate\u00addr\u00e1ticas. Por isso, o movimento cl\u00ednico surge com o objetivo de trazer e testar uma nova pedagogia para a educa\u00e7\u00e3o jur\u00eddica\u201d (Terezo<em> et al<\/em>., 2021).<\/p><p>\u00c9 sempre importante destacar, que n\u00e3o existe um modelo \u00fanico para as cl\u00ednicas jur\u00eddicas em nenhum pa\u00eds do mundo. Isso n\u00e3o quer dizer que inexistam objetivos pedag\u00f3gicos e sociais que costumam inspirar tanto a cria\u00e7\u00e3o como o trabalho de uma cl\u00ed\u00adnica jur\u00eddica. Desde o surgimento de cl\u00ednicas jur\u00eddicas no Brasil, \u00e9 not\u00f3rio o aumento do debate entre professoras\/es universit\u00e1rios sobre o papel que as cl\u00ednicas jur\u00eddicas devem ocupar no ensino jur\u00eddico (Terezo<em> et al<\/em>., 2021).<\/p><p>Nesse contexto, existem eixos fundamentais na pr\u00f3pria viv\u00eancia org\u00e2nica do ser e do fazer em uma cl\u00ednica jur\u00eddica e, sobretudo, em uma cl\u00ednica de direitos humanos. Sejam eles:<\/p><p><strong>Eixos fundamentais do m\u00e9todo cl\u00ednico:<\/strong><\/p><ul><li>Relacionar a teoria com a pr\u00e1tica;<\/li><li>Habilidade do trabalho em equipe;<\/li><li>Constru\u00e7\u00e3o de solu\u00e7\u00f5es extrajudiciais para casos complexos\/estrat\u00e9gicos;<\/li><li>Empoderamento dos sujeitos;<\/li><li>Fomento da pesquisa emp\u00edrica;<\/li><li>Perfil diferenciado dos discentes e docentes;<\/li><li>Forma\u00e7\u00e3o Humanista Interdisciplinar;<\/li><li>Compromisso com a Justi\u00e7a Social.<\/li><\/ul><p>Para conhecer mais sobre o m\u00e9todo cl\u00ednico, recomendamos a seguinte leitura:<\/p><p><img decoding=\"async\" class=\" wp-image-691\" src=\"http:\/\/www2.unifap.br\/cdh\/files\/2025\/06\/41VpQUFW6L-200x300.jpg\" alt=\"\" width=\"167\" height=\"251\" srcset=\"https:\/\/www2.unifap.br\/cdh\/files\/2025\/06\/41VpQUFW6L-200x300.jpg 200w, https:\/\/www2.unifap.br\/cdh\/files\/2025\/06\/41VpQUFW6L.jpg 333w\" sizes=\"(max-width: 167px) 100vw, 167px\" \/><\/p><p style=\"text-align: left\"><a href=\"https:\/\/www.amazon.com.br\/Manual-Para-Cl%C3%ADnicas-Jur%C3%ADdicas-Brasil\/dp\/655510807X\">https:\/\/www.amazon.com.br\/Manual-Para-Cl%C3%ADnicas-Jur%C3%ADdicas-Brasil\/dp\/655510807X<\/a><\/p>\t\t\t\t\t\t\t\t<\/div>\n\t\t\t\t<\/div>\n\t\t\t\t<\/div>\n\t\t\t\t\t<\/div>\n\t\t\t\t<\/div>\n\t\t\t\t<\/div>\n\t\t","protected":false},"excerpt":{"rendered":"<p>\/*! elementor &#8211; v3.21.0 &#8211; 26-05-2024 *\/ .elementor-heading-title{padding:0;margin:0;line-height:1}.elementor-widget-heading .elementor-heading-title[class*=elementor-size-]&gt;a{color:inherit;font-size:inherit;line-height:inherit}.elementor-widget-heading .elementor-heading-title.elementor-size-small{font-size:15px}.elementor-widget-heading .elementor-heading-title.elementor-size-medium{font-size:19px}.elementor-widget-heading .elementor-heading-title.elementor-size-large{font-size:29px}.elementor-widget-heading .elementor-heading-title.elementor-size-xl{font-size:39px}.elementor-widget-heading .elementor-heading-title.elementor-size-xxl{font-size:59px} M\u00e9todo Cl\u00ednico As cl\u00ednicas jur\u00eddicas surgem&#8230;<\/p>\n","protected":false},"author":3999,"featured_media":0,"parent":26,"menu_order":0,"comment_status":"closed","ping_status":"closed","template":"","meta":{"inline_featured_image":false,"site-sidebar-layout":"no-sidebar","site-content-layout":"","ast-site-content-layout":"full-width-container","site-content-style":"default","site-sidebar-style":"default","ast-global-header-display":"","ast-banner-title-visibility":"","ast-main-header-display":"","ast-hfb-above-header-display":"","ast-hfb-below-header-display":"","ast-hfb-mobile-header-display":"","site-post-title":"disabled","ast-breadcrumbs-content":"","ast-featured-img":"disabled","footer-sml-layout":"","theme-transparent-header-meta":"default","adv-header-id-meta":"","stick-header-meta":"","header-above-stick-meta":"","header-main-stick-meta":"","header-below-stick-meta":"","astra-migrate-meta-layouts":"set","ast-page-background-enabled":"default","ast-page-background-meta":{"desktop":{"background-color":"var(--ast-global-color-4)","background-image":"","background-repeat":"repeat","background-position":"center center","background-size":"auto","background-attachment":"scroll","background-type":"","background-media":"","overlay-type":"","overlay-color":"","overlay-opacity":"","overlay-gradient":""},"tablet":{"background-color":"","background-image":"","background-repeat":"repeat","background-position":"center center","background-size":"auto","background-attachment":"scroll","background-type":"","background-media":"","overlay-type":"","overlay-color":"","overlay-opacity":"","overlay-gradient":""},"mobile":{"background-color":"","background-image":"","background-repeat":"repeat","background-position":"center center","background-size":"auto","background-attachment":"scroll","background-type":"","background-media":"","overlay-type":"","overlay-color":"","overlay-opacity":"","overlay-gradient":""}},"ast-content-background-meta":{"desktop":{"background-color":"var(--ast-global-color-5)","background-image":"","background-repeat":"repeat","background-position":"center center","background-size":"auto","background-attachment":"scroll","background-type":"","background-media":"","overlay-type":"","overlay-color":"","overlay-opacity":"","overlay-gradient":""},"tablet":{"background-color":"var(--ast-global-color-5)","background-image":"","background-repeat":"repeat","background-position":"center center","background-size":"auto","background-attachment":"scroll","background-type":"","background-media":"","overlay-type":"","overlay-color":"","overlay-opacity":"","overlay-gradient":""},"mobile":{"background-color":"var(--ast-global-color-5)","background-image":"","background-repeat":"repeat","background-position":"center center","background-size":"auto","background-attachment":"scroll","background-type":"","background-media":"","overlay-type":"","overlay-color":"","overlay-opacity":"","overlay-gradient":""}},"footnotes":""},"class_list":["post-56","page","type-page","status-publish","hentry"],"_links":{"self":[{"href":"https:\/\/www2.unifap.br\/cdh\/wp-json\/wp\/v2\/pages\/56","targetHints":{"allow":["GET"]}}],"collection":[{"href":"https:\/\/www2.unifap.br\/cdh\/wp-json\/wp\/v2\/pages"}],"about":[{"href":"https:\/\/www2.unifap.br\/cdh\/wp-json\/wp\/v2\/types\/page"}],"author":[{"embeddable":true,"href":"https:\/\/www2.unifap.br\/cdh\/wp-json\/wp\/v2\/users\/3999"}],"replies":[{"embeddable":true,"href":"https:\/\/www2.unifap.br\/cdh\/wp-json\/wp\/v2\/comments?post=56"}],"version-history":[{"count":14,"href":"https:\/\/www2.unifap.br\/cdh\/wp-json\/wp\/v2\/pages\/56\/revisions"}],"predecessor-version":[{"id":699,"href":"https:\/\/www2.unifap.br\/cdh\/wp-json\/wp\/v2\/pages\/56\/revisions\/699"}],"up":[{"embeddable":true,"href":"https:\/\/www2.unifap.br\/cdh\/wp-json\/wp\/v2\/pages\/26"}],"wp:attachment":[{"href":"https:\/\/www2.unifap.br\/cdh\/wp-json\/wp\/v2\/media?parent=56"}],"curies":[{"name":"wp","href":"https:\/\/api.w.org\/{rel}","templated":true}]}}