{"id":8,"date":"2025-06-03T15:17:18","date_gmt":"2025-06-03T18:17:18","guid":{"rendered":"https:\/\/www2.unifap.br\/cdh\/?page_id=8"},"modified":"2025-07-30T23:10:42","modified_gmt":"2025-07-31T02:10:42","slug":"cdh-unifap","status":"publish","type":"page","link":"https:\/\/www2.unifap.br\/cdh\/","title":{"rendered":"Home"},"content":{"rendered":"\t\t<div data-elementor-type=\"wp-page\" data-elementor-id=\"8\" class=\"elementor elementor-8\">\n\t\t\t\t<div class=\"elementor-element elementor-element-1deb7fd e-flex e-con-boxed e-con e-parent\" data-id=\"1deb7fd\" data-element_type=\"container\" data-e-type=\"container\" data-settings=\"{&quot;background_background&quot;:&quot;gradient&quot;}\">\n\t\t\t\t\t<div class=\"e-con-inner\">\n\t\t<div class=\"elementor-element elementor-element-821cc6a e-con-full e-flex e-con e-child\" data-id=\"821cc6a\" data-element_type=\"container\" data-e-type=\"container\">\n\t\t\t\t<div class=\"elementor-element elementor-element-95a70a1 elementor-widget elementor-widget-heading\" data-id=\"95a70a1\" data-element_type=\"widget\" data-e-type=\"widget\" data-widget_type=\"heading.default\">\n\t\t\t\t<div class=\"elementor-widget-container\">\n\t\t\t\t\t<h2 class=\"elementor-heading-title elementor-size-default\">Cl\u00ednica de Direitos Humanos da UNIFAP<\/h2>\t\t\t\t<\/div>\n\t\t\t\t<\/div>\n\t\t\t\t<div class=\"elementor-element elementor-element-f957e5d elementor-widget elementor-widget-text-editor\" data-id=\"f957e5d\" data-element_type=\"widget\" data-e-type=\"widget\" data-widget_type=\"text-editor.default\">\n\t\t\t\t<div class=\"elementor-widget-container\">\n\t\t\t\t\t\t\t\t\t<p><span dir=\"auto\" style=\"vertical-align: inherit\"><span dir=\"auto\" style=\"vertical-align: inherit\">Criada em 2019, a Cl\u00ednica de Direitos Humanos da UNIFAP (CDH\/UNIFAP) tem por objetivo fomentar o ensino cl\u00ednico do Direito, por meio de atividades pr\u00e1ticas, reais ou simuladas, do ensino, da pesquisa e de a\u00e7\u00f5es extensionistas, envolvendo prioritariamente docentes e discentes do Curso de Gradua\u00e7\u00e3o em Direito, do\u00a0<\/span><\/span><em><span dir=\"auto\" style=\"vertical-align: inherit\"><span dir=\"auto\" style=\"vertical-align: inherit\">campus<\/span><\/span><\/em><span dir=\"auto\" style=\"vertical-align: inherit\"><span dir=\"auto\" style=\"vertical-align: inherit\">\u00a0Marco Zero, podendo alcan\u00e7ar outros Cursos de Gradua\u00e7\u00e3o e de P\u00f3s-gradua\u00e7\u00e3o da UNIFAP, visando a prote\u00e7\u00e3o, garantia, promo\u00e7\u00e3o e difus\u00e3o dos direitos humanos.<\/span><\/span><\/p>\t\t\t\t\t\t\t\t<\/div>\n\t\t\t\t<\/div>\n\t\t\t\t<div class=\"elementor-element elementor-element-0ff0d8c elementor-align-center animated-slow elementor-widget elementor-widget-button\" data-id=\"0ff0d8c\" data-element_type=\"widget\" data-e-type=\"widget\" data-settings=\"{&quot;_animation&quot;:&quot;none&quot;}\" data-widget_type=\"button.default\">\n\t\t\t\t<div class=\"elementor-widget-container\">\n\t\t\t\t\t\t\t\t\t<div class=\"elementor-button-wrapper\">\n\t\t\t\t\t<a class=\"elementor-button elementor-button-link elementor-size-md\" href=\"https:\/\/www2.unifap.br\/cdh\/sobre-a-clinica\/historico\/\">\n\t\t\t\t\t\t<span class=\"elementor-button-content-wrapper\">\n\t\t\t\t\t\t\t\t\t<span class=\"elementor-button-text\">Conhe\u00e7a a CDH<\/span>\n\t\t\t\t\t<\/span>\n\t\t\t\t\t<\/a>\n\t\t\t\t<\/div>\n\t\t\t\t\t\t\t\t<\/div>\n\t\t\t\t<\/div>\n\t\t\t\t<\/div>\n\t\t<div class=\"elementor-element elementor-element-c5a12c6 e-con-full e-flex e-con e-child\" data-id=\"c5a12c6\" data-element_type=\"container\" data-e-type=\"container\">\n\t\t\t\t<div class=\"elementor-element elementor-element-2183cef elementor-widget__width-initial elementor-arrows-position-inside elementor-pagination-position-outside elementor-widget elementor-widget-image-carousel\" data-id=\"2183cef\" data-element_type=\"widget\" data-e-type=\"widget\" data-settings=\"{&quot;slides_to_show&quot;:&quot;1&quot;,&quot;navigation&quot;:&quot;both&quot;,&quot;autoplay&quot;:&quot;yes&quot;,&quot;pause_on_hover&quot;:&quot;yes&quot;,&quot;pause_on_interaction&quot;:&quot;yes&quot;,&quot;autoplay_speed&quot;:5000,&quot;infinite&quot;:&quot;yes&quot;,&quot;effect&quot;:&quot;slide&quot;,&quot;speed&quot;:500}\" data-widget_type=\"image-carousel.default\">\n\t\t\t\t<div class=\"elementor-widget-container\">\n\t\t\t\t\t\t\t<div class=\"elementor-image-carousel-wrapper swiper\" role=\"region\" aria-roledescription=\"carousel\" aria-label=\"Carrossel de imagens\" dir=\"ltr\">\n\t\t\t<div class=\"elementor-image-carousel swiper-wrapper\" aria-live=\"off\">\n\t\t\t\t\t\t\t\t<div class=\"swiper-slide\" role=\"group\" aria-roledescription=\"slide\" aria-label=\"1 de 2\"><figure class=\"swiper-slide-inner\"><img decoding=\"async\" class=\"swiper-slide-image\" src=\"https:\/\/www2.unifap.br\/cdh\/files\/2025\/06\/Coletanea.png\" alt=\"Colet\u00e2nea de Jurisprud\u00eancia da Corte Interamericana de Direitos Humanos e Normativas Internacionais\" \/><\/figure><\/div><div class=\"swiper-slide\" role=\"group\" aria-roledescription=\"slide\" aria-label=\"2 de 2\"><figure class=\"swiper-slide-inner\"><img decoding=\"async\" class=\"swiper-slide-image\" src=\"https:\/\/www2.unifap.br\/cdh\/files\/2025\/06\/Apresentacao1.jpg\" alt=\"Apresenta\u00e7\u00e3o1\" \/><\/figure><\/div>\t\t\t<\/div>\n\t\t\t\t\t\t\t\t\t\t\t\t<div class=\"elementor-swiper-button elementor-swiper-button-prev\" role=\"button\" tabindex=\"0\">\n\t\t\t\t\t\t<svg aria-hidden=\"true\" class=\"e-font-icon-svg e-eicon-chevron-left\" viewBox=\"0 0 1000 1000\" xmlns=\"http:\/\/www.w3.org\/2000\/svg\"><path d=\"M646 125C629 125 613 133 604 142L308 442C296 454 292 471 292 487 292 504 296 521 308 533L604 854C617 867 629 875 646 875 663 875 679 871 692 858 704 846 713 829 713 812 713 796 708 779 692 767L438 487 692 225C700 217 708 204 708 187 708 171 704 154 692 142 675 129 663 125 646 125Z\"><\/path><\/svg>\t\t\t\t\t<\/div>\n\t\t\t\t\t<div class=\"elementor-swiper-button elementor-swiper-button-next\" role=\"button\" tabindex=\"0\">\n\t\t\t\t\t\t<svg aria-hidden=\"true\" class=\"e-font-icon-svg e-eicon-chevron-right\" viewBox=\"0 0 1000 1000\" xmlns=\"http:\/\/www.w3.org\/2000\/svg\"><path d=\"M696 533C708 521 713 504 713 487 713 471 708 454 696 446L400 146C388 133 375 125 354 125 338 125 325 129 313 142 300 154 292 171 292 187 292 204 296 221 308 233L563 492 304 771C292 783 288 800 288 817 288 833 296 850 308 863 321 871 338 875 354 875 371 875 388 867 400 854L696 533Z\"><\/path><\/svg>\t\t\t\t\t<\/div>\n\t\t\t\t\n\t\t\t\t\t\t\t\t\t<div class=\"swiper-pagination\"><\/div>\n\t\t\t\t\t\t\t\t\t<\/div>\n\t\t\t\t\t\t<\/div>\n\t\t\t\t<\/div>\n\t\t\t\t<\/div>\n\t\t\t\t\t<\/div>\n\t\t\t\t<\/div>\n\t\t<div class=\"elementor-element elementor-element-f16dc98 e-con-full e-flex e-con e-parent\" data-id=\"f16dc98\" data-element_type=\"container\" data-e-type=\"container\">\n\t\t\t\t<div class=\"elementor-element elementor-element-8764e05 elementor-hidden-desktop elementor-hidden-tablet elementor-hidden-mobile elementor-widget elementor-widget-naevents_basic_slider\" data-id=\"8764e05\" data-element_type=\"widget\" data-e-type=\"widget\" data-widget_type=\"naevents_basic_slider.default\">\n\t\t\t\t<div class=\"elementor-widget-container\">\n\t\t\t\t\t<div class=\"swiper naeep-swiper-slide swiper-slides swiper-keyboard\" data-loop=\"false\" data-swiper-autoplay=\"true\" data-speed=\"1\" data-clickpage=\"true\" data-effect=\"fade\" data-mousedrag=\"true\" data-swiper=\"container\">\n  <div class=\"swiper-wrapper\">\n\n    \t\t\t\t\t<div class=\"swiper-slide naeep-banner naeep-overlay\" style=\"background-image: url(https:\/\/www2.unifap.br\/cdh\/files\/2025\/06\/Coletanea.png);\" data-swiper-autoplay=\"1\">\n\t          <div class=\"naeep-table-wrap\">\n\t\t\t        <div class=\"naeep-align-wrap\">\n\t\t\t          <div class=\"banner-container\">\n\t\t\t          \t<div class=\"col-na-row align-items-center\">\n\t\t\t          \t\t<div class=\"col-na-6\">\n\t\t\t\t\t            <div class=\"banner-caption left-align\">\n\t\t\t\t\t            \t <h1 class=\"banner-title animated\" data-animation=\"fadeInDown\">Publica\u00e7\u00e3o<\/h1><p class=\"animated\" data-animation=\"fadeInDown\">Colet\u00e2nea de Jurisprud\u00eancia da Corte Interamericana de Direitos Humanos e Normativas Internacionais<\/p><div class=\"naeep-btn-wrap animated\" data-animation=\"fadeInDown\"><a href=\"https:\/\/www2.unifap.br\/editora\/files\/2021\/11\/coletanea-de-jurisprudencia.pdf\" target=\"_blank\"  class=\"btn-one naeep-btn  default-btn\">Clique aqui <\/a><\/div>\t\t\t\t            \t<\/div>\n\t\t\t            \t<\/div>\n\t\t\t            \t\t\t\t          \t\t<div class=\"col-na-6\">\n\t\t\t\t\t            <div class=\"banner-image\"><div class=\"naeep-image animated\" data-animation=\"fadeInDown\"><img decoding=\"async\" src=\"https:\/\/www2.unifap.br\/cdh\/files\/2025\/06\/Coletanea.png\" alt=\"Slider\"><\/div><\/div>\n\t\t\t\t            <\/div>\n\t\t\t            \t\t\t\t          \t<\/div>\n\t\t\t          <\/div>\n\t\t\t        <\/div>\n\t\t\t      <\/div>\n\t        <\/div>\n\t\t\t\t\t\t\t\t\t<div class=\"swiper-slide naeep-banner naeep-overlay\" style=\"background-image: url(https:\/\/www2.unifap.br\/cdh\/files\/2025\/06\/Apresentacao1.jpg);\" data-swiper-autoplay=\"1\">\n\t          <div class=\"naeep-table-wrap\">\n\t\t\t        <div class=\"naeep-align-wrap\">\n\t\t\t          <div class=\"banner-container\">\n\t\t\t          \t<div class=\"col-na-row align-items-center\">\n\t\t\t          \t\t<div class=\"col-na-6\">\n\t\t\t\t\t            <div class=\"banner-caption left-align\">\n\t\t\t\t\t            \t <h1 class=\"banner-title animated\" data-animation=\"fadeInDown\">Consulta P\u00fablica<\/h1><p class=\"animated\" data-animation=\"fadeInDown\">PL n\u00ba 1.011\/2023 - Senado Federal<\/p><div class=\"naeep-btn-wrap animated\" data-animation=\"fadeInDown\"><a href=\"https:\/\/www12.senado.leg.br\/ecidadania\/visualizacaomateria?id=156091\" target=\"_blank\"  class=\"btn-one naeep-btn  default-btn\">CLIQUE AQUI <\/a><\/div>\t\t\t\t            \t<\/div>\n\t\t\t            \t<\/div>\n\t\t\t            \t\t\t\t          \t\t<div class=\"col-na-6\">\n\t\t\t\t\t            <div class=\"banner-image\"><div class=\"naeep-image animated\" data-animation=\"fadeInDown\"><img decoding=\"async\" src=\"https:\/\/www2.unifap.br\/cdh\/files\/2025\/06\/Apresentacao1.jpg\" alt=\"Slider\"><\/div><\/div>\n\t\t\t\t            <\/div>\n\t\t\t            \t\t\t\t          \t<\/div>\n\t\t\t          <\/div>\n\t\t\t        <\/div>\n\t\t\t      <\/div>\n\t        <\/div>\n\t\t\t\t\t\t<\/div>\n\t\t\t\t\t<div class=\"swiper-button-prev\"><\/div>\n      <div class=\"swiper-button-next\"><\/div>\n        <\/div>\n\t\t\t\t\t\t<\/div>\n\t\t\t\t<\/div>\n\t\t\t\t<\/div>\n\t\t\t\t<\/div>\n\t\t","protected":false},"excerpt":{"rendered":"<p>Cl\u00ednica de Direitos Humanos da UNIFAP Criada em 2019, a Cl\u00ednica de Direitos Humanos da UNIFAP (CDH\/UNIFAP) tem por objetivo&#8230;<\/p>\n","protected":false},"author":3999,"featured_media":0,"parent":0,"menu_order":0,"comment_status":"closed","ping_status":"closed","template":"","meta":{"inline_featured_image":false,"site-sidebar-layout":"no-sidebar","site-content-layout":"","ast-site-content-layout":"full-width-container","site-content-style":"default","site-sidebar-style":"default","ast-global-header-display":"","ast-banner-title-visibility":"","ast-main-header-display":"","ast-hfb-above-header-display":"","ast-hfb-below-header-display":"","ast-hfb-mobile-header-display":"","site-post-title":"disabled","ast-breadcrumbs-content":"","ast-featured-img":"disabled","footer-sml-layout":"","theme-transparent-header-meta":"default","adv-header-id-meta":"","stick-header-meta":"","header-above-stick-meta":"","header-main-stick-meta":"","header-below-stick-meta":"","astra-migrate-meta-layouts":"set","ast-page-background-enabled":"default","ast-page-background-meta":{"desktop":{"background-color":"var(--ast-global-color-4)","background-image":"","background-repeat":"repeat","background-position":"center center","background-size":"auto","background-attachment":"scroll","background-type":"","background-media":"","overlay-type":"","overlay-color":"","overlay-opacity":"","overlay-gradient":""},"tablet":{"background-color":"","background-image":"","background-repeat":"repeat","background-position":"center center","background-size":"auto","background-attachment":"scroll","background-type":"","background-media":"","overlay-type":"","overlay-color":"","overlay-opacity":"","overlay-gradient":""},"mobile":{"background-color":"","background-image":"","background-repeat":"repeat","background-position":"center center","background-size":"auto","background-attachment":"scroll","background-type":"","background-media":"","overlay-type":"","overlay-color":"","overlay-opacity":"","overlay-gradient":""}},"ast-content-background-meta":{"desktop":{"background-color":"var(--ast-global-color-5)","background-image":"","background-repeat":"repeat","background-position":"center center","background-size":"auto","background-attachment":"scroll","background-type":"","background-media":"","overlay-type":"","overlay-color":"","overlay-opacity":"","overlay-gradient":""},"tablet":{"background-color":"var(--ast-global-color-5)","background-image":"","background-repeat":"repeat","background-position":"center center","background-size":"auto","background-attachment":"scroll","background-type":"","background-media":"","overlay-type":"","overlay-color":"","overlay-opacity":"","overlay-gradient":""},"mobile":{"background-color":"var(--ast-global-color-5)","background-image":"","background-repeat":"repeat","background-position":"center center","background-size":"auto","background-attachment":"scroll","background-type":"","background-media":"","overlay-type":"","overlay-color":"","overlay-opacity":"","overlay-gradient":""}},"footnotes":""},"class_list":["post-8","page","type-page","status-publish","hentry"],"_links":{"self":[{"href":"https:\/\/www2.unifap.br\/cdh\/wp-json\/wp\/v2\/pages\/8","targetHints":{"allow":["GET"]}}],"collection":[{"href":"https:\/\/www2.unifap.br\/cdh\/wp-json\/wp\/v2\/pages"}],"about":[{"href":"https:\/\/www2.unifap.br\/cdh\/wp-json\/wp\/v2\/types\/page"}],"author":[{"embeddable":true,"href":"https:\/\/www2.unifap.br\/cdh\/wp-json\/wp\/v2\/users\/3999"}],"replies":[{"embeddable":true,"href":"https:\/\/www2.unifap.br\/cdh\/wp-json\/wp\/v2\/comments?post=8"}],"version-history":[{"count":179,"href":"https:\/\/www2.unifap.br\/cdh\/wp-json\/wp\/v2\/pages\/8\/revisions"}],"predecessor-version":[{"id":1256,"href":"https:\/\/www2.unifap.br\/cdh\/wp-json\/wp\/v2\/pages\/8\/revisions\/1256"}],"wp:attachment":[{"href":"https:\/\/www2.unifap.br\/cdh\/wp-json\/wp\/v2\/media?parent=8"}],"curies":[{"name":"wp","href":"https:\/\/api.w.org\/{rel}","templated":true}]}}