{"id":94,"date":"2025-06-03T16:20:40","date_gmt":"2025-06-03T19:20:40","guid":{"rendered":"https:\/\/www2.unifap.br\/cdh\/?page_id=94"},"modified":"2025-09-01T09:00:32","modified_gmt":"2025-09-01T12:00:32","slug":"regimento","status":"publish","type":"page","link":"https:\/\/www2.unifap.br\/cdh\/sobre-a-clinica\/regimento\/","title":{"rendered":"Pol\u00edtica Protetiva"},"content":{"rendered":"\t\t<div data-elementor-type=\"wp-page\" data-elementor-id=\"94\" class=\"elementor elementor-94\">\n\t\t\t\t<div class=\"elementor-element elementor-element-6e0e3db e-flex e-con-boxed e-con e-parent\" data-id=\"6e0e3db\" data-element_type=\"container\" data-e-type=\"container\" data-settings=\"{&quot;background_background&quot;:&quot;gradient&quot;}\">\n\t\t\t\t\t<div class=\"e-con-inner\">\n\t\t<div class=\"elementor-element elementor-element-0376bcc e-con-full e-flex e-con e-child\" data-id=\"0376bcc\" data-element_type=\"container\" data-e-type=\"container\">\n\t\t\t\t<div class=\"elementor-element elementor-element-0e94f0c elementor-widget elementor-widget-heading\" data-id=\"0e94f0c\" data-element_type=\"widget\" data-e-type=\"widget\" data-widget_type=\"heading.default\">\n\t\t\t\t<div class=\"elementor-widget-container\">\n\t\t\t\t\t<h2 class=\"elementor-heading-title elementor-size-default\">Pol\u00edtica Protetiva<\/h2>\t\t\t\t<\/div>\n\t\t\t\t<\/div>\n\t\t\t\t<div class=\"elementor-element elementor-element-70f858f elementor-widget elementor-widget-text-editor\" data-id=\"70f858f\" data-element_type=\"widget\" data-e-type=\"widget\" data-widget_type=\"text-editor.default\">\n\t\t\t\t<div class=\"elementor-widget-container\">\n\t\t\t\t\t\t\t\t\t<p>Em 2022, a equipe da Cl\u00ednica de Direitos Humanos da UNIFAP (CDH\/UNIFAP) elaborou uma <strong>&#8220;Pol\u00edtica Protetiva para Pessoas em Situa\u00e7\u00e3o de Vulnerabilidade&#8221;<\/strong>.<\/p><p>O ambiente de trabalho e outros ambientes institucionais est\u00e3o sujeitos a in\u00fameras formas de viol\u00eancia, algumas nem sempre percebidas pelas v\u00edtimas. A escalada de den\u00fancias, intensidade e gravidade desse tipo de abuso tem exigido aten\u00e7\u00e3o e a\u00e7\u00e3o das institui\u00e7\u00f5es, sejam elas p\u00fablicas ou privadas, para proteger a dignidade humana contra viol\u00eancias f\u00edsicas e psicol\u00f3gicas, humilha\u00e7\u00f5es, constrangimentos, discrimina\u00e7\u00f5es e ass\u00e9dios.<\/p><p>Nesse sentido, em busca de promover a seguran\u00e7a no ambiente institucional, com respeito \u00e0 dignidade de todas as pessoas e contra qualquer forma de viol\u00eancia, tanto nas rela\u00e7\u00f5es internas quanto nas rela\u00e7\u00f5es com a comunidade externa, \u00e9 que a CDH\/UNIFAP prop\u00f4s esta Pol\u00edtica Protetiva.<\/p><p>Os destinat\u00e1rios s\u00e3o os menores de 18 anos, independente de sua condi\u00e7\u00e3o; maiores de 18 anos que sofrem discrimina\u00e7\u00e3o e explora\u00e7\u00e3o em raz\u00e3o de g\u00eanero, nacionalidade, idade, etnia, ra\u00e7a, classe, orienta\u00e7\u00e3o sexual e defici\u00eancia.<\/p><p>A Pol\u00edtica Protetiva foi pensada para atender pessoas no \u00e2mbito das atividades da CDH\/UNIFAP e do pr\u00f3prio Curso de Gradua\u00e7\u00e3o em Direito do <em>campus<\/em> Marco Zero.<\/p><p><img fetchpriority=\"high\" decoding=\"async\" class=\"alignnone size-medium wp-image-705\" src=\"http:\/\/www2.unifap.br\/cdh\/files\/2025\/06\/Cartilha-Politica-Protetiva-255x300.png\" alt=\"\" width=\"255\" height=\"300\" srcset=\"https:\/\/www2.unifap.br\/cdh\/files\/2025\/06\/Cartilha-Politica-Protetiva-255x300.png 255w, https:\/\/www2.unifap.br\/cdh\/files\/2025\/06\/Cartilha-Politica-Protetiva.png 315w\" sizes=\"(max-width: 255px) 100vw, 255px\" \/><\/p><p><strong>Consulte a Pol\u00edtica Protetiva da CDH\/UNIFAP:<\/strong><\/p><p><strong><a href=\"http:\/\/www2.unifap.br\/cdh\/files\/2025\/06\/Cartilha-Politica-protetiva-para-pessoas-em-situacao-de-vulnerabilidade.pdf\">Cartilha-Politica-protetiva-para-pessoas-em-situacao-de-vulnerabilidade<\/a><\/strong><\/p><p><strong>Formul\u00e1rio CDH\/UNIFAP:<\/strong><\/p><p><a href=\"http:\/\/www2.unifap.br\/cdh\/files\/2025\/06\/FORMULA\u0301RIO-PARA-RELATO-DE-VIOLE\u0302NCIA-ASSE\u0301DIO-CDH-UNIFAP.docx\">FORMULA\u0301RIO-PARA-RELATO-DE-VIOLE\u0302NCIA-ASSE\u0301DIO-CDH-UNIFAP<\/a><\/p><p>Em 2025, a Rede Amaz\u00f4nica de Cl\u00ednicas de Direitos Humanos, da qual a CDH\/UNIFAP faz parte, elaborou sua pr\u00f3pria Pol\u00edtica Protetiva. Atualmente, este \u00e9 o documento orientador para as a\u00e7\u00f5es em rede.<\/p><p><a href=\"http:\/\/www2.unifap.br\/cdh\/files\/2025\/08\/Politica-de-Protecao-da-Rede-Amazonica-de-Clinicas-DH-1.pdf\"><strong>Pol\u00edtica de Prote\u00e7\u00e3o da Rede Amaz\u00f4nica de Cl\u00ednicas DH<\/strong><\/a><\/p>\t\t\t\t\t\t\t\t<\/div>\n\t\t\t\t<\/div>\n\t\t\t\t<\/div>\n\t\t\t\t\t<\/div>\n\t\t\t\t<\/div>\n\t\t\t\t<\/div>\n\t\t","protected":false},"excerpt":{"rendered":"<p>Pol\u00edtica Protetiva Em 2022, a equipe da Cl\u00ednica de Direitos Humanos da UNIFAP (CDH\/UNIFAP) elaborou uma &#8220;Pol\u00edtica Protetiva para Pessoas&#8230;<\/p>\n","protected":false},"author":3999,"featured_media":0,"parent":26,"menu_order":0,"comment_status":"closed","ping_status":"closed","template":"","meta":{"inline_featured_image":false,"site-sidebar-layout":"no-sidebar","site-content-layout":"","ast-site-content-layout":"full-width-container","site-content-style":"default","site-sidebar-style":"default","ast-global-header-display":"","ast-banner-title-visibility":"","ast-main-header-display":"","ast-hfb-above-header-display":"","ast-hfb-below-header-display":"","ast-hfb-mobile-header-display":"","site-post-title":"disabled","ast-breadcrumbs-content":"","ast-featured-img":"disabled","footer-sml-layout":"","theme-transparent-header-meta":"default","adv-header-id-meta":"","stick-header-meta":"","header-above-stick-meta":"","header-main-stick-meta":"","header-below-stick-meta":"","astra-migrate-meta-layouts":"set","ast-page-background-enabled":"default","ast-page-background-meta":{"desktop":{"background-color":"var(--ast-global-color-4)","background-image":"","background-repeat":"repeat","background-position":"center center","background-size":"auto","background-attachment":"scroll","background-type":"","background-media":"","overlay-type":"","overlay-color":"","overlay-opacity":"","overlay-gradient":""},"tablet":{"background-color":"","background-image":"","background-repeat":"repeat","background-position":"center center","background-size":"auto","background-attachment":"scroll","background-type":"","background-media":"","overlay-type":"","overlay-color":"","overlay-opacity":"","overlay-gradient":""},"mobile":{"background-color":"","background-image":"","background-repeat":"repeat","background-position":"center center","background-size":"auto","background-attachment":"scroll","background-type":"","background-media":"","overlay-type":"","overlay-color":"","overlay-opacity":"","overlay-gradient":""}},"ast-content-background-meta":{"desktop":{"background-color":"var(--ast-global-color-5)","background-image":"","background-repeat":"repeat","background-position":"center center","background-size":"auto","background-attachment":"scroll","background-type":"","background-media":"","overlay-type":"","overlay-color":"","overlay-opacity":"","overlay-gradient":""},"tablet":{"background-color":"var(--ast-global-color-5)","background-image":"","background-repeat":"repeat","background-position":"center center","background-size":"auto","background-attachment":"scroll","background-type":"","background-media":"","overlay-type":"","overlay-color":"","overlay-opacity":"","overlay-gradient":""},"mobile":{"background-color":"var(--ast-global-color-5)","background-image":"","background-repeat":"repeat","background-position":"center center","background-size":"auto","background-attachment":"scroll","background-type":"","background-media":"","overlay-type":"","overlay-color":"","overlay-opacity":"","overlay-gradient":""}},"footnotes":""},"class_list":["post-94","page","type-page","status-publish","hentry"],"_links":{"self":[{"href":"https:\/\/www2.unifap.br\/cdh\/wp-json\/wp\/v2\/pages\/94","targetHints":{"allow":["GET"]}}],"collection":[{"href":"https:\/\/www2.unifap.br\/cdh\/wp-json\/wp\/v2\/pages"}],"about":[{"href":"https:\/\/www2.unifap.br\/cdh\/wp-json\/wp\/v2\/types\/page"}],"author":[{"embeddable":true,"href":"https:\/\/www2.unifap.br\/cdh\/wp-json\/wp\/v2\/users\/3999"}],"replies":[{"embeddable":true,"href":"https:\/\/www2.unifap.br\/cdh\/wp-json\/wp\/v2\/comments?post=94"}],"version-history":[{"count":20,"href":"https:\/\/www2.unifap.br\/cdh\/wp-json\/wp\/v2\/pages\/94\/revisions"}],"predecessor-version":[{"id":1334,"href":"https:\/\/www2.unifap.br\/cdh\/wp-json\/wp\/v2\/pages\/94\/revisions\/1334"}],"up":[{"embeddable":true,"href":"https:\/\/www2.unifap.br\/cdh\/wp-json\/wp\/v2\/pages\/26"}],"wp:attachment":[{"href":"https:\/\/www2.unifap.br\/cdh\/wp-json\/wp\/v2\/media?parent=94"}],"curies":[{"name":"wp","href":"https:\/\/api.w.org\/{rel}","templated":true}]}}