{"id":947,"date":"2025-06-06T03:17:30","date_gmt":"2025-06-06T06:17:30","guid":{"rendered":"https:\/\/www2.unifap.br\/cdh\/?page_id=947"},"modified":"2025-06-06T15:45:56","modified_gmt":"2025-06-06T18:45:56","slug":"videos","status":"publish","type":"page","link":"https:\/\/www2.unifap.br\/cdh\/galeria\/videos\/","title":{"rendered":"V\u00eddeos"},"content":{"rendered":"\t\t<div data-elementor-type=\"wp-page\" data-elementor-id=\"947\" class=\"elementor elementor-947\">\n\t\t\t\t<div class=\"elementor-element elementor-element-6e0e3db e-flex e-con-boxed e-con e-parent\" data-id=\"6e0e3db\" data-element_type=\"container\" data-e-type=\"container\" data-settings=\"{&quot;background_background&quot;:&quot;gradient&quot;}\">\n\t\t\t\t\t<div class=\"e-con-inner\">\n\t\t<div class=\"elementor-element elementor-element-0376bcc e-flex e-con-boxed e-con e-child\" data-id=\"0376bcc\" data-element_type=\"container\" data-e-type=\"container\">\n\t\t\t\t\t<div class=\"e-con-inner\">\n\t\t<div class=\"elementor-element elementor-element-7b8c06c e-flex e-con-boxed e-con e-child\" data-id=\"7b8c06c\" data-element_type=\"container\" data-e-type=\"container\">\n\t\t\t\t\t<div class=\"e-con-inner\">\n\t\t\t\t<div class=\"elementor-element elementor-element-0e94f0c elementor-widget elementor-widget-heading\" data-id=\"0e94f0c\" data-element_type=\"widget\" data-e-type=\"widget\" data-widget_type=\"heading.default\">\n\t\t\t\t<div class=\"elementor-widget-container\">\n\t\t\t\t\t<h2 class=\"elementor-heading-title elementor-size-default\">CDH em V\u00eddeos<\/h2>\t\t\t\t<\/div>\n\t\t\t\t<\/div>\n\t\t\t\t<div class=\"elementor-element elementor-element-b2a1ceb elementor-widget elementor-widget-text-editor\" data-id=\"b2a1ceb\" data-element_type=\"widget\" data-e-type=\"widget\" data-widget_type=\"text-editor.default\">\n\t\t\t\t<div class=\"elementor-widget-container\">\n\t\t\t\t\t\t\t\t\t<p>Assista a v\u00eddeos sobre a atua\u00e7\u00e3o da Cl\u00ednica de Direitos Humanos da UNIFAP (CDH\/UNIFAP).<\/p>\t\t\t\t\t\t\t\t<\/div>\n\t\t\t\t<\/div>\n\t\t\t\t\t<\/div>\n\t\t\t\t<\/div>\n\t\t<div class=\"elementor-element elementor-element-2d2c6d1 e-flex e-con-boxed e-con e-child\" data-id=\"2d2c6d1\" data-element_type=\"container\" data-e-type=\"container\">\n\t\t\t\t\t<div class=\"e-con-inner\">\n\t\t\t\t<div class=\"elementor-element elementor-element-0920144 elementor-widget elementor-widget-text-editor\" data-id=\"0920144\" data-element_type=\"widget\" data-e-type=\"widget\" data-widget_type=\"text-editor.default\">\n\t\t\t\t<div class=\"elementor-widget-container\">\n\t\t\t\t\t\t\t\t\t<p><strong>TV Senado: Projeto que institui Pol\u00edtica Nacional de Preven\u00e7\u00e3o da Exposi\u00e7\u00e3o ao Merc\u00fario em an\u00e1lise no Senado<\/strong><\/p>\t\t\t\t\t\t\t\t<\/div>\n\t\t\t\t<\/div>\n\t\t\t\t<div class=\"elementor-element elementor-element-f4f4c8f elementor-widget elementor-widget-text-editor\" data-id=\"f4f4c8f\" data-element_type=\"widget\" data-e-type=\"widget\" data-widget_type=\"text-editor.default\">\n\t\t\t\t<div class=\"elementor-widget-container\">\n\t\t\t\t\t\t\t\t\t<p><span class=\"yt-core-attributed-string--link-inherit-color\" dir=\"auto\">O merc\u00fario \u00e9 um metal pesado presente na natureza. A sua manipula\u00e7\u00e3o pode torn\u00e1-lo t\u00f3xico e perigoso para a sa\u00fade. Pilhas, l\u00e2mpadas, am\u00e1lgamas odontol\u00f3gicos e alguns agrot\u00f3xicos podem conter a subst\u00e2ncia. O merc\u00fario usado na minera\u00e7\u00e3o do ouro e lan\u00e7ado em rios contamina plantas e peixes, alimentos que podem contaminar pessoas. Povos ind\u00edgenas e ribeirinhos s\u00e3o as popula\u00e7\u00f5es mais vulner\u00e1veis. Est\u00e1 em an\u00e1lise no Senado o projeto (PL 1.011\/2023) para criar a Pol\u00edtica Nacional de Preven\u00e7\u00e3o da Exposi\u00e7\u00e3o ao Merc\u00fario. <\/span><\/p><p><span class=\"yt-core-attributed-string--link-inherit-color\" dir=\"auto\"><a class=\"yt-core-attributed-string__link yt-core-attributed-string__link--call-to-action-color\" href=\"https:\/\/www.youtube.com\/hashtag\/merc%C3%BArio\" target=\"\">#merc\u00fario<\/a><\/span> <span class=\"yt-core-attributed-string--link-inherit-color\" dir=\"auto\"><a class=\"yt-core-attributed-string__link yt-core-attributed-string__link--call-to-action-color\" href=\"https:\/\/www.youtube.com\/hashtag\/minera%C3%A7%C3%A3o\" target=\"\">#minera\u00e7\u00e3o<\/a><\/span> <span class=\"yt-core-attributed-string--link-inherit-color\" dir=\"auto\"><a class=\"yt-core-attributed-string__link yt-core-attributed-string__link--call-to-action-color\" href=\"https:\/\/www.youtube.com\/hashtag\/ouro\" target=\"\">#ouro<\/a><\/span> <span class=\"yt-core-attributed-string--link-inherit-color\" dir=\"auto\"><a class=\"yt-core-attributed-string__link yt-core-attributed-string__link--call-to-action-color\" href=\"https:\/\/www.youtube.com\/hashtag\/meioambiente\" target=\"\">#meioambiente<\/a><\/span> <span class=\"yt-core-attributed-string--link-inherit-color\" dir=\"auto\"><a class=\"yt-core-attributed-string__link yt-core-attributed-string__link--call-to-action-color\" href=\"https:\/\/www.youtube.com\/hashtag\/sa%C3%BAdep%C3%BAblica\" target=\"\">#sa\u00fadep\u00fablica<\/a><\/span><span class=\"yt-core-attributed-string--link-inherit-color\" dir=\"auto\"> Publicado na internet em 12\/10\/2023.<\/span><\/p><p><strong>Clique e assista:<\/strong><\/p>\t\t\t\t\t\t\t\t<\/div>\n\t\t\t\t<\/div>\n\t\t\t\t<div class=\"elementor-element elementor-element-9590ecd elementor-widget__width-initial elementor-widget-mobile__width-initial elementor-widget elementor-widget-eael-sticky-video\" data-id=\"9590ecd\" data-element_type=\"widget\" data-e-type=\"widget\" data-widget_type=\"eael-sticky-video.default\">\n\t\t\t\t<div class=\"elementor-widget-container\">\n\t\t\t\t\t<div class=\"eael-sticky-video-wrapper eaelsv-overlay-visibility-\"><div class=\"eael-sticky-video-player2\" data-sticky=\"yes\" data-position=\"bottom-right\" data-sheight=\"131\" data-swidth=\"234\" data-scroll_height=\"107\" data-autoplay=\"no\" data-overlay=\"no\"><div\n\t\t\tid=\"eaelsv-player-9590ecd\"\n\t\t\tdata-plyr-provider=\"youtube\"\n\t\t\tdata-plyr-embed-id=\"vFk0OlkCqJc\"\n\t\t\tdata-plyr-config=\"{&quot;storage&quot;: {&quot;enabled&quot;: false, &quot;key&quot;: &quot;plyr&quot;}, &quot;autoplay&quot;:0, &quot;muted&quot;:0, &quot;loop&quot;: {&quot;active&quot;: false}}\"\n\t\t><\/div>\n\t\t\t\t<span class=\"eaelsv-sticky-player-close\"><i class=\"fas fa-times-circle\"><\/i><\/span>\n\t\t\t<\/div>\n\t\t<\/div>\t\t\t\t<\/div>\n\t\t\t\t<\/div>\n\t\t\t\t\t<\/div>\n\t\t\t\t<\/div>\n\t\t<div class=\"elementor-element elementor-element-7ba86d5 e-flex e-con-boxed e-con e-child\" data-id=\"7ba86d5\" data-element_type=\"container\" data-e-type=\"container\">\n\t\t\t\t\t<div class=\"e-con-inner\">\n\t\t\t\t<div class=\"elementor-element elementor-element-9e250ee elementor-widget elementor-widget-text-editor\" data-id=\"9e250ee\" data-element_type=\"widget\" data-e-type=\"widget\" data-widget_type=\"text-editor.default\">\n\t\t\t\t<div class=\"elementor-widget-container\">\n\t\t\t\t\t\t\t\t\t<strong>Participa\u00e7\u00e3o no Canal do Observat\u00f3rio de Justi\u00e7a e Conserva\u00e7\u00e3o<\/strong>\t\t\t\t\t\t\t\t<\/div>\n\t\t\t\t<\/div>\n\t\t\t\t<div class=\"elementor-element elementor-element-7371ef2 elementor-widget elementor-widget-text-editor\" data-id=\"7371ef2\" data-element_type=\"widget\" data-e-type=\"widget\" data-widget_type=\"text-editor.default\">\n\t\t\t\t<div class=\"elementor-widget-container\">\n\t\t\t\t\t\t\t\t\t<div id=\"info-container\" class=\"style-scope ytd-watch-info-text\"><span class=\"style-scope yt-formatted-string bold\" dir=\"auto\">Transmitido ao vivo em 28 de ago. de 2023<\/span><\/div><p><span class=\"yt-core-attributed-string yt-core-attributed-string--white-space-pre-wrap\" dir=\"auto\" role=\"text\"><span class=\"yt-core-attributed-string--link-inherit-color\" dir=\"auto\">No Programa Justi\u00e7a e Conserva\u00e7\u00e3o de hoje vamos falar sobre o projeto Barco Sorriso, que est\u00e1 h\u00e1 10 anos realizando atendimento ondontol\u00f3gico volunt\u00e1rio como comunidades litor\u00e2neas. <strong>A seguir, entenda porque precisamos urgentemente de uma Pol\u00edtica Nacional de Preven\u00e7\u00e3o da Exposi\u00e7\u00e3o ao Merc\u00fario no Brasil.<\/strong><\/span><\/span><\/p><p><strong>Clique e assista:<\/strong><\/p>\t\t\t\t\t\t\t\t<\/div>\n\t\t\t\t<\/div>\n\t\t\t\t<div class=\"elementor-element elementor-element-03dd91d elementor-widget__width-initial elementor-widget-mobile__width-initial elementor-widget elementor-widget-eael-sticky-video\" data-id=\"03dd91d\" data-element_type=\"widget\" data-e-type=\"widget\" data-widget_type=\"eael-sticky-video.default\">\n\t\t\t\t<div class=\"elementor-widget-container\">\n\t\t\t\t\t<div class=\"eael-sticky-video-wrapper eaelsv-overlay-visibility-\"><div class=\"eael-sticky-video-player2\" data-sticky=\"yes\" data-position=\"bottom-right\" data-sheight=\"131\" data-swidth=\"234\" data-scroll_height=\"107\" data-autoplay=\"no\" data-overlay=\"no\"><div\n\t\t\tid=\"eaelsv-player-03dd91d\"\n\t\t\tdata-plyr-provider=\"youtube\"\n\t\t\tdata-plyr-embed-id=\"4fJKRGyKI5s\"\n\t\t\tdata-plyr-config=\"{&quot;storage&quot;: {&quot;enabled&quot;: false, &quot;key&quot;: &quot;plyr&quot;}, &quot;autoplay&quot;:0, &quot;muted&quot;:0, &quot;loop&quot;: {&quot;active&quot;: false}}\"\n\t\t><\/div>\n\t\t\t\t<span class=\"eaelsv-sticky-player-close\"><i class=\"fas fa-times-circle\"><\/i><\/span>\n\t\t\t<\/div>\n\t\t<\/div>\t\t\t\t<\/div>\n\t\t\t\t<\/div>\n\t\t\t\t\t<\/div>\n\t\t\t\t<\/div>\n\t\t<div class=\"elementor-element elementor-element-f618895 e-flex e-con-boxed e-con e-child\" data-id=\"f618895\" data-element_type=\"container\" data-e-type=\"container\">\n\t\t\t\t\t<div class=\"e-con-inner\">\n\t\t\t\t<div class=\"elementor-element elementor-element-00d3000 elementor-widget elementor-widget-text-editor\" data-id=\"00d3000\" data-element_type=\"widget\" data-e-type=\"widget\" data-widget_type=\"text-editor.default\">\n\t\t\t\t<div class=\"elementor-widget-container\">\n\t\t\t\t\t\t\t\t\t<strong>Minist\u00e9rio P\u00fablico do Estado do Amap\u00e1 &#8211; Audi\u00eancia P\u00fablica em parceria com a CDH\/UNIFAP<\/strong>\t\t\t\t\t\t\t\t<\/div>\n\t\t\t\t<\/div>\n\t\t\t\t<div class=\"elementor-element elementor-element-6a9bcd3 elementor-widget elementor-widget-text-editor\" data-id=\"6a9bcd3\" data-element_type=\"widget\" data-e-type=\"widget\" data-widget_type=\"text-editor.default\">\n\t\t\t\t<div class=\"elementor-widget-container\">\n\t\t\t\t\t\t\t\t\t<div id=\"info-container\" class=\"style-scope ytd-watch-info-text\"><p>O Minist\u00e9rio P\u00fablico do Estado do Amap\u00e1, em parceria com a Cl\u00ednica de Direitos Humanos da Universidade Federal do Amap\u00e1 promoveu no dia 6 de setembro de 2022, \u00e0s 9h, no anfiteatro da Universidade, uma Audi\u00eancia P\u00fablica para debater os efeitos do uso de merc\u00fario na Amaz\u00f4nia e a necessidade de regulamenta\u00e7\u00e3o nacional sobre o tema, em cumprimento \u00e0 Conven\u00e7\u00e3o de Minamata sobre Merc\u00fario.<\/p><p>A iniciativa fez parte de um Projeto da Rede Amaz\u00f4nica de Cl\u00ednicas Direitos Humanos, cujas institui\u00e7\u00f5es participantes s\u00e3o Universidade Federal do Par\u00e1 (UFPA), Universidade do Estado do Amazonas (UEA), Universidade do Oeste do Par\u00e1 (UFOPA) e Universidade Federal do Amap\u00e1 (Unifap).<\/p><p>A Audi\u00eancia P\u00fablica exp\u00f4s dados e informa\u00e7\u00f5es de pesquisadoras (es), sobre os efeitos do uso de merc\u00fario na regi\u00e3o amaz\u00f4nica e suas consequ\u00eancias para sa\u00fade humana, bem como contou com a apresenta\u00e7\u00e3o de uma minuta legislativa de autoria da equipe da Rede Amaz\u00f4nica de Cl\u00ednicas Direitos Humanos.<\/p><p><strong>Clique e assista:<\/strong><\/p><\/div>\t\t\t\t\t\t\t\t<\/div>\n\t\t\t\t<\/div>\n\t\t\t\t<div class=\"elementor-element elementor-element-e1ff611 elementor-widget__width-initial elementor-widget-mobile__width-initial elementor-widget elementor-widget-eael-sticky-video\" data-id=\"e1ff611\" data-element_type=\"widget\" data-e-type=\"widget\" data-widget_type=\"eael-sticky-video.default\">\n\t\t\t\t<div class=\"elementor-widget-container\">\n\t\t\t\t\t<div class=\"eael-sticky-video-wrapper eaelsv-overlay-visibility-\"><div class=\"eael-sticky-video-player2\" data-sticky=\"yes\" data-position=\"bottom-right\" data-sheight=\"131\" data-swidth=\"234\" data-scroll_height=\"107\" data-autoplay=\"no\" data-overlay=\"no\"><div\n\t\t\tid=\"eaelsv-player-e1ff611\"\n\t\t\tdata-plyr-provider=\"youtube\"\n\t\t\tdata-plyr-embed-id=\"qCXn-lR7qK0\"\n\t\t\tdata-plyr-config=\"{&quot;storage&quot;: {&quot;enabled&quot;: false, &quot;key&quot;: &quot;plyr&quot;}, &quot;autoplay&quot;:0, &quot;muted&quot;:0, &quot;loop&quot;: {&quot;active&quot;: false}}\"\n\t\t><\/div>\n\t\t\t\t<span class=\"eaelsv-sticky-player-close\"><i class=\"fas fa-times-circle\"><\/i><\/span>\n\t\t\t<\/div>\n\t\t<\/div>\t\t\t\t<\/div>\n\t\t\t\t<\/div>\n\t\t\t\t\t<\/div>\n\t\t\t\t<\/div>\n\t\t\t\t\t<\/div>\n\t\t\t\t<\/div>\n\t\t\t\t\t<\/div>\n\t\t\t\t<\/div>\n\t\t\t\t<\/div>\n\t\t","protected":false},"excerpt":{"rendered":"<p>\/*! elementor &#8211; v3.21.0 &#8211; 26-05-2024 *\/ .elementor-heading-title{padding:0;margin:0;line-height:1}.elementor-widget-heading .elementor-heading-title[class*=elementor-size-]&gt;a{color:inherit;font-size:inherit;line-height:inherit}.elementor-widget-heading .elementor-heading-title.elementor-size-small{font-size:15px}.elementor-widget-heading .elementor-heading-title.elementor-size-medium{font-size:19px}.elementor-widget-heading .elementor-heading-title.elementor-size-large{font-size:29px}.elementor-widget-heading .elementor-heading-title.elementor-size-xl{font-size:39px}.elementor-widget-heading .elementor-heading-title.elementor-size-xxl{font-size:59px} CDH em V\u00eddeos Assista a v\u00eddeos&#8230;<\/p>\n","protected":false},"author":3999,"featured_media":0,"parent":982,"menu_order":0,"comment_status":"closed","ping_status":"closed","template":"","meta":{"inline_featured_image":false,"site-sidebar-layout":"no-sidebar","site-content-layout":"","ast-site-content-layout":"full-width-container","site-content-style":"default","site-sidebar-style":"default","ast-global-header-display":"","ast-banner-title-visibility":"","ast-main-header-display":"","ast-hfb-above-header-display":"","ast-hfb-below-header-display":"","ast-hfb-mobile-header-display":"","site-post-title":"disabled","ast-breadcrumbs-content":"","ast-featured-img":"disabled","footer-sml-layout":"","theme-transparent-header-meta":"default","adv-header-id-meta":"","stick-header-meta":"","header-above-stick-meta":"","header-main-stick-meta":"","header-below-stick-meta":"","astra-migrate-meta-layouts":"set","ast-page-background-enabled":"default","ast-page-background-meta":{"desktop":{"background-color":"var(--ast-global-color-4)","background-image":"","background-repeat":"repeat","background-position":"center center","background-size":"auto","background-attachment":"scroll","background-type":"","background-media":"","overlay-type":"","overlay-color":"","overlay-opacity":"","overlay-gradient":""},"tablet":{"background-color":"","background-image":"","background-repeat":"repeat","background-position":"center center","background-size":"auto","background-attachment":"scroll","background-type":"","background-media":"","overlay-type":"","overlay-color":"","overlay-opacity":"","overlay-gradient":""},"mobile":{"background-color":"","background-image":"","background-repeat":"repeat","background-position":"center center","background-size":"auto","background-attachment":"scroll","background-type":"","background-media":"","overlay-type":"","overlay-color":"","overlay-opacity":"","overlay-gradient":""}},"ast-content-background-meta":{"desktop":{"background-color":"var(--ast-global-color-5)","background-image":"","background-repeat":"repeat","background-position":"center center","background-size":"auto","background-attachment":"scroll","background-type":"","background-media":"","overlay-type":"","overlay-color":"","overlay-opacity":"","overlay-gradient":""},"tablet":{"background-color":"var(--ast-global-color-5)","background-image":"","background-repeat":"repeat","background-position":"center center","background-size":"auto","background-attachment":"scroll","background-type":"","background-media":"","overlay-type":"","overlay-color":"","overlay-opacity":"","overlay-gradient":""},"mobile":{"background-color":"var(--ast-global-color-5)","background-image":"","background-repeat":"repeat","background-position":"center center","background-size":"auto","background-attachment":"scroll","background-type":"","background-media":"","overlay-type":"","overlay-color":"","overlay-opacity":"","overlay-gradient":""}},"footnotes":""},"class_list":["post-947","page","type-page","status-publish","hentry"],"_links":{"self":[{"href":"https:\/\/www2.unifap.br\/cdh\/wp-json\/wp\/v2\/pages\/947","targetHints":{"allow":["GET"]}}],"collection":[{"href":"https:\/\/www2.unifap.br\/cdh\/wp-json\/wp\/v2\/pages"}],"about":[{"href":"https:\/\/www2.unifap.br\/cdh\/wp-json\/wp\/v2\/types\/page"}],"author":[{"embeddable":true,"href":"https:\/\/www2.unifap.br\/cdh\/wp-json\/wp\/v2\/users\/3999"}],"replies":[{"embeddable":true,"href":"https:\/\/www2.unifap.br\/cdh\/wp-json\/wp\/v2\/comments?post=947"}],"version-history":[{"count":37,"href":"https:\/\/www2.unifap.br\/cdh\/wp-json\/wp\/v2\/pages\/947\/revisions"}],"predecessor-version":[{"id":1009,"href":"https:\/\/www2.unifap.br\/cdh\/wp-json\/wp\/v2\/pages\/947\/revisions\/1009"}],"up":[{"embeddable":true,"href":"https:\/\/www2.unifap.br\/cdh\/wp-json\/wp\/v2\/pages\/982"}],"wp:attachment":[{"href":"https:\/\/www2.unifap.br\/cdh\/wp-json\/wp\/v2\/media?parent=947"}],"curies":[{"name":"wp","href":"https:\/\/api.w.org\/{rel}","templated":true}]}}