{"id":98,"date":"2025-06-03T16:22:14","date_gmt":"2025-06-03T19:22:14","guid":{"rendered":"https:\/\/www2.unifap.br\/cdh\/?page_id=98"},"modified":"2025-09-23T12:08:14","modified_gmt":"2025-09-23T15:08:14","slug":"docentes","status":"publish","type":"page","link":"https:\/\/www2.unifap.br\/cdh\/membros\/docentes\/","title":{"rendered":"Docentes"},"content":{"rendered":"\t\t<div data-elementor-type=\"wp-page\" data-elementor-id=\"98\" class=\"elementor elementor-98\">\n\t\t\t\t<div class=\"elementor-element elementor-element-6e0e3db e-flex e-con-boxed e-con e-parent\" data-id=\"6e0e3db\" data-element_type=\"container\" data-e-type=\"container\" data-settings=\"{&quot;background_background&quot;:&quot;gradient&quot;}\">\n\t\t\t\t\t<div class=\"e-con-inner\">\n\t\t<div class=\"elementor-element elementor-element-0376bcc e-con-full e-flex e-con e-child\" data-id=\"0376bcc\" data-element_type=\"container\" data-e-type=\"container\">\n\t\t\t\t<div class=\"elementor-element elementor-element-0e94f0c elementor-widget elementor-widget-heading\" data-id=\"0e94f0c\" data-element_type=\"widget\" data-e-type=\"widget\" data-widget_type=\"heading.default\">\n\t\t\t\t<div class=\"elementor-widget-container\">\n\t\t\t\t\t<h2 class=\"elementor-heading-title elementor-size-default\">Docentes<\/h2>\t\t\t\t<\/div>\n\t\t\t\t<\/div>\n\t\t\t\t<div class=\"elementor-element elementor-element-70f858f elementor-widget elementor-widget-text-editor\" data-id=\"70f858f\" data-element_type=\"widget\" data-e-type=\"widget\" data-widget_type=\"text-editor.default\">\n\t\t\t\t<div class=\"elementor-widget-container\">\n\t\t\t\t\t\t\t\t\t<p>O corpo docente da CDH\/UNIFAP \u00e9 composto por 3 (tr\u00eas) professoras doutoras do Colegiado do Curso de Gradua\u00e7\u00e3o em Direito que atuam como pesquisadoras, extensionistas e orientadoras nas atividades da cl\u00ednica.<\/p>\t\t\t\t\t\t\t\t<\/div>\n\t\t\t\t<\/div>\n\t\t<div class=\"elementor-element elementor-element-9aeb7d9 e-grid e-con-boxed e-con e-child\" data-id=\"9aeb7d9\" data-element_type=\"container\" data-e-type=\"container\">\n\t\t\t\t\t<div class=\"e-con-inner\">\n\t\t\t\t<div class=\"elementor-element elementor-element-3c79818 elementor-position-top elementor-widget elementor-widget-image-box\" data-id=\"3c79818\" data-element_type=\"widget\" data-e-type=\"widget\" data-widget_type=\"image-box.default\">\n\t\t\t\t<div class=\"elementor-widget-container\">\n\t\t\t\t\t<div class=\"elementor-image-box-wrapper\"><figure class=\"elementor-image-box-img\"><a href=\"http:\/\/lattes.cnpq.br\/2562726117329832\" tabindex=\"-1\"><img fetchpriority=\"high\" decoding=\"async\" width=\"640\" height=\"640\" src=\"https:\/\/www2.unifap.br\/cdh\/files\/2025\/06\/Nova-Foto-de-Perfil-Copia_compressed.jpg\" class=\"attachment-full size-full wp-image-654\" alt=\"\" srcset=\"https:\/\/www2.unifap.br\/cdh\/files\/2025\/06\/Nova-Foto-de-Perfil-Copia_compressed.jpg 640w, https:\/\/www2.unifap.br\/cdh\/files\/2025\/06\/Nova-Foto-de-Perfil-Copia_compressed-300x300.jpg 300w, https:\/\/www2.unifap.br\/cdh\/files\/2025\/06\/Nova-Foto-de-Perfil-Copia_compressed-150x150.jpg 150w\" sizes=\"(max-width: 640px) 100vw, 640px\" \/><\/a><\/figure><div class=\"elementor-image-box-content\"><h3 class=\"elementor-image-box-title\"><a href=\"http:\/\/lattes.cnpq.br\/2562726117329832\">Profa. Dra. Linara Oeiras Assun\u00e7\u00e3o<\/a><\/h3><p class=\"elementor-image-box-description\">Docente Orientadora da CDH\/UNIFAP\n<\/p><\/div><\/div>\t\t\t\t<\/div>\n\t\t\t\t<\/div>\n\t\t\t\t<div class=\"elementor-element elementor-element-7341eba elementor-position-top elementor-widget elementor-widget-image-box\" data-id=\"7341eba\" data-element_type=\"widget\" data-e-type=\"widget\" data-widget_type=\"image-box.default\">\n\t\t\t\t<div class=\"elementor-widget-container\">\n\t\t\t\t\t<div class=\"elementor-image-box-wrapper\"><figure class=\"elementor-image-box-img\"><a href=\"http:\/\/lattes.cnpq.br\/5913427639286290\" tabindex=\"-1\"><img decoding=\"async\" width=\"452\" height=\"578\" src=\"https:\/\/www2.unifap.br\/cdh\/files\/2025\/06\/sdsolu8m.png\" class=\"attachment-full size-full wp-image-659\" alt=\"\" srcset=\"https:\/\/www2.unifap.br\/cdh\/files\/2025\/06\/sdsolu8m.png 452w, https:\/\/www2.unifap.br\/cdh\/files\/2025\/06\/sdsolu8m-235x300.png 235w\" sizes=\"(max-width: 452px) 100vw, 452px\" \/><\/a><\/figure><div class=\"elementor-image-box-content\"><h3 class=\"elementor-image-box-title\"><a href=\"http:\/\/lattes.cnpq.br\/5913427639286290\">Profa. Dra. Helena Cristina G. Q. Sim\u00f5es<\/a><\/h3><p class=\"elementor-image-box-description\">Docente Orientadora da CDH\/UNIFAP<\/p><\/div><\/div>\t\t\t\t<\/div>\n\t\t\t\t<\/div>\n\t\t\t\t<div class=\"elementor-element elementor-element-cadf490 elementor-position-top elementor-widget elementor-widget-image-box\" data-id=\"cadf490\" data-element_type=\"widget\" data-e-type=\"widget\" data-widget_type=\"image-box.default\">\n\t\t\t\t<div class=\"elementor-widget-container\">\n\t\t\t\t\t<div class=\"elementor-image-box-wrapper\"><figure class=\"elementor-image-box-img\"><a href=\"http:\/\/lattes.cnpq.br\/6853558060253769\" tabindex=\"-1\"><img decoding=\"async\" width=\"318\" height=\"422\" src=\"https:\/\/www2.unifap.br\/cdh\/files\/2025\/06\/sx2il6se.png\" class=\"attachment-full size-full wp-image-658\" alt=\"\" srcset=\"https:\/\/www2.unifap.br\/cdh\/files\/2025\/06\/sx2il6se.png 318w, https:\/\/www2.unifap.br\/cdh\/files\/2025\/06\/sx2il6se-226x300.png 226w\" sizes=\"(max-width: 318px) 100vw, 318px\" \/><\/a><\/figure><div class=\"elementor-image-box-content\"><h3 class=\"elementor-image-box-title\"><a href=\"http:\/\/lattes.cnpq.br\/6853558060253769\">Profa. Dra. Juliana Monteiro Pedro<\/a><\/h3><p class=\"elementor-image-box-description\">Coordenadora da CDH\/UNIFAP - Portaria n\u00ba 1640\/2025<\/p><\/div><\/div>\t\t\t\t<\/div>\n\t\t\t\t<\/div>\n\t\t\t\t\t<\/div>\n\t\t\t\t<\/div>\n\t\t\t\t<\/div>\n\t\t\t\t\t<\/div>\n\t\t\t\t<\/div>\n\t\t\t\t<\/div>\n\t\t","protected":false},"excerpt":{"rendered":"<p>Docentes O corpo docente da CDH\/UNIFAP \u00e9 composto por 3 (tr\u00eas) professoras doutoras do Colegiado do Curso de Gradua\u00e7\u00e3o em&#8230;<\/p>\n","protected":false},"author":3999,"featured_media":0,"parent":96,"menu_order":0,"comment_status":"closed","ping_status":"closed","template":"","meta":{"inline_featured_image":false,"site-sidebar-layout":"no-sidebar","site-content-layout":"","ast-site-content-layout":"full-width-container","site-content-style":"default","site-sidebar-style":"default","ast-global-header-display":"","ast-banner-title-visibility":"","ast-main-header-display":"","ast-hfb-above-header-display":"","ast-hfb-below-header-display":"","ast-hfb-mobile-header-display":"","site-post-title":"disabled","ast-breadcrumbs-content":"","ast-featured-img":"disabled","footer-sml-layout":"","theme-transparent-header-meta":"default","adv-header-id-meta":"","stick-header-meta":"","header-above-stick-meta":"","header-main-stick-meta":"","header-below-stick-meta":"","astra-migrate-meta-layouts":"set","ast-page-background-enabled":"default","ast-page-background-meta":{"desktop":{"background-color":"var(--ast-global-color-4)","background-image":"","background-repeat":"repeat","background-position":"center center","background-size":"auto","background-attachment":"scroll","background-type":"","background-media":"","overlay-type":"","overlay-color":"","overlay-opacity":"","overlay-gradient":""},"tablet":{"background-color":"","background-image":"","background-repeat":"repeat","background-position":"center center","background-size":"auto","background-attachment":"scroll","background-type":"","background-media":"","overlay-type":"","overlay-color":"","overlay-opacity":"","overlay-gradient":""},"mobile":{"background-color":"","background-image":"","background-repeat":"repeat","background-position":"center center","background-size":"auto","background-attachment":"scroll","background-type":"","background-media":"","overlay-type":"","overlay-color":"","overlay-opacity":"","overlay-gradient":""}},"ast-content-background-meta":{"desktop":{"background-color":"var(--ast-global-color-5)","background-image":"","background-repeat":"repeat","background-position":"center center","background-size":"auto","background-attachment":"scroll","background-type":"","background-media":"","overlay-type":"","overlay-color":"","overlay-opacity":"","overlay-gradient":""},"tablet":{"background-color":"var(--ast-global-color-5)","background-image":"","background-repeat":"repeat","background-position":"center center","background-size":"auto","background-attachment":"scroll","background-type":"","background-media":"","overlay-type":"","overlay-color":"","overlay-opacity":"","overlay-gradient":""},"mobile":{"background-color":"var(--ast-global-color-5)","background-image":"","background-repeat":"repeat","background-position":"center center","background-size":"auto","background-attachment":"scroll","background-type":"","background-media":"","overlay-type":"","overlay-color":"","overlay-opacity":"","overlay-gradient":""}},"footnotes":""},"class_list":["post-98","page","type-page","status-publish","hentry"],"_links":{"self":[{"href":"https:\/\/www2.unifap.br\/cdh\/wp-json\/wp\/v2\/pages\/98","targetHints":{"allow":["GET"]}}],"collection":[{"href":"https:\/\/www2.unifap.br\/cdh\/wp-json\/wp\/v2\/pages"}],"about":[{"href":"https:\/\/www2.unifap.br\/cdh\/wp-json\/wp\/v2\/types\/page"}],"author":[{"embeddable":true,"href":"https:\/\/www2.unifap.br\/cdh\/wp-json\/wp\/v2\/users\/3999"}],"replies":[{"embeddable":true,"href":"https:\/\/www2.unifap.br\/cdh\/wp-json\/wp\/v2\/comments?post=98"}],"version-history":[{"count":46,"href":"https:\/\/www2.unifap.br\/cdh\/wp-json\/wp\/v2\/pages\/98\/revisions"}],"predecessor-version":[{"id":1355,"href":"https:\/\/www2.unifap.br\/cdh\/wp-json\/wp\/v2\/pages\/98\/revisions\/1355"}],"up":[{"embeddable":true,"href":"https:\/\/www2.unifap.br\/cdh\/wp-json\/wp\/v2\/pages\/96"}],"wp:attachment":[{"href":"https:\/\/www2.unifap.br\/cdh\/wp-json\/wp\/v2\/media?parent=98"}],"curies":[{"name":"wp","href":"https:\/\/api.w.org\/{rel}","templated":true}]}}