{"id":1116,"date":"2021-08-07T18:00:45","date_gmt":"2021-08-07T21:00:45","guid":{"rendered":"http:\/\/www2.unifap.br\/celael\/?page_id=1116"},"modified":"2021-08-09T15:32:49","modified_gmt":"2021-08-09T18:32:49","slug":"estrutura-curricular","status":"publish","type":"page","link":"https:\/\/www2.unifap.br\/celael\/estrutura-curricular\/","title":{"rendered":"ESTRUTURA CURRICULAR"},"content":{"rendered":"\t\t<div data-elementor-type=\"wp-page\" data-elementor-id=\"1116\" class=\"elementor elementor-1116\">\n\t\t\t\t\t\t<section class=\"elementor-section elementor-top-section elementor-element elementor-element-515c445 elementor-section-stretched elementor-section-boxed elementor-section-height-default elementor-section-height-default\" data-id=\"515c445\" data-element_type=\"section\" data-e-type=\"section\" data-settings=\"{&quot;stretch_section&quot;:&quot;section-stretched&quot;}\">\n\t\t\t\t\t\t<div class=\"elementor-container elementor-column-gap-default\">\n\t\t\t\t\t<div class=\"elementor-column elementor-col-100 elementor-top-column elementor-element elementor-element-2370eb7\" data-id=\"2370eb7\" data-element_type=\"column\" data-e-type=\"column\">\n\t\t\t<div class=\"elementor-widget-wrap elementor-element-populated\">\n\t\t\t\t\t\t<div class=\"elementor-element elementor-element-e407d12 elementor-widget-divider--view-line elementor-widget elementor-widget-divider\" data-id=\"e407d12\" data-element_type=\"widget\" data-e-type=\"widget\" data-widget_type=\"divider.default\">\n\t\t\t\t\t\t\t<div class=\"elementor-divider\">\n\t\t\t<span class=\"elementor-divider-separator\">\n\t\t\t\t\t\t<\/span>\n\t\t<\/div>\n\t\t\t\t\t\t<\/div>\n\t\t\t\t\t<\/div>\n\t\t<\/div>\n\t\t\t\t\t<\/div>\n\t\t<\/section>\n\t\t\t\t<section class=\"elementor-section elementor-top-section elementor-element elementor-element-02a66a4 elementor-section-stretched elementor-section-boxed elementor-section-height-default elementor-section-height-default\" data-id=\"02a66a4\" data-element_type=\"section\" data-e-type=\"section\" data-settings=\"{&quot;stretch_section&quot;:&quot;section-stretched&quot;}\">\n\t\t\t\t\t\t<div class=\"elementor-container elementor-column-gap-default\">\n\t\t\t\t\t<div class=\"elementor-column elementor-col-100 elementor-top-column elementor-element elementor-element-7c0346b\" data-id=\"7c0346b\" data-element_type=\"column\" data-e-type=\"column\">\n\t\t\t<div class=\"elementor-widget-wrap elementor-element-populated\">\n\t\t\t\t\t\t<div class=\"elementor-element elementor-element-e42ca93 elementor-widget elementor-widget-text-editor\" data-id=\"e42ca93\" data-element_type=\"widget\" data-e-type=\"widget\" data-widget_type=\"text-editor.default\">\n\t\t\t\t\t\t\t\t\t<table width=\"100%\"><tbody><tr><td colspan=\"4\">\u00a0<\/td><\/tr><tr><td>DEP0012 &#8211; ESTUDOS CULTURAIS E LINGUAGEM &#8211; 30h<\/td><td><i>Obrigat\u00f3ria<\/i><\/td><\/tr><tr><td>DEP0013 &#8211; T\u00d3PICOS EM AN\u00c1LISE LINGU\u00cdSTICA E ENSINO &#8211; 30h<\/td><td><i>Obrigat\u00f3ria<\/i><\/td><\/tr><tr><td>DEP0014 &#8211; T\u00d3PICOS EM ABORDAGENS DE ESCRITA PARA O TRABALHO COM A PRODU\u00c7\u00c3O TEXTUAL EM SALA DE AULA &#8211; 30h<\/td><td><i>Obrigat\u00f3ria<\/i><\/td><\/tr><tr><td>DEP0015 &#8211; T\u00d3PICOS EM APRENDIZAGEM DE L\u00cdNGUA PORTUGUESA E AS TDIC -30h<\/td><td><i>Obrigat\u00f3ria<\/i><\/td><\/tr><tr><td>DEP0017 &#8211; T\u00d3PICOS EM ABORDAGENS HIST\u00d3RICO-EDUCACIONAL NA FORMA\u00c7\u00c3O DE PROFESSORES PARA O ENSINO -30h<\/td><td><i>Obrigat\u00f3ria<\/i><\/td><\/tr><tr><td>DEP0018 &#8211; T\u00d3PICOS EM ENSINO-APRENDIZAGEM DE PORTUGU\u00caS L\u00cdNGUA ESTRANGEIRA 30h<\/td><td><i>Obrigat\u00f3ria<\/i><\/td><\/tr><tr><td>DEP0019 &#8211; ABORDAGENS CR\u00cdTICO-REFLEXIVAS NO ENSINO-APRENDIZAGEM DE L\u00cdNGUAS &#8211; 30h<\/td><td><i>Obrigat\u00f3ria<\/i><\/td><\/tr><tr><td><a href=\"http:\/\/www2.unifap.br\/celael\/dep0020-tadpael-2\/\">DEP0020 &#8211; T\u00d3PICOS EM AN\u00c1LISE DO DISCURSO: PR\u00c1TICAS APLICADAS AO ENSINO DE L\u00cdNGUAS &#8211; 30h<\/a><\/td><td><i>Obrigat\u00f3ria<\/i><\/td><\/tr><tr><td>DEP0021 &#8211;\u00a0T\u00d3PICOS EM INTERCULTURALISMO E PR\u00c1TICAS DISCURSIVAS &#8211; 30h<\/td><td><i>Obrigat\u00f3ria<\/i><\/td><\/tr><tr><td>DEP0022 &#8211; FUNDAMENTOS DE LINGU\u00cdSTICA APLICADA E PR\u00c1TICAS DE ENSINO &#8211; 30h<\/td><td><i>Obrigat\u00f3ria<\/i><\/td><\/tr><tr><td><a href=\"http:\/\/www2.unifap.br\/celael\/topicos-em-discurso-literatura-e-identidade-como-memorias-culturais\/\">DEP0023 &#8211; T\u00d3PICOS EM DISCURSO, LITERATURA E IDENTIDADE COMO MEM\u00d3RIAS CULTURAIS &#8211; 30h<\/a><\/td><td><i>Obrigat\u00f3ria<\/i><\/td><\/tr><\/tbody><\/table><table width=\"100%\"><tbody><tr><td>DEP0024 &#8211; T\u00d3PICOS EM TEORIAS DE LETRAMENTOS \u2013 30h<\/td><td><i>Obrigat\u00f3ria<\/i><\/td><\/tr><tr><td>DEP0025 &#8211; T\u00d3PICOS EM APRENDIZAGEM DE L\u00cdNGUA FRANCESA E TECNOLOGIAS &#8211; 30h<\/td><td><i>Obrigat\u00f3ria<\/i><\/td><\/tr><tr><td>DEP0026 &#8211; T\u00d3PICOS EM DEFICI\u00caNCIA AUDITIVA\/SURDEZ: FUNDAMENTOS, ADEQUA\u00c7\u00d5ES METODOL\u00d3GICAS E CURR\u00cdCULO &#8211; 30h<\/td><td><i>Obrigat\u00f3ria<\/i><\/td><\/tr><tr><td>DEP0027 &#8211; T\u00d3PICOS EM ESTUDOS DA TRADU\u00c7\u00c3O &#8211; 30h<\/td><td><i>Obrigat\u00f3ria<\/i><\/td><\/tr><tr><td><a href=\"http:\/\/www2.unifap.br\/celael\/seminario-de-orientacao-pesquisa-i\/\" target=\"_blank\" rel=\"noopener\">DEP0028 &#8211; SEMIN\u00c1RIO DE ORIENTA\u00c7\u00c3O\/PESQUISA I &#8211; 30h<\/a><\/td><td><i>Obrigat\u00f3ria<\/i><\/td><\/tr><tr><td>DEP0029 &#8211; SEMIN\u00c1RIO DE ORIENTA\u00c7\u00c3O\/PESQUISA II &#8211; 30h<\/td><td><i>Obrigat\u00f3ria<\/i><\/td><\/tr><tr><td>DEP0031 &#8211; T\u00d3PICOS EM PRODU\u00c7\u00c3O DE MATERIAIS DID\u00c1TICOS E ATIVIDADES PARA O ENSINO DE L\u00cdNGUAS &#8211; 30h<\/td><td><i>Obrigat\u00f3ria<\/i><\/td><\/tr><tr><td>DEP0032 &#8211; T\u00d3PICOS EM CURR\u00cdCULO, TECNOLOGIAS E LETRAMENTOS DIGITAIS -30h\u00a0<\/td><td><i>Obrigat\u00f3ria<\/i><\/td><\/tr><tr><td>DEP0033 &#8211; PRODU\u00c7\u00c3O CIENT\u00cdFICA &#8211; 30h<\/td><td><i>Obrigat\u00f3ria<\/i><\/td><\/tr><tr><td>DEP0034 &#8211; TRABALHO DE CONCLUS\u00c3O DE CURSO -30h\u00a0<\/td><td><i>Obrigat\u00f3ria<\/i><\/td><\/tr><\/tbody><\/table>\t\t\t\t\t\t\t\t<\/div>\n\t\t\t\t\t<\/div>\n\t\t<\/div>\n\t\t\t\t\t<\/div>\n\t\t<\/section>\n\t\t\t\t<section class=\"elementor-section elementor-top-section elementor-element elementor-element-cbc9ceb elementor-section-stretched elementor-section-boxed elementor-section-height-default elementor-section-height-default\" data-id=\"cbc9ceb\" data-element_type=\"section\" data-e-type=\"section\" data-settings=\"{&quot;stretch_section&quot;:&quot;section-stretched&quot;}\">\n\t\t\t\t\t\t<div class=\"elementor-container elementor-column-gap-default\">\n\t\t\t\t\t<div class=\"elementor-column elementor-col-100 elementor-top-column elementor-element elementor-element-0b2dbc7\" data-id=\"0b2dbc7\" data-element_type=\"column\" data-e-type=\"column\">\n\t\t\t<div class=\"elementor-widget-wrap elementor-element-populated\">\n\t\t\t\t\t\t<div class=\"elementor-element elementor-element-6ffc390 elementor-widget-divider--view-line elementor-widget elementor-widget-divider\" data-id=\"6ffc390\" data-element_type=\"widget\" data-e-type=\"widget\" data-widget_type=\"divider.default\">\n\t\t\t\t\t\t\t<div class=\"elementor-divider\">\n\t\t\t<span class=\"elementor-divider-separator\">\n\t\t\t\t\t\t<\/span>\n\t\t<\/div>\n\t\t\t\t\t\t<\/div>\n\t\t\t\t\t<\/div>\n\t\t<\/div>\n\t\t\t\t\t<\/div>\n\t\t<\/section>\n\t\t\t\t<section class=\"elementor-section elementor-top-section elementor-element elementor-element-60cc6689 elementor-section-stretched elementor-section-boxed elementor-section-height-default elementor-section-height-default\" data-id=\"60cc6689\" data-element_type=\"section\" data-e-type=\"section\" data-settings=\"{&quot;stretch_section&quot;:&quot;section-stretched&quot;,&quot;background_background&quot;:&quot;classic&quot;}\">\n\t\t\t\t\t\t<div class=\"elementor-container elementor-column-gap-default\">\n\t\t\t\t\t<div class=\"elementor-column elementor-col-33 elementor-top-column elementor-element elementor-element-196dab49\" data-id=\"196dab49\" data-element_type=\"column\" data-e-type=\"column\">\n\t\t\t<div class=\"elementor-widget-wrap elementor-element-populated\">\n\t\t\t\t\t\t<div class=\"elementor-element elementor-element-7c18359c elementor-widget elementor-widget-heading\" data-id=\"7c18359c\" data-element_type=\"widget\" data-e-type=\"widget\" data-widget_type=\"heading.default\">\n\t\t\t\t\t<h2 class=\"elementor-heading-title elementor-size-default\">Endere\u00e7o<\/h2>\t\t\t\t<\/div>\n\t\t\t\t\t<\/div>\n\t\t<\/div>\n\t\t\t\t<div class=\"elementor-column elementor-col-33 elementor-top-column elementor-element elementor-element-65dc2f85\" data-id=\"65dc2f85\" data-element_type=\"column\" data-e-type=\"column\">\n\t\t\t<div class=\"elementor-widget-wrap elementor-element-populated\">\n\t\t\t\t\t\t<div class=\"elementor-element elementor-element-5628437e elementor-widget elementor-widget-heading\" data-id=\"5628437e\" data-element_type=\"widget\" data-e-type=\"widget\" data-widget_type=\"heading.default\">\n\t\t\t\t\t<h2 class=\"elementor-heading-title elementor-size-default\">Contato <\/h2>\t\t\t\t<\/div>\n\t\t\t\t\t<\/div>\n\t\t<\/div>\n\t\t\t\t<div class=\"elementor-column elementor-col-33 elementor-top-column elementor-element elementor-element-54cef2b0\" data-id=\"54cef2b0\" data-element_type=\"column\" data-e-type=\"column\">\n\t\t\t<div class=\"elementor-widget-wrap elementor-element-populated\">\n\t\t\t\t\t\t<div class=\"elementor-element elementor-element-4760f214 elementor-widget elementor-widget-heading\" data-id=\"4760f214\" data-element_type=\"widget\" data-e-type=\"widget\" data-widget_type=\"heading.default\">\n\t\t\t\t\t<h2 class=\"elementor-heading-title elementor-size-default\">Redes sociais <\/h2>\t\t\t\t<\/div>\n\t\t\t\t\t<\/div>\n\t\t<\/div>\n\t\t\t\t\t<\/div>\n\t\t<\/section>\n\t\t\t\t<section class=\"elementor-section elementor-top-section elementor-element elementor-element-6eadfb80 elementor-section-stretched elementor-section-boxed elementor-section-height-default elementor-section-height-default\" data-id=\"6eadfb80\" data-element_type=\"section\" data-e-type=\"section\" data-settings=\"{&quot;stretch_section&quot;:&quot;section-stretched&quot;,&quot;background_background&quot;:&quot;classic&quot;}\">\n\t\t\t\t\t\t<div class=\"elementor-container elementor-column-gap-default\">\n\t\t\t\t\t<div class=\"elementor-column elementor-col-33 elementor-top-column elementor-element elementor-element-78c8b026\" data-id=\"78c8b026\" data-element_type=\"column\" data-e-type=\"column\">\n\t\t\t<div class=\"elementor-widget-wrap elementor-element-populated\">\n\t\t\t\t\t\t<div class=\"elementor-element elementor-element-38c3f7b1 elementor-widget elementor-widget-text-editor\" data-id=\"38c3f7b1\" data-element_type=\"widget\" data-e-type=\"widget\" data-widget_type=\"text-editor.default\">\n\t\t\t\t\t\t\t\t\t<div class=\"place-name\"><strong>Universidade Federal do Amap\u00e1<\/strong><\/div><div><strong>Departamento de Letras e Artes<\/strong><\/div><div><strong>Curso de Especializa\u00e7\u00e3o Celael\u00a0<\/strong><\/div><div class=\"address\"><strong>Rod. Juscelino Kubitschek, km 02 &#8211; Jardim Marco Zero<\/strong><\/div><div class=\"address\"><strong>Macap\u00e1\/AP &#8211; CEP: 68903-419<\/strong><\/div><div>\u00a0<\/div>\t\t\t\t\t\t\t\t<\/div>\n\t\t\t\t\t<\/div>\n\t\t<\/div>\n\t\t\t\t<div class=\"elementor-column elementor-col-33 elementor-top-column elementor-element elementor-element-30894b68\" data-id=\"30894b68\" data-element_type=\"column\" data-e-type=\"column\">\n\t\t\t<div class=\"elementor-widget-wrap elementor-element-populated\">\n\t\t\t\t\t\t<div class=\"elementor-element elementor-element-575506a0 elementor-widget elementor-widget-text-editor\" data-id=\"575506a0\" data-element_type=\"widget\" data-e-type=\"widget\" data-widget_type=\"text-editor.default\">\n\t\t\t\t\t\t\t\t\t<div class=\"place-name\"><strong>E-mail da coordena\u00e7\u00e3o\u00a0<\/strong><\/div><div><b>celaelunifap@gmail.com\u00a0<\/b><\/div><div>\u00a0<\/div>\t\t\t\t\t\t\t\t<\/div>\n\t\t\t\t\t<\/div>\n\t\t<\/div>\n\t\t\t\t<div class=\"elementor-column elementor-col-33 elementor-top-column elementor-element elementor-element-4ad8f398\" data-id=\"4ad8f398\" data-element_type=\"column\" data-e-type=\"column\">\n\t\t\t<div class=\"elementor-widget-wrap elementor-element-populated\">\n\t\t\t\t\t\t<div class=\"elementor-element elementor-element-470825e8 elementor-shape-circle e-grid-align-left elementor-grid-0 elementor-widget elementor-widget-social-icons\" data-id=\"470825e8\" data-element_type=\"widget\" data-e-type=\"widget\" data-widget_type=\"social-icons.default\">\n\t\t\t\t\t\t\t<div class=\"elementor-social-icons-wrapper elementor-grid\" role=\"list\">\n\t\t\t\t\t\t\t<span class=\"elementor-grid-item\" role=\"listitem\">\n\t\t\t\t\t<a class=\"elementor-icon elementor-social-icon elementor-social-icon-facebook elementor-repeater-item-2a79185\" target=\"_blank\">\n\t\t\t\t\t\t<span class=\"elementor-screen-only\">Facebook<\/span>\n\t\t\t\t\t\t<svg aria-hidden=\"true\" class=\"e-font-icon-svg e-fab-facebook\" viewBox=\"0 0 512 512\" xmlns=\"http:\/\/www.w3.org\/2000\/svg\"><path d=\"M504 256C504 119 393 8 256 8S8 119 8 256c0 123.78 90.69 226.38 209.25 245V327.69h-63V256h63v-54.64c0-62.15 37-96.48 93.67-96.48 27.14 0 55.52 4.84 55.52 4.84v61h-31.28c-30.8 0-40.41 19.12-40.41 38.73V256h68.78l-11 71.69h-57.78V501C413.31 482.38 504 379.78 504 256z\"><\/path><\/svg>\t\t\t\t\t<\/a>\n\t\t\t\t<\/span>\n\t\t\t\t\t\t\t<span class=\"elementor-grid-item\" role=\"listitem\">\n\t\t\t\t\t<a class=\"elementor-icon elementor-social-icon elementor-social-icon-youtube elementor-repeater-item-ddbcf43\" target=\"_blank\">\n\t\t\t\t\t\t<span class=\"elementor-screen-only\">Youtube<\/span>\n\t\t\t\t\t\t<svg aria-hidden=\"true\" class=\"e-font-icon-svg e-fab-youtube\" viewBox=\"0 0 576 512\" xmlns=\"http:\/\/www.w3.org\/2000\/svg\"><path d=\"M549.655 124.083c-6.281-23.65-24.787-42.276-48.284-48.597C458.781 64 288 64 288 64S117.22 64 74.629 75.486c-23.497 6.322-42.003 24.947-48.284 48.597-11.412 42.867-11.412 132.305-11.412 132.305s0 89.438 11.412 132.305c6.281 23.65 24.787 41.5 48.284 47.821C117.22 448 288 448 288 448s170.78 0 213.371-11.486c23.497-6.321 42.003-24.171 48.284-47.821 11.412-42.867 11.412-132.305 11.412-132.305s0-89.438-11.412-132.305zm-317.51 213.508V175.185l142.739 81.205-142.739 81.201z\"><\/path><\/svg>\t\t\t\t\t<\/a>\n\t\t\t\t<\/span>\n\t\t\t\t\t\t\t<span class=\"elementor-grid-item\" role=\"listitem\">\n\t\t\t\t\t<a class=\"elementor-icon elementor-social-icon elementor-social-icon-instagram elementor-repeater-item-d1f433a\" target=\"_blank\">\n\t\t\t\t\t\t<span class=\"elementor-screen-only\">Instagram<\/span>\n\t\t\t\t\t\t<svg aria-hidden=\"true\" class=\"e-font-icon-svg e-fab-instagram\" viewBox=\"0 0 448 512\" xmlns=\"http:\/\/www.w3.org\/2000\/svg\"><path d=\"M224.1 141c-63.6 0-114.9 51.3-114.9 114.9s51.3 114.9 114.9 114.9S339 319.5 339 255.9 287.7 141 224.1 141zm0 189.6c-41.1 0-74.7-33.5-74.7-74.7s33.5-74.7 74.7-74.7 74.7 33.5 74.7 74.7-33.6 74.7-74.7 74.7zm146.4-194.3c0 14.9-12 26.8-26.8 26.8-14.9 0-26.8-12-26.8-26.8s12-26.8 26.8-26.8 26.8 12 26.8 26.8zm76.1 27.2c-1.7-35.9-9.9-67.7-36.2-93.9-26.2-26.2-58-34.4-93.9-36.2-37-2.1-147.9-2.1-184.9 0-35.8 1.7-67.6 9.9-93.9 36.1s-34.4 58-36.2 93.9c-2.1 37-2.1 147.9 0 184.9 1.7 35.9 9.9 67.7 36.2 93.9s58 34.4 93.9 36.2c37 2.1 147.9 2.1 184.9 0 35.9-1.7 67.7-9.9 93.9-36.2 26.2-26.2 34.4-58 36.2-93.9 2.1-37 2.1-147.8 0-184.8zM398.8 388c-7.8 19.6-22.9 34.7-42.6 42.6-29.5 11.7-99.5 9-132.1 9s-102.7 2.6-132.1-9c-19.6-7.8-34.7-22.9-42.6-42.6-11.7-29.5-9-99.5-9-132.1s-2.6-102.7 9-132.1c7.8-19.6 22.9-34.7 42.6-42.6 29.5-11.7 99.5-9 132.1-9s102.7-2.6 132.1 9c19.6 7.8 34.7 22.9 42.6 42.6 11.7 29.5 9 99.5 9 132.1s2.7 102.7-9 132.1z\"><\/path><\/svg>\t\t\t\t\t<\/a>\n\t\t\t\t<\/span>\n\t\t\t\t\t\t\t<span class=\"elementor-grid-item\" role=\"listitem\">\n\t\t\t\t\t<a class=\"elementor-icon elementor-social-icon elementor-social-icon-whatsapp elementor-repeater-item-ee35d19\" target=\"_blank\">\n\t\t\t\t\t\t<span class=\"elementor-screen-only\">Whatsapp<\/span>\n\t\t\t\t\t\t<svg aria-hidden=\"true\" class=\"e-font-icon-svg e-fab-whatsapp\" viewBox=\"0 0 448 512\" xmlns=\"http:\/\/www.w3.org\/2000\/svg\"><path d=\"M380.9 97.1C339 55.1 283.2 32 223.9 32c-122.4 0-222 99.6-222 222 0 39.1 10.2 77.3 29.6 111L0 480l117.7-30.9c32.4 17.7 68.9 27 106.1 27h.1c122.3 0 224.1-99.6 224.1-222 0-59.3-25.2-115-67.1-157zm-157 341.6c-33.2 0-65.7-8.9-94-25.7l-6.7-4-69.8 18.3L72 359.2l-4.4-7c-18.5-29.4-28.2-63.3-28.2-98.2 0-101.7 82.8-184.5 184.6-184.5 49.3 0 95.6 19.2 130.4 54.1 34.8 34.9 56.2 81.2 56.1 130.5 0 101.8-84.9 184.6-186.6 184.6zm101.2-138.2c-5.5-2.8-32.8-16.2-37.9-18-5.1-1.9-8.8-2.8-12.5 2.8-3.7 5.6-14.3 18-17.6 21.8-3.2 3.7-6.5 4.2-12 1.4-32.6-16.3-54-29.1-75.5-66-5.7-9.8 5.7-9.1 16.3-30.3 1.8-3.7.9-6.9-.5-9.7-1.4-2.8-12.5-30.1-17.1-41.2-4.5-10.8-9.1-9.3-12.5-9.5-3.2-.2-6.9-.2-10.6-.2-3.7 0-9.7 1.4-14.8 6.9-5.1 5.6-19.4 19-19.4 46.3 0 27.3 19.9 53.7 22.6 57.4 2.8 3.7 39.1 59.7 94.8 83.8 35.2 15.2 49 16.5 66.6 13.9 10.7-1.6 32.8-13.4 37.4-26.4 4.6-13 4.6-24.1 3.2-26.4-1.3-2.5-5-3.9-10.5-6.6z\"><\/path><\/svg>\t\t\t\t\t<\/a>\n\t\t\t\t<\/span>\n\t\t\t\t\t<\/div>\n\t\t\t\t\t\t<\/div>\n\t\t\t\t\t<\/div>\n\t\t<\/div>\n\t\t\t\t\t<\/div>\n\t\t<\/section>\n\t\t\t\t<\/div>\n\t\t","protected":false},"excerpt":{"rendered":"<p>\u00a0 DEP0012 &#8211; ESTUDOS CULTURAIS E LINGUAGEM &#8211; 30h Obrigat\u00f3ria DEP0013 &#8211; T\u00d3PICOS EM AN\u00c1LISE LINGU\u00cdSTICA E ENSINO &#8211; 30h&#8230;<\/p>\n","protected":false},"author":3910,"featured_media":0,"parent":0,"menu_order":0,"comment_status":"closed","ping_status":"closed","template":"","meta":{"inline_featured_image":false,"site-sidebar-layout":"default","site-content-layout":"","ast-site-content-layout":"default","site-content-style":"default","site-sidebar-style":"default","ast-global-header-display":"","ast-banner-title-visibility":"","ast-main-header-display":"","ast-hfb-above-header-display":"","ast-hfb-below-header-display":"","ast-hfb-mobile-header-display":"","site-post-title":"","ast-breadcrumbs-content":"","ast-featured-img":"","footer-sml-layout":"","theme-transparent-header-meta":"","adv-header-id-meta":"","stick-header-meta":"","header-above-stick-meta":"","header-main-stick-meta":"","header-below-stick-meta":"","astra-migrate-meta-layouts":"default","ast-page-background-enabled":"default","ast-page-background-meta":{"desktop":{"background-color":"var(--ast-global-color-5)","background-image":"","background-repeat":"repeat","background-position":"center center","background-size":"auto","background-attachment":"scroll","background-type":"","background-media":"","overlay-type":"","overlay-color":"","overlay-opacity":"","overlay-gradient":""},"tablet":{"background-color":"","background-image":"","background-repeat":"repeat","background-position":"center center","background-size":"auto","background-attachment":"scroll","background-type":"","background-media":"","overlay-type":"","overlay-color":"","overlay-opacity":"","overlay-gradient":""},"mobile":{"background-color":"","background-image":"","background-repeat":"repeat","background-position":"center center","background-size":"auto","background-attachment":"scroll","background-type":"","background-media":"","overlay-type":"","overlay-color":"","overlay-opacity":"","overlay-gradient":""}},"ast-content-background-meta":{"desktop":{"background-color":"var(--ast-global-color-4)","background-image":"","background-repeat":"repeat","background-position":"center center","background-size":"auto","background-attachment":"scroll","background-type":"","background-media":"","overlay-type":"","overlay-color":"","overlay-opacity":"","overlay-gradient":""},"tablet":{"background-color":"var(--ast-global-color-4)","background-image":"","background-repeat":"repeat","background-position":"center center","background-size":"auto","background-attachment":"scroll","background-type":"","background-media":"","overlay-type":"","overlay-color":"","overlay-opacity":"","overlay-gradient":""},"mobile":{"background-color":"var(--ast-global-color-4)","background-image":"","background-repeat":"repeat","background-position":"center center","background-size":"auto","background-attachment":"scroll","background-type":"","background-media":"","overlay-type":"","overlay-color":"","overlay-opacity":"","overlay-gradient":""}},"ngg_post_thumbnail":0,"footnotes":""},"class_list":["post-1116","page","type-page","status-publish","hentry"],"_links":{"self":[{"href":"https:\/\/www2.unifap.br\/celael\/wp-json\/wp\/v2\/pages\/1116","targetHints":{"allow":["GET"]}}],"collection":[{"href":"https:\/\/www2.unifap.br\/celael\/wp-json\/wp\/v2\/pages"}],"about":[{"href":"https:\/\/www2.unifap.br\/celael\/wp-json\/wp\/v2\/types\/page"}],"author":[{"embeddable":true,"href":"https:\/\/www2.unifap.br\/celael\/wp-json\/wp\/v2\/users\/3910"}],"replies":[{"embeddable":true,"href":"https:\/\/www2.unifap.br\/celael\/wp-json\/wp\/v2\/comments?post=1116"}],"version-history":[{"count":23,"href":"https:\/\/www2.unifap.br\/celael\/wp-json\/wp\/v2\/pages\/1116\/revisions"}],"predecessor-version":[{"id":1302,"href":"https:\/\/www2.unifap.br\/celael\/wp-json\/wp\/v2\/pages\/1116\/revisions\/1302"}],"wp:attachment":[{"href":"https:\/\/www2.unifap.br\/celael\/wp-json\/wp\/v2\/media?parent=1116"}],"curies":[{"name":"wp","href":"https:\/\/api.w.org\/{rel}","templated":true}]}}