{"id":1363,"date":"2022-01-27T11:53:49","date_gmt":"2022-01-27T13:53:49","guid":{"rendered":"http:\/\/www2.unifap.br\/celael\/?page_id=1363"},"modified":"2022-02-10T23:45:15","modified_gmt":"2022-02-11T01:45:15","slug":"disciplina-2022-1","status":"publish","type":"page","link":"https:\/\/www2.unifap.br\/celael\/inicio\/disciplina-2022-1\/","title":{"rendered":"Disciplina \u2013 2022.1"},"content":{"rendered":"\t\t<div data-elementor-type=\"wp-page\" data-elementor-id=\"1363\" class=\"elementor elementor-1363\">\n\t\t\t\t\t\t<section class=\"elementor-section elementor-top-section elementor-element elementor-element-2c9e577d elementor-section-boxed elementor-section-height-default elementor-section-height-default\" data-id=\"2c9e577d\" data-element_type=\"section\" data-e-type=\"section\">\n\t\t\t\t\t\t<div class=\"elementor-container elementor-column-gap-default\">\n\t\t\t\t\t<div class=\"elementor-column elementor-col-100 elementor-top-column elementor-element elementor-element-6763ed0b\" data-id=\"6763ed0b\" data-element_type=\"column\" data-e-type=\"column\">\n\t\t\t<div class=\"elementor-widget-wrap elementor-element-populated\">\n\t\t\t\t\t\t<div class=\"elementor-element elementor-element-c2237f8 elementor-widget elementor-widget-text-editor\" data-id=\"c2237f8\" data-element_type=\"widget\" data-e-type=\"widget\" data-widget_type=\"text-editor.default\">\n\t\t\t\t\t\t\t\t\t<table style=\"height: 640px\" width=\"910\"><tbody><tr><td width=\"233\"><strong>Disciplina<\/strong><\/td><td width=\"234\"><strong>Professor (a)<\/strong><\/td><td width=\"196\"><strong>Dia\/Hor\u00e1rio<\/strong><\/td><td width=\"91\"><strong>Local<\/strong><\/td><\/tr><tr><td width=\"233\"><strong>T\u00f3picos em produ\u00e7\u00e3o de materiais did\u00e1ticos e atividades para o ensino de l\u00ednguas (30h)<\/strong><\/td><td width=\"234\"><p>Profa. Dra. Adelma Barros-Mendes\u00a0<\/p><p>Prof. Me. Silvagne Duarte\u00a0<\/p><\/td><td width=\"196\"><p>Ter\u00e7a-Feira<\/p><p>14h-18h<\/p><p>IN\u00cdCIO:\u00a0<strong>29\/03\/2022<\/strong><\/p><\/td><td width=\"91\">Ensino Remoto<\/td><\/tr><tr><td width=\"233\"><strong>Semin\u00e1rio de Pesquisa II (30h)<\/strong><\/td><td width=\"234\"><p>Todos dos Professores\u00a0<\/p><p>Qualifica\u00e7\u00e3o de Projetos<\/p><\/td><td width=\"196\"><p>Orienta\u00e7\u00f5es a serem definidas com os docentes\u00a0<\/p><p>Per\u00edodo\/Semana de Qualifica\u00e7\u00e3o dos Projetos\/textos: <strong>23 a 27\/05\/2022<\/strong><\/p><\/td><td width=\"91\">Ensino Remoto<\/td><\/tr><tr><td width=\"233\"><strong>T\u00f3picos em aprendizagem de l\u00edngua francesa e tecnologias (30h)<\/strong><\/td><td width=\"234\"><p>Prof. Esp. Aucileide Regina Menezes Guimar\u00e3es Pinto<\/p><p>Prof. Esp. Olaci Carvavalho\u00a0<\/p><\/td><td width=\"196\"><p>Ter\u00e7a-Feira<\/p><p>19h-21h\u00a0<\/p><p>IN\u00cdCIO:\u00a0<strong>29\/03\/2022<\/strong><\/p><\/td><td width=\"91\">Ensino Remoto<\/td><\/tr><tr><td width=\"233\"><strong>T\u00f3picos em ensino-aprendizagem de portugu\u00eas l\u00edngua estrangeira (30h)<\/strong><\/td><td width=\"234\">Prof. Dr. Rosivaldo Gomes<\/td><td width=\"196\"><p>Sexta-Feira<\/p><p>19h-21h\u00a0<\/p><p>IN\u00cdCIO:\u00a0<strong>25\/03\/2022<\/strong><\/p><\/td><td width=\"91\">Ensino Remoto<\/td><\/tr><\/tbody><\/table>\t\t\t\t\t\t\t\t<\/div>\n\t\t\t\t\t<\/div>\n\t\t<\/div>\n\t\t\t\t\t<\/div>\n\t\t<\/section>\n\t\t\t\t<\/div>\n\t\t","protected":false},"excerpt":{"rendered":"<p>Disciplina Professor (a) Dia\/Hor\u00e1rio Local T\u00f3picos em produ\u00e7\u00e3o de materiais did\u00e1ticos e atividades para o ensino de l\u00ednguas (30h) Profa&#8230;.<\/p>\n","protected":false},"author":3910,"featured_media":0,"parent":965,"menu_order":0,"comment_status":"closed","ping_status":"closed","template":"","meta":{"inline_featured_image":false,"site-sidebar-layout":"default","site-content-layout":"","ast-site-content-layout":"default","site-content-style":"default","site-sidebar-style":"default","ast-global-header-display":"","ast-banner-title-visibility":"","ast-main-header-display":"","ast-hfb-above-header-display":"","ast-hfb-below-header-display":"","ast-hfb-mobile-header-display":"","site-post-title":"","ast-breadcrumbs-content":"","ast-featured-img":"","footer-sml-layout":"","theme-transparent-header-meta":"","adv-header-id-meta":"","stick-header-meta":"","header-above-stick-meta":"","header-main-stick-meta":"","header-below-stick-meta":"","astra-migrate-meta-layouts":"default","ast-page-background-enabled":"default","ast-page-background-meta":{"desktop":{"background-color":"var(--ast-global-color-5)","background-image":"","background-repeat":"repeat","background-position":"center center","background-size":"auto","background-attachment":"scroll","background-type":"","background-media":"","overlay-type":"","overlay-color":"","overlay-opacity":"","overlay-gradient":""},"tablet":{"background-color":"","background-image":"","background-repeat":"repeat","background-position":"center center","background-size":"auto","background-attachment":"scroll","background-type":"","background-media":"","overlay-type":"","overlay-color":"","overlay-opacity":"","overlay-gradient":""},"mobile":{"background-color":"","background-image":"","background-repeat":"repeat","background-position":"center center","background-size":"auto","background-attachment":"scroll","background-type":"","background-media":"","overlay-type":"","overlay-color":"","overlay-opacity":"","overlay-gradient":""}},"ast-content-background-meta":{"desktop":{"background-color":"var(--ast-global-color-4)","background-image":"","background-repeat":"repeat","background-position":"center center","background-size":"auto","background-attachment":"scroll","background-type":"","background-media":"","overlay-type":"","overlay-color":"","overlay-opacity":"","overlay-gradient":""},"tablet":{"background-color":"var(--ast-global-color-4)","background-image":"","background-repeat":"repeat","background-position":"center center","background-size":"auto","background-attachment":"scroll","background-type":"","background-media":"","overlay-type":"","overlay-color":"","overlay-opacity":"","overlay-gradient":""},"mobile":{"background-color":"var(--ast-global-color-4)","background-image":"","background-repeat":"repeat","background-position":"center center","background-size":"auto","background-attachment":"scroll","background-type":"","background-media":"","overlay-type":"","overlay-color":"","overlay-opacity":"","overlay-gradient":""}},"ngg_post_thumbnail":0,"footnotes":""},"class_list":["post-1363","page","type-page","status-publish","hentry"],"_links":{"self":[{"href":"https:\/\/www2.unifap.br\/celael\/wp-json\/wp\/v2\/pages\/1363","targetHints":{"allow":["GET"]}}],"collection":[{"href":"https:\/\/www2.unifap.br\/celael\/wp-json\/wp\/v2\/pages"}],"about":[{"href":"https:\/\/www2.unifap.br\/celael\/wp-json\/wp\/v2\/types\/page"}],"author":[{"embeddable":true,"href":"https:\/\/www2.unifap.br\/celael\/wp-json\/wp\/v2\/users\/3910"}],"replies":[{"embeddable":true,"href":"https:\/\/www2.unifap.br\/celael\/wp-json\/wp\/v2\/comments?post=1363"}],"version-history":[{"count":8,"href":"https:\/\/www2.unifap.br\/celael\/wp-json\/wp\/v2\/pages\/1363\/revisions"}],"predecessor-version":[{"id":1399,"href":"https:\/\/www2.unifap.br\/celael\/wp-json\/wp\/v2\/pages\/1363\/revisions\/1399"}],"up":[{"embeddable":true,"href":"https:\/\/www2.unifap.br\/celael\/wp-json\/wp\/v2\/pages\/965"}],"wp:attachment":[{"href":"https:\/\/www2.unifap.br\/celael\/wp-json\/wp\/v2\/media?parent=1363"}],"curies":[{"name":"wp","href":"https:\/\/api.w.org\/{rel}","templated":true}]}}