{"id":1374,"date":"2022-02-10T22:37:31","date_gmt":"2022-02-11T00:37:31","guid":{"rendered":"http:\/\/www2.unifap.br\/celael\/?page_id=1374"},"modified":"2022-05-23T11:39:28","modified_gmt":"2022-05-23T14:39:28","slug":"formularios-e-documentos","status":"publish","type":"page","link":"https:\/\/www2.unifap.br\/celael\/formularios-e-documentos\/","title":{"rendered":"FORMUL\u00c1RIOS E DOCUMENTOS"},"content":{"rendered":"\t\t<div data-elementor-type=\"wp-page\" data-elementor-id=\"1374\" class=\"elementor elementor-1374\">\n\t\t\t\t\t\t<section class=\"elementor-section elementor-top-section elementor-element elementor-element-3fb1f87 elementor-section-stretched elementor-section-boxed elementor-section-height-default elementor-section-height-default\" data-id=\"3fb1f87\" data-element_type=\"section\" data-e-type=\"section\" data-settings=\"{&quot;stretch_section&quot;:&quot;section-stretched&quot;}\">\n\t\t\t\t\t\t<div class=\"elementor-container elementor-column-gap-default\">\n\t\t\t\t\t<div class=\"elementor-column elementor-col-100 elementor-top-column elementor-element elementor-element-c66ec86\" data-id=\"c66ec86\" data-element_type=\"column\" data-e-type=\"column\">\n\t\t\t<div class=\"elementor-widget-wrap elementor-element-populated\">\n\t\t\t\t\t\t<div class=\"elementor-element elementor-element-b4c4d49 elementor-widget elementor-widget-text-editor\" data-id=\"b4c4d49\" data-element_type=\"widget\" data-e-type=\"widget\" data-widget_type=\"text-editor.default\">\n\t\t\t\t\t\t\t\t\t<p><a href=\"http:\/\/www2.unifap.br\/celael\/files\/2022\/02\/REGIMENTO-DO-CURSO-DE-P\u00d3S-CELAEL-VERSAO-FINAL.pdf\">Regimento do Curso<\/a><\/p><p><a href=\"http:\/\/www2.unifap.br\/celael\/files\/2022\/02\/Requerimento-Qualifica\u00e7\u00e3o.doc\">Requerimento de Qualifica\u00e7\u00e3o <\/a> \u00a0<\/p><p><a href=\"http:\/\/www2.unifap.br\/celael\/files\/2022\/02\/Requerimento-de-Matr\u00edcula-em-Disciplina-Isolada-1.doc\">Requerimento de Matr\u00edcula em Disciplina Isolada<\/a><\/p><p><a href=\"http:\/\/www2.unifap.br\/celael\/files\/2022\/02\/FORMULARIO-PARA-MUDANCA-DE-ORIENTADOR.doc\">Requerimento de mudan\u00e7a de orientador<\/a><\/p><p><a href=\"http:\/\/www2.unifap.br\/celael\/files\/2022\/02\/Resolu\u00e7\u00e3o-n\u00ba-11-2018-Homologa-a-Resolu\u00e7\u00e3o-n\u00ba-35-2017-CONSU-que-Aprova-o-Curso-de-Especializa\u00e7\u00e3o-em-Linguistica-Aplicada-e-Ensino-de-L\u00edngua.pdf\">Resolu\u00e7\u00e3o n. 11\/2018-Consu &#8211;\u00a0Cria\u00e7\u00e3o do Curso de Especializa\u00e7\u00e3o em Lingu\u00edstica Aplicada e Ensino de L\u00ednguas\u00a0<\/a><\/p><p><a href=\"http:\/\/www2.unifap.br\/celael\/files\/2022\/02\/Regimento-de-TCC.pdf\">Regimento de TCC<\/a><\/p><p><a href=\"http:\/\/www2.unifap.br\/celael\/files\/2022\/02\/MODELO-DE-PROJETO-FORMATA\u00c7\u00c3O_DO_TRABALHO.doc\">Modelo de Formata\u00e7\u00e3o de Projeto de TCC\u00a0<\/a><\/p><p><a href=\"http:\/\/www2.unifap.br\/celael\/files\/2022\/05\/REQUERIMENTOS-DERCA.docx\">Requerimentos DERCA &#8211; Cancelamento de curso e outros<\/a><\/p>\t\t\t\t\t\t\t\t<\/div>\n\t\t\t\t\t<\/div>\n\t\t<\/div>\n\t\t\t\t\t<\/div>\n\t\t<\/section>\n\t\t\t\t<\/div>\n\t\t","protected":false},"excerpt":{"rendered":"<p>Regimento do Curso Requerimento de Qualifica\u00e7\u00e3o \u00a0 Requerimento de Matr\u00edcula em Disciplina Isolada Requerimento de mudan\u00e7a de orientador Resolu\u00e7\u00e3o n&#8230;.<\/p>\n","protected":false},"author":3910,"featured_media":0,"parent":0,"menu_order":0,"comment_status":"closed","ping_status":"closed","template":"elementor_header_footer","meta":{"inline_featured_image":false,"site-sidebar-layout":"default","site-content-layout":"","ast-site-content-layout":"default","site-content-style":"default","site-sidebar-style":"default","ast-global-header-display":"","ast-banner-title-visibility":"","ast-main-header-display":"","ast-hfb-above-header-display":"","ast-hfb-below-header-display":"","ast-hfb-mobile-header-display":"","site-post-title":"","ast-breadcrumbs-content":"","ast-featured-img":"","footer-sml-layout":"","theme-transparent-header-meta":"","adv-header-id-meta":"","stick-header-meta":"","header-above-stick-meta":"","header-main-stick-meta":"","header-below-stick-meta":"","astra-migrate-meta-layouts":"default","ast-page-background-enabled":"default","ast-page-background-meta":{"desktop":{"background-color":"var(--ast-global-color-5)","background-image":"","background-repeat":"repeat","background-position":"center center","background-size":"auto","background-attachment":"scroll","background-type":"","background-media":"","overlay-type":"","overlay-color":"","overlay-opacity":"","overlay-gradient":""},"tablet":{"background-color":"","background-image":"","background-repeat":"repeat","background-position":"center center","background-size":"auto","background-attachment":"scroll","background-type":"","background-media":"","overlay-type":"","overlay-color":"","overlay-opacity":"","overlay-gradient":""},"mobile":{"background-color":"","background-image":"","background-repeat":"repeat","background-position":"center center","background-size":"auto","background-attachment":"scroll","background-type":"","background-media":"","overlay-type":"","overlay-color":"","overlay-opacity":"","overlay-gradient":""}},"ast-content-background-meta":{"desktop":{"background-color":"var(--ast-global-color-4)","background-image":"","background-repeat":"repeat","background-position":"center center","background-size":"auto","background-attachment":"scroll","background-type":"","background-media":"","overlay-type":"","overlay-color":"","overlay-opacity":"","overlay-gradient":""},"tablet":{"background-color":"var(--ast-global-color-4)","background-image":"","background-repeat":"repeat","background-position":"center center","background-size":"auto","background-attachment":"scroll","background-type":"","background-media":"","overlay-type":"","overlay-color":"","overlay-opacity":"","overlay-gradient":""},"mobile":{"background-color":"var(--ast-global-color-4)","background-image":"","background-repeat":"repeat","background-position":"center center","background-size":"auto","background-attachment":"scroll","background-type":"","background-media":"","overlay-type":"","overlay-color":"","overlay-opacity":"","overlay-gradient":""}},"ngg_post_thumbnail":0,"footnotes":""},"class_list":["post-1374","page","type-page","status-publish","hentry"],"_links":{"self":[{"href":"https:\/\/www2.unifap.br\/celael\/wp-json\/wp\/v2\/pages\/1374","targetHints":{"allow":["GET"]}}],"collection":[{"href":"https:\/\/www2.unifap.br\/celael\/wp-json\/wp\/v2\/pages"}],"about":[{"href":"https:\/\/www2.unifap.br\/celael\/wp-json\/wp\/v2\/types\/page"}],"author":[{"embeddable":true,"href":"https:\/\/www2.unifap.br\/celael\/wp-json\/wp\/v2\/users\/3910"}],"replies":[{"embeddable":true,"href":"https:\/\/www2.unifap.br\/celael\/wp-json\/wp\/v2\/comments?post=1374"}],"version-history":[{"count":8,"href":"https:\/\/www2.unifap.br\/celael\/wp-json\/wp\/v2\/pages\/1374\/revisions"}],"predecessor-version":[{"id":1430,"href":"https:\/\/www2.unifap.br\/celael\/wp-json\/wp\/v2\/pages\/1374\/revisions\/1430"}],"wp:attachment":[{"href":"https:\/\/www2.unifap.br\/celael\/wp-json\/wp\/v2\/media?parent=1374"}],"curies":[{"name":"wp","href":"https:\/\/api.w.org\/{rel}","templated":true}]}}