{"id":325,"date":"2021-04-04T00:23:45","date_gmt":"2021-04-04T03:23:45","guid":{"rendered":"http:\/\/www2.unifap.br\/celael\/?page_id=325"},"modified":"2025-07-13T01:10:17","modified_gmt":"2025-07-13T04:10:17","slug":"325-2","status":"publish","type":"page","link":"https:\/\/www2.unifap.br\/celael\/325-2\/","title":{"rendered":"O Curso"},"content":{"rendered":"\t\t<div data-elementor-type=\"wp-page\" data-elementor-id=\"325\" class=\"elementor elementor-325\">\n\t\t\t\t<div class=\"elementor-element elementor-element-4efe552 e-flex e-con-boxed e-con e-parent\" data-id=\"4efe552\" data-element_type=\"container\" data-e-type=\"container\">\n\t\t\t\t\t<div class=\"e-con-inner\">\n\t\t\t\t<div class=\"elementor-element elementor-element-de49a4d elementor-widget elementor-widget-image\" data-id=\"de49a4d\" data-element_type=\"widget\" data-e-type=\"widget\" data-widget_type=\"image.default\">\n\t\t\t\t\t\t\t\t\t\t\t\t\t\t\t<img decoding=\"async\" src=\"https:\/\/www2.unifap.br\/celael\/files\/2025\/07\/Especializacao-em-Linguistica-Aplicada-e-Ensino-de-Linguas.jpg\" title=\"Especializa\u00e7\u00e3o em Lingu\u00edstica Aplicada e Ensino de L\u00ednguas\" alt=\"Especializa\u00e7\u00e3o em Lingu\u00edstica Aplicada e Ensino de L\u00ednguas\" loading=\"lazy\" \/>\t\t\t\t\t\t\t\t\t\t\t\t\t\t\t<\/div>\n\t\t\t\t\t<\/div>\n\t\t\t\t<\/div>\n\t\t\t\t<section class=\"elementor-section elementor-top-section elementor-element elementor-element-6c258d1 elementor-section-stretched elementor-section-boxed elementor-section-height-default elementor-section-height-default\" data-id=\"6c258d1\" data-element_type=\"section\" data-e-type=\"section\" data-settings=\"{&quot;stretch_section&quot;:&quot;section-stretched&quot;}\">\n\t\t\t\t\t\t<div class=\"elementor-container elementor-column-gap-default\">\n\t\t\t\t\t<div class=\"elementor-column elementor-col-100 elementor-top-column elementor-element elementor-element-41c21f4\" data-id=\"41c21f4\" data-element_type=\"column\" data-e-type=\"column\">\n\t\t\t<div class=\"elementor-widget-wrap elementor-element-populated\">\n\t\t\t\t\t\t<div class=\"elementor-element elementor-element-1989926 elementor-widget-divider--view-line elementor-widget elementor-widget-divider\" data-id=\"1989926\" data-element_type=\"widget\" data-e-type=\"widget\" data-widget_type=\"divider.default\">\n\t\t\t\t\t\t\t<div class=\"elementor-divider\">\n\t\t\t<span class=\"elementor-divider-separator\">\n\t\t\t\t\t\t<\/span>\n\t\t<\/div>\n\t\t\t\t\t\t<\/div>\n\t\t\t\t<div class=\"elementor-element elementor-element-0a28e59 elementor-widget elementor-widget-heading\" data-id=\"0a28e59\" data-element_type=\"widget\" data-e-type=\"widget\" data-widget_type=\"heading.default\">\n\t\t\t\t\t<h2 class=\"elementor-heading-title elementor-size-default\">Apresenta\u00e7\u00e3o<\/h2>\t\t\t\t<\/div>\n\t\t\t\t<div class=\"elementor-element elementor-element-75a05e9 elementor-widget elementor-widget-heading\" data-id=\"75a05e9\" data-element_type=\"widget\" data-e-type=\"widget\" data-widget_type=\"heading.default\">\n\t\t\t\t\t<h2 class=\"elementor-heading-title elementor-size-default\">Coordena\u00e7\u00e3o <\/h2>\t\t\t\t<\/div>\n\t\t\t\t<div class=\"elementor-element elementor-element-587aada elementor-widget elementor-widget-text-editor\" data-id=\"587aada\" data-element_type=\"widget\" data-e-type=\"widget\" data-widget_type=\"text-editor.default\">\n\t\t\t\t\t\t\t\t\t<p><span style=\"color: #000000\"><strong>Prof. Dr. Rosivaldo Gomes <\/strong><\/span><\/p><p><span style=\"color: #000000\"><strong>Departamento de Letras e Artes da UNIFAP<\/strong><\/span><\/p><p>Contato: celaelunifap@gmail.com<\/p>\t\t\t\t\t\t\t\t<\/div>\n\t\t\t\t<div class=\"elementor-element elementor-element-0df332c elementor-widget elementor-widget-text-editor\" data-id=\"0df332c\" data-element_type=\"widget\" data-e-type=\"widget\" data-widget_type=\"text-editor.default\">\n\t\t\t\t\t\t\t\t\t<p><span style=\"color: #000000\"><strong>O Curso de Especializa\u00e7\u00e3o em Lingu\u00edstica Aplicada e Ensino de L\u00ednguas (CELAEL) \u00e9 uma a\u00e7\u00e3o de ensino, pesquisa e extens\u00e3o ofertado, via processo seletivo, para professores e alunos egressos de Cursos de Letras (Portugu\u00eas, Portugu\u00eas-Ingl\u00eas, Portugu\u00eas-Franc\u00eas, Portugu\u00eas-Libras, Portugu\u00eas-Franc\u00eas, Portugu\u00eas-Espanhol). O curo \u00e9 oferecido pela\u00a0Universidade Federal do Amap\u00e1 (UNIFAP) na modalidade\u00a0presencial\u00a0e tem por finalidade o\u00a0aprimoramento acad\u00eamico, cient\u00edfico e profissional de profissionais da \u00e1rea de Letras\u00a0e volta-se para o desenvolvimento de atividades de ensino, pesquisa e\u00a0interven\u00e7\u00e3o nessa \u00e1rea.\u00a0O Curso \u00e9 uma iniciativa do Grupo de Pesquisa NePLa (UNIFAP\/CNPQ) est\u00e1 ligado ao Departamento de Letras e Artes da UNIFAP. O aluno que conclui o curso com \u00eaxito recebe o certificado de Especialista em Lingu\u00edstica Aplicada e Ensino de L\u00ednguas.\u00a0<\/strong><\/span><\/p>\t\t\t\t\t\t\t\t<\/div>\n\t\t\t\t<div class=\"elementor-element elementor-element-4c67f97 elementor-widget elementor-widget-heading\" data-id=\"4c67f97\" data-element_type=\"widget\" data-e-type=\"widget\" data-widget_type=\"heading.default\">\n\t\t\t\t\t<h2 class=\"elementor-heading-title elementor-size-default\">Objetivos <\/h2>\t\t\t\t<\/div>\n\t\t\t\t<div class=\"elementor-element elementor-element-8668093 elementor-widget elementor-widget-text-editor\" data-id=\"8668093\" data-element_type=\"widget\" data-e-type=\"widget\" data-widget_type=\"text-editor.default\">\n\t\t\t\t\t\t\t\t\t<p><strong><span style=\"color: #000000\">O curso objetiva formar, para o aprimoramento de atividades profissionais e acad\u00eamicas, recursos humanos para o ensino e para a pesquisa na \u00e1rea de Lingu\u00edstica Aplicada,\u00a0 tendo como foco quest\u00f5es relacionadas ao ensino, \u00e0 aprendizagem e a aspectos lingu\u00edstico-culturais. O curso organiza-se em duas linhas de pesquisa:<\/span><\/strong><br \/><strong><span style=\"color: #000000\">1. Linha de pesquisa 1: L\u00ednguas, discurso, cultura, identidades e forma\u00e7\u00e3o de professores.<\/span><\/strong><br \/><strong><span style=\"color: #000000\">2. Linha de pesquisa 2: Ensino de l\u00edngua e forma\u00e7\u00e3o de professores.<\/span><\/strong><\/p>\t\t\t\t\t\t\t\t<\/div>\n\t\t\t\t<div class=\"elementor-element elementor-element-491aab4 elementor-widget elementor-widget-heading\" data-id=\"491aab4\" data-element_type=\"widget\" data-e-type=\"widget\" data-widget_type=\"heading.default\">\n\t\t\t\t\t<h2 class=\"elementor-heading-title elementor-size-default\">Organiza\u00e7\u00e3o did\u00e1tica <\/h2>\t\t\t\t<\/div>\n\t\t\t\t<div class=\"elementor-element elementor-element-38cb558 elementor-widget elementor-widget-text-editor\" data-id=\"38cb558\" data-element_type=\"widget\" data-e-type=\"widget\" data-widget_type=\"text-editor.default\">\n\t\t\t\t\t\t\t\t\t<p><strong><span style=\"color: #000000\">Para a integraliza\u00e7\u00e3o o aluno dever\u00e1 cursar 420h, equivalente a 14 disciplinas, incluindo-se nessa carga hor\u00e1ria \u00e0quela destinada \u00e0 elabora\u00e7\u00e3o do Trabalho Final de Curso. Ainda para integraliza\u00e7\u00e3o o aluno dever\u00e1 realizar, sob a orienta\u00e7\u00e3o de seu orientar, ATIVIDADES OBRIGAT\u00d3RIAS DE PRODU\u00c7\u00c3O CIENT\u00cdFICA (publica\u00e7\u00e3o de artigos em revistas em coautoria com\u00a0um professor do Curso \u2013 preferencialmente o orientador). As aulas ser\u00e3o realizadas de forma presencial de acordo com a oferta de disciplinas. Considerando-se a configura\u00e7\u00e3o do sistema de gest\u00e3o acad\u00eamica adotado pela UNIFAP \u2013 SIGAA \u2013 atividades, tarefas ou f\u00f3runs de discuss\u00f5es poder\u00e3o ser usados como recursos para o desenvolvimento metodol\u00f3gico da disciplina, todavia isso n\u00e3o se configurar\u00e1 com carga hor\u00e1ria em formato Ead.\u00a0<\/span><\/strong><\/p><p><strong><span style=\"color: #000000\">A entrada das turmas ocorrer\u00e1 de forma anual, ou seja, finalizado toda a demanda de uma turma, incluindo-se as defesas e entrega das vers\u00f5es finais dos TCC, uma nova oferta ser\u00e1 lan\u00e7ada via edital. As aulas ser\u00e3o ministradas durante a semana (de segunda a s\u00e1bado), podendo serem ofertadas disciplinas no hor\u00e1rio matutino, das 8h \u00e0s 12h ou no vespertino, das 14h \u00e0s18hs ou diurno, das 19h \u00e0s 22h.<\/span><\/strong><\/p>\t\t\t\t\t\t\t\t<\/div>\n\t\t\t\t<div class=\"elementor-element elementor-element-a714dec elementor-widget-divider--view-line elementor-widget elementor-widget-divider\" data-id=\"a714dec\" data-element_type=\"widget\" data-e-type=\"widget\" data-widget_type=\"divider.default\">\n\t\t\t\t\t\t\t<div class=\"elementor-divider\">\n\t\t\t<span class=\"elementor-divider-separator\">\n\t\t\t\t\t\t<\/span>\n\t\t<\/div>\n\t\t\t\t\t\t<\/div>\n\t\t\t\t<div class=\"elementor-element elementor-element-ef7c1f0 elementor-widget elementor-widget-spacer\" data-id=\"ef7c1f0\" data-element_type=\"widget\" data-e-type=\"widget\" data-widget_type=\"spacer.default\">\n\t\t\t\t\t\t\t<div class=\"elementor-spacer\">\n\t\t\t<div class=\"elementor-spacer-inner\"><\/div>\n\t\t<\/div>\n\t\t\t\t\t\t<\/div>\n\t\t\t\t\t<\/div>\n\t\t<\/div>\n\t\t\t\t\t<\/div>\n\t\t<\/section>\n\t\t\t\t<section class=\"elementor-section elementor-top-section elementor-element elementor-element-4f1e4b15 elementor-section-stretched elementor-section-boxed elementor-section-height-default elementor-section-height-default\" data-id=\"4f1e4b15\" data-element_type=\"section\" data-e-type=\"section\" data-settings=\"{&quot;stretch_section&quot;:&quot;section-stretched&quot;,&quot;background_background&quot;:&quot;classic&quot;}\">\n\t\t\t\t\t\t<div class=\"elementor-container elementor-column-gap-default\">\n\t\t\t\t\t<div class=\"elementor-column elementor-col-33 elementor-top-column elementor-element elementor-element-b04bd53\" data-id=\"b04bd53\" data-element_type=\"column\" data-e-type=\"column\">\n\t\t\t<div class=\"elementor-widget-wrap elementor-element-populated\">\n\t\t\t\t\t\t<div class=\"elementor-element elementor-element-16d9fae elementor-widget elementor-widget-heading\" data-id=\"16d9fae\" data-element_type=\"widget\" data-e-type=\"widget\" data-widget_type=\"heading.default\">\n\t\t\t\t\t<h2 class=\"elementor-heading-title elementor-size-default\">Endere\u00e7o<\/h2>\t\t\t\t<\/div>\n\t\t\t\t\t<\/div>\n\t\t<\/div>\n\t\t\t\t<div class=\"elementor-column elementor-col-33 elementor-top-column elementor-element elementor-element-6bc9a9f\" data-id=\"6bc9a9f\" data-element_type=\"column\" data-e-type=\"column\">\n\t\t\t<div class=\"elementor-widget-wrap elementor-element-populated\">\n\t\t\t\t\t\t<div class=\"elementor-element elementor-element-42490e6 elementor-widget elementor-widget-heading\" data-id=\"42490e6\" data-element_type=\"widget\" data-e-type=\"widget\" data-widget_type=\"heading.default\">\n\t\t\t\t\t<h2 class=\"elementor-heading-title elementor-size-default\">Contato <\/h2>\t\t\t\t<\/div>\n\t\t\t\t\t<\/div>\n\t\t<\/div>\n\t\t\t\t<div class=\"elementor-column elementor-col-33 elementor-top-column elementor-element elementor-element-ce786cd\" data-id=\"ce786cd\" data-element_type=\"column\" data-e-type=\"column\">\n\t\t\t<div class=\"elementor-widget-wrap elementor-element-populated\">\n\t\t\t\t\t\t<div class=\"elementor-element elementor-element-426f90d elementor-widget elementor-widget-heading\" data-id=\"426f90d\" data-element_type=\"widget\" data-e-type=\"widget\" data-widget_type=\"heading.default\">\n\t\t\t\t\t<h2 class=\"elementor-heading-title elementor-size-default\">Redes sociais <\/h2>\t\t\t\t<\/div>\n\t\t\t\t\t<\/div>\n\t\t<\/div>\n\t\t\t\t\t<\/div>\n\t\t<\/section>\n\t\t\t\t<section class=\"elementor-section elementor-top-section elementor-element elementor-element-6bc9ea1 elementor-section-stretched elementor-section-boxed elementor-section-height-default elementor-section-height-default\" data-id=\"6bc9ea1\" data-element_type=\"section\" data-e-type=\"section\" data-settings=\"{&quot;stretch_section&quot;:&quot;section-stretched&quot;,&quot;background_background&quot;:&quot;classic&quot;}\">\n\t\t\t\t\t\t<div class=\"elementor-container elementor-column-gap-default\">\n\t\t\t\t\t<div class=\"elementor-column elementor-col-50 elementor-top-column elementor-element elementor-element-6697ac8\" data-id=\"6697ac8\" data-element_type=\"column\" data-e-type=\"column\">\n\t\t\t<div class=\"elementor-widget-wrap elementor-element-populated\">\n\t\t\t\t\t\t<div class=\"elementor-element elementor-element-fa754bf elementor-widget elementor-widget-text-editor\" data-id=\"fa754bf\" data-element_type=\"widget\" data-e-type=\"widget\" data-widget_type=\"text-editor.default\">\n\t\t\t\t\t\t\t\t\t<div class=\"place-name\"><strong>Universidade Federal do Amap\u00e1<\/strong><\/div><div><strong>Departamento de Letras e Artes<\/strong><\/div><div><strong>Curso de Especializa\u00e7\u00e3o Celael\u00a0<\/strong><\/div><div class=\"address\"><strong>Rod. Juscelino Kubitschek, km 02 &#8211; Jardim Marco Zero<\/strong><\/div><div class=\"address\"><strong>Macap\u00e1\/AP &#8211; CEP: 68903-419<\/strong><\/div><div>\u00a0<\/div>\t\t\t\t\t\t\t\t<\/div>\n\t\t\t\t\t<\/div>\n\t\t<\/div>\n\t\t\t\t<div class=\"elementor-column elementor-col-50 elementor-top-column elementor-element elementor-element-fda3764\" data-id=\"fda3764\" data-element_type=\"column\" data-e-type=\"column\">\n\t\t\t<div class=\"elementor-widget-wrap elementor-element-populated\">\n\t\t\t\t\t\t<div class=\"elementor-element elementor-element-4f9bb89 elementor-widget elementor-widget-text-editor\" data-id=\"4f9bb89\" data-element_type=\"widget\" data-e-type=\"widget\" data-widget_type=\"text-editor.default\">\n\t\t\t\t\t\t\t\t\t<div class=\"place-name\"><strong>E-mail da coordena\u00e7\u00e3o\u00a0<\/strong><\/div><div><b>celaelunifap@gmail.com\u00a0<\/b><\/div><div>\u00a0<\/div>\t\t\t\t\t\t\t\t<\/div>\n\t\t\t\t\t<\/div>\n\t\t<\/div>\n\t\t\t\t\t<\/div>\n\t\t<\/section>\n\t\t\t\t<\/div>\n\t\t","protected":false},"excerpt":{"rendered":"<p>Apresenta\u00e7\u00e3o Coordena\u00e7\u00e3o Prof. Dr. Rosivaldo Gomes Departamento de Letras e Artes da UNIFAP Contato: celaelunifap@gmail.com O Curso de Especializa\u00e7\u00e3o em&#8230;<\/p>\n","protected":false},"author":3910,"featured_media":0,"parent":0,"menu_order":0,"comment_status":"closed","ping_status":"closed","template":"","meta":{"inline_featured_image":false,"site-sidebar-layout":"default","site-content-layout":"","ast-site-content-layout":"default","site-content-style":"default","site-sidebar-style":"default","ast-global-header-display":"","ast-banner-title-visibility":"","ast-main-header-display":"","ast-hfb-above-header-display":"","ast-hfb-below-header-display":"","ast-hfb-mobile-header-display":"","site-post-title":"","ast-breadcrumbs-content":"","ast-featured-img":"","footer-sml-layout":"","theme-transparent-header-meta":"","adv-header-id-meta":"","stick-header-meta":"","header-above-stick-meta":"","header-main-stick-meta":"","header-below-stick-meta":"","astra-migrate-meta-layouts":"default","ast-page-background-enabled":"default","ast-page-background-meta":{"desktop":{"background-color":"var(--ast-global-color-5)","background-image":"","background-repeat":"repeat","background-position":"center center","background-size":"auto","background-attachment":"scroll","background-type":"","background-media":"","overlay-type":"","overlay-color":"","overlay-opacity":"","overlay-gradient":""},"tablet":{"background-color":"","background-image":"","background-repeat":"repeat","background-position":"center center","background-size":"auto","background-attachment":"scroll","background-type":"","background-media":"","overlay-type":"","overlay-color":"","overlay-opacity":"","overlay-gradient":""},"mobile":{"background-color":"","background-image":"","background-repeat":"repeat","background-position":"center center","background-size":"auto","background-attachment":"scroll","background-type":"","background-media":"","overlay-type":"","overlay-color":"","overlay-opacity":"","overlay-gradient":""}},"ast-content-background-meta":{"desktop":{"background-color":"var(--ast-global-color-4)","background-image":"","background-repeat":"repeat","background-position":"center center","background-size":"auto","background-attachment":"scroll","background-type":"","background-media":"","overlay-type":"","overlay-color":"","overlay-opacity":"","overlay-gradient":""},"tablet":{"background-color":"var(--ast-global-color-4)","background-image":"","background-repeat":"repeat","background-position":"center center","background-size":"auto","background-attachment":"scroll","background-type":"","background-media":"","overlay-type":"","overlay-color":"","overlay-opacity":"","overlay-gradient":""},"mobile":{"background-color":"var(--ast-global-color-4)","background-image":"","background-repeat":"repeat","background-position":"center center","background-size":"auto","background-attachment":"scroll","background-type":"","background-media":"","overlay-type":"","overlay-color":"","overlay-opacity":"","overlay-gradient":""}},"ngg_post_thumbnail":0,"footnotes":""},"class_list":["post-325","page","type-page","status-publish","hentry"],"_links":{"self":[{"href":"https:\/\/www2.unifap.br\/celael\/wp-json\/wp\/v2\/pages\/325","targetHints":{"allow":["GET"]}}],"collection":[{"href":"https:\/\/www2.unifap.br\/celael\/wp-json\/wp\/v2\/pages"}],"about":[{"href":"https:\/\/www2.unifap.br\/celael\/wp-json\/wp\/v2\/types\/page"}],"author":[{"embeddable":true,"href":"https:\/\/www2.unifap.br\/celael\/wp-json\/wp\/v2\/users\/3910"}],"replies":[{"embeddable":true,"href":"https:\/\/www2.unifap.br\/celael\/wp-json\/wp\/v2\/comments?post=325"}],"version-history":[{"count":38,"href":"https:\/\/www2.unifap.br\/celael\/wp-json\/wp\/v2\/pages\/325\/revisions"}],"predecessor-version":[{"id":1483,"href":"https:\/\/www2.unifap.br\/celael\/wp-json\/wp\/v2\/pages\/325\/revisions\/1483"}],"wp:attachment":[{"href":"https:\/\/www2.unifap.br\/celael\/wp-json\/wp\/v2\/media?parent=325"}],"curies":[{"name":"wp","href":"https:\/\/api.w.org\/{rel}","templated":true}]}}