{"id":280,"date":"2023-09-06T13:34:11","date_gmt":"2023-09-06T13:34:11","guid":{"rendered":"https:\/\/www2.unifap.br\/cemedharq\/?page_id=280"},"modified":"2025-01-21T15:02:59","modified_gmt":"2025-01-21T15:02:59","slug":"institucional","status":"publish","type":"page","link":"https:\/\/www2.unifap.br\/cemedharq\/","title":{"rendered":"In\u00edcio"},"content":{"rendered":"\t\t<div data-elementor-type=\"wp-page\" data-elementor-id=\"280\" class=\"elementor elementor-280\">\n\t\t\t\t\t\t<section class=\"elementor-section elementor-top-section elementor-element elementor-element-84af80b elementor-section-boxed elementor-section-height-default elementor-section-height-default\" data-id=\"84af80b\" data-element_type=\"section\" data-e-type=\"section\">\n\t\t\t\t\t\t<div class=\"elementor-container elementor-column-gap-default\">\n\t\t\t\t\t<div class=\"elementor-column elementor-col-100 elementor-top-column elementor-element elementor-element-69d1f34\" data-id=\"69d1f34\" data-element_type=\"column\" data-e-type=\"column\">\n\t\t\t<div class=\"elementor-widget-wrap elementor-element-populated\">\n\t\t\t\t\t\t<div class=\"elementor-element elementor-element-d386800 elementor-widget elementor-widget-heading\" data-id=\"d386800\" data-element_type=\"widget\" data-e-type=\"widget\" data-widget_type=\"heading.default\">\n\t\t\t\t<div class=\"elementor-widget-container\">\n\t\t\t\t\t<h2 class=\"elementor-heading-title elementor-size-default\">Visitas e Eventos<\/h2>\t\t\t\t<\/div>\n\t\t\t\t<\/div>\n\t\t\t\t<div class=\"elementor-element elementor-element-c6e1c4d elementor-arrows-position-inside elementor-pagination-position-outside elementor-widget elementor-widget-image-carousel\" data-id=\"c6e1c4d\" data-element_type=\"widget\" data-e-type=\"widget\" data-settings=\"{&quot;navigation&quot;:&quot;both&quot;,&quot;autoplay&quot;:&quot;yes&quot;,&quot;pause_on_hover&quot;:&quot;yes&quot;,&quot;pause_on_interaction&quot;:&quot;yes&quot;,&quot;autoplay_speed&quot;:5000,&quot;infinite&quot;:&quot;yes&quot;,&quot;speed&quot;:500}\" data-widget_type=\"image-carousel.default\">\n\t\t\t\t<div class=\"elementor-widget-container\">\n\t\t\t\t\t\t\t<div class=\"elementor-image-carousel-wrapper swiper\" role=\"region\" aria-roledescription=\"carousel\" aria-label=\"Carrossel de imagens\" dir=\"ltr\">\n\t\t\t<div class=\"elementor-image-carousel swiper-wrapper\" aria-live=\"off\">\n\t\t\t\t\t\t\t\t<div class=\"swiper-slide\" role=\"group\" aria-roledescription=\"slide\" aria-label=\"1 de 4\"><figure class=\"swiper-slide-inner\"><img decoding=\"async\" class=\"swiper-slide-image\" src=\"https:\/\/www2.unifap.br\/cemedharq\/files\/2024\/11\/WhatsApp-Image-2024-11-27-at-09.50.03-3-768x763.jpeg\" alt=\"WhatsApp Image 2024-11-27 at 09.50.03 (3)\" \/><\/figure><\/div><div class=\"swiper-slide\" role=\"group\" aria-roledescription=\"slide\" aria-label=\"2 de 4\"><figure class=\"swiper-slide-inner\"><img decoding=\"async\" class=\"swiper-slide-image\" src=\"https:\/\/www2.unifap.br\/cemedharq\/files\/2024\/11\/WhatsApp-Image-2024-11-27-at-09.50.03-2-768x764.jpeg\" alt=\"WhatsApp Image 2024-11-27 at 09.50.03 (2)\" \/><\/figure><\/div><div class=\"swiper-slide\" role=\"group\" aria-roledescription=\"slide\" aria-label=\"3 de 4\"><figure class=\"swiper-slide-inner\"><img decoding=\"async\" class=\"swiper-slide-image\" src=\"https:\/\/www2.unifap.br\/cemedharq\/files\/2024\/11\/WhatsApp-Image-2024-11-27-at-09.50.03-1-768x767.jpeg\" alt=\"WhatsApp Image 2024-11-27 at 09.50.03 (1)\" \/><\/figure><\/div><div class=\"swiper-slide\" role=\"group\" aria-roledescription=\"slide\" aria-label=\"4 de 4\"><figure class=\"swiper-slide-inner\"><img decoding=\"async\" class=\"swiper-slide-image\" src=\"https:\/\/www2.unifap.br\/cemedharq\/files\/2024\/11\/WhatsApp-Image-2024-11-27-at-09.50.03-768x765.jpeg\" alt=\"WhatsApp Image 2024-11-27 at 09.50.03\" \/><\/figure><\/div>\t\t\t<\/div>\n\t\t\t\t\t\t\t\t\t\t\t\t<div class=\"elementor-swiper-button elementor-swiper-button-prev\" role=\"button\" tabindex=\"0\">\n\t\t\t\t\t\t<i aria-hidden=\"true\" class=\"eicon-chevron-left\"><\/i>\t\t\t\t\t<\/div>\n\t\t\t\t\t<div class=\"elementor-swiper-button elementor-swiper-button-next\" role=\"button\" tabindex=\"0\">\n\t\t\t\t\t\t<i aria-hidden=\"true\" class=\"eicon-chevron-right\"><\/i>\t\t\t\t\t<\/div>\n\t\t\t\t\n\t\t\t\t\t\t\t\t\t<div class=\"swiper-pagination\"><\/div>\n\t\t\t\t\t\t\t\t\t<\/div>\n\t\t\t\t\t\t<\/div>\n\t\t\t\t<\/div>\n\t\t\t\t<div class=\"elementor-element elementor-element-3feaf04 elementor-widget elementor-widget-heading\" data-id=\"3feaf04\" data-element_type=\"widget\" data-e-type=\"widget\" data-widget_type=\"heading.default\">\n\t\t\t\t<div class=\"elementor-widget-container\">\n\t\t\t\t\t<h2 class=\"elementor-heading-title elementor-size-default\">Not\u00edcias e Comunicados<\/h2>\t\t\t\t<\/div>\n\t\t\t\t<\/div>\n\t\t\t\t\t<\/div>\n\t\t<\/div>\n\t\t\t\t\t<\/div>\n\t\t<\/section>\n\t\t\t\t<section class=\"elementor-section elementor-top-section elementor-element elementor-element-4fa8e6a elementor-section-boxed elementor-section-height-default elementor-section-height-default elementor-invisible\" data-id=\"4fa8e6a\" data-element_type=\"section\" data-e-type=\"section\" data-settings=\"{&quot;animation&quot;:&quot;fadeInDown&quot;}\">\n\t\t\t\t\t\t<div class=\"elementor-container elementor-column-gap-default\">\n\t\t\t\t\t<div class=\"elementor-column elementor-col-100 elementor-top-column elementor-element elementor-element-0761353\" data-id=\"0761353\" data-element_type=\"column\" data-e-type=\"column\">\n\t\t\t<div class=\"elementor-widget-wrap elementor-element-populated\">\n\t\t\t\t\t\t<div class=\"elementor-element elementor-element-c23493f elementor-widget elementor-widget-eael-post-timeline\" data-id=\"c23493f\" data-element_type=\"widget\" data-e-type=\"widget\" data-widget_type=\"eael-post-timeline.default\">\n\t\t\t\t<div class=\"elementor-widget-container\">\n\t\t\t\t\t<div id=\"eael-post-timeline-c23493f\" class=\"eael-post-timeline timeline-layout-default eael-post-timeline-arrow-\">\n            <div class=\"eael-post-timeline eael-post-appender eael-post-appender-c23493f\"><article class=\"eael-timeline-post eael-timeline-column\">\n    <div class=\"eael-timeline-bullet\"><\/div>\n    <div class=\"eael-timeline-post-inner\">\n        <a class=\"eael-timeline-post-link\" href=\"https:\/\/www2.unifap.br\/cemedharq\/2022\/08\/10\/retorno_aula_pres_memo204-22\/\" title=\"Retorno presencial foi consolidado atrav\u00e9s do Memo. CIRC. 204\/2022 &#8211; PROGRAD\">\n            <time datetime=\"10 de agosto de 2022\">10 de agosto de 2022<\/time>\n            <div class=\"eael-timeline-post-image  attachment-medium size-medium\" style=\"background-image: url(https:\/\/www2.unifap.br\/cemedharq\/files\/2024\/08\/cropped-png-1-253x300.png);\"><\/div><div class=\"eael-timeline-post-excerpt\"><p>Considerando: retorno presencial foi consolidado atrav\u00e9s do Memo. CIRC. 204\/2022...<\/p><\/div><div class=\"eael-timeline-post-title\">\n                    <div class=\"eael-timeline-post-title-text\">Retorno presencial foi consolidado atrav\u00e9s do Memo. CIRC. 204\/2022 &#8211; PROGRAD<\/div>\n                <\/div><\/a>\n    <\/div>\n<\/article><article class=\"eael-timeline-post eael-timeline-column\">\n    <div class=\"eael-timeline-bullet\"><\/div>\n    <div class=\"eael-timeline-post-inner\">\n        <a class=\"eael-timeline-post-link\" href=\"https:\/\/www2.unifap.br\/cemedharq\/2022\/07\/04\/convocacao-5-2022\/\" title=\"CONVOCA\u00c7\u00c3O N\u00ba 5\/2022 &#8211; UNIFAP,  Protocolo: 23125.017062\/2022-15 &#8211; Bolsista Proj 58\/2020 &#8211; A Guarda Territorial\">\n            <time datetime=\"4 de julho de 2022\">4 de julho de 2022<\/time>\n            <div class=\"eael-timeline-post-image  attachment-medium size-medium\" style=\"background-image: url();\"><\/div><div class=\"eael-timeline-post-excerpt\"><p>&nbsp; A Universidade Federal do Amap\u00e1 (Unifap), atrav\u00e9s do projeto...<\/p><\/div><div class=\"eael-timeline-post-title\">\n                    <div class=\"eael-timeline-post-title-text\">CONVOCA\u00c7\u00c3O N\u00ba 5\/2022 &#8211; UNIFAP,  Protocolo: 23125.017062\/2022-15 &#8211; Bolsista Proj 58\/2020 &#8211; A Guarda Territorial<\/div>\n                <\/div><\/a>\n    <\/div>\n<\/article><article class=\"eael-timeline-post eael-timeline-column\">\n    <div class=\"eael-timeline-bullet\"><\/div>\n    <div class=\"eael-timeline-post-inner\">\n        <a class=\"eael-timeline-post-link\" href=\"https:\/\/www2.unifap.br\/cemedharq\/2022\/06\/07\/convocacao-no-2\/\" title=\"CONVOCA\u00c7\u00c3O N\u00ba 2\">\n            <time datetime=\"7 de junho de 2022\">7 de junho de 2022<\/time>\n            <div class=\"eael-timeline-post-image  attachment-medium size-medium\" style=\"background-image: url();\"><\/div><div class=\"eael-timeline-post-excerpt\"><p>(mais&hellip;)<\/p><\/div><div class=\"eael-timeline-post-title\">\n                    <div class=\"eael-timeline-post-title-text\">CONVOCA\u00c7\u00c3O N\u00ba 2<\/div>\n                <\/div><\/a>\n    <\/div>\n<\/article><article class=\"eael-timeline-post eael-timeline-column\">\n    <div class=\"eael-timeline-bullet\"><\/div>\n    <div class=\"eael-timeline-post-inner\">\n        <a class=\"eael-timeline-post-link\" href=\"https:\/\/www2.unifap.br\/cemedharq\/2022\/05\/31\/resultado_e_convoc_ed63-2022\/\" title=\"Resultado e Convoca\u00e7\u00e3o EDITAL N\u00ba 63\/2022 &#8211; NUP 23125.012519\/2022-68 &#8211; PROJETO 058\/2020 &#8211; A GUARDA TERRITORIAL\">\n            <time datetime=\"31 de maio de 2022\">31 de maio de 2022<\/time>\n            <div class=\"eael-timeline-post-image  attachment-medium size-medium\" style=\"background-image: url();\"><\/div><div class=\"eael-timeline-post-excerpt\"><p>RESULTADO FINAL N\u00ba 12\/2022 &#8211; UNIFAP&nbsp;&#8211; N\u00ba do Protocolo:&nbsp;23125.013539\/2022-76 Macap\u00e1-AP,...<\/p><\/div><div class=\"eael-timeline-post-title\">\n                    <div class=\"eael-timeline-post-title-text\">Resultado e Convoca\u00e7\u00e3o EDITAL N\u00ba 63\/2022 &#8211; NUP 23125.012519\/2022-68 &#8211; PROJETO 058\/2020 &#8211; A GUARDA TERRITORIAL<\/div>\n                <\/div><\/a>\n    <\/div>\n<\/article><\/div>\n\t\t<\/div>            <div class=\"eael-load-more-button-wrap eael-force-hide\">\n                <button class=\"eael-load-more-button\" id=\"eael-load-more-btn-c23493f\" data-widget-id=\"c23493f\" data-widget=\"c23493f\" data-page-id=\"280\" data-template=\"{&quot;dir&quot;:&quot;lite&quot;,&quot;file_name&quot;:&quot;default.php&quot;,&quot;name&quot;:&quot;Post-Timeline&quot;}\" data-class=\"Essential_Addons_Elementor\\Elements\\Post_Timeline\" data-layout=\"\" data-page=\"1\" data-args=\"orderby=date&amp;order=desc&amp;ignore_sticky_posts=1&amp;post_status=publish&amp;posts_per_page=4&amp;offset=0&amp;post_type=post\" data-max-page=\"3\">\n                    <span class=\"eael-btn-loader button__loader\"><\/span>\n                    <span class=\"eael_load_more_text\"><\/span>\n                <\/button>\n            <\/div>\n            \t\t\t\t<\/div>\n\t\t\t\t<\/div>\n\t\t\t\t<div class=\"elementor-element elementor-element-f9d4b82 elementor-widget-divider--view-line elementor-widget elementor-widget-divider\" data-id=\"f9d4b82\" data-element_type=\"widget\" data-e-type=\"widget\" data-widget_type=\"divider.default\">\n\t\t\t\t<div class=\"elementor-widget-container\">\n\t\t\t\t\t\t\t<div class=\"elementor-divider\">\n\t\t\t<span class=\"elementor-divider-separator\">\n\t\t\t\t\t\t<\/span>\n\t\t<\/div>\n\t\t\t\t\t\t<\/div>\n\t\t\t\t<\/div>\n\t\t\t\t\t<\/div>\n\t\t<\/div>\n\t\t\t\t\t<\/div>\n\t\t<\/section>\n\t\t\t\t<section class=\"elementor-section elementor-top-section elementor-element elementor-element-8b53f4a animated-slow elementor-section-boxed elementor-section-height-default elementor-section-height-default elementor-invisible\" data-id=\"8b53f4a\" data-element_type=\"section\" data-e-type=\"section\" data-settings=\"{&quot;animation&quot;:&quot;fadeInDown&quot;}\">\n\t\t\t\t\t\t<div class=\"elementor-container elementor-column-gap-default\">\n\t\t\t\t\t<div class=\"elementor-column elementor-col-100 elementor-top-column elementor-element elementor-element-54e6557\" data-id=\"54e6557\" data-element_type=\"column\" data-e-type=\"column\">\n\t\t\t<div class=\"elementor-widget-wrap elementor-element-populated\">\n\t\t\t\t\t\t<div class=\"elementor-element elementor-element-701de51 elementor-widget elementor-widget-heading\" data-id=\"701de51\" data-element_type=\"widget\" data-e-type=\"widget\" data-widget_type=\"heading.default\">\n\t\t\t\t<div class=\"elementor-widget-container\">\n\t\t\t\t\t<h2 class=\"elementor-heading-title elementor-size-default\">Como chegar no CEMEDHARQ? <\/h2>\t\t\t\t<\/div>\n\t\t\t\t<\/div>\n\t\t\t\t<div class=\"elementor-element elementor-element-a520a0a elementor-widget elementor-widget-text-editor\" data-id=\"a520a0a\" data-element_type=\"widget\" data-e-type=\"widget\" data-widget_type=\"text-editor.default\">\n\t\t\t\t<div class=\"elementor-widget-container\">\n\t\t\t\t\t\t\t\t\t<p class=\"elementor-heading-title elementor-size-default elementor-inline-editing pen\" style=\"text-align: center\" data-elementor-setting-key=\"title\" data-pen-placeholder=\"Digite aqui...\">Estamos localizados no pr\u00e9dio da Biblioteca Central da UNIFAP &#8211; 2\u00aa andar<\/p>\t\t\t\t\t\t\t\t<\/div>\n\t\t\t\t<\/div>\n\t\t\t\t<div class=\"elementor-element elementor-element-06236a2 elementor-widget elementor-widget-image\" data-id=\"06236a2\" data-element_type=\"widget\" data-e-type=\"widget\" data-widget_type=\"image.default\">\n\t\t\t\t<div class=\"elementor-widget-container\">\n\t\t\t\t\t\t\t\t\t\t\t\t\t\t\t<img fetchpriority=\"high\" decoding=\"async\" width=\"300\" height=\"169\" src=\"https:\/\/www2.unifap.br\/cemedharq\/files\/2021\/05\/unifap-1-300x169.jpg\" class=\"attachment-medium size-medium wp-image-23\" alt=\"\" srcset=\"https:\/\/www2.unifap.br\/cemedharq\/files\/2021\/05\/unifap-1-300x169.jpg 300w, https:\/\/www2.unifap.br\/cemedharq\/files\/2021\/05\/unifap-1-768x432.jpg 768w, https:\/\/www2.unifap.br\/cemedharq\/files\/2021\/05\/unifap-1.jpg 800w\" sizes=\"(max-width: 300px) 100vw, 300px\" \/>\t\t\t\t\t\t\t\t\t\t\t\t\t\t\t<\/div>\n\t\t\t\t<\/div>\n\t\t\t\t<div class=\"elementor-element elementor-element-562a6f0 elementor-widget elementor-widget-google_maps\" data-id=\"562a6f0\" data-element_type=\"widget\" data-e-type=\"widget\" data-widget_type=\"google_maps.default\">\n\t\t\t\t<div class=\"elementor-widget-container\">\n\t\t\t\t\t\t\t<div class=\"elementor-custom-embed\">\n\t\t\t<iframe loading=\"lazy\"\n\t\t\t\t\tsrc=\"https:\/\/maps.google.com\/maps?q=biblioteca%20central%20da%20unifap&#038;t=m&#038;z=17&#038;output=embed&#038;iwloc=near\"\n\t\t\t\t\ttitle=\"biblioteca central da unifap\"\n\t\t\t\t\taria-label=\"biblioteca central da unifap\"\n\t\t\t><\/iframe>\n\t\t<\/div>\n\t\t\t\t\t\t<\/div>\n\t\t\t\t<\/div>\n\t\t\t\t\t<\/div>\n\t\t<\/div>\n\t\t\t\t\t<\/div>\n\t\t<\/section>\n\t\t\t\t<\/div>\n\t\t","protected":false},"excerpt":{"rendered":"<p>Visitas e Eventos Not\u00edcias e Comunicados 10 de agosto de 2022 Considerando: retorno presencial foi consolidado atrav\u00e9s do Memo. CIRC. 204\/2022&#8230; Retorno presencial foi consolidado atrav\u00e9s do Memo. CIRC. 204\/2022 &#8211; PROGRAD 4 de julho de 2022 &nbsp; A Universidade Federal do Amap\u00e1 (Unifap), atrav\u00e9s do projeto&#8230; CONVOCA\u00c7\u00c3O N\u00ba 5\/2022 &#8211; UNIFAP, Protocolo: 23125.017062\/2022-15 &#8211;&#8230;<\/p>\n","protected":false},"author":825,"featured_media":0,"parent":0,"menu_order":0,"comment_status":"closed","ping_status":"closed","template":"","meta":{"inline_featured_image":false,"ngg_post_thumbnail":0,"footnotes":""},"class_list":["post-280","page","type-page","status-publish","hentry"],"_links":{"self":[{"href":"https:\/\/www2.unifap.br\/cemedharq\/wp-json\/wp\/v2\/pages\/280","targetHints":{"allow":["GET"]}}],"collection":[{"href":"https:\/\/www2.unifap.br\/cemedharq\/wp-json\/wp\/v2\/pages"}],"about":[{"href":"https:\/\/www2.unifap.br\/cemedharq\/wp-json\/wp\/v2\/types\/page"}],"author":[{"embeddable":true,"href":"https:\/\/www2.unifap.br\/cemedharq\/wp-json\/wp\/v2\/users\/825"}],"replies":[{"embeddable":true,"href":"https:\/\/www2.unifap.br\/cemedharq\/wp-json\/wp\/v2\/comments?post=280"}],"version-history":[{"count":20,"href":"https:\/\/www2.unifap.br\/cemedharq\/wp-json\/wp\/v2\/pages\/280\/revisions"}],"predecessor-version":[{"id":488,"href":"https:\/\/www2.unifap.br\/cemedharq\/wp-json\/wp\/v2\/pages\/280\/revisions\/488"}],"wp:attachment":[{"href":"https:\/\/www2.unifap.br\/cemedharq\/wp-json\/wp\/v2\/media?parent=280"}],"curies":[{"name":"wp","href":"https:\/\/api.w.org\/{rel}","templated":true}]}}