{"id":391,"date":"2024-11-28T13:52:23","date_gmt":"2024-11-28T13:52:23","guid":{"rendered":"https:\/\/www2.unifap.br\/cemedharq\/?page_id=391"},"modified":"2024-11-28T21:13:32","modified_gmt":"2024-11-28T21:13:32","slug":"documentos","status":"publish","type":"page","link":"https:\/\/www2.unifap.br\/cemedharq\/documentos\/","title":{"rendered":"Documentos"},"content":{"rendered":"<p><a href=\"http:\/\/www2.unifap.br\/cemedharq\/files\/2024\/11\/Res._8.2022_-_CONDIR_-_Cria_o_CEMEDHARQ-1.pdf\">RESOLU\u00c7\u00c3O N. 8, DE 19 DE AGOSTO DE 2022.<\/a><\/p>\n<p>Cria o Centro de Mem\u00f3ria, Documenta\u00e7\u00e3o Hist\u00f3rica e Arquivo \u2013 CEMEDHARQ \u201dElfredo T\u00e1vora Gonsalves\u201d, com sua estrutura administrativa, no \u00e2mbito da Universidade Federal do Amap\u00e1.<\/p>\n","protected":false},"excerpt":{"rendered":"<p>RESOLU\u00c7\u00c3O N. 8, DE 19 DE AGOSTO DE 2022. Cria o Centro de Mem\u00f3ria, Documenta\u00e7\u00e3o Hist\u00f3rica e Arquivo \u2013 CEMEDHARQ \u201dElfredo T\u00e1vora Gonsalves\u201d, com sua estrutura administrativa, no \u00e2mbito da Universidade Federal do Amap\u00e1.<\/p>\n","protected":false},"author":595,"featured_media":0,"parent":0,"menu_order":0,"comment_status":"closed","ping_status":"closed","template":"","meta":{"inline_featured_image":false,"ngg_post_thumbnail":0,"footnotes":""},"class_list":["post-391","page","type-page","status-publish","hentry"],"_links":{"self":[{"href":"https:\/\/www2.unifap.br\/cemedharq\/wp-json\/wp\/v2\/pages\/391","targetHints":{"allow":["GET"]}}],"collection":[{"href":"https:\/\/www2.unifap.br\/cemedharq\/wp-json\/wp\/v2\/pages"}],"about":[{"href":"https:\/\/www2.unifap.br\/cemedharq\/wp-json\/wp\/v2\/types\/page"}],"author":[{"embeddable":true,"href":"https:\/\/www2.unifap.br\/cemedharq\/wp-json\/wp\/v2\/users\/595"}],"replies":[{"embeddable":true,"href":"https:\/\/www2.unifap.br\/cemedharq\/wp-json\/wp\/v2\/comments?post=391"}],"version-history":[{"count":3,"href":"https:\/\/www2.unifap.br\/cemedharq\/wp-json\/wp\/v2\/pages\/391\/revisions"}],"predecessor-version":[{"id":453,"href":"https:\/\/www2.unifap.br\/cemedharq\/wp-json\/wp\/v2\/pages\/391\/revisions\/453"}],"wp:attachment":[{"href":"https:\/\/www2.unifap.br\/cemedharq\/wp-json\/wp\/v2\/media?parent=391"}],"curies":[{"name":"wp","href":"https:\/\/api.w.org\/{rel}","templated":true}]}}