{"id":436,"date":"2024-11-28T18:22:32","date_gmt":"2024-11-28T18:22:32","guid":{"rendered":"https:\/\/www2.unifap.br\/cemedharq\/?page_id=436"},"modified":"2024-11-28T23:22:53","modified_gmt":"2024-11-28T23:22:53","slug":"apresentacao","status":"publish","type":"page","link":"https:\/\/www2.unifap.br\/cemedharq\/apresentacao\/","title":{"rendered":"Apresenta\u00e7\u00e3o"},"content":{"rendered":"\t\t<div data-elementor-type=\"wp-page\" data-elementor-id=\"436\" class=\"elementor elementor-436\">\n\t\t\t\t\t\t<section class=\"elementor-section elementor-top-section elementor-element elementor-element-b1ffb79 elementor-section-boxed elementor-section-height-default elementor-section-height-default\" data-id=\"b1ffb79\" data-element_type=\"section\" data-e-type=\"section\">\n\t\t\t\t\t\t<div class=\"elementor-container elementor-column-gap-default\">\n\t\t\t\t\t<div class=\"elementor-column elementor-col-100 elementor-top-column elementor-element elementor-element-3dc9585\" data-id=\"3dc9585\" data-element_type=\"column\" data-e-type=\"column\">\n\t\t\t<div class=\"elementor-widget-wrap elementor-element-populated\">\n\t\t\t\t\t\t<div class=\"elementor-element elementor-element-80b9fe7 elementor-widget elementor-widget-image\" data-id=\"80b9fe7\" data-element_type=\"widget\" data-e-type=\"widget\" data-widget_type=\"image.default\">\n\t\t\t\t<div class=\"elementor-widget-container\">\n\t\t\t\t\t\t\t\t\t\t\t\t\t\t\t<img fetchpriority=\"high\" decoding=\"async\" width=\"253\" height=\"300\" src=\"https:\/\/www2.unifap.br\/cemedharq\/files\/2024\/08\/cropped-png-1-253x300.png\" class=\"attachment-medium size-medium wp-image-353\" alt=\"\" srcset=\"https:\/\/www2.unifap.br\/cemedharq\/files\/2024\/08\/cropped-png-1-253x300.png 253w, https:\/\/www2.unifap.br\/cemedharq\/files\/2024\/08\/cropped-png-1.png 357w\" sizes=\"(max-width: 253px) 100vw, 253px\" \/>\t\t\t\t\t\t\t\t\t\t\t\t\t\t\t<\/div>\n\t\t\t\t<\/div>\n\t\t\t\t<div class=\"elementor-element elementor-element-f7c7e56 elementor-widget elementor-widget-text-editor\" data-id=\"f7c7e56\" data-element_type=\"widget\" data-e-type=\"widget\" data-widget_type=\"text-editor.default\">\n\t\t\t\t<div class=\"elementor-widget-container\">\n\t\t\t\t\t\t\t\t\t<p><strong>MISS\u00c3O:<\/strong><\/p><p>Ser reconhecido como especialista em gest\u00e3o de acervos documentais p\u00fablicos ou privados, e, por guarda e conserva\u00e7\u00e3o de documentos f\u00edsicos (escritos), e orais (mem\u00f3rias), bem como de acervos pessoais.<\/p><p><strong>OBJETIVOS:<\/strong><\/p><p><strong style=\"font-size: 1rem\">GERAL<\/strong><\/p><p>Ser refer\u00eancia em atendimento a comunidade acad\u00eamica da rede p\u00fablica e privada, bem como aos cidad\u00e3os de um modo geral, a partir da gest\u00e3o dos acervos documentais p\u00fablicos ou privados, bem como fomentar, sobremaneira, o ensino, pesquisa e extens\u00e3o, que a Unifap corrobora, enquanto princ\u00edpio de indissociabilidade, e, em conson\u00e2ncia com o\u00a0 art. 207 da CF\/88.<\/p><p><strong>ESPEC\u00cdFICOS<\/strong><\/p><p>Reunir, higienizar, digitalizar, classificar, preservar e divulgar, uma vez que todos carecem de registros oficiais e\/ou de mem\u00f3rias para verifica\u00e7\u00e3o de suas indaga\u00e7\u00f5es investigativas, bem como produzir estudos e pesquisas, com os documentos arquivados, sobre a sociedade local em diferentes tempos hist\u00f3ricos.<\/p><p>Promover cess\u00f5es de entrevistas (salvar mem\u00f3rias sociais locais). Incumb\u00eancia que vai al\u00e9m do desejo de um acervo oral arquiv\u00edstico; avan\u00e7a em dire\u00e7\u00e3o de uma a\u00e7\u00e3o de valoriza\u00e7\u00e3o da Mem\u00f3ria e Identidade local.<\/p><p>No caso de salvamento de acervo p\u00fablico, prestar servi\u00e7o em dire\u00e7\u00e3o a uma a\u00e7\u00e3o extensiva \u00e0 sociedade, no sentido de democratizar informa\u00e7\u00f5es probat\u00f3rias e cient\u00edficas. A\u00e7\u00e3o imprescind\u00edvel ao cidad\u00e3o e ao resgate e a manuten\u00e7\u00e3o da Hist\u00f3ria local.<\/p>\t\t\t\t\t\t\t\t<\/div>\n\t\t\t\t<\/div>\n\t\t\t\t\t<\/div>\n\t\t<\/div>\n\t\t\t\t\t<\/div>\n\t\t<\/section>\n\t\t\t\t<section class=\"elementor-section elementor-top-section elementor-element elementor-element-a9514fa elementor-section-boxed elementor-section-height-default elementor-section-height-default\" data-id=\"a9514fa\" data-element_type=\"section\" data-e-type=\"section\">\n\t\t\t\t\t\t<div class=\"elementor-container elementor-column-gap-default\">\n\t\t\t\t\t<div class=\"elementor-column elementor-col-100 elementor-top-column elementor-element elementor-element-e272c81\" data-id=\"e272c81\" data-element_type=\"column\" data-e-type=\"column\">\n\t\t\t<div class=\"elementor-widget-wrap elementor-element-populated\">\n\t\t\t\t\t\t<div class=\"elementor-element elementor-element-babcff2 elementor-widget elementor-widget-video\" data-id=\"babcff2\" data-element_type=\"widget\" data-e-type=\"widget\" data-settings=\"{&quot;video_type&quot;:&quot;hosted&quot;,&quot;start&quot;:&quot;0&quot;,&quot;end&quot;:&quot;21&quot;,&quot;loop&quot;:&quot;yes&quot;,&quot;controls&quot;:&quot;yes&quot;}\" data-widget_type=\"video.default\">\n\t\t\t\t<div class=\"elementor-widget-container\">\n\t\t\t\t\t\t\t<div class=\"e-hosted-video elementor-wrapper elementor-open-inline\">\n\t\t\t\t\t<video class=\"elementor-video\" src=\"http:\/\/www2.unifap.br\/cemedharq\/files\/2024\/11\/WhatsApp-Video-2024-11-28-at-18.28.14.mp4#t=,21\" loop=\"\" controls=\"\" preload=\"metadata\" controlsList=\"nodownload\" poster=\"http:\/\/www2.unifap.br\/cemedharq\/files\/2024\/11\/Papyrus-8.png\"><\/video>\n\t\t\t\t<\/div>\n\t\t\t\t\t\t<\/div>\n\t\t\t\t<\/div>\n\t\t\t\t\t<\/div>\n\t\t<\/div>\n\t\t\t\t\t<\/div>\n\t\t<\/section>\n\t\t\t\t<\/div>\n\t\t","protected":false},"excerpt":{"rendered":"<p>MISS\u00c3O: Ser reconhecido como especialista em gest\u00e3o de acervos documentais p\u00fablicos ou privados, e, por guarda e conserva\u00e7\u00e3o de documentos f\u00edsicos (escritos), e orais (mem\u00f3rias), bem como de acervos pessoais. OBJETIVOS: GERAL Ser refer\u00eancia em atendimento a comunidade acad\u00eamica da rede p\u00fablica e privada, bem como aos cidad\u00e3os de um modo geral, a partir da&#8230;<\/p>\n","protected":false},"author":595,"featured_media":0,"parent":0,"menu_order":0,"comment_status":"closed","ping_status":"closed","template":"","meta":{"inline_featured_image":false,"ngg_post_thumbnail":0,"footnotes":""},"class_list":["post-436","page","type-page","status-publish","hentry"],"_links":{"self":[{"href":"https:\/\/www2.unifap.br\/cemedharq\/wp-json\/wp\/v2\/pages\/436","targetHints":{"allow":["GET"]}}],"collection":[{"href":"https:\/\/www2.unifap.br\/cemedharq\/wp-json\/wp\/v2\/pages"}],"about":[{"href":"https:\/\/www2.unifap.br\/cemedharq\/wp-json\/wp\/v2\/types\/page"}],"author":[{"embeddable":true,"href":"https:\/\/www2.unifap.br\/cemedharq\/wp-json\/wp\/v2\/users\/595"}],"replies":[{"embeddable":true,"href":"https:\/\/www2.unifap.br\/cemedharq\/wp-json\/wp\/v2\/comments?post=436"}],"version-history":[{"count":19,"href":"https:\/\/www2.unifap.br\/cemedharq\/wp-json\/wp\/v2\/pages\/436\/revisions"}],"predecessor-version":[{"id":477,"href":"https:\/\/www2.unifap.br\/cemedharq\/wp-json\/wp\/v2\/pages\/436\/revisions\/477"}],"wp:attachment":[{"href":"https:\/\/www2.unifap.br\/cemedharq\/wp-json\/wp\/v2\/media?parent=436"}],"curies":[{"name":"wp","href":"https:\/\/api.w.org\/{rel}","templated":true}]}}