{"id":213,"date":"2016-03-31T20:11:51","date_gmt":"2016-03-31T20:11:51","guid":{"rendered":"http:\/\/www2.unifap.br\/cepap\/?page_id=213"},"modified":"2016-03-31T20:11:51","modified_gmt":"2016-03-31T20:11:51","slug":"documentos","status":"publish","type":"page","link":"https:\/\/www2.unifap.br\/cepap\/documentos\/","title":{"rendered":"Documentos"},"content":{"rendered":"<p>Acesse o C\u00f3digo de \u00c9tica da Sociedade de Arqueologia Brasileira<\/p>\n<p><a href=\"http:\/\/www2.unifap.br\/cepap\/files\/2016\/03\/c\u00f3digo-de-\u00e9tica-da-sociedade-de-arqueologia-Brasileira.pdf\">c\u00f3digo de \u00e9tica da sociedade de arqueologia Brasileira<\/a><\/p>\n<p>&nbsp;<\/p>\n","protected":false},"excerpt":{"rendered":"<p>Acesse o C\u00f3digo de \u00c9tica da Sociedade de Arqueologia Brasileira c\u00f3digo de \u00e9tica da sociedade de arqueologia Brasileira &nbsp;<\/p>\n","protected":false},"author":733,"featured_media":0,"parent":0,"menu_order":0,"comment_status":"open","ping_status":"open","template":"","meta":{"inline_featured_image":false,"ngg_post_thumbnail":0,"footnotes":""},"class_list":["post-213","page","type-page","status-publish","hentry"],"_links":{"self":[{"href":"https:\/\/www2.unifap.br\/cepap\/wp-json\/wp\/v2\/pages\/213","targetHints":{"allow":["GET"]}}],"collection":[{"href":"https:\/\/www2.unifap.br\/cepap\/wp-json\/wp\/v2\/pages"}],"about":[{"href":"https:\/\/www2.unifap.br\/cepap\/wp-json\/wp\/v2\/types\/page"}],"author":[{"embeddable":true,"href":"https:\/\/www2.unifap.br\/cepap\/wp-json\/wp\/v2\/users\/733"}],"replies":[{"embeddable":true,"href":"https:\/\/www2.unifap.br\/cepap\/wp-json\/wp\/v2\/comments?post=213"}],"version-history":[{"count":1,"href":"https:\/\/www2.unifap.br\/cepap\/wp-json\/wp\/v2\/pages\/213\/revisions"}],"predecessor-version":[{"id":215,"href":"https:\/\/www2.unifap.br\/cepap\/wp-json\/wp\/v2\/pages\/213\/revisions\/215"}],"wp:attachment":[{"href":"https:\/\/www2.unifap.br\/cepap\/wp-json\/wp\/v2\/media?parent=213"}],"curies":[{"name":"wp","href":"https:\/\/api.w.org\/{rel}","templated":true}]}}